{"id":15373,"date":"2023-07-14T22:03:03","date_gmt":"2023-07-14T19:03:03","guid":{"rendered":"https:\/\/fluterm.eu\/prod\/sargarez-eloszto-szett-7-koros-pexal-cso-16x2-radiatorokhoz-teljesen-felszerelt\/"},"modified":"2023-07-14T22:03:03","modified_gmt":"2023-07-14T19:03:03","slug":"sargarez-manifold-keszlet-7-aramkorok-csocso-16x2-hosugarzokhoz-teljes-felszereltseggel","status":"publish","type":"product","link":"https:\/\/fluterm.eu\/hu\/prod\/sargarez-manifold-keszlet-7-aramkorok-csocso-16x2-hosugarzokhoz-teljes-felszereltseggel\/","title":{"rendered":"S\u00e1rgar\u00e9z eloszt\u00f3 szett 7 k\u00f6r\u00f6s pexal cs\u0151 16\u00d72 radi\u00e1torokhoz teljesen felszerelt"},"content":{"rendered":"<ol>\n<li>sokr\u00e9t\u0171<\/li>\n<li>falt\u00e1maszok<\/li>\n<li>termin\u00e1l k\u00e9szlet automatikus szell\u0151ztet\u0151vel<\/li>\n<li>ballvalves<\/li>\n<li>eurocone 16&#215;2<\/li>\n<li>szekr\u00e9ny f\u00e9mes<\/li>\n<\/ol>\n","protected":false},"excerpt":{"rendered":"<p>sokr\u00e9t\u0171 falt\u00e1maszok termin\u00e1l k\u00e9szlet automatikus szell\u0151ztet\u0151vel ballvalves eurocone 16&#215;2 szekr\u00e9ny f\u00e9mes<\/p>\n","protected":false},"featured_media":3600,"comment_status":"open","ping_status":"closed","template":"","meta":[],"product_cat":[1029],"product_tag":[],"class_list":{"0":"post-15373","1":"product","2":"type-product","3":"status-publish","4":"has-post-thumbnail","6":"product_cat-radiatorok-elosztocsovek","8":"first","9":"instock","10":"taxable","11":"shipping-taxable","12":"purchasable","13":"product-type-simple","14":"col-xs-6 col-sm-4","15":"col-md-4 col-lg-4","16":"un-3-cols"},"acf":[],"yoast_head":"<!-- This site is optimized with the Yoast SEO plugin v21.2 - https:\/\/yoast.com\/wordpress\/plugins\/seo\/ -->\n<title>S\u00e1rgar\u00e9z eloszt\u00f3 szett 7 k\u00f6r\u00f6s pexal cs\u0151 16\u00d72 radi\u00e1torokhoz teljesen felszerelt<\/title>\n<meta name=\"description\" content=\"Order S\u00e1rgar\u00e9z eloszt\u00f3 szett 7 k\u00f6r\u00f6s pexal cs\u0151 16\u00d72 radi\u00e1torokhoz teljesen felszerelt at a best price.\" \/>\n<meta name=\"robots\" content=\"index, follow, max-snippet:-1, max-image-preview:large, max-video-preview:-1\" \/>\n<link rel=\"canonical\" href=\"https:\/\/fluterm.eu\/hu\/prod\/sargarez-eloszto-szett-7-koros-pexal-cso-16x2-radiatorokhoz-teljesen-felszerelt\/\" \/>\n<meta property=\"og:locale\" content=\"hu_HU\" \/>\n<meta property=\"og:type\" content=\"article\" \/>\n<meta property=\"og:title\" content=\"S\u00e1rgar\u00e9z eloszt\u00f3 szett 7 k\u00f6r\u00f6s pexal cs\u0151 16\u00d72 radi\u00e1torokhoz teljesen felszerelt\" \/>\n<meta property=\"og:description\" content=\"Order S\u00e1rgar\u00e9z eloszt\u00f3 szett 7 k\u00f6r\u00f6s pexal cs\u0151 16\u00d72 radi\u00e1torokhoz teljesen felszerelt at a best price.\" \/>\n<meta property=\"og:url\" content=\"https:\/\/fluterm.eu\/hu\/prod\/sargarez-eloszto-szett-7-koros-pexal-cso-16x2-radiatorokhoz-teljesen-felszerelt\/\" \/>\n<meta property=\"og:site_name\" content=\"fluterm.eu\" \/>\n<meta property=\"og:image\" content=\"https:\/\/fluterm.eu\/wp-content\/uploads\/2023\/07\/DBAC297E-6617-4736-ACF7-6DF90BD08DBA.jpeg\" \/>\n\t<meta property=\"og:image:width\" content=\"2000\" \/>\n\t<meta property=\"og:image:height\" content=\"2000\" \/>\n\t<meta property=\"og:image:type\" content=\"image\/jpeg\" \/>\n<meta name=\"twitter:card\" content=\"summary_large_image\" \/>\n<script type=\"application\/ld+json\" class=\"yoast-schema-graph\">{\"@context\":\"https:\/\/schema.org\",\"@graph\":[{\"@type\":\"WebPage\",\"@id\":\"https:\/\/fluterm.eu\/hu\/prod\/sargarez-eloszto-szett-7-koros-pexal-cso-16x2-radiatorokhoz-teljesen-felszerelt\/\",\"url\":\"https:\/\/fluterm.eu\/hu\/prod\/sargarez-eloszto-szett-7-koros-pexal-cso-16x2-radiatorokhoz-teljesen-felszerelt\/\",\"name\":\"S\u00e1rgar\u00e9z eloszt\u00f3 szett 7 k\u00f6r\u00f6s pexal cs\u0151 16\u00d72 radi\u00e1torokhoz teljesen felszerelt\",\"isPartOf\":{\"@id\":\"https:\/\/fluterm.eu\/#website\"},\"datePublished\":\"2023-07-14T19:03:03+00:00\",\"dateModified\":\"2023-07-14T19:03:03+00:00\",\"description\":\"Order S\u00e1rgar\u00e9z eloszt\u00f3 szett 7 k\u00f6r\u00f6s pexal cs\u0151 16\u00d72 radi\u00e1torokhoz teljesen felszerelt at a best price.\",\"breadcrumb\":{\"@id\":\"https:\/\/fluterm.eu\/hu\/prod\/sargarez-eloszto-szett-7-koros-pexal-cso-16x2-radiatorokhoz-teljesen-felszerelt\/#breadcrumb\"},\"inLanguage\":\"hu\",\"potentialAction\":[{\"@type\":\"ReadAction\",\"target\":[\"https:\/\/fluterm.eu\/hu\/prod\/sargarez-eloszto-szett-7-koros-pexal-cso-16x2-radiatorokhoz-teljesen-felszerelt\/\"]}]},{\"@type\":\"BreadcrumbList\",\"@id\":\"https:\/\/fluterm.eu\/hu\/prod\/sargarez-eloszto-szett-7-koros-pexal-cso-16x2-radiatorokhoz-teljesen-felszerelt\/#breadcrumb\",\"itemListElement\":[{\"@type\":\"ListItem\",\"position\":1,\"name\":\"Home\",\"item\":\"https:\/\/fluterm.eu\/hu\/bolt\/\"},{\"@type\":\"ListItem\",\"position\":2,\"name\":\"Bolt\",\"item\":\"https:\/\/fluterm.eu\/hu\/bolt\/\"},{\"@type\":\"ListItem\",\"position\":3,\"name\":\"S\u00e1rgar\u00e9z eloszt\u00f3 szett 7 k\u00f6r\u00f6s pexal cs\u0151 16\u00d72 radi\u00e1torokhoz teljesen felszerelt\"}]},{\"@type\":\"WebSite\",\"@id\":\"https:\/\/fluterm.eu\/#website\",\"url\":\"https:\/\/fluterm.eu\/\",\"name\":\"fluterm.eu\",\"description\":\"\",\"potentialAction\":[{\"@type\":\"SearchAction\",\"target\":{\"@type\":\"EntryPoint\",\"urlTemplate\":\"https:\/\/fluterm.eu\/?s={search_term_string}\"},\"query-input\":\"required name=search_term_string\"}],\"inLanguage\":\"hu\"}]}<\/script>\n<!-- \/ Yoast SEO plugin. -->","yoast_head_json":{"title":"S\u00e1rgar\u00e9z eloszt\u00f3 szett 7 k\u00f6r\u00f6s pexal cs\u0151 16\u00d72 radi\u00e1torokhoz teljesen felszerelt","description":"Order S\u00e1rgar\u00e9z eloszt\u00f3 szett 7 k\u00f6r\u00f6s pexal cs\u0151 16\u00d72 radi\u00e1torokhoz teljesen felszerelt at a best price.","robots":{"index":"index","follow":"follow","max-snippet":"max-snippet:-1","max-image-preview":"max-image-preview:large","max-video-preview":"max-video-preview:-1"},"canonical":"https:\/\/fluterm.eu\/hu\/prod\/sargarez-eloszto-szett-7-koros-pexal-cso-16x2-radiatorokhoz-teljesen-felszerelt\/","og_locale":"hu_HU","og_type":"article","og_title":"S\u00e1rgar\u00e9z eloszt\u00f3 szett 7 k\u00f6r\u00f6s pexal cs\u0151 16\u00d72 radi\u00e1torokhoz teljesen felszerelt","og_description":"Order S\u00e1rgar\u00e9z eloszt\u00f3 szett 7 k\u00f6r\u00f6s pexal cs\u0151 16\u00d72 radi\u00e1torokhoz teljesen felszerelt at a best price.","og_url":"https:\/\/fluterm.eu\/hu\/prod\/sargarez-eloszto-szett-7-koros-pexal-cso-16x2-radiatorokhoz-teljesen-felszerelt\/","og_site_name":"fluterm.eu","og_image":[{"width":2000,"height":2000,"url":"https:\/\/fluterm.eu\/wp-content\/uploads\/2023\/07\/DBAC297E-6617-4736-ACF7-6DF90BD08DBA.jpeg","type":"image\/jpeg"}],"twitter_card":"summary_large_image","schema":{"@context":"https:\/\/schema.org","@graph":[{"@type":"WebPage","@id":"https:\/\/fluterm.eu\/hu\/prod\/sargarez-eloszto-szett-7-koros-pexal-cso-16x2-radiatorokhoz-teljesen-felszerelt\/","url":"https:\/\/fluterm.eu\/hu\/prod\/sargarez-eloszto-szett-7-koros-pexal-cso-16x2-radiatorokhoz-teljesen-felszerelt\/","name":"S\u00e1rgar\u00e9z eloszt\u00f3 szett 7 k\u00f6r\u00f6s pexal cs\u0151 16\u00d72 radi\u00e1torokhoz teljesen felszerelt","isPartOf":{"@id":"https:\/\/fluterm.eu\/#website"},"datePublished":"2023-07-14T19:03:03+00:00","dateModified":"2023-07-14T19:03:03+00:00","description":"Order S\u00e1rgar\u00e9z eloszt\u00f3 szett 7 k\u00f6r\u00f6s pexal cs\u0151 16\u00d72 radi\u00e1torokhoz teljesen felszerelt at a best price.","breadcrumb":{"@id":"https:\/\/fluterm.eu\/hu\/prod\/sargarez-eloszto-szett-7-koros-pexal-cso-16x2-radiatorokhoz-teljesen-felszerelt\/#breadcrumb"},"inLanguage":"hu","potentialAction":[{"@type":"ReadAction","target":["https:\/\/fluterm.eu\/hu\/prod\/sargarez-eloszto-szett-7-koros-pexal-cso-16x2-radiatorokhoz-teljesen-felszerelt\/"]}]},{"@type":"BreadcrumbList","@id":"https:\/\/fluterm.eu\/hu\/prod\/sargarez-eloszto-szett-7-koros-pexal-cso-16x2-radiatorokhoz-teljesen-felszerelt\/#breadcrumb","itemListElement":[{"@type":"ListItem","position":1,"name":"Home","item":"https:\/\/fluterm.eu\/hu\/bolt\/"},{"@type":"ListItem","position":2,"name":"Bolt","item":"https:\/\/fluterm.eu\/hu\/bolt\/"},{"@type":"ListItem","position":3,"name":"S\u00e1rgar\u00e9z eloszt\u00f3 szett 7 k\u00f6r\u00f6s pexal cs\u0151 16\u00d72 radi\u00e1torokhoz teljesen felszerelt"}]},{"@type":"WebSite","@id":"https:\/\/fluterm.eu\/#website","url":"https:\/\/fluterm.eu\/","name":"fluterm.eu","description":"","potentialAction":[{"@type":"SearchAction","target":{"@type":"EntryPoint","urlTemplate":"https:\/\/fluterm.eu\/?s={search_term_string}"},"query-input":"required name=search_term_string"}],"inLanguage":"hu"}]}},"_links":{"self":[{"href":"https:\/\/fluterm.eu\/hu\/wp-json\/wp\/v2\/product\/15373","targetHints":{"allow":["GET"]}}],"collection":[{"href":"https:\/\/fluterm.eu\/hu\/wp-json\/wp\/v2\/product"}],"about":[{"href":"https:\/\/fluterm.eu\/hu\/wp-json\/wp\/v2\/types\/product"}],"replies":[{"embeddable":true,"href":"https:\/\/fluterm.eu\/hu\/wp-json\/wp\/v2\/comments?post=15373"}],"version-history":[{"count":0,"href":"https:\/\/fluterm.eu\/hu\/wp-json\/wp\/v2\/product\/15373\/revisions"}],"wp:featuredmedia":[{"embeddable":true,"href":"https:\/\/fluterm.eu\/hu\/wp-json\/wp\/v2\/media\/3600"}],"wp:attachment":[{"href":"https:\/\/fluterm.eu\/hu\/wp-json\/wp\/v2\/media?parent=15373"}],"wp:term":[{"taxonomy":"product_cat","embeddable":true,"href":"https:\/\/fluterm.eu\/hu\/wp-json\/wp\/v2\/product_cat?post=15373"},{"taxonomy":"product_tag","embeddable":true,"href":"https:\/\/fluterm.eu\/hu\/wp-json\/wp\/v2\/product_tag?post=15373"}],"curies":[{"name":"wp","href":"https:\/\/api.w.org\/{rel}","templated":true}]}}