{"id":15466,"date":"2023-06-10T14:51:29","date_gmt":"2023-06-10T11:51:29","guid":{"rendered":"https:\/\/fluterm.eu\/prod\/padlofutes-csomag-100m2\/"},"modified":"2023-06-10T14:51:29","modified_gmt":"2023-06-10T11:51:29","slug":"underfloor-heating-package-120-140-m2","status":"publish","type":"product","link":"https:\/\/fluterm.eu\/hu\/prod\/underfloor-heating-package-120-140-m2\/","title":{"rendered":"Padl\u00f3f\u0171t\u00e9s csomag 100m2"},"content":{"rendered":"<div>A t\u00f6k\u00e9letes padl\u00f3f\u0171t\u00e9si rendszer kialak\u00edt\u00e1sa otthon\u00e1ban vagy kereskedelmi helyis\u00e9geiben csak egy l\u00e9p\u00e9sre van a teljes melegvizes padl\u00f3f\u0171t\u00e9si rendszer\u00fcnkkel. A 100 m\u00b2-es cs\u0151hossz\u00fas\u00e1ghoz elegend\u0151 cs\u0151hossz\u00fas\u00e1ggal rendelkezik az \u00f6sszes olyan kiv\u00e1l\u00f3 min\u0151s\u00e9g\u0171 term\u00e9kkel \u00e9s alkatr\u00e9sszel, amelyet elv\u00e1rhat.<\/div>\n<div><\/div>\n<p>A Pipe &amp; Clip padl\u00f3f\u0171t\u00e9si rendszer egyszer\u0171en telep\u00edthet\u0151, a Pex r\u00e9teg\u0171 cs\u00f6vet a szigetel\u0151r\u00e9tegbe klipszelik, miel\u0151tt az esztrichet sim\u00edt\u00f3val felhordj\u00e1k vagy foly\u00e9kony esztrichet \u00f6ntenek.<\/p>\n<div>Mindig javasoljuk, hogy a cs\u00f6vet pontosan v\u00e1gja le \u00e9s f\u00farja ki, hogy j\u00f3 kapcsolatot biztos\u00edtson a szerelv\u00e9nyekkel, megel\u0151zve a sziv\u00e1rg\u00e1st.<\/div>\n<div><\/div>\n<div><b>F\u0171t\u00e9sk\u00e9szlet &#8211; 100,0m\u00b2:<\/b><\/div>\n<div><\/div>\n<div>\n<ul>\n<li>800 m\u00e9ter 16 mm-es cs\u0151 \u00e9lettartam garancia<\/li>\n<li>&#8222;A&#8221; min\u0151s\u00edt\u00e9s\u0171 alacsony energiafelhaszn\u00e1l\u00e1s\u00fa bio amg szivatty\u00fa \u00e9s thermomix automatikus kever\u0151szelep<\/li>\n<li>10 portos eloszt\u00f3 &#8211; Kiv\u00e1l\u00f3 min\u0151s\u00e9g\u0171 nikkelezett s\u00e1rgar\u00e9z dualmix eloszt\u00f3cs\u0151vel<\/li>\n<li>2 x v\u00edzleereszt\u0151\/t\u00f6lt\u0151 szelep<\/li>\n<li>2 x h\u0151m\u00e9r\u0151 goly\u00f3scsapok<\/li>\n<li>2 x automatikus l\u00e9gtelen\u00edt\u0151 szelep<\/li>\n<li>20 x 16mm cs\u0151csatlakoz\u00f3k (Eurocone)<\/li>\n<li>3000 nagy tapad\u00e1s\u00fa cs\u0151bilincsek<\/li>\n<li>750 Edge szigetel\u00e9s<\/li>\n<li>alum\u00ednium f\u00f3lia 100m2<\/li>\n<\/ul>\n<p>Ter\u00fclet lefedetts\u00e9ge: 100.0m\u00b2 &#8211; 120.0m\u00b2.<br \/>\n&#8211; 100,0m\u00b2 @ 100mm t\u00e1vols\u00e1g a nagy h\u0151vesztes\u00e9g\u0171 ter\u00fcletek (t\u00e9likertek) eset\u00e9ben.<br \/>\n&#8211; 120,0m\u00b2 @ 200mm t\u00e1vols\u00e1g az els\u0151dleges f\u0171t\u00e9shez (nappali, f\u00fcrd\u0151szoba, h\u00e1l\u00f3szob\u00e1k)<\/p>\n<\/div>\n","protected":false},"excerpt":{"rendered":"<p>A t\u00f6k\u00e9letes padl\u00f3f\u0171t\u00e9si rendszer kialak\u00edt\u00e1sa otthon\u00e1ban vagy kereskedelmi helyis\u00e9geiben csak egy l\u00e9p\u00e9sre van a teljes melegvizes padl\u00f3f\u0171t\u00e9si rendszer\u00fcnkkel. A 100 m\u00b2-es cs\u0151hossz\u00fas\u00e1ghoz elegend\u0151 cs\u0151hossz\u00fas\u00e1ggal rendelkezik az \u00f6sszes olyan kiv\u00e1l\u00f3 min\u0151s\u00e9g\u0171 term\u00e9kkel \u00e9s alkatr\u00e9sszel, amelyet elv\u00e1rhat. A Pipe &amp; Clip padl\u00f3f\u0171t\u00e9si rendszer egyszer\u0171en telep\u00edthet\u0151, a Pex r\u00e9teg\u0171 cs\u00f6vet a szigetel\u0151r\u00e9tegbe klipszelik, miel\u0151tt az esztrichet sim\u00edt\u00f3val felhordj\u00e1k&hellip;<\/p>\n","protected":false},"featured_media":4335,"comment_status":"open","ping_status":"closed","template":"","meta":[],"product_cat":[874],"product_tag":[],"class_list":{"0":"post-15466","1":"product","2":"type-product","3":"status-publish","4":"has-post-thumbnail","6":"product_cat-komplett-padlofutes-csomagok","8":"first","9":"instock","10":"sale","11":"taxable","12":"shipping-taxable","13":"purchasable","14":"product-type-simple","15":"col-xs-6 col-sm-4","16":"col-md-4 col-lg-4","17":"un-3-cols"},"acf":[],"yoast_head":"<!-- This site is optimized with the Yoast SEO plugin v21.2 - https:\/\/yoast.com\/wordpress\/plugins\/seo\/ -->\n<title>Padl\u00f3f\u0171t\u00e9s csomag 100m2<\/title>\n<meta name=\"description\" content=\"Order Padl\u00f3f\u0171t\u00e9s csomag 100m2 at a best price.\" \/>\n<meta name=\"robots\" content=\"index, follow, max-snippet:-1, max-image-preview:large, max-video-preview:-1\" \/>\n<link rel=\"canonical\" href=\"https:\/\/fluterm.eu\/hu\/prod\/padlofutes-csomag-100m2\/\" \/>\n<meta property=\"og:locale\" content=\"hu_HU\" \/>\n<meta property=\"og:type\" content=\"article\" \/>\n<meta property=\"og:title\" content=\"Padl\u00f3f\u0171t\u00e9s csomag 100m2\" \/>\n<meta property=\"og:description\" content=\"Order Padl\u00f3f\u0171t\u00e9s csomag 100m2 at a best price.\" \/>\n<meta property=\"og:url\" content=\"https:\/\/fluterm.eu\/hu\/prod\/padlofutes-csomag-100m2\/\" \/>\n<meta property=\"og:site_name\" content=\"fluterm.eu\" \/>\n<meta property=\"og:image\" content=\"https:\/\/fluterm.eu\/wp-content\/uploads\/2023\/06\/61C3F3E1-9C0D-4E2C-947E-EA55D85A60BC-1.jpeg\" \/>\n\t<meta property=\"og:image:width\" content=\"1150\" \/>\n\t<meta property=\"og:image:height\" content=\"2048\" \/>\n\t<meta property=\"og:image:type\" content=\"image\/jpeg\" \/>\n<meta name=\"twitter:card\" content=\"summary_large_image\" \/>\n<meta name=\"twitter:label1\" content=\"Becs\u00fclt olvas\u00e1si id\u0151\" \/>\n\t<meta name=\"twitter:data1\" content=\"1 perc\" \/>\n<script type=\"application\/ld+json\" class=\"yoast-schema-graph\">{\"@context\":\"https:\/\/schema.org\",\"@graph\":[{\"@type\":\"WebPage\",\"@id\":\"https:\/\/fluterm.eu\/hu\/prod\/padlofutes-csomag-100m2\/\",\"url\":\"https:\/\/fluterm.eu\/hu\/prod\/padlofutes-csomag-100m2\/\",\"name\":\"Padl\u00f3f\u0171t\u00e9s csomag 100m2\",\"isPartOf\":{\"@id\":\"https:\/\/fluterm.eu\/#website\"},\"datePublished\":\"2023-06-10T11:51:29+00:00\",\"dateModified\":\"2023-06-10T11:51:29+00:00\",\"description\":\"Order Padl\u00f3f\u0171t\u00e9s csomag 100m2 at a best price.\",\"breadcrumb\":{\"@id\":\"https:\/\/fluterm.eu\/hu\/prod\/padlofutes-csomag-100m2\/#breadcrumb\"},\"inLanguage\":\"hu\",\"potentialAction\":[{\"@type\":\"ReadAction\",\"target\":[\"https:\/\/fluterm.eu\/hu\/prod\/padlofutes-csomag-100m2\/\"]}]},{\"@type\":\"BreadcrumbList\",\"@id\":\"https:\/\/fluterm.eu\/hu\/prod\/padlofutes-csomag-100m2\/#breadcrumb\",\"itemListElement\":[{\"@type\":\"ListItem\",\"position\":1,\"name\":\"Home\",\"item\":\"https:\/\/fluterm.eu\/hu\/bolt\/\"},{\"@type\":\"ListItem\",\"position\":2,\"name\":\"Bolt\",\"item\":\"https:\/\/fluterm.eu\/hu\/bolt\/\"},{\"@type\":\"ListItem\",\"position\":3,\"name\":\"Padl\u00f3f\u0171t\u00e9s csomag 100m2\"}]},{\"@type\":\"WebSite\",\"@id\":\"https:\/\/fluterm.eu\/#website\",\"url\":\"https:\/\/fluterm.eu\/\",\"name\":\"fluterm.eu\",\"description\":\"\",\"potentialAction\":[{\"@type\":\"SearchAction\",\"target\":{\"@type\":\"EntryPoint\",\"urlTemplate\":\"https:\/\/fluterm.eu\/?s={search_term_string}\"},\"query-input\":\"required name=search_term_string\"}],\"inLanguage\":\"hu\"}]}<\/script>\n<!-- \/ Yoast SEO plugin. -->","yoast_head_json":{"title":"Padl\u00f3f\u0171t\u00e9s csomag 100m2","description":"Order Padl\u00f3f\u0171t\u00e9s csomag 100m2 at a best price.","robots":{"index":"index","follow":"follow","max-snippet":"max-snippet:-1","max-image-preview":"max-image-preview:large","max-video-preview":"max-video-preview:-1"},"canonical":"https:\/\/fluterm.eu\/hu\/prod\/padlofutes-csomag-100m2\/","og_locale":"hu_HU","og_type":"article","og_title":"Padl\u00f3f\u0171t\u00e9s csomag 100m2","og_description":"Order Padl\u00f3f\u0171t\u00e9s csomag 100m2 at a best price.","og_url":"https:\/\/fluterm.eu\/hu\/prod\/padlofutes-csomag-100m2\/","og_site_name":"fluterm.eu","og_image":[{"width":1150,"height":2048,"url":"https:\/\/fluterm.eu\/wp-content\/uploads\/2023\/06\/61C3F3E1-9C0D-4E2C-947E-EA55D85A60BC-1.jpeg","type":"image\/jpeg"}],"twitter_card":"summary_large_image","twitter_misc":{"Becs\u00fclt olvas\u00e1si id\u0151":"1 perc"},"schema":{"@context":"https:\/\/schema.org","@graph":[{"@type":"WebPage","@id":"https:\/\/fluterm.eu\/hu\/prod\/padlofutes-csomag-100m2\/","url":"https:\/\/fluterm.eu\/hu\/prod\/padlofutes-csomag-100m2\/","name":"Padl\u00f3f\u0171t\u00e9s csomag 100m2","isPartOf":{"@id":"https:\/\/fluterm.eu\/#website"},"datePublished":"2023-06-10T11:51:29+00:00","dateModified":"2023-06-10T11:51:29+00:00","description":"Order Padl\u00f3f\u0171t\u00e9s csomag 100m2 at a best price.","breadcrumb":{"@id":"https:\/\/fluterm.eu\/hu\/prod\/padlofutes-csomag-100m2\/#breadcrumb"},"inLanguage":"hu","potentialAction":[{"@type":"ReadAction","target":["https:\/\/fluterm.eu\/hu\/prod\/padlofutes-csomag-100m2\/"]}]},{"@type":"BreadcrumbList","@id":"https:\/\/fluterm.eu\/hu\/prod\/padlofutes-csomag-100m2\/#breadcrumb","itemListElement":[{"@type":"ListItem","position":1,"name":"Home","item":"https:\/\/fluterm.eu\/hu\/bolt\/"},{"@type":"ListItem","position":2,"name":"Bolt","item":"https:\/\/fluterm.eu\/hu\/bolt\/"},{"@type":"ListItem","position":3,"name":"Padl\u00f3f\u0171t\u00e9s csomag 100m2"}]},{"@type":"WebSite","@id":"https:\/\/fluterm.eu\/#website","url":"https:\/\/fluterm.eu\/","name":"fluterm.eu","description":"","potentialAction":[{"@type":"SearchAction","target":{"@type":"EntryPoint","urlTemplate":"https:\/\/fluterm.eu\/?s={search_term_string}"},"query-input":"required name=search_term_string"}],"inLanguage":"hu"}]}},"_links":{"self":[{"href":"https:\/\/fluterm.eu\/hu\/wp-json\/wp\/v2\/product\/15466","targetHints":{"allow":["GET"]}}],"collection":[{"href":"https:\/\/fluterm.eu\/hu\/wp-json\/wp\/v2\/product"}],"about":[{"href":"https:\/\/fluterm.eu\/hu\/wp-json\/wp\/v2\/types\/product"}],"replies":[{"embeddable":true,"href":"https:\/\/fluterm.eu\/hu\/wp-json\/wp\/v2\/comments?post=15466"}],"version-history":[{"count":0,"href":"https:\/\/fluterm.eu\/hu\/wp-json\/wp\/v2\/product\/15466\/revisions"}],"wp:featuredmedia":[{"embeddable":true,"href":"https:\/\/fluterm.eu\/hu\/wp-json\/wp\/v2\/media\/4335"}],"wp:attachment":[{"href":"https:\/\/fluterm.eu\/hu\/wp-json\/wp\/v2\/media?parent=15466"}],"wp:term":[{"taxonomy":"product_cat","embeddable":true,"href":"https:\/\/fluterm.eu\/hu\/wp-json\/wp\/v2\/product_cat?post=15466"},{"taxonomy":"product_tag","embeddable":true,"href":"https:\/\/fluterm.eu\/hu\/wp-json\/wp\/v2\/product_tag?post=15466"}],"curies":[{"name":"wp","href":"https:\/\/api.w.org\/{rel}","templated":true}]}}