{"id":9611,"date":"2023-08-27T13:28:42","date_gmt":"2023-08-27T10:28:42","guid":{"rendered":"https:\/\/fluterm.eu\/prod\/uponor-vario-s-manifold-15x3-4-kor-padlofutes\/"},"modified":"2023-09-06T15:08:31","modified_gmt":"2023-09-06T12:08:31","slug":"uponor-vario-s-manifold-15x3-4-kor-padlofutes","status":"publish","type":"product","link":"https:\/\/fluterm.eu\/hu\/prod\/uponor-vario-s-manifold-15x3-4-kor-padlofutes\/","title":{"rendered":"Uponor Vario S-Manifold 15&#215;3\/4 k\u00f6r padl\u00f3f\u0171t\u00e9s"},"content":{"rendered":"<div id=\"react_0HMSVJBJDBJ05\" data-widget-id=\"Tabs\" data-config-id=\"tabs_b58c93daa5df4d1fa2f75fe992b299a1\">\n<div class=\"StyledSection-sc-1thpi8z lnqQuT\">\n<div>\n<div class=\"react-tabs\" data-tabs=\"true\">\n<div id=\"react-tabs-229\" class=\"StyledTabPanel-sc-23fmil jTCKmi custom-tab-tab-27629 react-tabs__tab-panel--selected\" role=\"tabpanel\" aria-labelledby=\"react-tabs-228\">\n<div id=\"tabContent-27629\">\n<div id=\"react_0HMSVJBJDBIUI\" data-widget-id=\"Headline\" data-config-id=\"headline_182133f1b5274cb7a00beeb3f7ea60fb\">\n<div class=\"StyledContainer-sc-cda6kx fecbnE\">\n<h3 class=\"StyledH3-sc-152pfa2 gHYYiD\">Vario S gy\u0171jt\u0151cs\u00f6vek &#8211; rozsdamentes ac\u00e9l gy\u0171jt\u0151cs\u0151 az egyszer\u0171 \u00e9s k\u00f6lts\u00e9ghat\u00e9kony telep\u00edt\u00e9shez<\/h3>\n<\/div>\n<\/div>\n<div id=\"react_0HMSVJBJDBIUJ\" data-widget-id=\"TwoColumnContent\" data-config-id=\"twocolumncontent_5a49c041efdd4a3caec20efbcc0aaa48\">\n<div class=\"StyledSection-sc-1thpi8z lnqQuT\">\n<div class=\"StyledContainer-sc-cda6kx fecbnE\">\n<div class=\"StyledRow-sc-g65wft laBHjh\">\n<div class=\"StyledCol-sc-1p7ryf jmQMSC\">\n<div class=\"StyledContent-sc-f0e1o4 dXdDxC\">\n<div class=\"StyledText-sc-1y8w1u9 hJWpvE\">\n<div class=\"StyledRichText-sc-1dnstbl bmohoz\"><img decoding=\"async\" src=\"https:\/\/www.uponor.com\/getmedia\/6d04b7c7-78d4-4279-b026-5dffee252a08\/uponor%20vario%20s%20linkbox%20desktop.jpg?sitename=Global&amp;uh=29f3df77bb3ca1d1e2e7fb8d1473e8f1f9795d436a6cc9f9c4e989c98b483666\" alt=\"uponor vario s\"><\/div>\n<\/div>\n<\/div>\n<\/div>\n<div class=\"StyledCol-sc-1p7ryf jmQMSC\">\n<div class=\"StyledContent-sc-f0e1o4 dXdDxC\">\n<div class=\"StyledText-sc-1y8w1u9 hJWpvE\">\n<div class=\"StyledRichText-sc-1dnstbl bmohoz\">\n<p><strong>El\u0151ny\u00f6k<\/strong><\/p>\n<ul>\n<li>Egyr\u00e9szes eloszt\u00f3 2-16 f\u0171t\u0151k\u00f6rrel<\/li>\n<li>Hurokcsatlakoz\u00e1s G3\/4&#8243; eurok\u00fap<\/li>\n<li>Hurokoszt\u00e1s 50 mm<\/li>\n<li>Fejl\u00e9coszt\u00e1s 225 mm<\/li>\n<li>Opcion\u00e1lisan rendelhet\u0151 \u00e1raml\u00e1sm\u00e9r\u0151kkel vagy csavaros szeleppel t\u00f6rt\u00e9n\u0151 \u00e1raml\u00e1sbe\u00e1ll\u00edt\u00e1ssal<\/li>\n<\/ul>\n<p><strong>Alkalmaz\u00e1si ter\u00fclet:<\/strong><\/p>\n<ul>\n<li>Sug\u00e1rz\u00f3 f\u0171t\u00e9s \u00e9s h\u0171t\u00e9s<\/li>\n<li>Alkalmas nagym\u00e9ret\u0171 f\u0171t\u00e9si\/h\u0171t\u00e9si ter\u00fcletekhez<\/li>\n<li>Lakoss\u00e1gi \u00e9s kereskedelmi<\/li>\n<li>Kompakt telep\u00edt\u00e9s, kombin\u00e1lva a szivatty\u00facsoportokkal, nyom\u00e1sk\u00fcl\u00f6nbs\u00e9g-szab\u00e1lyoz\u00f3val \u00e9s adagol\u00f3k\u00e9szletekkel, Uponor eloszt\u00f3szekr\u00e9nyekben elhelyezett csatlakoz\u00f3k\u00e9szlettel.<\/li>\n<\/ul>\n<\/div>\n<\/div>\n<div class=\"StyledButtonsContainer-sc-8mywb0 ZGHkf\"><a class=\"StyledButton-sc-3gr1eh ilsdRH StyledButton-sc-e8i15b ccLhhP\" href=\"https:\/\/www.uponor.com\/en-en\/product-online-catalogue\/radiant-heating-cooling\/distribution\/uponor-vario-s\" target=\"_self\" rel=\"noopener\"><span class=\"btn__text \">Term\u00e9kkatal\u00f3gus<\/span><\/a><\/div>\n<\/div>\n<\/div>\n<\/div>\n<\/div>\n<\/div>\n<\/div>\n<\/div>\n<\/div>\n<div id=\"react-tabs-231\" class=\"StyledTabPanel-sc-23fmil jTCKmi custom-tab-tab-27627\" role=\"tabpanel\" aria-labelledby=\"react-tabs-230\"><\/div>\n<div id=\"react-tabs-233\" class=\"StyledTabPanel-sc-23fmil jTCKmi custom-tab-tab-27626\" role=\"tabpanel\" aria-labelledby=\"react-tabs-232\"><\/div>\n<div id=\"react-tabs-235\" class=\"StyledTabPanel-sc-23fmil jTCKmi custom-tab-tab-27628\" role=\"tabpanel\" aria-labelledby=\"react-tabs-234\"><\/div>\n<div id=\"react-tabs-237\" class=\"StyledTabPanel-sc-23fmil jTCKmi custom-tab-tab-369384\" role=\"tabpanel\" aria-labelledby=\"react-tabs-236\"><\/div>\n<div id=\"react-tabs-239\" class=\"StyledTabPanel-sc-23fmil jTCKmi custom-tab-tab-27630\" role=\"tabpanel\" aria-labelledby=\"react-tabs-238\"><\/div>\n<div id=\"react-tabs-241\" class=\"StyledTabPanel-sc-23fmil jTCKmi custom-tab-tab-369485\" role=\"tabpanel\" aria-labelledby=\"react-tabs-240\"><\/div>\n<\/div>\n<\/div>\n<\/div>\n<\/div>\n<div id=\"react_0HMSVJBJDBJ07\" data-widget-id=\"Headline\" data-config-id=\"headline_60dc5e6570d44c41a1c3ac086ed4d3ca\">\n<div class=\"StyledContainer-sc-cda6kx fecbnE\"><\/div>\n<\/div>\n","protected":false},"excerpt":{"rendered":"<p>Vario S gy\u0171jt\u0151cs\u00f6vek &#8211; rozsdamentes ac\u00e9l gy\u0171jt\u0151cs\u0151 az egyszer\u0171 \u00e9s k\u00f6lts\u00e9ghat\u00e9kony telep\u00edt\u00e9shez El\u0151ny\u00f6k Egyr\u00e9szes eloszt\u00f3 2-16 f\u0171t\u0151k\u00f6rrel Hurokcsatlakoz\u00e1s G3\/4&#8243; eurok\u00fap Hurokoszt\u00e1s 50 mm Fejl\u00e9coszt\u00e1s 225 mm Opcion\u00e1lisan rendelhet\u0151 \u00e1raml\u00e1sm\u00e9r\u0151kkel vagy csavaros szeleppel t\u00f6rt\u00e9n\u0151 \u00e1raml\u00e1sbe\u00e1ll\u00edt\u00e1ssal Alkalmaz\u00e1si ter\u00fclet: Sug\u00e1rz\u00f3 f\u0171t\u00e9s \u00e9s h\u0171t\u00e9s Alkalmas nagym\u00e9ret\u0171 f\u0171t\u00e9si\/h\u0171t\u00e9si ter\u00fcletekhez Lakoss\u00e1gi \u00e9s kereskedelmi Kompakt telep\u00edt\u00e9s, kombin\u00e1lva a szivatty\u00facsoportokkal, nyom\u00e1sk\u00fcl\u00f6nbs\u00e9g-szab\u00e1lyoz\u00f3val \u00e9s adagol\u00f3k\u00e9szletekkel,&hellip;<\/p>\n","protected":false},"featured_media":9448,"comment_status":"open","ping_status":"closed","template":"","meta":[],"product_cat":[804],"product_tag":[],"class_list":{"0":"post-9611","1":"product","2":"type-product","3":"status-publish","4":"has-post-thumbnail","6":"product_cat-padlofutes-forgalmazok","8":"first","9":"instock","10":"taxable","11":"shipping-taxable","12":"purchasable","13":"product-type-simple","14":"col-xs-6 col-sm-4","15":"col-md-4 col-lg-4","16":"un-3-cols"},"acf":[],"yoast_head":"<!-- This site is optimized with the Yoast SEO plugin v21.2 - https:\/\/yoast.com\/wordpress\/plugins\/seo\/ -->\n<title>Uponor Vario S-Manifold 15x3\/4 k\u00f6r padl\u00f3f\u0171t\u00e9s<\/title>\n<meta name=\"description\" content=\"Order Uponor Vario S-Manifold 15x3\/4 k\u00f6r padl\u00f3f\u0171t\u00e9s at a best price.\" \/>\n<meta name=\"robots\" content=\"index, follow, max-snippet:-1, max-image-preview:large, max-video-preview:-1\" \/>\n<link rel=\"canonical\" href=\"https:\/\/fluterm.eu\/hu\/prod\/uponor-vario-s-manifold-15x3-4-kor-padlofutes\/\" \/>\n<meta property=\"og:locale\" content=\"hu_HU\" \/>\n<meta property=\"og:type\" content=\"article\" \/>\n<meta property=\"og:title\" content=\"Uponor Vario S-Manifold 15x3\/4 k\u00f6r padl\u00f3f\u0171t\u00e9s\" \/>\n<meta property=\"og:description\" content=\"Order Uponor Vario S-Manifold 15x3\/4 k\u00f6r padl\u00f3f\u0171t\u00e9s at a best price.\" \/>\n<meta property=\"og:url\" content=\"https:\/\/fluterm.eu\/hu\/prod\/uponor-vario-s-manifold-15x3-4-kor-padlofutes\/\" \/>\n<meta property=\"og:site_name\" content=\"fluterm.eu\" \/>\n<meta property=\"article:modified_time\" content=\"2023-09-06T12:08:31+00:00\" \/>\n<meta property=\"og:image\" content=\"https:\/\/fluterm.eu\/wp-content\/uploads\/2023\/08\/4D28C38E-B55C-4890-9019-8D0B23322453.jpeg\" \/>\n\t<meta property=\"og:image:width\" content=\"1080\" \/>\n\t<meta property=\"og:image:height\" content=\"800\" \/>\n\t<meta property=\"og:image:type\" content=\"image\/jpeg\" \/>\n<meta name=\"twitter:card\" content=\"summary_large_image\" \/>\n<meta name=\"twitter:label1\" content=\"Becs\u00fclt olvas\u00e1si id\u0151\" \/>\n\t<meta name=\"twitter:data1\" content=\"1 perc\" \/>\n<script type=\"application\/ld+json\" class=\"yoast-schema-graph\">{\"@context\":\"https:\/\/schema.org\",\"@graph\":[{\"@type\":\"WebPage\",\"@id\":\"https:\/\/fluterm.eu\/hu\/prod\/uponor-vario-s-manifold-15x3-4-kor-padlofutes\/\",\"url\":\"https:\/\/fluterm.eu\/hu\/prod\/uponor-vario-s-manifold-15x3-4-kor-padlofutes\/\",\"name\":\"Uponor Vario S-Manifold 15x3\/4 k\u00f6r padl\u00f3f\u0171t\u00e9s\",\"isPartOf\":{\"@id\":\"https:\/\/fluterm.eu\/#website\"},\"datePublished\":\"2023-08-27T10:28:42+00:00\",\"dateModified\":\"2023-09-06T12:08:31+00:00\",\"description\":\"Order Uponor Vario S-Manifold 15x3\/4 k\u00f6r padl\u00f3f\u0171t\u00e9s at a best price.\",\"breadcrumb\":{\"@id\":\"https:\/\/fluterm.eu\/hu\/prod\/uponor-vario-s-manifold-15x3-4-kor-padlofutes\/#breadcrumb\"},\"inLanguage\":\"hu\",\"potentialAction\":[{\"@type\":\"ReadAction\",\"target\":[\"https:\/\/fluterm.eu\/hu\/prod\/uponor-vario-s-manifold-15x3-4-kor-padlofutes\/\"]}]},{\"@type\":\"BreadcrumbList\",\"@id\":\"https:\/\/fluterm.eu\/hu\/prod\/uponor-vario-s-manifold-15x3-4-kor-padlofutes\/#breadcrumb\",\"itemListElement\":[{\"@type\":\"ListItem\",\"position\":1,\"name\":\"Home\",\"item\":\"https:\/\/fluterm.eu\/hu\/bolt\/\"},{\"@type\":\"ListItem\",\"position\":2,\"name\":\"Bolt\",\"item\":\"https:\/\/fluterm.eu\/hu\/bolt\/\"},{\"@type\":\"ListItem\",\"position\":3,\"name\":\"Uponor Vario S-Manifold 15&#215;3\/4 k\u00f6r padl\u00f3f\u0171t\u00e9s\"}]},{\"@type\":\"WebSite\",\"@id\":\"https:\/\/fluterm.eu\/#website\",\"url\":\"https:\/\/fluterm.eu\/\",\"name\":\"fluterm.eu\",\"description\":\"\",\"potentialAction\":[{\"@type\":\"SearchAction\",\"target\":{\"@type\":\"EntryPoint\",\"urlTemplate\":\"https:\/\/fluterm.eu\/?s={search_term_string}\"},\"query-input\":\"required name=search_term_string\"}],\"inLanguage\":\"hu\"}]}<\/script>\n<!-- \/ Yoast SEO plugin. -->","yoast_head_json":{"title":"Uponor Vario S-Manifold 15x3\/4 k\u00f6r padl\u00f3f\u0171t\u00e9s","description":"Order Uponor Vario S-Manifold 15x3\/4 k\u00f6r padl\u00f3f\u0171t\u00e9s at a best price.","robots":{"index":"index","follow":"follow","max-snippet":"max-snippet:-1","max-image-preview":"max-image-preview:large","max-video-preview":"max-video-preview:-1"},"canonical":"https:\/\/fluterm.eu\/hu\/prod\/uponor-vario-s-manifold-15x3-4-kor-padlofutes\/","og_locale":"hu_HU","og_type":"article","og_title":"Uponor Vario S-Manifold 15x3\/4 k\u00f6r padl\u00f3f\u0171t\u00e9s","og_description":"Order Uponor Vario S-Manifold 15x3\/4 k\u00f6r padl\u00f3f\u0171t\u00e9s at a best price.","og_url":"https:\/\/fluterm.eu\/hu\/prod\/uponor-vario-s-manifold-15x3-4-kor-padlofutes\/","og_site_name":"fluterm.eu","article_modified_time":"2023-09-06T12:08:31+00:00","og_image":[{"width":1080,"height":800,"url":"https:\/\/fluterm.eu\/wp-content\/uploads\/2023\/08\/4D28C38E-B55C-4890-9019-8D0B23322453.jpeg","type":"image\/jpeg"}],"twitter_card":"summary_large_image","twitter_misc":{"Becs\u00fclt olvas\u00e1si id\u0151":"1 perc"},"schema":{"@context":"https:\/\/schema.org","@graph":[{"@type":"WebPage","@id":"https:\/\/fluterm.eu\/hu\/prod\/uponor-vario-s-manifold-15x3-4-kor-padlofutes\/","url":"https:\/\/fluterm.eu\/hu\/prod\/uponor-vario-s-manifold-15x3-4-kor-padlofutes\/","name":"Uponor Vario S-Manifold 15x3\/4 k\u00f6r padl\u00f3f\u0171t\u00e9s","isPartOf":{"@id":"https:\/\/fluterm.eu\/#website"},"datePublished":"2023-08-27T10:28:42+00:00","dateModified":"2023-09-06T12:08:31+00:00","description":"Order Uponor Vario S-Manifold 15x3\/4 k\u00f6r padl\u00f3f\u0171t\u00e9s at a best price.","breadcrumb":{"@id":"https:\/\/fluterm.eu\/hu\/prod\/uponor-vario-s-manifold-15x3-4-kor-padlofutes\/#breadcrumb"},"inLanguage":"hu","potentialAction":[{"@type":"ReadAction","target":["https:\/\/fluterm.eu\/hu\/prod\/uponor-vario-s-manifold-15x3-4-kor-padlofutes\/"]}]},{"@type":"BreadcrumbList","@id":"https:\/\/fluterm.eu\/hu\/prod\/uponor-vario-s-manifold-15x3-4-kor-padlofutes\/#breadcrumb","itemListElement":[{"@type":"ListItem","position":1,"name":"Home","item":"https:\/\/fluterm.eu\/hu\/bolt\/"},{"@type":"ListItem","position":2,"name":"Bolt","item":"https:\/\/fluterm.eu\/hu\/bolt\/"},{"@type":"ListItem","position":3,"name":"Uponor Vario S-Manifold 15&#215;3\/4 k\u00f6r padl\u00f3f\u0171t\u00e9s"}]},{"@type":"WebSite","@id":"https:\/\/fluterm.eu\/#website","url":"https:\/\/fluterm.eu\/","name":"fluterm.eu","description":"","potentialAction":[{"@type":"SearchAction","target":{"@type":"EntryPoint","urlTemplate":"https:\/\/fluterm.eu\/?s={search_term_string}"},"query-input":"required name=search_term_string"}],"inLanguage":"hu"}]}},"_links":{"self":[{"href":"https:\/\/fluterm.eu\/hu\/wp-json\/wp\/v2\/product\/9611","targetHints":{"allow":["GET"]}}],"collection":[{"href":"https:\/\/fluterm.eu\/hu\/wp-json\/wp\/v2\/product"}],"about":[{"href":"https:\/\/fluterm.eu\/hu\/wp-json\/wp\/v2\/types\/product"}],"replies":[{"embeddable":true,"href":"https:\/\/fluterm.eu\/hu\/wp-json\/wp\/v2\/comments?post=9611"}],"version-history":[{"count":1,"href":"https:\/\/fluterm.eu\/hu\/wp-json\/wp\/v2\/product\/9611\/revisions"}],"predecessor-version":[{"id":13407,"href":"https:\/\/fluterm.eu\/hu\/wp-json\/wp\/v2\/product\/9611\/revisions\/13407"}],"wp:featuredmedia":[{"embeddable":true,"href":"https:\/\/fluterm.eu\/hu\/wp-json\/wp\/v2\/media\/9448"}],"wp:attachment":[{"href":"https:\/\/fluterm.eu\/hu\/wp-json\/wp\/v2\/media?parent=9611"}],"wp:term":[{"taxonomy":"product_cat","embeddable":true,"href":"https:\/\/fluterm.eu\/hu\/wp-json\/wp\/v2\/product_cat?post=9611"},{"taxonomy":"product_tag","embeddable":true,"href":"https:\/\/fluterm.eu\/hu\/wp-json\/wp\/v2\/product_tag?post=9611"}],"curies":[{"name":"wp","href":"https:\/\/api.w.org\/{rel}","templated":true}]}}