{"id":9881,"date":"2023-08-27T13:52:52","date_gmt":"2023-08-27T10:52:52","guid":{"rendered":"https:\/\/fluterm.eu\/prod\/manifold-connector-uponor-16x3-4-eurocone\/"},"modified":"2023-09-06T15:08:29","modified_gmt":"2023-09-06T12:08:29","slug":"manifold-connector-uponor-16x3-4-eurocone","status":"publish","type":"product","link":"https:\/\/fluterm.eu\/hu\/prod\/manifold-connector-uponor-16x3-4-eurocone\/","title":{"rendered":"MANIFOLD CONNECTOR UPONOR 16&#215;3\/4 EUROCONE"},"content":{"rendered":"<div class=\"columns__section\">\n<h3>M\u0171szaki specifik\u00e1ci\u00f3k<\/h3>\n<div class=\"technical-specifications\">\n<div class=\"technical-specifications-row\"><span class=\"technical-specifications-row__label\">Anyag t\u00f6m\u00f6r\u00edt\u0151 gy\u0171r\u0171-<\/span><span class=\"technical-specifications-row__value\">S\u00e1rgar\u00e9z<\/span><\/div>\n<div class=\"technical-specifications-row\"><span class=\"technical-specifications-row__label\">Anyag csatlakoz\u00f3 anya&#8230;<\/span><span class=\"technical-specifications-row__value\">S\u00e1rgar\u00e9z<\/span><\/div>\n<div class=\"technical-specifications-row\"><span class=\"technical-specifications-row__label\">K\u00fcls\u0151 cs\u0151\u00e1tm\u00e9r\u0151 &#8211;<\/span><span class=\"technical-specifications-row__value\">17 mm<\/span><\/div>\n<div class=\"technical-specifications-row\"><span class=\"technical-specifications-row__label\">Alkalmas alum\u00ednium cs\u00f6vekhez.<\/span><span class=\"technical-specifications-row__value\">hamis<\/span><\/div>\n<div class=\"technical-specifications-row\"><span class=\"technical-specifications-row__label\">Alkalmas r\u00e9zcs\u0151h\u00f6z&#8230;<\/span><span class=\"technical-specifications-row__value\">hamis<\/span><\/div>\n<div class=\"technical-specifications-row\"><span class=\"technical-specifications-row__label\">T\u00f6bbr\u00e9teg\u0171 m\u0171anyag cs\u00f6vekhez alkalmas-<\/span><span class=\"technical-specifications-row__value\">hamis<\/span><\/div>\n<div class=\"technical-specifications-row\"><span class=\"technical-specifications-row__label\">Alkalmas m\u0171anyag cs\u00f6vekhez&#8230;<\/span><span class=\"technical-specifications-row__value\">val\u00f3di<\/span><\/div>\n<div class=\"technical-specifications-row\"><span class=\"technical-specifications-row__label\">Alkalmas m\u0171anyag cs\u00f6vekhez&#8230;<\/span><span class=\"technical-specifications-row__value\">igaz<\/span><\/div>\n<div class=\"technical-specifications-row\"><span class=\"technical-specifications-row__label\">Alkalmas rozsdamentes ac\u00e9lcs\u00f6vekhez.<\/span><span class=\"technical-specifications-row__value\">hamis<\/span><\/div>\n<div class=\"technical-specifications-row\"><span class=\"technical-specifications-row__label\">Alkalmas ac\u00e9l- \u00e9s r\u00e9zcs\u00f6vekhez.<\/span><span class=\"technical-specifications-row__value\">hamis<\/span><\/div>\n<div class=\"technical-specifications-row\"><span class=\"technical-specifications-row__label\">Alkalmas ac\u00e9lcs\u0151h\u00f6z&#8230;<\/span><span class=\"technical-specifications-row__value\">hamis<\/span><\/div>\n<div class=\"technical-specifications-row\"><span class=\"technical-specifications-row__label\">Alkalmas falvastags\u00e1ghoz&#8230;<\/span><span class=\"technical-specifications-row__value\">2 mm<\/span><\/div>\n<div class=\"technical-specifications-row\"><span class=\"technical-specifications-row__label\">Menetkapcsolat-<\/span><span class=\"technical-specifications-row__value\">Euroconus<\/span><\/div>\n<div class=\"technical-specifications-row\"><span class=\"technical-specifications-row__label\">Menet\u00e1tm\u00e9r\u0151&#8230;<\/span><span class=\"technical-specifications-row__value\">G 3\/4 inch<\/span><\/div>\n<div class=\"technical-specifications-row\"><span class=\"technical-specifications-row__label\">Menetm\u00e9ret anya-<\/span><span class=\"technical-specifications-row__value\">3\/4 h\u00fcvelyk<\/span><\/div>\n<\/div>\n<\/div>\n<div class=\"columns__section\">\n<h3>Term\u00e9kk\u00f3dok<\/h3>\n<div class=\"product-codes\">\n<div class=\"product-codes-row\"><span class=\"product-codes-row__label\">SAP<\/span><span class=\"product-codes-row__value\">AFA167<\/span><\/div>\n<div class=\"product-codes-row\"><span class=\"product-codes-row__label\">HPAC<\/span><span class=\"product-codes-row__value\">2025028<\/span><\/div>\n<div class=\"product-codes-row\"><span class=\"product-codes-row__label\">PLC<\/span><span class=\"product-codes-row__value\">2025028<\/span><\/div>\n<div class=\"product-codes-row\"><span class=\"product-codes-row__label\">GTIN\/EAN<\/span><span class=\"product-codes-row__value\">4021598127951<\/span><\/div>\n<div class=\"product-codes-row\"><span class=\"product-codes-row__label\">Gy\u00e1rt\u00f3i cikksz\u00e1m<\/span><span class=\"product-codes-row__value\">1065286<\/span><\/div>\n<div class=\"product-codes-row\"><span class=\"product-codes-row__label\">Sz\u00e1ll\u00edt\u00f3i anyagsz\u00e1m<\/span><span class=\"product-codes-row__value\">2025028<\/span><\/div>\n<\/div>\n<\/div>\n","protected":false},"excerpt":{"rendered":"<p>M\u0171szaki specifik\u00e1ci\u00f3k Anyag t\u00f6m\u00f6r\u00edt\u0151 gy\u0171r\u0171-S\u00e1rgar\u00e9z Anyag csatlakoz\u00f3 anya&#8230;S\u00e1rgar\u00e9z K\u00fcls\u0151 cs\u0151\u00e1tm\u00e9r\u0151 &#8211;17 mm Alkalmas alum\u00ednium cs\u00f6vekhez.hamis Alkalmas r\u00e9zcs\u0151h\u00f6z&#8230;hamis T\u00f6bbr\u00e9teg\u0171 m\u0171anyag cs\u00f6vekhez alkalmas-hamis Alkalmas m\u0171anyag cs\u00f6vekhez&#8230;val\u00f3di Alkalmas m\u0171anyag cs\u00f6vekhez&#8230;igaz Alkalmas rozsdamentes ac\u00e9lcs\u00f6vekhez.hamis Alkalmas ac\u00e9l- \u00e9s r\u00e9zcs\u00f6vekhez.hamis Alkalmas ac\u00e9lcs\u0151h\u00f6z&#8230;hamis Alkalmas falvastags\u00e1ghoz&#8230;2 mm Menetkapcsolat-Euroconus Menet\u00e1tm\u00e9r\u0151&#8230;G 3\/4 inch Menetm\u00e9ret anya-3\/4 h\u00fcvelyk Term\u00e9kk\u00f3dok SAPAFA167 HPAC2025028 PLC2025028 GTIN\/EAN4021598127951 Gy\u00e1rt\u00f3i cikksz\u00e1m1065286 Sz\u00e1ll\u00edt\u00f3i anyagsz\u00e1m2025028<\/p>\n","protected":false},"featured_media":9868,"comment_status":"open","ping_status":"closed","template":"","meta":[],"product_cat":[834],"product_tag":[],"class_list":{"0":"post-9881","1":"product","2":"type-product","3":"status-publish","4":"has-post-thumbnail","6":"product_cat-kulonbozo","8":"first","9":"instock","10":"taxable","11":"shipping-taxable","12":"purchasable","13":"product-type-simple","14":"col-xs-6 col-sm-4","15":"col-md-4 col-lg-4","16":"un-3-cols"},"acf":[],"yoast_head":"<!-- This site is optimized with the Yoast SEO plugin v21.2 - https:\/\/yoast.com\/wordpress\/plugins\/seo\/ -->\n<title>MANIFOLD CONNECTOR UPONOR 16x3\/4 EUROCONE<\/title>\n<meta name=\"description\" content=\"Order MANIFOLD CONNECTOR UPONOR 16x3\/4 EUROCONE at a best price.\" \/>\n<meta name=\"robots\" content=\"index, follow, max-snippet:-1, max-image-preview:large, max-video-preview:-1\" \/>\n<link rel=\"canonical\" href=\"https:\/\/fluterm.eu\/hu\/prod\/manifold-connector-uponor-16x3-4-eurocone\/\" \/>\n<meta property=\"og:locale\" content=\"hu_HU\" \/>\n<meta property=\"og:type\" content=\"article\" \/>\n<meta property=\"og:title\" content=\"MANIFOLD CONNECTOR UPONOR 16x3\/4 EUROCONE\" \/>\n<meta property=\"og:description\" content=\"Order MANIFOLD CONNECTOR UPONOR 16x3\/4 EUROCONE at a best price.\" \/>\n<meta property=\"og:url\" content=\"https:\/\/fluterm.eu\/hu\/prod\/manifold-connector-uponor-16x3-4-eurocone\/\" \/>\n<meta property=\"og:site_name\" content=\"fluterm.eu\" \/>\n<meta property=\"article:modified_time\" content=\"2023-09-06T12:08:29+00:00\" \/>\n<meta property=\"og:image\" content=\"https:\/\/fluterm.eu\/wp-content\/uploads\/2023\/08\/eurocon-uponor-vario-pex-3-4-fi8269.webp\" \/>\n\t<meta property=\"og:image:width\" content=\"700\" \/>\n\t<meta property=\"og:image:height\" content=\"440\" \/>\n\t<meta property=\"og:image:type\" content=\"image\/webp\" \/>\n<meta name=\"twitter:card\" content=\"summary_large_image\" \/>\n<meta name=\"twitter:label1\" content=\"Becs\u00fclt olvas\u00e1si id\u0151\" \/>\n\t<meta name=\"twitter:data1\" content=\"1 perc\" \/>\n<script type=\"application\/ld+json\" class=\"yoast-schema-graph\">{\"@context\":\"https:\/\/schema.org\",\"@graph\":[{\"@type\":\"WebPage\",\"@id\":\"https:\/\/fluterm.eu\/hu\/prod\/manifold-connector-uponor-16x3-4-eurocone\/\",\"url\":\"https:\/\/fluterm.eu\/hu\/prod\/manifold-connector-uponor-16x3-4-eurocone\/\",\"name\":\"MANIFOLD CONNECTOR UPONOR 16x3\/4 EUROCONE\",\"isPartOf\":{\"@id\":\"https:\/\/fluterm.eu\/#website\"},\"datePublished\":\"2023-08-27T10:52:52+00:00\",\"dateModified\":\"2023-09-06T12:08:29+00:00\",\"description\":\"Order MANIFOLD CONNECTOR UPONOR 16x3\/4 EUROCONE at a best price.\",\"breadcrumb\":{\"@id\":\"https:\/\/fluterm.eu\/hu\/prod\/manifold-connector-uponor-16x3-4-eurocone\/#breadcrumb\"},\"inLanguage\":\"hu\",\"potentialAction\":[{\"@type\":\"ReadAction\",\"target\":[\"https:\/\/fluterm.eu\/hu\/prod\/manifold-connector-uponor-16x3-4-eurocone\/\"]}]},{\"@type\":\"BreadcrumbList\",\"@id\":\"https:\/\/fluterm.eu\/hu\/prod\/manifold-connector-uponor-16x3-4-eurocone\/#breadcrumb\",\"itemListElement\":[{\"@type\":\"ListItem\",\"position\":1,\"name\":\"Home\",\"item\":\"https:\/\/fluterm.eu\/hu\/bolt\/\"},{\"@type\":\"ListItem\",\"position\":2,\"name\":\"Bolt\",\"item\":\"https:\/\/fluterm.eu\/hu\/bolt\/\"},{\"@type\":\"ListItem\",\"position\":3,\"name\":\"MANIFOLD CONNECTOR UPONOR 16&#215;3\/4 EUROCONE\"}]},{\"@type\":\"WebSite\",\"@id\":\"https:\/\/fluterm.eu\/#website\",\"url\":\"https:\/\/fluterm.eu\/\",\"name\":\"fluterm.eu\",\"description\":\"\",\"potentialAction\":[{\"@type\":\"SearchAction\",\"target\":{\"@type\":\"EntryPoint\",\"urlTemplate\":\"https:\/\/fluterm.eu\/?s={search_term_string}\"},\"query-input\":\"required name=search_term_string\"}],\"inLanguage\":\"hu\"}]}<\/script>\n<!-- \/ Yoast SEO plugin. -->","yoast_head_json":{"title":"MANIFOLD CONNECTOR UPONOR 16x3\/4 EUROCONE","description":"Order MANIFOLD CONNECTOR UPONOR 16x3\/4 EUROCONE at a best price.","robots":{"index":"index","follow":"follow","max-snippet":"max-snippet:-1","max-image-preview":"max-image-preview:large","max-video-preview":"max-video-preview:-1"},"canonical":"https:\/\/fluterm.eu\/hu\/prod\/manifold-connector-uponor-16x3-4-eurocone\/","og_locale":"hu_HU","og_type":"article","og_title":"MANIFOLD CONNECTOR UPONOR 16x3\/4 EUROCONE","og_description":"Order MANIFOLD CONNECTOR UPONOR 16x3\/4 EUROCONE at a best price.","og_url":"https:\/\/fluterm.eu\/hu\/prod\/manifold-connector-uponor-16x3-4-eurocone\/","og_site_name":"fluterm.eu","article_modified_time":"2023-09-06T12:08:29+00:00","og_image":[{"width":700,"height":440,"url":"https:\/\/fluterm.eu\/wp-content\/uploads\/2023\/08\/eurocon-uponor-vario-pex-3-4-fi8269.webp","type":"image\/webp"}],"twitter_card":"summary_large_image","twitter_misc":{"Becs\u00fclt olvas\u00e1si id\u0151":"1 perc"},"schema":{"@context":"https:\/\/schema.org","@graph":[{"@type":"WebPage","@id":"https:\/\/fluterm.eu\/hu\/prod\/manifold-connector-uponor-16x3-4-eurocone\/","url":"https:\/\/fluterm.eu\/hu\/prod\/manifold-connector-uponor-16x3-4-eurocone\/","name":"MANIFOLD CONNECTOR UPONOR 16x3\/4 EUROCONE","isPartOf":{"@id":"https:\/\/fluterm.eu\/#website"},"datePublished":"2023-08-27T10:52:52+00:00","dateModified":"2023-09-06T12:08:29+00:00","description":"Order MANIFOLD CONNECTOR UPONOR 16x3\/4 EUROCONE at a best price.","breadcrumb":{"@id":"https:\/\/fluterm.eu\/hu\/prod\/manifold-connector-uponor-16x3-4-eurocone\/#breadcrumb"},"inLanguage":"hu","potentialAction":[{"@type":"ReadAction","target":["https:\/\/fluterm.eu\/hu\/prod\/manifold-connector-uponor-16x3-4-eurocone\/"]}]},{"@type":"BreadcrumbList","@id":"https:\/\/fluterm.eu\/hu\/prod\/manifold-connector-uponor-16x3-4-eurocone\/#breadcrumb","itemListElement":[{"@type":"ListItem","position":1,"name":"Home","item":"https:\/\/fluterm.eu\/hu\/bolt\/"},{"@type":"ListItem","position":2,"name":"Bolt","item":"https:\/\/fluterm.eu\/hu\/bolt\/"},{"@type":"ListItem","position":3,"name":"MANIFOLD CONNECTOR UPONOR 16&#215;3\/4 EUROCONE"}]},{"@type":"WebSite","@id":"https:\/\/fluterm.eu\/#website","url":"https:\/\/fluterm.eu\/","name":"fluterm.eu","description":"","potentialAction":[{"@type":"SearchAction","target":{"@type":"EntryPoint","urlTemplate":"https:\/\/fluterm.eu\/?s={search_term_string}"},"query-input":"required name=search_term_string"}],"inLanguage":"hu"}]}},"_links":{"self":[{"href":"https:\/\/fluterm.eu\/hu\/wp-json\/wp\/v2\/product\/9881","targetHints":{"allow":["GET"]}}],"collection":[{"href":"https:\/\/fluterm.eu\/hu\/wp-json\/wp\/v2\/product"}],"about":[{"href":"https:\/\/fluterm.eu\/hu\/wp-json\/wp\/v2\/types\/product"}],"replies":[{"embeddable":true,"href":"https:\/\/fluterm.eu\/hu\/wp-json\/wp\/v2\/comments?post=9881"}],"version-history":[{"count":1,"href":"https:\/\/fluterm.eu\/hu\/wp-json\/wp\/v2\/product\/9881\/revisions"}],"predecessor-version":[{"id":13404,"href":"https:\/\/fluterm.eu\/hu\/wp-json\/wp\/v2\/product\/9881\/revisions\/13404"}],"wp:featuredmedia":[{"embeddable":true,"href":"https:\/\/fluterm.eu\/hu\/wp-json\/wp\/v2\/media\/9868"}],"wp:attachment":[{"href":"https:\/\/fluterm.eu\/hu\/wp-json\/wp\/v2\/media?parent=9881"}],"wp:term":[{"taxonomy":"product_cat","embeddable":true,"href":"https:\/\/fluterm.eu\/hu\/wp-json\/wp\/v2\/product_cat?post=9881"},{"taxonomy":"product_tag","embeddable":true,"href":"https:\/\/fluterm.eu\/hu\/wp-json\/wp\/v2\/product_tag?post=9881"}],"curies":[{"name":"wp","href":"https:\/\/api.w.org\/{rel}","templated":true}]}}