{"id":9936,"date":"2023-08-26T11:59:02","date_gmt":"2023-08-26T08:59:02","guid":{"rendered":"https:\/\/fluterm.eu\/prod\/huawei-haromfazisu-intelligens-mero\/"},"modified":"2023-09-06T15:08:43","modified_gmt":"2023-09-06T12:08:43","slug":"huawei-haromfazisu-intelligens-mero","status":"publish","type":"product","link":"https:\/\/fluterm.eu\/hu\/prod\/huawei-haromfazisu-intelligens-mero\/","title":{"rendered":"Huawei h\u00e1romf\u00e1zis\u00fa intelligens m\u00e9r\u0151"},"content":{"rendered":"<table class=\"c-product-table\">\n<tbody class=\"c-product-table__tbody\">\n<tr class=\"row c-product-table__row is-product-table_row\">\n<td class=\"c-product-table__cell\" data-id-feature=\"7\"><span>T\u00e1pfesz\u00fclts\u00e9g:<\/span><\/td>\n<td class=\"c-product-table__cell c-product-table__cell--value\" data-id-feature=\"7\" data-id-feature-value=\"Array\"><span>220-240 V AC, 400 V AC<\/span><\/td>\n<\/tr>\n<tr class=\"row c-product-table__row is-product-table_row\">\n<td class=\"c-product-table__cell\" data-id-feature=\"46\"><span>T\u00f6bbfesz\u00fclts\u00e9g\u0171:<\/span><\/td>\n<td class=\"c-product-table__cell c-product-table__cell--value\" data-id-feature=\"46\" data-id-feature-value=\"5940115\"><span>230-400V AC<\/span><\/td>\n<\/tr>\n<tr class=\"row c-product-table__row is-product-table_row\">\n<td class=\"c-product-table__cell\" data-id-feature=\"37\"><span>Freq. M\u0171k\u00f6d\u00e9s:<\/span><\/td>\n<td class=\"c-product-table__cell c-product-table__cell--value\" data-id-feature=\"37\" data-id-feature-value=\"105255\"><span>50-60Hz<\/span><\/td>\n<\/tr>\n<tr class=\"row c-product-table__row is-product-table_row\">\n<td class=\"c-product-table__cell\" data-id-feature=\"2166\"><span>Maxim\u00e1lis r\u00f6vidz\u00e1rlati \u00e1ram:<\/span><\/td>\n<td class=\"c-product-table__cell c-product-table__cell--value\" data-id-feature=\"2166\" data-id-feature-value=\"5747271\"><span>80A<\/span><\/td>\n<\/tr>\n<tr class=\"row c-product-table__row is-product-table_row\">\n<td class=\"c-product-table__cell\" data-id-feature=\"158\"><span>Elektromos szigetel\u00e9si oszt\u00e1ly:<\/span><\/td>\n<td class=\"c-product-table__cell c-product-table__cell--value\" data-id-feature=\"158\" data-id-feature-value=\"290098\"><span>II<\/span><\/td>\n<\/tr>\n<tr class=\"row c-product-table__row is-product-table_row\">\n<td class=\"c-product-table__cell\" data-id-feature=\"25\"><span>Haszn\u00e1lja:<\/span><\/td>\n<td class=\"c-product-table__cell c-product-table__cell--value\" data-id-feature=\"25\" data-id-feature-value=\"Array\"><span>Bels\u0151, k\u00fcls\u0151<\/span><\/td>\n<\/tr>\n<tr class=\"row c-product-table__row is-product-table_row\">\n<td class=\"c-product-table__cell\" data-id-feature=\"15\"><span>IP-v\u00e9delem:<\/span><\/td>\n<td class=\"c-product-table__cell c-product-table__cell--value\" data-id-feature=\"15\" data-id-feature-value=\"18209\"><span>IP54<\/span><\/td>\n<\/tr>\n<tr class=\"row c-product-table__row is-product-table_row\">\n<td class=\"c-product-table__cell\" data-id-feature=\"18\"><span>Test anyaga:<\/span><\/td>\n<td class=\"c-product-table__cell c-product-table__cell--value\" data-id-feature=\"18\" data-id-feature-value=\"Array\"><span>pc<\/span><\/td>\n<\/tr>\n<tr class=\"row c-product-table__row is-product-table_row\">\n<td class=\"c-product-table__cell\" data-id-feature=\"16\"><span>M\u00e9retek:<\/span><\/td>\n<td class=\"c-product-table__cell c-product-table__cell--value\" data-id-feature=\"16\" data-id-feature-value=\"5747276\"><span>98x36x65mm \/\/ 98x72x65mm<\/span><\/td>\n<\/tr>\n<tr class=\"row c-product-table__row is-product-table_row\">\n<td class=\"c-product-table__cell\" data-id-feature=\"4\"><span>S\u00faly:<\/span><\/td>\n<td class=\"c-product-table__cell c-product-table__cell--value\" data-id-feature=\"4\" data-id-feature-value=\"5747281\"><span>0.2kg \/\/ 0.4kg<\/span><\/td>\n<\/tr>\n<tr class=\"row c-product-table__row is-product-table_row\">\n<td class=\"c-product-table__cell\" data-id-feature=\"12\"><span>\u00dczemi h\u0151m\u00e9rs\u00e9klet:<\/span><\/td>\n<td class=\"c-product-table__cell c-product-table__cell--value\" data-id-feature=\"12\" data-id-feature-value=\"5533077\"><span>-10\u00baC ~ +75\u00baC<\/span><\/td>\n<\/tr>\n<tr class=\"row c-product-table__row is-product-table_row\">\n<td class=\"c-product-table__cell\" data-id-feature=\"29\"><span>T\u00aa Amb. M\u0171velet:<\/span><\/td>\n<td class=\"c-product-table__cell c-product-table__cell--value\" data-id-feature=\"29\" data-id-feature-value=\"5108150\"><span>-40\u00baC ~ +85\u00baC<\/span><\/td>\n<\/tr>\n<tr class=\"row c-product-table__row is-product-table_row\">\n<td class=\"c-product-table__cell\" data-id-feature=\"30\"><span>Garancia:<\/span><\/td>\n<td class=\"c-product-table__cell c-product-table__cell--value\" data-id-feature=\"30\" data-id-feature-value=\"76671\"><span>3 \u00e9v<\/span><\/td>\n<\/tr>\n<tr class=\"row c-product-table__row is-product-table_row\">\n<td class=\"c-product-table__cell\" data-id-feature=\"20\"><span>Tan\u00fas\u00edtv\u00e1nyok:<\/span><\/td>\n<td class=\"c-product-table__cell c-product-table__cell--value\" data-id-feature=\"20\" data-id-feature-value=\"Array\"><span>CE \u00e9s RoHS, UKCA<\/span><\/td>\n<\/tr>\n<\/tbody>\n<\/table>\n","protected":false},"excerpt":{"rendered":"<p>T\u00e1pfesz\u00fclts\u00e9g: 220-240 V AC, 400 V AC T\u00f6bbfesz\u00fclts\u00e9g\u0171: 230-400V AC Freq. M\u0171k\u00f6d\u00e9s: 50-60Hz Maxim\u00e1lis r\u00f6vidz\u00e1rlati \u00e1ram: 80A Elektromos szigetel\u00e9si oszt\u00e1ly: II Haszn\u00e1lja: Bels\u0151, k\u00fcls\u0151 IP-v\u00e9delem: IP54 Test anyaga: pc M\u00e9retek: 98x36x65mm \/\/ 98x72x65mm S\u00faly: 0.2kg \/\/ 0.4kg \u00dczemi h\u0151m\u00e9rs\u00e9klet: -10\u00baC ~ +75\u00baC T\u00aa Amb. M\u0171velet: -40\u00baC ~ +85\u00baC Garancia: 3 \u00e9v Tan\u00fas\u00edtv\u00e1nyok: CE \u00e9s RoHS,&hellip;<\/p>\n","protected":false},"featured_media":9945,"comment_status":"open","ping_status":"closed","template":"","meta":[],"product_cat":[778],"product_tag":[],"class_list":{"0":"post-9936","1":"product","2":"type-product","3":"status-publish","4":"has-post-thumbnail","6":"product_cat-fotovoltaikus-keszletek","8":"first","9":"instock","10":"taxable","11":"shipping-taxable","12":"purchasable","13":"product-type-simple","14":"col-xs-6 col-sm-4","15":"col-md-4 col-lg-4","16":"un-3-cols"},"acf":[],"yoast_head":"<!-- This site is optimized with the Yoast SEO plugin v21.2 - https:\/\/yoast.com\/wordpress\/plugins\/seo\/ -->\n<title>Huawei h\u00e1romf\u00e1zis\u00fa intelligens m\u00e9r\u0151<\/title>\n<meta name=\"description\" content=\"Order Huawei h\u00e1romf\u00e1zis\u00fa intelligens m\u00e9r\u0151 at a best price.\" \/>\n<meta name=\"robots\" content=\"index, follow, max-snippet:-1, max-image-preview:large, max-video-preview:-1\" \/>\n<link rel=\"canonical\" href=\"https:\/\/fluterm.eu\/hu\/prod\/huawei-haromfazisu-intelligens-mero\/\" \/>\n<meta property=\"og:locale\" content=\"hu_HU\" \/>\n<meta property=\"og:type\" content=\"article\" \/>\n<meta property=\"og:title\" content=\"Huawei h\u00e1romf\u00e1zis\u00fa intelligens m\u00e9r\u0151\" \/>\n<meta property=\"og:description\" content=\"Order Huawei h\u00e1romf\u00e1zis\u00fa intelligens m\u00e9r\u0151 at a best price.\" \/>\n<meta property=\"og:url\" content=\"https:\/\/fluterm.eu\/hu\/prod\/huawei-haromfazisu-intelligens-mero\/\" \/>\n<meta property=\"og:site_name\" content=\"fluterm.eu\" \/>\n<meta property=\"article:modified_time\" content=\"2023-09-06T12:08:43+00:00\" \/>\n<meta property=\"og:image\" content=\"https:\/\/fluterm.eu\/wp-content\/uploads\/2023\/08\/84C33E68-9FFE-42DA-9F50-D7F82884D6A4.png\" \/>\n\t<meta property=\"og:image:width\" content=\"1206\" \/>\n\t<meta property=\"og:image:height\" content=\"1206\" \/>\n\t<meta property=\"og:image:type\" content=\"image\/png\" \/>\n<meta name=\"twitter:card\" content=\"summary_large_image\" \/>\n<script type=\"application\/ld+json\" class=\"yoast-schema-graph\">{\"@context\":\"https:\/\/schema.org\",\"@graph\":[{\"@type\":\"WebPage\",\"@id\":\"https:\/\/fluterm.eu\/hu\/prod\/huawei-haromfazisu-intelligens-mero\/\",\"url\":\"https:\/\/fluterm.eu\/hu\/prod\/huawei-haromfazisu-intelligens-mero\/\",\"name\":\"Huawei h\u00e1romf\u00e1zis\u00fa intelligens m\u00e9r\u0151\",\"isPartOf\":{\"@id\":\"https:\/\/fluterm.eu\/#website\"},\"datePublished\":\"2023-08-26T08:59:02+00:00\",\"dateModified\":\"2023-09-06T12:08:43+00:00\",\"description\":\"Order Huawei h\u00e1romf\u00e1zis\u00fa intelligens m\u00e9r\u0151 at a best price.\",\"breadcrumb\":{\"@id\":\"https:\/\/fluterm.eu\/hu\/prod\/huawei-haromfazisu-intelligens-mero\/#breadcrumb\"},\"inLanguage\":\"hu\",\"potentialAction\":[{\"@type\":\"ReadAction\",\"target\":[\"https:\/\/fluterm.eu\/hu\/prod\/huawei-haromfazisu-intelligens-mero\/\"]}]},{\"@type\":\"BreadcrumbList\",\"@id\":\"https:\/\/fluterm.eu\/hu\/prod\/huawei-haromfazisu-intelligens-mero\/#breadcrumb\",\"itemListElement\":[{\"@type\":\"ListItem\",\"position\":1,\"name\":\"Home\",\"item\":\"https:\/\/fluterm.eu\/hu\/bolt\/\"},{\"@type\":\"ListItem\",\"position\":2,\"name\":\"Bolt\",\"item\":\"https:\/\/fluterm.eu\/hu\/bolt\/\"},{\"@type\":\"ListItem\",\"position\":3,\"name\":\"Huawei h\u00e1romf\u00e1zis\u00fa intelligens m\u00e9r\u0151\"}]},{\"@type\":\"WebSite\",\"@id\":\"https:\/\/fluterm.eu\/#website\",\"url\":\"https:\/\/fluterm.eu\/\",\"name\":\"fluterm.eu\",\"description\":\"\",\"potentialAction\":[{\"@type\":\"SearchAction\",\"target\":{\"@type\":\"EntryPoint\",\"urlTemplate\":\"https:\/\/fluterm.eu\/?s={search_term_string}\"},\"query-input\":\"required name=search_term_string\"}],\"inLanguage\":\"hu\"}]}<\/script>\n<!-- \/ Yoast SEO plugin. -->","yoast_head_json":{"title":"Huawei h\u00e1romf\u00e1zis\u00fa intelligens m\u00e9r\u0151","description":"Order Huawei h\u00e1romf\u00e1zis\u00fa intelligens m\u00e9r\u0151 at a best price.","robots":{"index":"index","follow":"follow","max-snippet":"max-snippet:-1","max-image-preview":"max-image-preview:large","max-video-preview":"max-video-preview:-1"},"canonical":"https:\/\/fluterm.eu\/hu\/prod\/huawei-haromfazisu-intelligens-mero\/","og_locale":"hu_HU","og_type":"article","og_title":"Huawei h\u00e1romf\u00e1zis\u00fa intelligens m\u00e9r\u0151","og_description":"Order Huawei h\u00e1romf\u00e1zis\u00fa intelligens m\u00e9r\u0151 at a best price.","og_url":"https:\/\/fluterm.eu\/hu\/prod\/huawei-haromfazisu-intelligens-mero\/","og_site_name":"fluterm.eu","article_modified_time":"2023-09-06T12:08:43+00:00","og_image":[{"width":1206,"height":1206,"url":"https:\/\/fluterm.eu\/wp-content\/uploads\/2023\/08\/84C33E68-9FFE-42DA-9F50-D7F82884D6A4.png","type":"image\/png"}],"twitter_card":"summary_large_image","schema":{"@context":"https:\/\/schema.org","@graph":[{"@type":"WebPage","@id":"https:\/\/fluterm.eu\/hu\/prod\/huawei-haromfazisu-intelligens-mero\/","url":"https:\/\/fluterm.eu\/hu\/prod\/huawei-haromfazisu-intelligens-mero\/","name":"Huawei h\u00e1romf\u00e1zis\u00fa intelligens m\u00e9r\u0151","isPartOf":{"@id":"https:\/\/fluterm.eu\/#website"},"datePublished":"2023-08-26T08:59:02+00:00","dateModified":"2023-09-06T12:08:43+00:00","description":"Order Huawei h\u00e1romf\u00e1zis\u00fa intelligens m\u00e9r\u0151 at a best price.","breadcrumb":{"@id":"https:\/\/fluterm.eu\/hu\/prod\/huawei-haromfazisu-intelligens-mero\/#breadcrumb"},"inLanguage":"hu","potentialAction":[{"@type":"ReadAction","target":["https:\/\/fluterm.eu\/hu\/prod\/huawei-haromfazisu-intelligens-mero\/"]}]},{"@type":"BreadcrumbList","@id":"https:\/\/fluterm.eu\/hu\/prod\/huawei-haromfazisu-intelligens-mero\/#breadcrumb","itemListElement":[{"@type":"ListItem","position":1,"name":"Home","item":"https:\/\/fluterm.eu\/hu\/bolt\/"},{"@type":"ListItem","position":2,"name":"Bolt","item":"https:\/\/fluterm.eu\/hu\/bolt\/"},{"@type":"ListItem","position":3,"name":"Huawei h\u00e1romf\u00e1zis\u00fa intelligens m\u00e9r\u0151"}]},{"@type":"WebSite","@id":"https:\/\/fluterm.eu\/#website","url":"https:\/\/fluterm.eu\/","name":"fluterm.eu","description":"","potentialAction":[{"@type":"SearchAction","target":{"@type":"EntryPoint","urlTemplate":"https:\/\/fluterm.eu\/?s={search_term_string}"},"query-input":"required name=search_term_string"}],"inLanguage":"hu"}]}},"_links":{"self":[{"href":"https:\/\/fluterm.eu\/hu\/wp-json\/wp\/v2\/product\/9936","targetHints":{"allow":["GET"]}}],"collection":[{"href":"https:\/\/fluterm.eu\/hu\/wp-json\/wp\/v2\/product"}],"about":[{"href":"https:\/\/fluterm.eu\/hu\/wp-json\/wp\/v2\/types\/product"}],"replies":[{"embeddable":true,"href":"https:\/\/fluterm.eu\/hu\/wp-json\/wp\/v2\/comments?post=9936"}],"version-history":[{"count":1,"href":"https:\/\/fluterm.eu\/hu\/wp-json\/wp\/v2\/product\/9936\/revisions"}],"predecessor-version":[{"id":13422,"href":"https:\/\/fluterm.eu\/hu\/wp-json\/wp\/v2\/product\/9936\/revisions\/13422"}],"wp:featuredmedia":[{"embeddable":true,"href":"https:\/\/fluterm.eu\/hu\/wp-json\/wp\/v2\/media\/9945"}],"wp:attachment":[{"href":"https:\/\/fluterm.eu\/hu\/wp-json\/wp\/v2\/media?parent=9936"}],"wp:term":[{"taxonomy":"product_cat","embeddable":true,"href":"https:\/\/fluterm.eu\/hu\/wp-json\/wp\/v2\/product_cat?post=9936"},{"taxonomy":"product_tag","embeddable":true,"href":"https:\/\/fluterm.eu\/hu\/wp-json\/wp\/v2\/product_tag?post=9936"}],"curies":[{"name":"wp","href":"https:\/\/api.w.org\/{rel}","templated":true}]}}