{"id":4465,"date":"2022-10-01T08:14:55","date_gmt":"2022-10-01T05:14:55","guid":{"rendered":"https:\/\/fluterm.eu\/endurgreidslu-og-skilastefnu\/"},"modified":"2023-09-04T19:12:04","modified_gmt":"2023-09-04T16:12:04","slug":"endurgreidslu-og-skilastefnu","status":"publish","type":"page","link":"https:\/\/fluterm.eu\/is\/endurgreidslu-og-skilastefnu\/","title":{"rendered":"Endurgrei\u00f0slu- og skilastefnu"},"content":{"rendered":"&#13;\n<p>\u00a0<\/p>&#13;\n<h1><strong>Refund and returns policy<\/strong><\/h1>&#13;\n<p><br\/>Stefna okkar gildir \u00ed 14 almanaksdaga fr\u00e1 kaupdegi. Ef \u00fe\u00fa vilt skila v\u00f6runni til endurgrei\u00f0slu \u00e1 \u00feessu t\u00edmabili getur\u00f0u gert \u00fea\u00f0 a\u00f0 uppfylltum skilyr\u00f0um h\u00e9r a\u00f0 ne\u00f0an. Vinsamlegast athuga\u00f0u a\u00f0 ef 14 dagar eru li\u00f0nir, getum vi\u00f0 \u00fev\u00ed mi\u00f0ur ekki bo\u00f0i\u00f0 \u00fe\u00e9r endurgrei\u00f0slu.<\/p>&#13;\n<p>Endurgrei\u00f0slukr\u00f6fur<\/p>&#13;\n<p>Eftirfarandi skilyr\u00f0i ver\u00f0a a\u00f0 vera uppfyllt til a\u00f0 eiga r\u00e9tt \u00e1 endurgrei\u00f0slu:<\/p>&#13;\n<p>&#8211; Varan er g\u00f6llu\u00f0<br\/>&#8211; Varan er ekki eins og l\u00fdst er<br\/>&#8211; Varan ver\u00f0ur a\u00f0 vera \u00f3opnu\u00f0<br\/>&#8211; Varan ver\u00f0ur a\u00f0 vera \u00ed upprunalegum umb\u00fa\u00f0um<br\/>&#8211; Varan ver\u00f0ur a\u00f0 vera \u00f3notu\u00f0<br\/>&#8211; Varan m\u00e1 ekki skemma<\/p>&#13;\n<p>Til a\u00f0 tryggja a\u00f0 ofangreind skilyr\u00f0i hafi veri\u00f0 uppfyllt ver\u00f0a \u00f6ll skil sko\u00f0u\u00f0. Ef varan uppfyllir ekki tilgreind skilyr\u00f0i \u00e1skiljum vi\u00f0 okkur r\u00e9tt til a\u00f0 gefa ekki \u00fat endurgrei\u00f0slu.<\/p>&#13;\n<p>S\u00f6nnun um kaup<\/p>&#13;\n<p>Til a\u00f0 lj\u00faka endurgrei\u00f0slunni \u00feurfum vi\u00f0 kvittun, innkaupap\u00f6ntun e\u00f0a a\u00f0ra s\u00f6nnun fyrir kaupum. Vinsamlegast athuga\u00f0u a\u00f0 \u00e1n fyrrnefndrar s\u00f6nnunar \u00e1 kaupum munum vi\u00f0 ekki gefa \u00fat endurgrei\u00f0slu.<\/p>&#13;\n<p>Haf\u00f0u samband vi\u00f0 okkur<\/p>&#13;\n<p>Ef \u00fe\u00fa hefur einhverjar spurningar, \u00e1hyggjur e\u00f0a kvartanir var\u00f0andi \u00feessa endurgrei\u00f0slustefnu, hvetjum vi\u00f0 \u00feig til a\u00f0 hafa samband vi\u00f0 okkur me\u00f0 \u00fev\u00ed a\u00f0 nota uppl\u00fdsingarnar h\u00e9r a\u00f0 ne\u00f0an:<\/p>&#13;\n<p>Office@fluterm.ro<\/p>&#13;\n<p>\u00deetta skjal var s\u00ed\u00f0ast uppf\u00e6rt 26. j\u00fan\u00ed 2023<\/p>&#13;\n","protected":false},"excerpt":{"rendered":"<p>&#13; \u00a0 &#13; Refund and returns policy &#13; Stefna okkar gildir \u00ed 14 almanaksdaga fr\u00e1 kaupdegi. Ef \u00fe\u00fa vilt skila v\u00f6runni til endurgrei\u00f0slu \u00e1 \u00feessu t\u00edmabili getur\u00f0u gert \u00fea\u00f0 a\u00f0 uppfylltum skilyr\u00f0um h\u00e9r a\u00f0 ne\u00f0an. Vinsamlegast athuga\u00f0u a\u00f0 ef 14 dagar eru li\u00f0nir, getum vi\u00f0 \u00fev\u00ed mi\u00f0ur ekki bo\u00f0i\u00f0 \u00fe\u00e9r endurgrei\u00f0slu. &#13; Endurgrei\u00f0slukr\u00f6fur &#13; Eftirfarandi&hellip;<\/p>\n","protected":false},"author":3,"featured_media":0,"parent":0,"menu_order":0,"comment_status":"closed","ping_status":"closed","template":"","meta":{"footnotes":""},"class_list":["post-4465","page","type-page","status-publish","hentry"],"acf":[],"yoast_head":"<!-- This site is optimized with the Yoast SEO plugin v21.2 - https:\/\/yoast.com\/wordpress\/plugins\/seo\/ -->\n<title>Endurgrei\u00f0slu- og skilastefnu<\/title>\n<meta name=\"robots\" content=\"index, follow, max-snippet:-1, max-image-preview:large, max-video-preview:-1\" \/>\n<link rel=\"canonical\" href=\"https:\/\/fluterm.eu\/is\/endurgreidslu-og-skilastefnu\/\" \/>\n<meta property=\"og:locale\" content=\"is_IS\" \/>\n<meta property=\"og:type\" content=\"article\" \/>\n<meta property=\"og:title\" content=\"Endurgrei\u00f0slu- og skilastefnu\" \/>\n<meta property=\"og:description\" content=\"&#013; \u00a0 &#013; Refund and returns policy &#013; Stefna okkar gildir \u00ed 14 almanaksdaga fr\u00e1 kaupdegi. Ef \u00fe\u00fa vilt skila v\u00f6runni til endurgrei\u00f0slu \u00e1 \u00feessu t\u00edmabili getur\u00f0u gert \u00fea\u00f0 a\u00f0 uppfylltum skilyr\u00f0um h\u00e9r a\u00f0 ne\u00f0an. Vinsamlegast athuga\u00f0u a\u00f0 ef 14 dagar eru li\u00f0nir, getum vi\u00f0 \u00fev\u00ed mi\u00f0ur ekki bo\u00f0i\u00f0 \u00fe\u00e9r endurgrei\u00f0slu. &#013; Endurgrei\u00f0slukr\u00f6fur &#013; Eftirfarandi&hellip;\" \/>\n<meta property=\"og:url\" content=\"https:\/\/fluterm.eu\/is\/endurgreidslu-og-skilastefnu\/\" \/>\n<meta property=\"og:site_name\" content=\"fluterm.eu\" \/>\n<meta property=\"article:modified_time\" content=\"2023-09-04T16:12:04+00:00\" \/>\n<meta name=\"twitter:card\" content=\"summary_large_image\" \/>\n<meta name=\"twitter:label1\" content=\"Est. reading time\" \/>\n\t<meta name=\"twitter:data1\" content=\"1 minute\" \/>\n<script type=\"application\/ld+json\" class=\"yoast-schema-graph\">{\"@context\":\"https:\/\/schema.org\",\"@graph\":[{\"@type\":\"WebPage\",\"@id\":\"https:\/\/fluterm.eu\/is\/endurgreidslu-og-skilastefnu\/\",\"url\":\"https:\/\/fluterm.eu\/is\/endurgreidslu-og-skilastefnu\/\",\"name\":\"Endurgrei\u00f0slu- og skilastefnu\",\"isPartOf\":{\"@id\":\"https:\/\/fluterm.eu\/#website\"},\"datePublished\":\"2022-10-01T05:14:55+00:00\",\"dateModified\":\"2023-09-04T16:12:04+00:00\",\"breadcrumb\":{\"@id\":\"https:\/\/fluterm.eu\/is\/endurgreidslu-og-skilastefnu\/#breadcrumb\"},\"inLanguage\":\"is\",\"potentialAction\":[{\"@type\":\"ReadAction\",\"target\":[\"https:\/\/fluterm.eu\/is\/endurgreidslu-og-skilastefnu\/\"]}]},{\"@type\":\"BreadcrumbList\",\"@id\":\"https:\/\/fluterm.eu\/is\/endurgreidslu-og-skilastefnu\/#breadcrumb\",\"itemListElement\":[{\"@type\":\"ListItem\",\"position\":1,\"name\":\"Home\",\"item\":\"https:\/\/fluterm.eu\/is\/verslun\/\"},{\"@type\":\"ListItem\",\"position\":2,\"name\":\"Endurgrei\u00f0slu- og skilastefnu\"}]},{\"@type\":\"WebSite\",\"@id\":\"https:\/\/fluterm.eu\/#website\",\"url\":\"https:\/\/fluterm.eu\/\",\"name\":\"fluterm.eu\",\"description\":\"\",\"potentialAction\":[{\"@type\":\"SearchAction\",\"target\":{\"@type\":\"EntryPoint\",\"urlTemplate\":\"https:\/\/fluterm.eu\/?s={search_term_string}\"},\"query-input\":\"required name=search_term_string\"}],\"inLanguage\":\"is\"}]}<\/script>\n<!-- \/ Yoast SEO plugin. -->","yoast_head_json":{"title":"Endurgrei\u00f0slu- og skilastefnu","robots":{"index":"index","follow":"follow","max-snippet":"max-snippet:-1","max-image-preview":"max-image-preview:large","max-video-preview":"max-video-preview:-1"},"canonical":"https:\/\/fluterm.eu\/is\/endurgreidslu-og-skilastefnu\/","og_locale":"is_IS","og_type":"article","og_title":"Endurgrei\u00f0slu- og skilastefnu","og_description":"&#13; \u00a0 &#13; Refund and returns policy &#13; Stefna okkar gildir \u00ed 14 almanaksdaga fr\u00e1 kaupdegi. Ef \u00fe\u00fa vilt skila v\u00f6runni til endurgrei\u00f0slu \u00e1 \u00feessu t\u00edmabili getur\u00f0u gert \u00fea\u00f0 a\u00f0 uppfylltum skilyr\u00f0um h\u00e9r a\u00f0 ne\u00f0an. Vinsamlegast athuga\u00f0u a\u00f0 ef 14 dagar eru li\u00f0nir, getum vi\u00f0 \u00fev\u00ed mi\u00f0ur ekki bo\u00f0i\u00f0 \u00fe\u00e9r endurgrei\u00f0slu. &#13; Endurgrei\u00f0slukr\u00f6fur &#13; Eftirfarandi&hellip;","og_url":"https:\/\/fluterm.eu\/is\/endurgreidslu-og-skilastefnu\/","og_site_name":"fluterm.eu","article_modified_time":"2023-09-04T16:12:04+00:00","twitter_card":"summary_large_image","twitter_misc":{"Est. reading time":"1 minute"},"schema":{"@context":"https:\/\/schema.org","@graph":[{"@type":"WebPage","@id":"https:\/\/fluterm.eu\/is\/endurgreidslu-og-skilastefnu\/","url":"https:\/\/fluterm.eu\/is\/endurgreidslu-og-skilastefnu\/","name":"Endurgrei\u00f0slu- og skilastefnu","isPartOf":{"@id":"https:\/\/fluterm.eu\/#website"},"datePublished":"2022-10-01T05:14:55+00:00","dateModified":"2023-09-04T16:12:04+00:00","breadcrumb":{"@id":"https:\/\/fluterm.eu\/is\/endurgreidslu-og-skilastefnu\/#breadcrumb"},"inLanguage":"is","potentialAction":[{"@type":"ReadAction","target":["https:\/\/fluterm.eu\/is\/endurgreidslu-og-skilastefnu\/"]}]},{"@type":"BreadcrumbList","@id":"https:\/\/fluterm.eu\/is\/endurgreidslu-og-skilastefnu\/#breadcrumb","itemListElement":[{"@type":"ListItem","position":1,"name":"Home","item":"https:\/\/fluterm.eu\/is\/verslun\/"},{"@type":"ListItem","position":2,"name":"Endurgrei\u00f0slu- og skilastefnu"}]},{"@type":"WebSite","@id":"https:\/\/fluterm.eu\/#website","url":"https:\/\/fluterm.eu\/","name":"fluterm.eu","description":"","potentialAction":[{"@type":"SearchAction","target":{"@type":"EntryPoint","urlTemplate":"https:\/\/fluterm.eu\/?s={search_term_string}"},"query-input":"required name=search_term_string"}],"inLanguage":"is"}]}},"_links":{"self":[{"href":"https:\/\/fluterm.eu\/is\/wp-json\/wp\/v2\/pages\/4465","targetHints":{"allow":["GET"]}}],"collection":[{"href":"https:\/\/fluterm.eu\/is\/wp-json\/wp\/v2\/pages"}],"about":[{"href":"https:\/\/fluterm.eu\/is\/wp-json\/wp\/v2\/types\/page"}],"author":[{"embeddable":true,"href":"https:\/\/fluterm.eu\/is\/wp-json\/wp\/v2\/users\/3"}],"replies":[{"embeddable":true,"href":"https:\/\/fluterm.eu\/is\/wp-json\/wp\/v2\/comments?post=4465"}],"version-history":[{"count":2,"href":"https:\/\/fluterm.eu\/is\/wp-json\/wp\/v2\/pages\/4465\/revisions"}],"predecessor-version":[{"id":4471,"href":"https:\/\/fluterm.eu\/is\/wp-json\/wp\/v2\/pages\/4465\/revisions\/4471"}],"wp:attachment":[{"href":"https:\/\/fluterm.eu\/is\/wp-json\/wp\/v2\/media?parent=4465"}],"curies":[{"name":"wp","href":"https:\/\/api.w.org\/{rel}","templated":true}]}}