{"id":4675,"date":"2022-10-06T08:38:22","date_gmt":"2022-10-06T05:38:22","guid":{"rendered":"https:\/\/fluterm.eu\/skilmalar-og-skilyrdi\/"},"modified":"2023-09-04T19:17:38","modified_gmt":"2023-09-04T16:17:38","slug":"skilmalar-og-skilyrdi","status":"publish","type":"page","link":"https:\/\/fluterm.eu\/is\/skilmalar-og-skilyrdi\/","title":{"rendered":"Skilm\u00e1lar og skilyr\u00f0i"},"content":{"rendered":"<p>&nbsp;<\/p>\n<h1><strong>Skilm\u00e1lar og skilyr\u00f0i<\/strong><\/h1>\n<p>Velkomin \u00e1 skilm\u00e1las\u00ed\u00f0u Fluterm SRL, CUI: 43398695. Me\u00f0 \u00fev\u00ed a\u00f0 opna og nota fluterm.eu sam\u00feykkir \u00fe\u00fa a\u00f0 vera bundinn af \u00feessum skilm\u00e1lum og skilyr\u00f0um. Vinsamlegast lestu \u00fe\u00e6r vandlega \u00e1\u00f0ur en \u00fe\u00fa notar vefs\u00ed\u00f0u okkar.<\/p>\n<p>Innihald s\u00ed\u00f0na \u00e1 \u00feessari vefs\u00ed\u00f0u er eing\u00f6ngu til almennra uppl\u00fdsinga og notkunar. \u00dea\u00f0 getur breyst \u00e1n fyrirvara. Hvorki vi\u00f0 n\u00e9 \u00feri\u00f0ji a\u00f0ili veitir neina \u00e1byrg\u00f0 e\u00f0a tryggingu fyrir n\u00e1kv\u00e6mni, t\u00edmanleika, frammist\u00f6\u00f0u, heilleika e\u00f0a hentugleika uppl\u00fdsinga og efnis sem finnast e\u00f0a bo\u00f0i\u00f0 upp \u00e1 \u00e1 \u00feessari vefs\u00ed\u00f0u \u00ed einhverjum s\u00e9rst\u00f6kum tilgangi. \u00de\u00fa vi\u00f0urkennir a\u00f0 sl\u00edkar uppl\u00fdsingar og efni geta innihaldi\u00f0 \u00f3n\u00e1kv\u00e6mni e\u00f0a villur og vi\u00f0 \u00fatilokum beinl\u00ednis \u00e1byrg\u00f0 \u00e1 sl\u00edkri \u00f3n\u00e1kv\u00e6mni e\u00f0a villum a\u00f0 \u00fev\u00ed marki sem l\u00f6g leyfa.<\/p>\n<p>Notkun \u00fe\u00edn \u00e1 uppl\u00fdsingum e\u00f0a efni \u00e1 \u00feessari vefs\u00ed\u00f0u er algj\u00f6rlega \u00e1 \u00fe\u00edna eigin \u00e1byrg\u00f0, sem vi\u00f0 berum enga \u00e1byrg\u00f0 \u00e1. \u00dea\u00f0 skal vera \u00e1 \u00fe\u00edna eigin \u00e1byrg\u00f0 a\u00f0 tryggja a\u00f0 allar v\u00f6rur, \u00fej\u00f3nusta e\u00f0a uppl\u00fdsingar sem eru tilt\u00e6kar \u00ed gegnum \u00feessa vefs\u00ed\u00f0u uppfylli s\u00e9rstakar kr\u00f6fur \u00fe\u00ednar.<\/p>\n<p>\u00deessi vefs\u00ed\u00f0a inniheldur efni sem er \u00ed eigu okkar e\u00f0a leyfir okkur. \u00deetta efni inniheldur, en takmarkast ekki vi\u00f0, h\u00f6nnun, \u00fatlit, \u00fatlit, \u00fatlit og graf\u00edk. Fj\u00f6lf\u00f6ldun er b\u00f6nnu\u00f0 \u00f6\u00f0ruv\u00edsi en \u00ed samr\u00e6mi vi\u00f0 h\u00f6fundarr\u00e9ttartilkynningu, sem er hluti af \u00feessum skilm\u00e1lum og skilyr\u00f0um.<\/p>\n<p>\u00d3heimil notkun \u00feessarar vefs\u00ed\u00f0u getur leitt til ska\u00f0ab\u00f3takr\u00f6fu og\/e\u00f0a veri\u00f0 refsivert.<\/p>\n<p>Af og til getur \u00feessi vefs\u00ed\u00f0a einnig innihaldi\u00f0 tengla \u00e1 a\u00f0rar vefs\u00ed\u00f0ur. \u00deessir tenglar eru gefnir upp til a\u00f0 au\u00f0velda \u00fe\u00e9r a\u00f0 veita frekari uppl\u00fdsingar. \u00de\u00e6r gefa ekki til kynna a\u00f0 vi\u00f0 sty\u00f0jum vefs\u00ed\u00f0una\/s\u00ed\u00f0urnar. Vi\u00f0 berum enga \u00e1byrg\u00f0 \u00e1 innihaldi tengdra vefs\u00ed\u00f0u(s).<\/p>\n<p>\u00deegar \u00fe\u00fa leggur inn p\u00f6ntun \u00e1 fluterm.eu sam\u00feykkir \u00fe\u00fa a\u00f0 veita n\u00e1kv\u00e6mar og fullkomnar uppl\u00fdsingar um sj\u00e1lfan \u00feig og alla vi\u00f0takendur p\u00f6ntunarinnar. \u00de\u00fa ver\u00f0ur einnig a\u00f0 tryggja a\u00f0 afhendingarheimilisfangi\u00f0 sem gefi\u00f0 er upp s\u00e9 n\u00e1kv\u00e6mt og uppf\u00e6rt. Me\u00f0 \u00fev\u00ed a\u00f0 leggja inn p\u00f6ntun sta\u00f0festir \u00fe\u00fa og \u00e1byrgist a\u00f0 \u00fe\u00fa hafir lagalegan r\u00e9tt til a\u00f0 nota hva\u00f0a kredit- e\u00f0a debetkort e\u00f0a annan grei\u00f0slum\u00e1ta sem \u00fe\u00fa gefur upp \u00ed tengslum vi\u00f0 p\u00f6ntunina.<\/p>\n<p>Ef \u00fe\u00fa b\u00fdr\u00f0 til reikning \u00ed p\u00f6ntunarferlinu ertu \u00e1byrgur fyrir \u00fev\u00ed a\u00f0 halda tr\u00fana\u00f0i um reikninginn \u00feinn og lykilor\u00f0 og takmarka a\u00f0gang a\u00f0 t\u00f6lvunni \u00feinni og t\u00e6kjum. \u00de\u00fa sam\u00feykkir a\u00f0 taka \u00e1byrg\u00f0 \u00e1 allri starfsemi sem \u00e1 s\u00e9r sta\u00f0 undir reikningnum \u00fe\u00ednum e\u00f0a lykilor\u00f0i. Fluterm SRL \u00e1skilur s\u00e9r r\u00e9tt til a\u00f0 hafna \u00fej\u00f3nustu, loka reikningum, fjarl\u00e6gja e\u00f0a breyta efni e\u00f0a h\u00e6tta vi\u00f0 pantanir a\u00f0 eigin ge\u00f0\u00fe\u00f3tta.<\/p>\n<p>Vinsamlegast athuga\u00f0u a\u00f0 me\u00f0 \u00fev\u00ed a\u00f0 stofna reikning \u00e1 fluterm.eu sam\u00feykkir \u00fe\u00fa a\u00f0 f\u00e1 samskipti fr\u00e1 okkur rafr\u00e6nt, svo sem t\u00f6lvup\u00f3sta og textaskilabo\u00f0. \u00deessi samskipti geta fali\u00f0 \u00ed s\u00e9r kynningarefni, p\u00f6ntunarsta\u00f0festingar og a\u00f0rar tilkynningar. \u00de\u00fa getur af\u00feakka\u00f0 a\u00f0 f\u00e1 kynningart\u00f6lvup\u00f3st hven\u00e6r sem er me\u00f0 \u00fev\u00ed a\u00f0 fylgja lei\u00f0beiningunum \u00ed t\u00f6lvup\u00f3stinum.<\/p>\n<p>Me\u00f0 \u00fev\u00ed a\u00f0 leggja inn p\u00f6ntun \u00e1 fluterm.eu sam\u00feykkir \u00fe\u00fa a\u00f0 vera bundinn af skilm\u00e1lum og skilyr\u00f0um sem settir eru fram \u00e1 \u00feessari s\u00ed\u00f0u.<\/p>\n<p>Notkun \u00fe\u00edn \u00e1 \u00feessari vefs\u00ed\u00f0u og hvers kyns \u00e1greiningur sem stafar af sl\u00edkri notkun \u00e1 vefs\u00ed\u00f0unni er h\u00e1\u00f0 l\u00f6gum R\u00famen\u00edu.<\/p>\n<p>Ef \u00fe\u00fa hefur einhverjar spurningar e\u00f0a \u00e1hyggjur var\u00f0andi skilm\u00e1la okkar og skilyr\u00f0i skaltu ekki hika vi\u00f0 a\u00f0 hafa samband vi\u00f0 okkur \u00ed gegnum tengili\u00f0as\u00ed\u00f0una okkar. \u00deakka \u00fe\u00e9r fyrir a\u00f0 velja Fluterm SRL!<\/p>\n","protected":false},"excerpt":{"rendered":"<p>&nbsp; Skilm\u00e1lar og skilyr\u00f0i Velkomin \u00e1 skilm\u00e1las\u00ed\u00f0u Fluterm SRL, CUI: 43398695. Me\u00f0 \u00fev\u00ed a\u00f0 opna og nota fluterm.eu sam\u00feykkir \u00fe\u00fa a\u00f0 vera bundinn af \u00feessum skilm\u00e1lum og skilyr\u00f0um. Vinsamlegast lestu \u00fe\u00e6r vandlega \u00e1\u00f0ur en \u00fe\u00fa notar vefs\u00ed\u00f0u okkar. Innihald s\u00ed\u00f0na \u00e1 \u00feessari vefs\u00ed\u00f0u er eing\u00f6ngu til almennra uppl\u00fdsinga og notkunar. \u00dea\u00f0 getur breyst \u00e1n fyrirvara.&hellip;<\/p>\n","protected":false},"author":3,"featured_media":0,"parent":0,"menu_order":0,"comment_status":"closed","ping_status":"closed","template":"","meta":{"footnotes":""},"class_list":["post-4675","page","type-page","status-publish","hentry"],"acf":[],"yoast_head":"<!-- This site is optimized with the Yoast SEO plugin v21.2 - https:\/\/yoast.com\/wordpress\/plugins\/seo\/ -->\n<title>Skilm\u00e1lar og skilyr\u00f0i<\/title>\n<meta name=\"robots\" content=\"index, follow, max-snippet:-1, max-image-preview:large, max-video-preview:-1\" \/>\n<link rel=\"canonical\" href=\"https:\/\/fluterm.eu\/is\/skilmalar-og-skilyrdi\/\" \/>\n<meta property=\"og:locale\" content=\"is_IS\" \/>\n<meta property=\"og:type\" content=\"article\" \/>\n<meta property=\"og:title\" content=\"Skilm\u00e1lar og skilyr\u00f0i\" \/>\n<meta property=\"og:description\" content=\"&nbsp; Skilm\u00e1lar og skilyr\u00f0i Velkomin \u00e1 skilm\u00e1las\u00ed\u00f0u Fluterm SRL, CUI: 43398695. Me\u00f0 \u00fev\u00ed a\u00f0 opna og nota fluterm.eu sam\u00feykkir \u00fe\u00fa a\u00f0 vera bundinn af \u00feessum skilm\u00e1lum og skilyr\u00f0um. Vinsamlegast lestu \u00fe\u00e6r vandlega \u00e1\u00f0ur en \u00fe\u00fa notar vefs\u00ed\u00f0u okkar. Innihald s\u00ed\u00f0na \u00e1 \u00feessari vefs\u00ed\u00f0u er eing\u00f6ngu til almennra uppl\u00fdsinga og notkunar. \u00dea\u00f0 getur breyst \u00e1n fyrirvara.&hellip;\" \/>\n<meta property=\"og:url\" content=\"https:\/\/fluterm.eu\/is\/skilmalar-og-skilyrdi\/\" \/>\n<meta property=\"og:site_name\" content=\"fluterm.eu\" \/>\n<meta property=\"article:modified_time\" content=\"2023-09-04T16:17:38+00:00\" \/>\n<meta name=\"twitter:card\" content=\"summary_large_image\" \/>\n<meta name=\"twitter:label1\" content=\"Est. reading time\" \/>\n\t<meta name=\"twitter:data1\" content=\"3 minutes\" \/>\n<script type=\"application\/ld+json\" class=\"yoast-schema-graph\">{\"@context\":\"https:\/\/schema.org\",\"@graph\":[{\"@type\":\"WebPage\",\"@id\":\"https:\/\/fluterm.eu\/is\/skilmalar-og-skilyrdi\/\",\"url\":\"https:\/\/fluterm.eu\/is\/skilmalar-og-skilyrdi\/\",\"name\":\"Skilm\u00e1lar og skilyr\u00f0i\",\"isPartOf\":{\"@id\":\"https:\/\/fluterm.eu\/#website\"},\"datePublished\":\"2022-10-06T05:38:22+00:00\",\"dateModified\":\"2023-09-04T16:17:38+00:00\",\"breadcrumb\":{\"@id\":\"https:\/\/fluterm.eu\/is\/skilmalar-og-skilyrdi\/#breadcrumb\"},\"inLanguage\":\"is\",\"potentialAction\":[{\"@type\":\"ReadAction\",\"target\":[\"https:\/\/fluterm.eu\/is\/skilmalar-og-skilyrdi\/\"]}]},{\"@type\":\"BreadcrumbList\",\"@id\":\"https:\/\/fluterm.eu\/is\/skilmalar-og-skilyrdi\/#breadcrumb\",\"itemListElement\":[{\"@type\":\"ListItem\",\"position\":1,\"name\":\"Home\",\"item\":\"https:\/\/fluterm.eu\/is\/verslun\/\"},{\"@type\":\"ListItem\",\"position\":2,\"name\":\"Skilm\u00e1lar og skilyr\u00f0i\"}]},{\"@type\":\"WebSite\",\"@id\":\"https:\/\/fluterm.eu\/#website\",\"url\":\"https:\/\/fluterm.eu\/\",\"name\":\"fluterm.eu\",\"description\":\"\",\"potentialAction\":[{\"@type\":\"SearchAction\",\"target\":{\"@type\":\"EntryPoint\",\"urlTemplate\":\"https:\/\/fluterm.eu\/?s={search_term_string}\"},\"query-input\":\"required name=search_term_string\"}],\"inLanguage\":\"is\"}]}<\/script>\n<!-- \/ Yoast SEO plugin. -->","yoast_head_json":{"title":"Skilm\u00e1lar og skilyr\u00f0i","robots":{"index":"index","follow":"follow","max-snippet":"max-snippet:-1","max-image-preview":"max-image-preview:large","max-video-preview":"max-video-preview:-1"},"canonical":"https:\/\/fluterm.eu\/is\/skilmalar-og-skilyrdi\/","og_locale":"is_IS","og_type":"article","og_title":"Skilm\u00e1lar og skilyr\u00f0i","og_description":"&nbsp; Skilm\u00e1lar og skilyr\u00f0i Velkomin \u00e1 skilm\u00e1las\u00ed\u00f0u Fluterm SRL, CUI: 43398695. Me\u00f0 \u00fev\u00ed a\u00f0 opna og nota fluterm.eu sam\u00feykkir \u00fe\u00fa a\u00f0 vera bundinn af \u00feessum skilm\u00e1lum og skilyr\u00f0um. Vinsamlegast lestu \u00fe\u00e6r vandlega \u00e1\u00f0ur en \u00fe\u00fa notar vefs\u00ed\u00f0u okkar. Innihald s\u00ed\u00f0na \u00e1 \u00feessari vefs\u00ed\u00f0u er eing\u00f6ngu til almennra uppl\u00fdsinga og notkunar. \u00dea\u00f0 getur breyst \u00e1n fyrirvara.&hellip;","og_url":"https:\/\/fluterm.eu\/is\/skilmalar-og-skilyrdi\/","og_site_name":"fluterm.eu","article_modified_time":"2023-09-04T16:17:38+00:00","twitter_card":"summary_large_image","twitter_misc":{"Est. reading time":"3 minutes"},"schema":{"@context":"https:\/\/schema.org","@graph":[{"@type":"WebPage","@id":"https:\/\/fluterm.eu\/is\/skilmalar-og-skilyrdi\/","url":"https:\/\/fluterm.eu\/is\/skilmalar-og-skilyrdi\/","name":"Skilm\u00e1lar og skilyr\u00f0i","isPartOf":{"@id":"https:\/\/fluterm.eu\/#website"},"datePublished":"2022-10-06T05:38:22+00:00","dateModified":"2023-09-04T16:17:38+00:00","breadcrumb":{"@id":"https:\/\/fluterm.eu\/is\/skilmalar-og-skilyrdi\/#breadcrumb"},"inLanguage":"is","potentialAction":[{"@type":"ReadAction","target":["https:\/\/fluterm.eu\/is\/skilmalar-og-skilyrdi\/"]}]},{"@type":"BreadcrumbList","@id":"https:\/\/fluterm.eu\/is\/skilmalar-og-skilyrdi\/#breadcrumb","itemListElement":[{"@type":"ListItem","position":1,"name":"Home","item":"https:\/\/fluterm.eu\/is\/verslun\/"},{"@type":"ListItem","position":2,"name":"Skilm\u00e1lar og skilyr\u00f0i"}]},{"@type":"WebSite","@id":"https:\/\/fluterm.eu\/#website","url":"https:\/\/fluterm.eu\/","name":"fluterm.eu","description":"","potentialAction":[{"@type":"SearchAction","target":{"@type":"EntryPoint","urlTemplate":"https:\/\/fluterm.eu\/?s={search_term_string}"},"query-input":"required name=search_term_string"}],"inLanguage":"is"}]}},"_links":{"self":[{"href":"https:\/\/fluterm.eu\/is\/wp-json\/wp\/v2\/pages\/4675","targetHints":{"allow":["GET"]}}],"collection":[{"href":"https:\/\/fluterm.eu\/is\/wp-json\/wp\/v2\/pages"}],"about":[{"href":"https:\/\/fluterm.eu\/is\/wp-json\/wp\/v2\/types\/page"}],"author":[{"embeddable":true,"href":"https:\/\/fluterm.eu\/is\/wp-json\/wp\/v2\/users\/3"}],"replies":[{"embeddable":true,"href":"https:\/\/fluterm.eu\/is\/wp-json\/wp\/v2\/comments?post=4675"}],"version-history":[{"count":1,"href":"https:\/\/fluterm.eu\/is\/wp-json\/wp\/v2\/pages\/4675\/revisions"}],"predecessor-version":[{"id":4677,"href":"https:\/\/fluterm.eu\/is\/wp-json\/wp\/v2\/pages\/4675\/revisions\/4677"}],"wp:attachment":[{"href":"https:\/\/fluterm.eu\/is\/wp-json\/wp\/v2\/media?parent=4675"}],"curies":[{"name":"wp","href":"https:\/\/api.w.org\/{rel}","templated":true}]}}