{"id":4860,"date":"2023-07-03T11:10:08","date_gmt":"2023-07-03T08:10:08","guid":{"rendered":"https:\/\/fluterm.eu\/abyrgd\/"},"modified":"2023-09-04T22:01:50","modified_gmt":"2023-09-04T19:01:50","slug":"abyrgd","status":"publish","type":"page","link":"https:\/\/fluterm.eu\/is\/abyrgd\/","title":{"rendered":"\u00c1byrg\u00f0"},"content":{"rendered":"<h1>\u00c1byrg\u00f0<\/h1>\n<p>Vi\u00f0 bj\u00f3\u00f0um einnig upp <strong>\u00e1 24 m\u00e1na\u00f0a \u00e1byrg\u00f0art\u00edma fr\u00e1 kaupdegi<\/strong> . Ef \u00fe\u00fa lendir \u00ed vandr\u00e6\u00f0um me\u00f0 v\u00f6runa \u00fe\u00edna \u00e1 \u00feessu t\u00edmabili, vinsamlegast haf\u00f0u samband vi\u00f0 okkur og vi\u00f0 munum vinna me\u00f0 \u00fe\u00e9r til a\u00f0 leysa m\u00e1li\u00f0 eins flj\u00f3tt og au\u00f0i\u00f0 er.<\/p>\n<p>Vi\u00f0 erum stolt af skuldbindingu okkar um \u00e1n\u00e6gju vi\u00f0skiptavina og kappkostum a\u00f0 veita vi\u00f0skiptavinum okkar fram\u00farskarandi \u00fej\u00f3nustu. Ef \u00fe\u00fa hefur einhverjar spurningar e\u00f0a \u00e1hyggjur skaltu ekki hika vi\u00f0 a\u00f0 <a href=\"https:\/\/fluterm.eu\/contact\/\">hafa samband vi\u00f0 okkur<\/a> . \u00deakka \u00fe\u00e9r fyrir a\u00f0 velja fluterm.eu.<\/p>\n","protected":false},"excerpt":{"rendered":"<p>\u00c1byrg\u00f0 Vi\u00f0 bj\u00f3\u00f0um einnig upp \u00e1 24 m\u00e1na\u00f0a \u00e1byrg\u00f0art\u00edma fr\u00e1 kaupdegi . Ef \u00fe\u00fa lendir \u00ed vandr\u00e6\u00f0um me\u00f0 v\u00f6runa \u00fe\u00edna \u00e1 \u00feessu t\u00edmabili, vinsamlegast haf\u00f0u samband vi\u00f0 okkur og vi\u00f0 munum vinna me\u00f0 \u00fe\u00e9r til a\u00f0 leysa m\u00e1li\u00f0 eins flj\u00f3tt og au\u00f0i\u00f0 er. Vi\u00f0 erum stolt af skuldbindingu okkar um \u00e1n\u00e6gju vi\u00f0skiptavina og kappkostum a\u00f0&hellip;<\/p>\n","protected":false},"author":3,"featured_media":0,"parent":0,"menu_order":0,"comment_status":"closed","ping_status":"closed","template":"","meta":{"footnotes":""},"class_list":["post-4860","page","type-page","status-publish","hentry"],"acf":[],"yoast_head":"<!-- This site is optimized with the Yoast SEO plugin v21.2 - https:\/\/yoast.com\/wordpress\/plugins\/seo\/ -->\n<title>\u00c1byrg\u00f0<\/title>\n<meta name=\"robots\" content=\"index, follow, max-snippet:-1, max-image-preview:large, max-video-preview:-1\" \/>\n<link rel=\"canonical\" href=\"https:\/\/fluterm.eu\/is\/abyrgd\/\" \/>\n<meta property=\"og:locale\" content=\"is_IS\" \/>\n<meta property=\"og:type\" content=\"article\" \/>\n<meta property=\"og:title\" content=\"\u00c1byrg\u00f0\" \/>\n<meta property=\"og:description\" content=\"\u00c1byrg\u00f0 Vi\u00f0 bj\u00f3\u00f0um einnig upp \u00e1 24 m\u00e1na\u00f0a \u00e1byrg\u00f0art\u00edma fr\u00e1 kaupdegi . Ef \u00fe\u00fa lendir \u00ed vandr\u00e6\u00f0um me\u00f0 v\u00f6runa \u00fe\u00edna \u00e1 \u00feessu t\u00edmabili, vinsamlegast haf\u00f0u samband vi\u00f0 okkur og vi\u00f0 munum vinna me\u00f0 \u00fe\u00e9r til a\u00f0 leysa m\u00e1li\u00f0 eins flj\u00f3tt og au\u00f0i\u00f0 er. Vi\u00f0 erum stolt af skuldbindingu okkar um \u00e1n\u00e6gju vi\u00f0skiptavina og kappkostum a\u00f0&hellip;\" \/>\n<meta property=\"og:url\" content=\"https:\/\/fluterm.eu\/is\/abyrgd\/\" \/>\n<meta property=\"og:site_name\" content=\"fluterm.eu\" \/>\n<meta property=\"article:modified_time\" content=\"2023-09-04T19:01:50+00:00\" \/>\n<meta name=\"twitter:card\" content=\"summary_large_image\" \/>\n<script type=\"application\/ld+json\" class=\"yoast-schema-graph\">{\"@context\":\"https:\/\/schema.org\",\"@graph\":[{\"@type\":\"WebPage\",\"@id\":\"https:\/\/fluterm.eu\/is\/abyrgd\/\",\"url\":\"https:\/\/fluterm.eu\/is\/abyrgd\/\",\"name\":\"\u00c1byrg\u00f0\",\"isPartOf\":{\"@id\":\"https:\/\/fluterm.eu\/#website\"},\"datePublished\":\"2023-07-03T08:10:08+00:00\",\"dateModified\":\"2023-09-04T19:01:50+00:00\",\"breadcrumb\":{\"@id\":\"https:\/\/fluterm.eu\/is\/abyrgd\/#breadcrumb\"},\"inLanguage\":\"is\",\"potentialAction\":[{\"@type\":\"ReadAction\",\"target\":[\"https:\/\/fluterm.eu\/is\/abyrgd\/\"]}]},{\"@type\":\"BreadcrumbList\",\"@id\":\"https:\/\/fluterm.eu\/is\/abyrgd\/#breadcrumb\",\"itemListElement\":[{\"@type\":\"ListItem\",\"position\":1,\"name\":\"Home\",\"item\":\"https:\/\/fluterm.eu\/is\/verslun\/\"},{\"@type\":\"ListItem\",\"position\":2,\"name\":\"\u00c1byrg\u00f0\"}]},{\"@type\":\"WebSite\",\"@id\":\"https:\/\/fluterm.eu\/#website\",\"url\":\"https:\/\/fluterm.eu\/\",\"name\":\"fluterm.eu\",\"description\":\"\",\"potentialAction\":[{\"@type\":\"SearchAction\",\"target\":{\"@type\":\"EntryPoint\",\"urlTemplate\":\"https:\/\/fluterm.eu\/?s={search_term_string}\"},\"query-input\":\"required name=search_term_string\"}],\"inLanguage\":\"is\"}]}<\/script>\n<!-- \/ Yoast SEO plugin. -->","yoast_head_json":{"title":"\u00c1byrg\u00f0","robots":{"index":"index","follow":"follow","max-snippet":"max-snippet:-1","max-image-preview":"max-image-preview:large","max-video-preview":"max-video-preview:-1"},"canonical":"https:\/\/fluterm.eu\/is\/abyrgd\/","og_locale":"is_IS","og_type":"article","og_title":"\u00c1byrg\u00f0","og_description":"\u00c1byrg\u00f0 Vi\u00f0 bj\u00f3\u00f0um einnig upp \u00e1 24 m\u00e1na\u00f0a \u00e1byrg\u00f0art\u00edma fr\u00e1 kaupdegi . Ef \u00fe\u00fa lendir \u00ed vandr\u00e6\u00f0um me\u00f0 v\u00f6runa \u00fe\u00edna \u00e1 \u00feessu t\u00edmabili, vinsamlegast haf\u00f0u samband vi\u00f0 okkur og vi\u00f0 munum vinna me\u00f0 \u00fe\u00e9r til a\u00f0 leysa m\u00e1li\u00f0 eins flj\u00f3tt og au\u00f0i\u00f0 er. Vi\u00f0 erum stolt af skuldbindingu okkar um \u00e1n\u00e6gju vi\u00f0skiptavina og kappkostum a\u00f0&hellip;","og_url":"https:\/\/fluterm.eu\/is\/abyrgd\/","og_site_name":"fluterm.eu","article_modified_time":"2023-09-04T19:01:50+00:00","twitter_card":"summary_large_image","schema":{"@context":"https:\/\/schema.org","@graph":[{"@type":"WebPage","@id":"https:\/\/fluterm.eu\/is\/abyrgd\/","url":"https:\/\/fluterm.eu\/is\/abyrgd\/","name":"\u00c1byrg\u00f0","isPartOf":{"@id":"https:\/\/fluterm.eu\/#website"},"datePublished":"2023-07-03T08:10:08+00:00","dateModified":"2023-09-04T19:01:50+00:00","breadcrumb":{"@id":"https:\/\/fluterm.eu\/is\/abyrgd\/#breadcrumb"},"inLanguage":"is","potentialAction":[{"@type":"ReadAction","target":["https:\/\/fluterm.eu\/is\/abyrgd\/"]}]},{"@type":"BreadcrumbList","@id":"https:\/\/fluterm.eu\/is\/abyrgd\/#breadcrumb","itemListElement":[{"@type":"ListItem","position":1,"name":"Home","item":"https:\/\/fluterm.eu\/is\/verslun\/"},{"@type":"ListItem","position":2,"name":"\u00c1byrg\u00f0"}]},{"@type":"WebSite","@id":"https:\/\/fluterm.eu\/#website","url":"https:\/\/fluterm.eu\/","name":"fluterm.eu","description":"","potentialAction":[{"@type":"SearchAction","target":{"@type":"EntryPoint","urlTemplate":"https:\/\/fluterm.eu\/?s={search_term_string}"},"query-input":"required name=search_term_string"}],"inLanguage":"is"}]}},"_links":{"self":[{"href":"https:\/\/fluterm.eu\/is\/wp-json\/wp\/v2\/pages\/4860","targetHints":{"allow":["GET"]}}],"collection":[{"href":"https:\/\/fluterm.eu\/is\/wp-json\/wp\/v2\/pages"}],"about":[{"href":"https:\/\/fluterm.eu\/is\/wp-json\/wp\/v2\/types\/page"}],"author":[{"embeddable":true,"href":"https:\/\/fluterm.eu\/is\/wp-json\/wp\/v2\/users\/3"}],"replies":[{"embeddable":true,"href":"https:\/\/fluterm.eu\/is\/wp-json\/wp\/v2\/comments?post=4860"}],"version-history":[{"count":1,"href":"https:\/\/fluterm.eu\/is\/wp-json\/wp\/v2\/pages\/4860\/revisions"}],"predecessor-version":[{"id":4862,"href":"https:\/\/fluterm.eu\/is\/wp-json\/wp\/v2\/pages\/4860\/revisions\/4862"}],"wp:attachment":[{"href":"https:\/\/fluterm.eu\/is\/wp-json\/wp\/v2\/media?parent=4860"}],"curies":[{"name":"wp","href":"https:\/\/api.w.org\/{rel}","templated":true}]}}