{"id":14150,"date":"2023-06-10T14:50:40","date_gmt":"2023-06-10T11:50:40","guid":{"rendered":"https:\/\/fluterm.eu\/prod\/klemmur-taker-klemmur-fyrir-golfhita-300-stykki-i-kassa\/"},"modified":"2023-06-10T14:50:40","modified_gmt":"2023-06-10T11:50:40","slug":"klemmur-taka-klemmur-fyrir-golfhita-300-stykki-i-kassa","status":"publish","type":"product","link":"https:\/\/fluterm.eu\/is\/prod\/klemmur-taka-klemmur-fyrir-golfhita-300-stykki-i-kassa\/","title":{"rendered":"Klemmur, Taker klemmur fyrir g\u00f3lfhita, 300 stykki \u00ed kassa"},"content":{"rendered":"<p>Selt \u00ed \u00f6skjum me\u00f0 300, 40mm p\u00edpuhefturnar okkar eru hanna\u00f0ar til notkunar \u00feegar setja \u00e1 r\u00f6r beint ofan \u00e1 einangrun. (Vinsamlegast athuga\u00f0u einangrunard\u00fdpt \u00e1\u00f0ur en \u00fe\u00fa kaupir hefturnar)<\/p>\n<p>Au\u00f0velt er a\u00f0 festa hefturnar me\u00f0 h\u00f6ndunum e\u00f0a me\u00f0 \u00fev\u00ed a\u00f0 nota combi l\u00edmi\u00f0. (tilvali\u00f0 til notkunar \u00e1 st\u00f3rum sv\u00e6\u00f0um \u00fear sem setja \u00e1 marga hefta)<\/p>\n","protected":false},"excerpt":{"rendered":"<p>Selt \u00ed \u00f6skjum me\u00f0 300, 40mm p\u00edpuhefturnar okkar eru hanna\u00f0ar til notkunar \u00feegar setja \u00e1 r\u00f6r beint ofan \u00e1 einangrun. (Vinsamlegast athuga\u00f0u einangrunard\u00fdpt \u00e1\u00f0ur en \u00fe\u00fa kaupir hefturnar) Au\u00f0velt er a\u00f0 festa hefturnar me\u00f0 h\u00f6ndunum e\u00f0a me\u00f0 \u00fev\u00ed a\u00f0 nota combi l\u00edmi\u00f0. (tilvali\u00f0 til notkunar \u00e1 st\u00f3rum sv\u00e6\u00f0um \u00fear sem setja \u00e1 marga hefta)<\/p>\n","protected":false},"featured_media":2635,"comment_status":"closed","ping_status":"closed","template":"","meta":[],"product_cat":[837],"product_tag":[],"class_list":{"0":"post-14150","1":"product","2":"type-product","3":"status-publish","4":"has-post-thumbnail","6":"product_cat-ymislegt","8":"first","9":"instock","10":"sale","11":"taxable","12":"shipping-taxable","13":"purchasable","14":"product-type-simple","15":"col-xs-6 col-sm-4","16":"col-md-4 col-lg-4","17":"un-3-cols"},"acf":[],"yoast_head":"<!-- This site is optimized with the Yoast SEO plugin v21.2 - https:\/\/yoast.com\/wordpress\/plugins\/seo\/ -->\n<title>Klemmur, Taker klemmur fyrir g\u00f3lfhita, 300 stykki \u00ed kassa<\/title>\n<meta name=\"description\" content=\"Order Klemmur, Taker klemmur fyrir g\u00f3lfhita, 300 stykki \u00ed kassa at a best price.\" \/>\n<meta name=\"robots\" content=\"index, follow, max-snippet:-1, max-image-preview:large, max-video-preview:-1\" \/>\n<link rel=\"canonical\" href=\"https:\/\/fluterm.eu\/is\/prod\/klemmur-taker-klemmur-fyrir-golfhita-300-stykki-i-kassa\/\" \/>\n<meta property=\"og:locale\" content=\"is_IS\" \/>\n<meta property=\"og:type\" content=\"article\" \/>\n<meta property=\"og:title\" content=\"Klemmur, Taker klemmur fyrir g\u00f3lfhita, 300 stykki \u00ed kassa\" \/>\n<meta property=\"og:description\" content=\"Order Klemmur, Taker klemmur fyrir g\u00f3lfhita, 300 stykki \u00ed kassa at a best price.\" \/>\n<meta property=\"og:url\" content=\"https:\/\/fluterm.eu\/is\/prod\/klemmur-taker-klemmur-fyrir-golfhita-300-stykki-i-kassa\/\" \/>\n<meta property=\"og:site_name\" content=\"fluterm.eu\" \/>\n<meta property=\"og:image\" content=\"https:\/\/fluterm.eu\/wp-content\/uploads\/2023\/06\/30E97279-C233-4950-B3FF-BFCF725962F4.jpeg\" \/>\n\t<meta property=\"og:image:width\" content=\"432\" \/>\n\t<meta property=\"og:image:height\" content=\"375\" \/>\n\t<meta property=\"og:image:type\" content=\"image\/jpeg\" \/>\n<meta name=\"twitter:card\" content=\"summary_large_image\" \/>\n<script type=\"application\/ld+json\" class=\"yoast-schema-graph\">{\"@context\":\"https:\/\/schema.org\",\"@graph\":[{\"@type\":\"WebPage\",\"@id\":\"https:\/\/fluterm.eu\/is\/prod\/klemmur-taker-klemmur-fyrir-golfhita-300-stykki-i-kassa\/\",\"url\":\"https:\/\/fluterm.eu\/is\/prod\/klemmur-taker-klemmur-fyrir-golfhita-300-stykki-i-kassa\/\",\"name\":\"Klemmur, Taker klemmur fyrir g\u00f3lfhita, 300 stykki \u00ed kassa\",\"isPartOf\":{\"@id\":\"https:\/\/fluterm.eu\/#website\"},\"datePublished\":\"2023-06-10T11:50:40+00:00\",\"dateModified\":\"2023-06-10T11:50:40+00:00\",\"description\":\"Order Klemmur, Taker klemmur fyrir g\u00f3lfhita, 300 stykki \u00ed kassa at a best price.\",\"breadcrumb\":{\"@id\":\"https:\/\/fluterm.eu\/is\/prod\/klemmur-taker-klemmur-fyrir-golfhita-300-stykki-i-kassa\/#breadcrumb\"},\"inLanguage\":\"is\",\"potentialAction\":[{\"@type\":\"ReadAction\",\"target\":[\"https:\/\/fluterm.eu\/is\/prod\/klemmur-taker-klemmur-fyrir-golfhita-300-stykki-i-kassa\/\"]}]},{\"@type\":\"BreadcrumbList\",\"@id\":\"https:\/\/fluterm.eu\/is\/prod\/klemmur-taker-klemmur-fyrir-golfhita-300-stykki-i-kassa\/#breadcrumb\",\"itemListElement\":[{\"@type\":\"ListItem\",\"position\":1,\"name\":\"Home\",\"item\":\"https:\/\/fluterm.eu\/is\/verslun\/\"},{\"@type\":\"ListItem\",\"position\":2,\"name\":\"Verslun\",\"item\":\"https:\/\/fluterm.eu\/is\/verslun\/\"},{\"@type\":\"ListItem\",\"position\":3,\"name\":\"Klemmur, Taker klemmur fyrir g\u00f3lfhita, 300 stykki \u00ed kassa\"}]},{\"@type\":\"WebSite\",\"@id\":\"https:\/\/fluterm.eu\/#website\",\"url\":\"https:\/\/fluterm.eu\/\",\"name\":\"fluterm.eu\",\"description\":\"\",\"potentialAction\":[{\"@type\":\"SearchAction\",\"target\":{\"@type\":\"EntryPoint\",\"urlTemplate\":\"https:\/\/fluterm.eu\/?s={search_term_string}\"},\"query-input\":\"required name=search_term_string\"}],\"inLanguage\":\"is\"}]}<\/script>\n<!-- \/ Yoast SEO plugin. -->","yoast_head_json":{"title":"Klemmur, Taker klemmur fyrir g\u00f3lfhita, 300 stykki \u00ed kassa","description":"Order Klemmur, Taker klemmur fyrir g\u00f3lfhita, 300 stykki \u00ed kassa at a best price.","robots":{"index":"index","follow":"follow","max-snippet":"max-snippet:-1","max-image-preview":"max-image-preview:large","max-video-preview":"max-video-preview:-1"},"canonical":"https:\/\/fluterm.eu\/is\/prod\/klemmur-taker-klemmur-fyrir-golfhita-300-stykki-i-kassa\/","og_locale":"is_IS","og_type":"article","og_title":"Klemmur, Taker klemmur fyrir g\u00f3lfhita, 300 stykki \u00ed kassa","og_description":"Order Klemmur, Taker klemmur fyrir g\u00f3lfhita, 300 stykki \u00ed kassa at a best price.","og_url":"https:\/\/fluterm.eu\/is\/prod\/klemmur-taker-klemmur-fyrir-golfhita-300-stykki-i-kassa\/","og_site_name":"fluterm.eu","og_image":[{"width":432,"height":375,"url":"https:\/\/fluterm.eu\/wp-content\/uploads\/2023\/06\/30E97279-C233-4950-B3FF-BFCF725962F4.jpeg","type":"image\/jpeg"}],"twitter_card":"summary_large_image","schema":{"@context":"https:\/\/schema.org","@graph":[{"@type":"WebPage","@id":"https:\/\/fluterm.eu\/is\/prod\/klemmur-taker-klemmur-fyrir-golfhita-300-stykki-i-kassa\/","url":"https:\/\/fluterm.eu\/is\/prod\/klemmur-taker-klemmur-fyrir-golfhita-300-stykki-i-kassa\/","name":"Klemmur, Taker klemmur fyrir g\u00f3lfhita, 300 stykki \u00ed kassa","isPartOf":{"@id":"https:\/\/fluterm.eu\/#website"},"datePublished":"2023-06-10T11:50:40+00:00","dateModified":"2023-06-10T11:50:40+00:00","description":"Order Klemmur, Taker klemmur fyrir g\u00f3lfhita, 300 stykki \u00ed kassa at a best price.","breadcrumb":{"@id":"https:\/\/fluterm.eu\/is\/prod\/klemmur-taker-klemmur-fyrir-golfhita-300-stykki-i-kassa\/#breadcrumb"},"inLanguage":"is","potentialAction":[{"@type":"ReadAction","target":["https:\/\/fluterm.eu\/is\/prod\/klemmur-taker-klemmur-fyrir-golfhita-300-stykki-i-kassa\/"]}]},{"@type":"BreadcrumbList","@id":"https:\/\/fluterm.eu\/is\/prod\/klemmur-taker-klemmur-fyrir-golfhita-300-stykki-i-kassa\/#breadcrumb","itemListElement":[{"@type":"ListItem","position":1,"name":"Home","item":"https:\/\/fluterm.eu\/is\/verslun\/"},{"@type":"ListItem","position":2,"name":"Verslun","item":"https:\/\/fluterm.eu\/is\/verslun\/"},{"@type":"ListItem","position":3,"name":"Klemmur, Taker klemmur fyrir g\u00f3lfhita, 300 stykki \u00ed kassa"}]},{"@type":"WebSite","@id":"https:\/\/fluterm.eu\/#website","url":"https:\/\/fluterm.eu\/","name":"fluterm.eu","description":"","potentialAction":[{"@type":"SearchAction","target":{"@type":"EntryPoint","urlTemplate":"https:\/\/fluterm.eu\/?s={search_term_string}"},"query-input":"required name=search_term_string"}],"inLanguage":"is"}]}},"_links":{"self":[{"href":"https:\/\/fluterm.eu\/is\/wp-json\/wp\/v2\/product\/14150","targetHints":{"allow":["GET"]}}],"collection":[{"href":"https:\/\/fluterm.eu\/is\/wp-json\/wp\/v2\/product"}],"about":[{"href":"https:\/\/fluterm.eu\/is\/wp-json\/wp\/v2\/types\/product"}],"replies":[{"embeddable":true,"href":"https:\/\/fluterm.eu\/is\/wp-json\/wp\/v2\/comments?post=14150"}],"version-history":[{"count":0,"href":"https:\/\/fluterm.eu\/is\/wp-json\/wp\/v2\/product\/14150\/revisions"}],"wp:featuredmedia":[{"embeddable":true,"href":"https:\/\/fluterm.eu\/is\/wp-json\/wp\/v2\/media\/2635"}],"wp:attachment":[{"href":"https:\/\/fluterm.eu\/is\/wp-json\/wp\/v2\/media?parent=14150"}],"wp:term":[{"taxonomy":"product_cat","embeddable":true,"href":"https:\/\/fluterm.eu\/is\/wp-json\/wp\/v2\/product_cat?post=14150"},{"taxonomy":"product_tag","embeddable":true,"href":"https:\/\/fluterm.eu\/is\/wp-json\/wp\/v2\/product_tag?post=14150"}],"curies":[{"name":"wp","href":"https:\/\/api.w.org\/{rel}","templated":true}]}}