{"id":14191,"date":"2023-06-10T14:50:40","date_gmt":"2023-06-10T11:50:40","guid":{"rendered":"https:\/\/fluterm.eu\/prod\/heill-uponor-60m2-golfhitapakki\/"},"modified":"2023-06-10T14:50:40","modified_gmt":"2023-06-10T11:50:40","slug":"heill-uponor-60m2-golfhitapakki","status":"publish","type":"product","link":"https:\/\/fluterm.eu\/is\/prod\/heill-uponor-60m2-golfhitapakki\/","title":{"rendered":"Heill Uponor 60m2 g\u00f3lfhitapakki"},"content":{"rendered":"<div>\u00dea\u00f0 er a\u00f0eins skref \u00ed burtu a\u00f0 b\u00faa til hi\u00f0 fullkomna g\u00f3lfhitakerfi fyrir heimili \u00feitt e\u00f0a atvinnuh\u00fasn\u00e6\u00f0i me\u00f0 fullkomnu g\u00f3lfhitakerfi okkar fyrir heitt vatn. Me\u00f0 n\u00e6gilega p\u00edpulengd til a\u00f0 \u00feekja 60m\u00b2, hefur allar h\u00e1g\u00e6\u00f0a v\u00f6rur og hlutar sem \u00fe\u00fa g\u00e6tir b\u00faist vi\u00f0.<\/div>\n<div><\/div>\n<p>Pipe &amp; Clip g\u00f3lfhitakerfi\u00f0 er einfalt \u00ed uppsetningu, Pex lag r\u00f6ri\u00f0 er klippt inn \u00ed einangrunarlagi\u00f0 \u00e1\u00f0ur en skr\u00fafi\u00f0 er anna\u00f0hvort sett \u00e1 spa\u00f0a e\u00f0a hellt \u00e1 flj\u00f3tandi skri\u00f0.<\/p>\n<div>Vi\u00f0 m\u00e6lum alltaf me\u00f0 \u00fev\u00ed a\u00f0 r\u00f6ri\u00f0 s\u00e9 klippt n\u00e1kv\u00e6mlega og \u00fatskori\u00f0 til a\u00f0 tryggja g\u00f3\u00f0a tengingu vi\u00f0 festingar og koma \u00ed veg fyrir leka.<\/div>\n<div><\/div>\n<div><b>Upphitunarsett \u2013 60,0m\u00b2:<\/b><\/div>\n<div><\/div>\n<div>\n<ul>\n<li>400 metrar 16mm p\u00edpa uponor \u00fe\u00e6gindi p\u00edpa ligetime \u00e1byrg\u00f0<\/li>\n<li>\u201eA\u201c meti\u00f0 Low Energy Wilo Yonos fyrir d\u00e6lu og thermomix sj\u00e1lfvirkan bl\u00f6ndunarventil<\/li>\n<li>6 Port dreifib\u00fana\u00f0ur \u2013 H\u00e1g\u00e6\u00f0a nikkelh\u00fa\u00f0a\u00f0ur kopar me\u00f0 tv\u00edbl\u00f6ndu\u00f0u dreifib\u00fana\u00f0i<\/li>\n<li>2 x Vatnsrennslis-\/\u00e1fyllingarlokar<\/li>\n<li>2 x K\u00faluventlar fyrir hitam\u00e6li<\/li>\n<li>2 x sj\u00e1lfvirkir bl\u00e6\u00f0ingarlokar<\/li>\n<li>12 x 16 mm r\u00f6rtengi (Eurocone)<\/li>\n<li>2400 High Grip p\u00edpuklemmur<\/li>\n<li>50m Edge Strip einangrun<\/li>\n<li>\u00e1lpapp\u00edr 60m2<\/li>\n<li>m\u00e1lm kassi<\/li>\n<\/ul>\n<p>G\u00f3lf\u00feekja: 60,0m\u00b2 \u2013 80,0m\u00b2<br \/>\n\u2013 60,0m\u00b2 @ 150 mm bil fyrir sv\u00e6\u00f0i me\u00f0 miki\u00f0 hitatap (s\u00f3lastofur)<br \/>\n\u2013 80,0m\u00b2 @ 200mm bil fyrir frumhitun (stofa, ba\u00f0herbergi, svefnherbergi)<\/p>\n<p>ef \u00fe\u00fa vilt breyta einhverju skaltu bara skrifa okkur<\/p>\n<\/div>\n","protected":false},"excerpt":{"rendered":"<p>\u00dea\u00f0 er a\u00f0eins skref \u00ed burtu a\u00f0 b\u00faa til hi\u00f0 fullkomna g\u00f3lfhitakerfi fyrir heimili \u00feitt e\u00f0a atvinnuh\u00fasn\u00e6\u00f0i me\u00f0 fullkomnu g\u00f3lfhitakerfi okkar fyrir heitt vatn. Me\u00f0 n\u00e6gilega p\u00edpulengd til a\u00f0 \u00feekja 60m\u00b2, hefur allar h\u00e1g\u00e6\u00f0a v\u00f6rur og hlutar sem \u00fe\u00fa g\u00e6tir b\u00faist vi\u00f0. Pipe &amp; Clip g\u00f3lfhitakerfi\u00f0 er einfalt \u00ed uppsetningu, Pex lag r\u00f6ri\u00f0 er klippt&hellip;<\/p>\n","protected":false},"featured_media":3769,"comment_status":"open","ping_status":"closed","template":"","meta":[],"product_cat":[877],"product_tag":[],"class_list":{"0":"post-14191","1":"product","2":"type-product","3":"status-publish","4":"has-post-thumbnail","6":"product_cat-heildar-golfhitapakkar","8":"first","9":"instock","10":"taxable","11":"shipping-taxable","12":"purchasable","13":"product-type-simple","14":"col-xs-6 col-sm-4","15":"col-md-4 col-lg-4","16":"un-3-cols"},"acf":[],"yoast_head":"<!-- This site is optimized with the Yoast SEO plugin v21.2 - https:\/\/yoast.com\/wordpress\/plugins\/seo\/ -->\n<title>Heill Uponor 60m2 g\u00f3lfhitapakki<\/title>\n<meta name=\"description\" content=\"Order Heill Uponor 60m2 g\u00f3lfhitapakki at a best price.\" \/>\n<meta name=\"robots\" content=\"index, follow, max-snippet:-1, max-image-preview:large, max-video-preview:-1\" \/>\n<link rel=\"canonical\" href=\"https:\/\/fluterm.eu\/is\/prod\/heill-uponor-60m2-golfhitapakki\/\" \/>\n<meta property=\"og:locale\" content=\"is_IS\" \/>\n<meta property=\"og:type\" content=\"article\" \/>\n<meta property=\"og:title\" content=\"Heill Uponor 60m2 g\u00f3lfhitapakki\" \/>\n<meta property=\"og:description\" content=\"Order Heill Uponor 60m2 g\u00f3lfhitapakki at a best price.\" \/>\n<meta property=\"og:url\" content=\"https:\/\/fluterm.eu\/is\/prod\/heill-uponor-60m2-golfhitapakki\/\" \/>\n<meta property=\"og:site_name\" content=\"fluterm.eu\" \/>\n<meta property=\"og:image\" content=\"https:\/\/fluterm.eu\/wp-content\/uploads\/2023\/06\/9DA54247-EC0A-4FCA-854E-E6ACEF6ADDD3.jpeg\" \/>\n\t<meta property=\"og:image:width\" content=\"2048\" \/>\n\t<meta property=\"og:image:height\" content=\"2048\" \/>\n\t<meta property=\"og:image:type\" content=\"image\/jpeg\" \/>\n<meta name=\"twitter:card\" content=\"summary_large_image\" \/>\n<meta name=\"twitter:label1\" content=\"Est. reading time\" \/>\n\t<meta name=\"twitter:data1\" content=\"1 minute\" \/>\n<script type=\"application\/ld+json\" class=\"yoast-schema-graph\">{\"@context\":\"https:\/\/schema.org\",\"@graph\":[{\"@type\":\"WebPage\",\"@id\":\"https:\/\/fluterm.eu\/is\/prod\/heill-uponor-60m2-golfhitapakki\/\",\"url\":\"https:\/\/fluterm.eu\/is\/prod\/heill-uponor-60m2-golfhitapakki\/\",\"name\":\"Heill Uponor 60m2 g\u00f3lfhitapakki\",\"isPartOf\":{\"@id\":\"https:\/\/fluterm.eu\/#website\"},\"datePublished\":\"2023-06-10T11:50:40+00:00\",\"dateModified\":\"2023-06-10T11:50:40+00:00\",\"description\":\"Order Heill Uponor 60m2 g\u00f3lfhitapakki at a best price.\",\"breadcrumb\":{\"@id\":\"https:\/\/fluterm.eu\/is\/prod\/heill-uponor-60m2-golfhitapakki\/#breadcrumb\"},\"inLanguage\":\"is\",\"potentialAction\":[{\"@type\":\"ReadAction\",\"target\":[\"https:\/\/fluterm.eu\/is\/prod\/heill-uponor-60m2-golfhitapakki\/\"]}]},{\"@type\":\"BreadcrumbList\",\"@id\":\"https:\/\/fluterm.eu\/is\/prod\/heill-uponor-60m2-golfhitapakki\/#breadcrumb\",\"itemListElement\":[{\"@type\":\"ListItem\",\"position\":1,\"name\":\"Home\",\"item\":\"https:\/\/fluterm.eu\/is\/verslun\/\"},{\"@type\":\"ListItem\",\"position\":2,\"name\":\"Verslun\",\"item\":\"https:\/\/fluterm.eu\/is\/verslun\/\"},{\"@type\":\"ListItem\",\"position\":3,\"name\":\"Heill Uponor 60m2 g\u00f3lfhitapakki\"}]},{\"@type\":\"WebSite\",\"@id\":\"https:\/\/fluterm.eu\/#website\",\"url\":\"https:\/\/fluterm.eu\/\",\"name\":\"fluterm.eu\",\"description\":\"\",\"potentialAction\":[{\"@type\":\"SearchAction\",\"target\":{\"@type\":\"EntryPoint\",\"urlTemplate\":\"https:\/\/fluterm.eu\/?s={search_term_string}\"},\"query-input\":\"required name=search_term_string\"}],\"inLanguage\":\"is\"}]}<\/script>\n<!-- \/ Yoast SEO plugin. -->","yoast_head_json":{"title":"Heill Uponor 60m2 g\u00f3lfhitapakki","description":"Order Heill Uponor 60m2 g\u00f3lfhitapakki at a best price.","robots":{"index":"index","follow":"follow","max-snippet":"max-snippet:-1","max-image-preview":"max-image-preview:large","max-video-preview":"max-video-preview:-1"},"canonical":"https:\/\/fluterm.eu\/is\/prod\/heill-uponor-60m2-golfhitapakki\/","og_locale":"is_IS","og_type":"article","og_title":"Heill Uponor 60m2 g\u00f3lfhitapakki","og_description":"Order Heill Uponor 60m2 g\u00f3lfhitapakki at a best price.","og_url":"https:\/\/fluterm.eu\/is\/prod\/heill-uponor-60m2-golfhitapakki\/","og_site_name":"fluterm.eu","og_image":[{"width":2048,"height":2048,"url":"https:\/\/fluterm.eu\/wp-content\/uploads\/2023\/06\/9DA54247-EC0A-4FCA-854E-E6ACEF6ADDD3.jpeg","type":"image\/jpeg"}],"twitter_card":"summary_large_image","twitter_misc":{"Est. reading time":"1 minute"},"schema":{"@context":"https:\/\/schema.org","@graph":[{"@type":"WebPage","@id":"https:\/\/fluterm.eu\/is\/prod\/heill-uponor-60m2-golfhitapakki\/","url":"https:\/\/fluterm.eu\/is\/prod\/heill-uponor-60m2-golfhitapakki\/","name":"Heill Uponor 60m2 g\u00f3lfhitapakki","isPartOf":{"@id":"https:\/\/fluterm.eu\/#website"},"datePublished":"2023-06-10T11:50:40+00:00","dateModified":"2023-06-10T11:50:40+00:00","description":"Order Heill Uponor 60m2 g\u00f3lfhitapakki at a best price.","breadcrumb":{"@id":"https:\/\/fluterm.eu\/is\/prod\/heill-uponor-60m2-golfhitapakki\/#breadcrumb"},"inLanguage":"is","potentialAction":[{"@type":"ReadAction","target":["https:\/\/fluterm.eu\/is\/prod\/heill-uponor-60m2-golfhitapakki\/"]}]},{"@type":"BreadcrumbList","@id":"https:\/\/fluterm.eu\/is\/prod\/heill-uponor-60m2-golfhitapakki\/#breadcrumb","itemListElement":[{"@type":"ListItem","position":1,"name":"Home","item":"https:\/\/fluterm.eu\/is\/verslun\/"},{"@type":"ListItem","position":2,"name":"Verslun","item":"https:\/\/fluterm.eu\/is\/verslun\/"},{"@type":"ListItem","position":3,"name":"Heill Uponor 60m2 g\u00f3lfhitapakki"}]},{"@type":"WebSite","@id":"https:\/\/fluterm.eu\/#website","url":"https:\/\/fluterm.eu\/","name":"fluterm.eu","description":"","potentialAction":[{"@type":"SearchAction","target":{"@type":"EntryPoint","urlTemplate":"https:\/\/fluterm.eu\/?s={search_term_string}"},"query-input":"required name=search_term_string"}],"inLanguage":"is"}]}},"_links":{"self":[{"href":"https:\/\/fluterm.eu\/is\/wp-json\/wp\/v2\/product\/14191","targetHints":{"allow":["GET"]}}],"collection":[{"href":"https:\/\/fluterm.eu\/is\/wp-json\/wp\/v2\/product"}],"about":[{"href":"https:\/\/fluterm.eu\/is\/wp-json\/wp\/v2\/types\/product"}],"replies":[{"embeddable":true,"href":"https:\/\/fluterm.eu\/is\/wp-json\/wp\/v2\/comments?post=14191"}],"version-history":[{"count":0,"href":"https:\/\/fluterm.eu\/is\/wp-json\/wp\/v2\/product\/14191\/revisions"}],"wp:featuredmedia":[{"embeddable":true,"href":"https:\/\/fluterm.eu\/is\/wp-json\/wp\/v2\/media\/3769"}],"wp:attachment":[{"href":"https:\/\/fluterm.eu\/is\/wp-json\/wp\/v2\/media?parent=14191"}],"wp:term":[{"taxonomy":"product_cat","embeddable":true,"href":"https:\/\/fluterm.eu\/is\/wp-json\/wp\/v2\/product_cat?post=14191"},{"taxonomy":"product_tag","embeddable":true,"href":"https:\/\/fluterm.eu\/is\/wp-json\/wp\/v2\/product_tag?post=14191"}],"curies":[{"name":"wp","href":"https:\/\/api.w.org\/{rel}","templated":true}]}}