{"id":14290,"date":"2023-06-10T14:50:41","date_gmt":"2023-06-10T11:50:41","guid":{"rendered":"https:\/\/fluterm.eu\/prod\/fullbuid-10-rasa-golfhitakerfi\/"},"modified":"2023-06-10T14:50:41","modified_gmt":"2023-06-10T11:50:41","slug":"fullbuinn-10-vega-golfhitadreifari","status":"publish","type":"product","link":"https:\/\/fluterm.eu\/is\/prod\/fullbuinn-10-vega-golfhitadreifari\/","title":{"rendered":"Fullb\u00fai\u00f0 10 r\u00e1sa g\u00f3lfhitakerfi"},"content":{"rendered":"<p>20 x euroconus pex 16\/17&#215;2<\/p>\n<p>1 x m\u00e1lmbox<\/p>\n<p>10 porta heill fj\u00f6lbreytileiki sem vi\u00f0 \u00fatvegum eru h\u00f6nnu\u00f0 fyrir h\u00e6sta i\u00f0na\u00f0inn<br \/>\nsta\u00f0la sem skila fram\u00farskarandi \u00e1rangri me\u00f0 fullri 25 \u00e1ra \u00e1byrg\u00f0.<\/p>\n<p>Greinarnar eru framleiddar me\u00f0 \u00fev\u00ed a\u00f0 nota a\u00f0eins g\u00e6\u00f0a kopar sem tryggir<\/p>\n<p>fram\u00farskarandi \u00e1rangur og algj\u00f6r hugarr\u00f3.<\/p>\n<p>\u00deessar greinar eru f\u00e1anlegar fr\u00e1 2 -12 h\u00f6fnum sem gera kleift a\u00f0 setja upp \u00ed hva\u00f0a st\u00e6r\u00f0 sem er.<\/p>\n<p><strong><em>WRAS sam\u00feykkt<\/em><\/strong><\/p>\n","protected":false},"excerpt":{"rendered":"<p>20 x euroconus pex 16\/17&#215;2 1 x m\u00e1lmbox 10 porta heill fj\u00f6lbreytileiki sem vi\u00f0 \u00fatvegum eru h\u00f6nnu\u00f0 fyrir h\u00e6sta i\u00f0na\u00f0inn sta\u00f0la sem skila fram\u00farskarandi \u00e1rangri me\u00f0 fullri 25 \u00e1ra \u00e1byrg\u00f0. Greinarnar eru framleiddar me\u00f0 \u00fev\u00ed a\u00f0 nota a\u00f0eins g\u00e6\u00f0a kopar sem tryggir fram\u00farskarandi \u00e1rangur og algj\u00f6r hugarr\u00f3. \u00deessar greinar eru f\u00e1anlegar fr\u00e1 2 -12 h\u00f6fnum&hellip;<\/p>\n","protected":false},"featured_media":2824,"comment_status":"open","ping_status":"closed","template":"","meta":[],"product_cat":[807],"product_tag":[],"class_list":{"0":"post-14290","1":"product","2":"type-product","3":"status-publish","4":"has-post-thumbnail","6":"product_cat-dreifingaradilar-fyrir-golfhita","8":"first","9":"instock","10":"sale","11":"taxable","12":"shipping-taxable","13":"purchasable","14":"product-type-simple","15":"col-xs-6 col-sm-4","16":"col-md-4 col-lg-4","17":"un-3-cols"},"acf":[],"yoast_head":"<!-- This site is optimized with the Yoast SEO plugin v21.2 - https:\/\/yoast.com\/wordpress\/plugins\/seo\/ -->\n<title>Fullb\u00fai\u00f0 10 r\u00e1sa g\u00f3lfhitakerfi<\/title>\n<meta name=\"description\" content=\"Order Fullb\u00fai\u00f0 10 r\u00e1sa g\u00f3lfhitakerfi at a best price.\" \/>\n<meta name=\"robots\" content=\"index, follow, max-snippet:-1, max-image-preview:large, max-video-preview:-1\" \/>\n<link rel=\"canonical\" href=\"https:\/\/fluterm.eu\/is\/prod\/fullbuid-10-rasa-golfhitakerfi\/\" \/>\n<meta property=\"og:locale\" content=\"is_IS\" \/>\n<meta property=\"og:type\" content=\"article\" \/>\n<meta property=\"og:title\" content=\"Fullb\u00fai\u00f0 10 r\u00e1sa g\u00f3lfhitakerfi\" \/>\n<meta property=\"og:description\" content=\"Order Fullb\u00fai\u00f0 10 r\u00e1sa g\u00f3lfhitakerfi at a best price.\" \/>\n<meta property=\"og:url\" content=\"https:\/\/fluterm.eu\/is\/prod\/fullbuid-10-rasa-golfhitakerfi\/\" \/>\n<meta property=\"og:site_name\" content=\"fluterm.eu\" \/>\n<meta property=\"og:image\" content=\"https:\/\/fluterm.eu\/wp-content\/uploads\/2023\/06\/3EEF15EE-5ED1-4650-A5AD-C7A561CEA53C.jpeg\" \/>\n\t<meta property=\"og:image:width\" content=\"2000\" \/>\n\t<meta property=\"og:image:height\" content=\"2000\" \/>\n\t<meta property=\"og:image:type\" content=\"image\/jpeg\" \/>\n<meta name=\"twitter:card\" content=\"summary_large_image\" \/>\n<script type=\"application\/ld+json\" class=\"yoast-schema-graph\">{\"@context\":\"https:\/\/schema.org\",\"@graph\":[{\"@type\":\"WebPage\",\"@id\":\"https:\/\/fluterm.eu\/is\/prod\/fullbuid-10-rasa-golfhitakerfi\/\",\"url\":\"https:\/\/fluterm.eu\/is\/prod\/fullbuid-10-rasa-golfhitakerfi\/\",\"name\":\"Fullb\u00fai\u00f0 10 r\u00e1sa g\u00f3lfhitakerfi\",\"isPartOf\":{\"@id\":\"https:\/\/fluterm.eu\/#website\"},\"datePublished\":\"2023-06-10T11:50:41+00:00\",\"dateModified\":\"2023-06-10T11:50:41+00:00\",\"description\":\"Order Fullb\u00fai\u00f0 10 r\u00e1sa g\u00f3lfhitakerfi at a best price.\",\"breadcrumb\":{\"@id\":\"https:\/\/fluterm.eu\/is\/prod\/fullbuid-10-rasa-golfhitakerfi\/#breadcrumb\"},\"inLanguage\":\"is\",\"potentialAction\":[{\"@type\":\"ReadAction\",\"target\":[\"https:\/\/fluterm.eu\/is\/prod\/fullbuid-10-rasa-golfhitakerfi\/\"]}]},{\"@type\":\"BreadcrumbList\",\"@id\":\"https:\/\/fluterm.eu\/is\/prod\/fullbuid-10-rasa-golfhitakerfi\/#breadcrumb\",\"itemListElement\":[{\"@type\":\"ListItem\",\"position\":1,\"name\":\"Home\",\"item\":\"https:\/\/fluterm.eu\/is\/verslun\/\"},{\"@type\":\"ListItem\",\"position\":2,\"name\":\"Verslun\",\"item\":\"https:\/\/fluterm.eu\/is\/verslun\/\"},{\"@type\":\"ListItem\",\"position\":3,\"name\":\"Fullb\u00fai\u00f0 10 r\u00e1sa g\u00f3lfhitakerfi\"}]},{\"@type\":\"WebSite\",\"@id\":\"https:\/\/fluterm.eu\/#website\",\"url\":\"https:\/\/fluterm.eu\/\",\"name\":\"fluterm.eu\",\"description\":\"\",\"potentialAction\":[{\"@type\":\"SearchAction\",\"target\":{\"@type\":\"EntryPoint\",\"urlTemplate\":\"https:\/\/fluterm.eu\/?s={search_term_string}\"},\"query-input\":\"required name=search_term_string\"}],\"inLanguage\":\"is\"}]}<\/script>\n<!-- \/ Yoast SEO plugin. -->","yoast_head_json":{"title":"Fullb\u00fai\u00f0 10 r\u00e1sa g\u00f3lfhitakerfi","description":"Order Fullb\u00fai\u00f0 10 r\u00e1sa g\u00f3lfhitakerfi at a best price.","robots":{"index":"index","follow":"follow","max-snippet":"max-snippet:-1","max-image-preview":"max-image-preview:large","max-video-preview":"max-video-preview:-1"},"canonical":"https:\/\/fluterm.eu\/is\/prod\/fullbuid-10-rasa-golfhitakerfi\/","og_locale":"is_IS","og_type":"article","og_title":"Fullb\u00fai\u00f0 10 r\u00e1sa g\u00f3lfhitakerfi","og_description":"Order Fullb\u00fai\u00f0 10 r\u00e1sa g\u00f3lfhitakerfi at a best price.","og_url":"https:\/\/fluterm.eu\/is\/prod\/fullbuid-10-rasa-golfhitakerfi\/","og_site_name":"fluterm.eu","og_image":[{"width":2000,"height":2000,"url":"https:\/\/fluterm.eu\/wp-content\/uploads\/2023\/06\/3EEF15EE-5ED1-4650-A5AD-C7A561CEA53C.jpeg","type":"image\/jpeg"}],"twitter_card":"summary_large_image","schema":{"@context":"https:\/\/schema.org","@graph":[{"@type":"WebPage","@id":"https:\/\/fluterm.eu\/is\/prod\/fullbuid-10-rasa-golfhitakerfi\/","url":"https:\/\/fluterm.eu\/is\/prod\/fullbuid-10-rasa-golfhitakerfi\/","name":"Fullb\u00fai\u00f0 10 r\u00e1sa g\u00f3lfhitakerfi","isPartOf":{"@id":"https:\/\/fluterm.eu\/#website"},"datePublished":"2023-06-10T11:50:41+00:00","dateModified":"2023-06-10T11:50:41+00:00","description":"Order Fullb\u00fai\u00f0 10 r\u00e1sa g\u00f3lfhitakerfi at a best price.","breadcrumb":{"@id":"https:\/\/fluterm.eu\/is\/prod\/fullbuid-10-rasa-golfhitakerfi\/#breadcrumb"},"inLanguage":"is","potentialAction":[{"@type":"ReadAction","target":["https:\/\/fluterm.eu\/is\/prod\/fullbuid-10-rasa-golfhitakerfi\/"]}]},{"@type":"BreadcrumbList","@id":"https:\/\/fluterm.eu\/is\/prod\/fullbuid-10-rasa-golfhitakerfi\/#breadcrumb","itemListElement":[{"@type":"ListItem","position":1,"name":"Home","item":"https:\/\/fluterm.eu\/is\/verslun\/"},{"@type":"ListItem","position":2,"name":"Verslun","item":"https:\/\/fluterm.eu\/is\/verslun\/"},{"@type":"ListItem","position":3,"name":"Fullb\u00fai\u00f0 10 r\u00e1sa g\u00f3lfhitakerfi"}]},{"@type":"WebSite","@id":"https:\/\/fluterm.eu\/#website","url":"https:\/\/fluterm.eu\/","name":"fluterm.eu","description":"","potentialAction":[{"@type":"SearchAction","target":{"@type":"EntryPoint","urlTemplate":"https:\/\/fluterm.eu\/?s={search_term_string}"},"query-input":"required name=search_term_string"}],"inLanguage":"is"}]}},"_links":{"self":[{"href":"https:\/\/fluterm.eu\/is\/wp-json\/wp\/v2\/product\/14290","targetHints":{"allow":["GET"]}}],"collection":[{"href":"https:\/\/fluterm.eu\/is\/wp-json\/wp\/v2\/product"}],"about":[{"href":"https:\/\/fluterm.eu\/is\/wp-json\/wp\/v2\/types\/product"}],"replies":[{"embeddable":true,"href":"https:\/\/fluterm.eu\/is\/wp-json\/wp\/v2\/comments?post=14290"}],"version-history":[{"count":0,"href":"https:\/\/fluterm.eu\/is\/wp-json\/wp\/v2\/product\/14290\/revisions"}],"wp:featuredmedia":[{"embeddable":true,"href":"https:\/\/fluterm.eu\/is\/wp-json\/wp\/v2\/media\/2824"}],"wp:attachment":[{"href":"https:\/\/fluterm.eu\/is\/wp-json\/wp\/v2\/media?parent=14290"}],"wp:term":[{"taxonomy":"product_cat","embeddable":true,"href":"https:\/\/fluterm.eu\/is\/wp-json\/wp\/v2\/product_cat?post=14290"},{"taxonomy":"product_tag","embeddable":true,"href":"https:\/\/fluterm.eu\/is\/wp-json\/wp\/v2\/product_tag?post=14290"}],"curies":[{"name":"wp","href":"https:\/\/api.w.org\/{rel}","templated":true}]}}