{"id":14524,"date":"2023-06-10T14:50:42","date_gmt":"2023-06-10T11:50:42","guid":{"rendered":"https:\/\/fluterm.eu\/prod\/rafraen-hitastillir-fyrir-golfhita-forritanlegan-lcd-skja\/"},"modified":"2023-06-10T14:50:42","modified_gmt":"2023-06-10T11:50:42","slug":"rafeindahitastillir-fyrir-golfhita-med-oforritanlegum-lcd-skja","status":"publish","type":"product","link":"https:\/\/fluterm.eu\/is\/prod\/rafeindahitastillir-fyrir-golfhita-med-oforritanlegum-lcd-skja\/","title":{"rendered":"Rafr\u00e6n hitastillir fyrir g\u00f3lfhita forritanlegan LCD skj\u00e1"},"content":{"rendered":"<div class=\"product-accordion__item-title\">V\u00f6rul\u00fdsing<\/div>\n<p>Hitastillirinn slim hefur veri\u00f0 hanna\u00f0ur s\u00e9rstaklega me\u00f0 rafmagns g\u00f3lfhita \u00ed huga og er h\u00e6gt a\u00f0 virka sem hitastillir e\u00f0a t\u00edmastillir (valanlegt \u00ed hugb\u00fana\u00f0i)<\/p>\n<p>&nbsp;<\/p>\n<ol class=\"numeric\">\n<li>A\u00f0eins g\u00f3lfskynjari. Tilvali\u00f0 \u00feegar \u00fe\u00fa vilt a\u00f0eins stj\u00f3rna yfirbor\u00f0shita g\u00f3lfsins. (T\u00f3nsk\u00f3lar til d\u00e6mis)<\/li>\n<li>Loft og g\u00f3lf. Hitastillirinn stj\u00f3rnar lofthitanum \u00e1 me\u00f0an g\u00f3lfskynjarinn er nota\u00f0ur til a\u00f0 koma \u00ed veg fyrir ofhitnun g\u00f3lfkerfisins.<\/li>\n<li>Fjarst\u00fdr\u00f0 loft og g\u00f3lf. Tilvali\u00f0 fyrir fjarst\u00fdringu \u00e1 loft- og g\u00f3lfhita (ba\u00f0herbergi til d\u00e6mis)<\/li>\n<\/ol>\n<ul class=\"tick\">\n<li>Notandi valinn rekstrarhamur: 1) \u00d3forritanlegt 2) Virkadagur\/helgi 3) Allir dagar mismunandi. 4) Allir dagar eins<\/li>\n<li>Hitastillir e\u00f0a t\u00edmastillir<\/li>\n<li>Hitastigshaldsa\u00f0ger\u00f0<\/li>\n<li>H\u00e1t\u00ed\u00f0ar\u00fe\u00e1ttur<\/li>\n<li>C\/F h\u00e6gt a\u00f0 velja<\/li>\n<li>Self Learning Optimum Byrja\u00f0u \u00e1 1. og 3. stigi<\/li>\n<li>Lyklal\u00e1sa\u00f0sta\u00f0a<\/li>\n<li>Frostv\u00f6rn me\u00f0 stillanlegri hitastillingu<\/li>\n<li>16A rofaeinkunn (3.680 v\u00f6tt)<\/li>\n<li>Hv\u00edtt bakl\u00fdsing (slokknar eftir 30 sek\u00fandur)<\/li>\n<li>G\u00f3lfskynjari fylgir<\/li>\n<li>Frambo\u00f0: 230v AC<\/li>\n<li>M\u00e1l: 98x85x13mm<\/li>\n<li>\u00deyngd: 195g<\/li>\n<\/ul>\n<p>(Vinsamlegast athugi\u00f0 a\u00f0 13mm d\u00fdpt er eftir uppsetningu)<\/p>\n<h3>ErP flokkur og einkunnir<\/h3>\n<table class=\"table\">\n<thead>\n<tr>\n<th>Einst\u00f6k vara<\/th>\n<\/tr>\n<\/thead>\n<\/table>\n","protected":false},"excerpt":{"rendered":"<p>hitastillir fyrir g\u00f3lfhita<\/p>\n","protected":false},"featured_media":2950,"comment_status":"closed","ping_status":"closed","template":"","meta":[],"product_cat":[969],"product_tag":[],"class_list":{"0":"post-14524","1":"product","2":"type-product","3":"status-publish","4":"has-post-thumbnail","6":"product_cat-golfhita-sjalfvirkni","8":"first","9":"instock","10":"taxable","11":"shipping-taxable","12":"purchasable","13":"product-type-simple","14":"col-xs-6 col-sm-4","15":"col-md-4 col-lg-4","16":"un-3-cols"},"acf":[],"yoast_head":"<!-- This site is optimized with the Yoast SEO plugin v21.2 - https:\/\/yoast.com\/wordpress\/plugins\/seo\/ -->\n<title>Rafr\u00e6n hitastillir fyrir g\u00f3lfhita forritanlegan LCD skj\u00e1<\/title>\n<meta name=\"description\" content=\"Order Rafr\u00e6n hitastillir fyrir g\u00f3lfhita forritanlegan LCD skj\u00e1 at a best price.\" \/>\n<meta name=\"robots\" content=\"index, follow, max-snippet:-1, max-image-preview:large, max-video-preview:-1\" \/>\n<link rel=\"canonical\" href=\"https:\/\/fluterm.eu\/is\/prod\/rafraen-hitastillir-fyrir-golfhita-forritanlegan-lcd-skja\/\" \/>\n<meta property=\"og:locale\" content=\"is_IS\" \/>\n<meta property=\"og:type\" content=\"article\" \/>\n<meta property=\"og:title\" content=\"Rafr\u00e6n hitastillir fyrir g\u00f3lfhita forritanlegan LCD skj\u00e1\" \/>\n<meta property=\"og:description\" content=\"Order Rafr\u00e6n hitastillir fyrir g\u00f3lfhita forritanlegan LCD skj\u00e1 at a best price.\" \/>\n<meta property=\"og:url\" content=\"https:\/\/fluterm.eu\/is\/prod\/rafraen-hitastillir-fyrir-golfhita-forritanlegan-lcd-skja\/\" \/>\n<meta property=\"og:site_name\" content=\"fluterm.eu\" \/>\n<meta property=\"og:image\" content=\"https:\/\/fluterm.eu\/wp-content\/uploads\/2023\/06\/74B57AFD-2084-4829-8CA9-EE917E900381.jpeg\" \/>\n\t<meta property=\"og:image:width\" content=\"800\" \/>\n\t<meta property=\"og:image:height\" content=\"800\" \/>\n\t<meta property=\"og:image:type\" content=\"image\/jpeg\" \/>\n<meta name=\"twitter:card\" content=\"summary_large_image\" \/>\n<meta name=\"twitter:label1\" content=\"Est. reading time\" \/>\n\t<meta name=\"twitter:data1\" content=\"1 minute\" \/>\n<script type=\"application\/ld+json\" class=\"yoast-schema-graph\">{\"@context\":\"https:\/\/schema.org\",\"@graph\":[{\"@type\":\"WebPage\",\"@id\":\"https:\/\/fluterm.eu\/is\/prod\/rafraen-hitastillir-fyrir-golfhita-forritanlegan-lcd-skja\/\",\"url\":\"https:\/\/fluterm.eu\/is\/prod\/rafraen-hitastillir-fyrir-golfhita-forritanlegan-lcd-skja\/\",\"name\":\"Rafr\u00e6n hitastillir fyrir g\u00f3lfhita forritanlegan LCD skj\u00e1\",\"isPartOf\":{\"@id\":\"https:\/\/fluterm.eu\/#website\"},\"datePublished\":\"2023-06-10T11:50:42+00:00\",\"dateModified\":\"2023-06-10T11:50:42+00:00\",\"description\":\"Order Rafr\u00e6n hitastillir fyrir g\u00f3lfhita forritanlegan LCD skj\u00e1 at a best price.\",\"breadcrumb\":{\"@id\":\"https:\/\/fluterm.eu\/is\/prod\/rafraen-hitastillir-fyrir-golfhita-forritanlegan-lcd-skja\/#breadcrumb\"},\"inLanguage\":\"is\",\"potentialAction\":[{\"@type\":\"ReadAction\",\"target\":[\"https:\/\/fluterm.eu\/is\/prod\/rafraen-hitastillir-fyrir-golfhita-forritanlegan-lcd-skja\/\"]}]},{\"@type\":\"BreadcrumbList\",\"@id\":\"https:\/\/fluterm.eu\/is\/prod\/rafraen-hitastillir-fyrir-golfhita-forritanlegan-lcd-skja\/#breadcrumb\",\"itemListElement\":[{\"@type\":\"ListItem\",\"position\":1,\"name\":\"Home\",\"item\":\"https:\/\/fluterm.eu\/is\/verslun\/\"},{\"@type\":\"ListItem\",\"position\":2,\"name\":\"Verslun\",\"item\":\"https:\/\/fluterm.eu\/is\/verslun\/\"},{\"@type\":\"ListItem\",\"position\":3,\"name\":\"Rafr\u00e6n hitastillir fyrir g\u00f3lfhita forritanlegan LCD skj\u00e1\"}]},{\"@type\":\"WebSite\",\"@id\":\"https:\/\/fluterm.eu\/#website\",\"url\":\"https:\/\/fluterm.eu\/\",\"name\":\"fluterm.eu\",\"description\":\"\",\"potentialAction\":[{\"@type\":\"SearchAction\",\"target\":{\"@type\":\"EntryPoint\",\"urlTemplate\":\"https:\/\/fluterm.eu\/?s={search_term_string}\"},\"query-input\":\"required name=search_term_string\"}],\"inLanguage\":\"is\"}]}<\/script>\n<!-- \/ Yoast SEO plugin. -->","yoast_head_json":{"title":"Rafr\u00e6n hitastillir fyrir g\u00f3lfhita forritanlegan LCD skj\u00e1","description":"Order Rafr\u00e6n hitastillir fyrir g\u00f3lfhita forritanlegan LCD skj\u00e1 at a best price.","robots":{"index":"index","follow":"follow","max-snippet":"max-snippet:-1","max-image-preview":"max-image-preview:large","max-video-preview":"max-video-preview:-1"},"canonical":"https:\/\/fluterm.eu\/is\/prod\/rafraen-hitastillir-fyrir-golfhita-forritanlegan-lcd-skja\/","og_locale":"is_IS","og_type":"article","og_title":"Rafr\u00e6n hitastillir fyrir g\u00f3lfhita forritanlegan LCD skj\u00e1","og_description":"Order Rafr\u00e6n hitastillir fyrir g\u00f3lfhita forritanlegan LCD skj\u00e1 at a best price.","og_url":"https:\/\/fluterm.eu\/is\/prod\/rafraen-hitastillir-fyrir-golfhita-forritanlegan-lcd-skja\/","og_site_name":"fluterm.eu","og_image":[{"width":800,"height":800,"url":"https:\/\/fluterm.eu\/wp-content\/uploads\/2023\/06\/74B57AFD-2084-4829-8CA9-EE917E900381.jpeg","type":"image\/jpeg"}],"twitter_card":"summary_large_image","twitter_misc":{"Est. reading time":"1 minute"},"schema":{"@context":"https:\/\/schema.org","@graph":[{"@type":"WebPage","@id":"https:\/\/fluterm.eu\/is\/prod\/rafraen-hitastillir-fyrir-golfhita-forritanlegan-lcd-skja\/","url":"https:\/\/fluterm.eu\/is\/prod\/rafraen-hitastillir-fyrir-golfhita-forritanlegan-lcd-skja\/","name":"Rafr\u00e6n hitastillir fyrir g\u00f3lfhita forritanlegan LCD skj\u00e1","isPartOf":{"@id":"https:\/\/fluterm.eu\/#website"},"datePublished":"2023-06-10T11:50:42+00:00","dateModified":"2023-06-10T11:50:42+00:00","description":"Order Rafr\u00e6n hitastillir fyrir g\u00f3lfhita forritanlegan LCD skj\u00e1 at a best price.","breadcrumb":{"@id":"https:\/\/fluterm.eu\/is\/prod\/rafraen-hitastillir-fyrir-golfhita-forritanlegan-lcd-skja\/#breadcrumb"},"inLanguage":"is","potentialAction":[{"@type":"ReadAction","target":["https:\/\/fluterm.eu\/is\/prod\/rafraen-hitastillir-fyrir-golfhita-forritanlegan-lcd-skja\/"]}]},{"@type":"BreadcrumbList","@id":"https:\/\/fluterm.eu\/is\/prod\/rafraen-hitastillir-fyrir-golfhita-forritanlegan-lcd-skja\/#breadcrumb","itemListElement":[{"@type":"ListItem","position":1,"name":"Home","item":"https:\/\/fluterm.eu\/is\/verslun\/"},{"@type":"ListItem","position":2,"name":"Verslun","item":"https:\/\/fluterm.eu\/is\/verslun\/"},{"@type":"ListItem","position":3,"name":"Rafr\u00e6n hitastillir fyrir g\u00f3lfhita forritanlegan LCD skj\u00e1"}]},{"@type":"WebSite","@id":"https:\/\/fluterm.eu\/#website","url":"https:\/\/fluterm.eu\/","name":"fluterm.eu","description":"","potentialAction":[{"@type":"SearchAction","target":{"@type":"EntryPoint","urlTemplate":"https:\/\/fluterm.eu\/?s={search_term_string}"},"query-input":"required name=search_term_string"}],"inLanguage":"is"}]}},"_links":{"self":[{"href":"https:\/\/fluterm.eu\/is\/wp-json\/wp\/v2\/product\/14524","targetHints":{"allow":["GET"]}}],"collection":[{"href":"https:\/\/fluterm.eu\/is\/wp-json\/wp\/v2\/product"}],"about":[{"href":"https:\/\/fluterm.eu\/is\/wp-json\/wp\/v2\/types\/product"}],"replies":[{"embeddable":true,"href":"https:\/\/fluterm.eu\/is\/wp-json\/wp\/v2\/comments?post=14524"}],"version-history":[{"count":0,"href":"https:\/\/fluterm.eu\/is\/wp-json\/wp\/v2\/product\/14524\/revisions"}],"wp:featuredmedia":[{"embeddable":true,"href":"https:\/\/fluterm.eu\/is\/wp-json\/wp\/v2\/media\/2950"}],"wp:attachment":[{"href":"https:\/\/fluterm.eu\/is\/wp-json\/wp\/v2\/media?parent=14524"}],"wp:term":[{"taxonomy":"product_cat","embeddable":true,"href":"https:\/\/fluterm.eu\/is\/wp-json\/wp\/v2\/product_cat?post=14524"},{"taxonomy":"product_tag","embeddable":true,"href":"https:\/\/fluterm.eu\/is\/wp-json\/wp\/v2\/product_tag?post=14524"}],"curies":[{"name":"wp","href":"https:\/\/api.w.org\/{rel}","templated":true}]}}