{"id":14700,"date":"2023-06-10T14:51:05","date_gmt":"2023-06-10T11:51:05","guid":{"rendered":"https:\/\/fluterm.eu\/prod\/golfhitablondunarsett-med-wilo-pump\/"},"modified":"2023-06-10T14:51:05","modified_gmt":"2023-06-10T11:51:05","slug":"golfhita-blondunarsett-med-wilo-daelu","status":"publish","type":"product","link":"https:\/\/fluterm.eu\/is\/prod\/golfhita-blondunarsett-med-wilo-daelu\/","title":{"rendered":"G\u00f3lfhitabl\u00f6ndunarsett me\u00f0 Wilo Pump"},"content":{"rendered":"<p>Fyrirfer\u00f0al\u00edtill og l\u00e9ttur hitastillir hitastillirinn okkar fyrir g\u00f3lfhita gerir kleift a\u00f0 tengja beina tengingu vi\u00f0 \u00farval okkar af undirhitunargreinum og er afhentur fullsamsettur \u00ed vinstri handarsni\u00f0i me\u00f0 G1 karlkyns sn\u00fanings flatt innsigli sem sta\u00f0alb\u00fana\u00f0ur.<\/p>\n<p>Fj\u00f6lh\u00e6f h\u00f6nnun hans og samskeyti gerir uppsetninguna \u00e1 fj\u00f6lbreytileikann einfalda og \u00fear sem h\u00fan krefst ekki vi\u00f0b\u00f3tar stu\u00f0ningsfestinga \u00fatilokar \u00fe\u00f6rfina fyrir t\u00edmafreka boranir og festingar.<\/p>\n<p>Bl\u00f6ndunarventillinn gerir \u00fe\u00e9r kleift a\u00f0 stilla fl\u00e6\u00f0ishitastigi\u00f0 \u00e1 milli 35 og 65\u00b0C til a\u00f0 n\u00e1 n\u00e1kv\u00e6mri stj\u00f3rn \u00e1 heildarhitastiginu \u00ed gegnum g\u00f3lfhitann og h\u00e6gt er a\u00f0 f\u00e6\u00f0a hann me\u00f0 hvers kyns varmagj\u00f6fum, \u00fear me\u00f0 tali\u00f0 ol\u00edu- og gask\u00f6tlum, vi\u00f0areldav\u00e9lum og gr\u00e6num orkugj\u00f6fum eins og s\u00f3lar-, jar\u00f0- og loftvarmad\u00e6lum.<\/p>\n<p>Hver stj\u00f3rnunarpakki samanstendur af hitastilla bl\u00f6ndunarlokanum, Wilo A-flokka\u00f0a orkusparandi hringr\u00e1sard\u00e6lu, millistykki og \u00f6llum nau\u00f0synlegum \u00fe\u00e9ttingum.<\/p>\n<p><strong>Stilling bl\u00f6ndunarst\u00fdringar  <\/strong><\/p>\n<p>Hitastillir bl\u00f6ndunarlokinn er stilltur fr\u00e1 verksmi\u00f0junni til a\u00f0 veita vatni blanda\u00f0 vi\u00f0 45\u00b0c \u00ed g\u00f3lfhitagreinina. H\u00e6gt er a\u00f0 stilla hitastig bl\u00f6ndu\u00f0vatnsins \u00feannig a\u00f0 \u00fea\u00f0 passi fr\u00e1 35\u00b0c til 65\u00b0c me\u00f0 \u00fev\u00ed a\u00f0 sn\u00faa stj\u00f3rnhnappi bl\u00f6ndunarlokans, r\u00e9tts\u00e6lis til a\u00f0 h\u00e6kka hitastigi\u00f0 og rangs\u00e6lis til a\u00f0 l\u00e6kka.<\/p>\n<p>wilo Sonos fyrir 15x6x130<\/p>\n","protected":false},"excerpt":{"rendered":"<p>Fyrirfer\u00f0al\u00edtill og l\u00e9ttur hitastillir hitastillirinn okkar fyrir g\u00f3lfhita gerir kleift a\u00f0 tengja beina tengingu vi\u00f0 \u00farval okkar af undirhitunargreinum og er afhentur fullsamsettur \u00ed vinstri handarsni\u00f0i me\u00f0 G1 karlkyns sn\u00fanings flatt innsigli sem sta\u00f0alb\u00fana\u00f0ur. Fj\u00f6lh\u00e6f h\u00f6nnun hans og samskeyti gerir uppsetninguna \u00e1 fj\u00f6lbreytileikann einfalda og \u00fear sem h\u00fan krefst ekki vi\u00f0b\u00f3tar stu\u00f0ningsfestinga \u00fatilokar \u00fe\u00f6rfina fyrir&hellip;<\/p>\n","protected":false},"featured_media":3118,"comment_status":"closed","ping_status":"closed","template":"","meta":[],"product_cat":[856],"product_tag":[],"class_list":{"0":"post-14700","1":"product","2":"type-product","3":"status-publish","4":"has-post-thumbnail","6":"product_cat-golfhitablondunarhopar","8":"first","9":"instock","10":"taxable","11":"shipping-taxable","12":"purchasable","13":"product-type-simple","14":"col-xs-6 col-sm-4","15":"col-md-4 col-lg-4","16":"un-3-cols"},"acf":[],"yoast_head":"<!-- This site is optimized with the Yoast SEO plugin v21.2 - https:\/\/yoast.com\/wordpress\/plugins\/seo\/ -->\n<title>G\u00f3lfhitabl\u00f6ndunarsett me\u00f0 Wilo Pump<\/title>\n<meta name=\"description\" content=\"Order G\u00f3lfhitabl\u00f6ndunarsett me\u00f0 Wilo Pump at a best price.\" \/>\n<meta name=\"robots\" content=\"index, follow, max-snippet:-1, max-image-preview:large, max-video-preview:-1\" \/>\n<link rel=\"canonical\" href=\"https:\/\/fluterm.eu\/is\/prod\/golfhitablondunarsett-med-wilo-pump\/\" \/>\n<meta property=\"og:locale\" content=\"is_IS\" \/>\n<meta property=\"og:type\" content=\"article\" \/>\n<meta property=\"og:title\" content=\"G\u00f3lfhitabl\u00f6ndunarsett me\u00f0 Wilo Pump\" \/>\n<meta property=\"og:description\" content=\"Order G\u00f3lfhitabl\u00f6ndunarsett me\u00f0 Wilo Pump at a best price.\" \/>\n<meta property=\"og:url\" content=\"https:\/\/fluterm.eu\/is\/prod\/golfhitablondunarsett-med-wilo-pump\/\" \/>\n<meta property=\"og:site_name\" content=\"fluterm.eu\" \/>\n<meta property=\"og:image\" content=\"https:\/\/fluterm.eu\/wp-content\/uploads\/2023\/06\/10BE33BF-D06D-41CB-AE24-1597A1282835_4_5005_c.jpeg\" \/>\n\t<meta property=\"og:image:width\" content=\"298\" \/>\n\t<meta property=\"og:image:height\" content=\"263\" \/>\n\t<meta property=\"og:image:type\" content=\"image\/jpeg\" \/>\n<meta name=\"twitter:card\" content=\"summary_large_image\" \/>\n<meta name=\"twitter:label1\" content=\"Est. reading time\" \/>\n\t<meta name=\"twitter:data1\" content=\"1 minute\" \/>\n<script type=\"application\/ld+json\" class=\"yoast-schema-graph\">{\"@context\":\"https:\/\/schema.org\",\"@graph\":[{\"@type\":\"WebPage\",\"@id\":\"https:\/\/fluterm.eu\/is\/prod\/golfhitablondunarsett-med-wilo-pump\/\",\"url\":\"https:\/\/fluterm.eu\/is\/prod\/golfhitablondunarsett-med-wilo-pump\/\",\"name\":\"G\u00f3lfhitabl\u00f6ndunarsett me\u00f0 Wilo Pump\",\"isPartOf\":{\"@id\":\"https:\/\/fluterm.eu\/#website\"},\"datePublished\":\"2023-06-10T11:51:05+00:00\",\"dateModified\":\"2023-06-10T11:51:05+00:00\",\"description\":\"Order G\u00f3lfhitabl\u00f6ndunarsett me\u00f0 Wilo Pump at a best price.\",\"breadcrumb\":{\"@id\":\"https:\/\/fluterm.eu\/is\/prod\/golfhitablondunarsett-med-wilo-pump\/#breadcrumb\"},\"inLanguage\":\"is\",\"potentialAction\":[{\"@type\":\"ReadAction\",\"target\":[\"https:\/\/fluterm.eu\/is\/prod\/golfhitablondunarsett-med-wilo-pump\/\"]}]},{\"@type\":\"BreadcrumbList\",\"@id\":\"https:\/\/fluterm.eu\/is\/prod\/golfhitablondunarsett-med-wilo-pump\/#breadcrumb\",\"itemListElement\":[{\"@type\":\"ListItem\",\"position\":1,\"name\":\"Home\",\"item\":\"https:\/\/fluterm.eu\/is\/verslun\/\"},{\"@type\":\"ListItem\",\"position\":2,\"name\":\"Verslun\",\"item\":\"https:\/\/fluterm.eu\/is\/verslun\/\"},{\"@type\":\"ListItem\",\"position\":3,\"name\":\"G\u00f3lfhitabl\u00f6ndunarsett me\u00f0 Wilo Pump\"}]},{\"@type\":\"WebSite\",\"@id\":\"https:\/\/fluterm.eu\/#website\",\"url\":\"https:\/\/fluterm.eu\/\",\"name\":\"fluterm.eu\",\"description\":\"\",\"potentialAction\":[{\"@type\":\"SearchAction\",\"target\":{\"@type\":\"EntryPoint\",\"urlTemplate\":\"https:\/\/fluterm.eu\/?s={search_term_string}\"},\"query-input\":\"required name=search_term_string\"}],\"inLanguage\":\"is\"}]}<\/script>\n<!-- \/ Yoast SEO plugin. -->","yoast_head_json":{"title":"G\u00f3lfhitabl\u00f6ndunarsett me\u00f0 Wilo Pump","description":"Order G\u00f3lfhitabl\u00f6ndunarsett me\u00f0 Wilo Pump at a best price.","robots":{"index":"index","follow":"follow","max-snippet":"max-snippet:-1","max-image-preview":"max-image-preview:large","max-video-preview":"max-video-preview:-1"},"canonical":"https:\/\/fluterm.eu\/is\/prod\/golfhitablondunarsett-med-wilo-pump\/","og_locale":"is_IS","og_type":"article","og_title":"G\u00f3lfhitabl\u00f6ndunarsett me\u00f0 Wilo Pump","og_description":"Order G\u00f3lfhitabl\u00f6ndunarsett me\u00f0 Wilo Pump at a best price.","og_url":"https:\/\/fluterm.eu\/is\/prod\/golfhitablondunarsett-med-wilo-pump\/","og_site_name":"fluterm.eu","og_image":[{"width":298,"height":263,"url":"https:\/\/fluterm.eu\/wp-content\/uploads\/2023\/06\/10BE33BF-D06D-41CB-AE24-1597A1282835_4_5005_c.jpeg","type":"image\/jpeg"}],"twitter_card":"summary_large_image","twitter_misc":{"Est. reading time":"1 minute"},"schema":{"@context":"https:\/\/schema.org","@graph":[{"@type":"WebPage","@id":"https:\/\/fluterm.eu\/is\/prod\/golfhitablondunarsett-med-wilo-pump\/","url":"https:\/\/fluterm.eu\/is\/prod\/golfhitablondunarsett-med-wilo-pump\/","name":"G\u00f3lfhitabl\u00f6ndunarsett me\u00f0 Wilo Pump","isPartOf":{"@id":"https:\/\/fluterm.eu\/#website"},"datePublished":"2023-06-10T11:51:05+00:00","dateModified":"2023-06-10T11:51:05+00:00","description":"Order G\u00f3lfhitabl\u00f6ndunarsett me\u00f0 Wilo Pump at a best price.","breadcrumb":{"@id":"https:\/\/fluterm.eu\/is\/prod\/golfhitablondunarsett-med-wilo-pump\/#breadcrumb"},"inLanguage":"is","potentialAction":[{"@type":"ReadAction","target":["https:\/\/fluterm.eu\/is\/prod\/golfhitablondunarsett-med-wilo-pump\/"]}]},{"@type":"BreadcrumbList","@id":"https:\/\/fluterm.eu\/is\/prod\/golfhitablondunarsett-med-wilo-pump\/#breadcrumb","itemListElement":[{"@type":"ListItem","position":1,"name":"Home","item":"https:\/\/fluterm.eu\/is\/verslun\/"},{"@type":"ListItem","position":2,"name":"Verslun","item":"https:\/\/fluterm.eu\/is\/verslun\/"},{"@type":"ListItem","position":3,"name":"G\u00f3lfhitabl\u00f6ndunarsett me\u00f0 Wilo Pump"}]},{"@type":"WebSite","@id":"https:\/\/fluterm.eu\/#website","url":"https:\/\/fluterm.eu\/","name":"fluterm.eu","description":"","potentialAction":[{"@type":"SearchAction","target":{"@type":"EntryPoint","urlTemplate":"https:\/\/fluterm.eu\/?s={search_term_string}"},"query-input":"required name=search_term_string"}],"inLanguage":"is"}]}},"_links":{"self":[{"href":"https:\/\/fluterm.eu\/is\/wp-json\/wp\/v2\/product\/14700","targetHints":{"allow":["GET"]}}],"collection":[{"href":"https:\/\/fluterm.eu\/is\/wp-json\/wp\/v2\/product"}],"about":[{"href":"https:\/\/fluterm.eu\/is\/wp-json\/wp\/v2\/types\/product"}],"replies":[{"embeddable":true,"href":"https:\/\/fluterm.eu\/is\/wp-json\/wp\/v2\/comments?post=14700"}],"version-history":[{"count":0,"href":"https:\/\/fluterm.eu\/is\/wp-json\/wp\/v2\/product\/14700\/revisions"}],"wp:featuredmedia":[{"embeddable":true,"href":"https:\/\/fluterm.eu\/is\/wp-json\/wp\/v2\/media\/3118"}],"wp:attachment":[{"href":"https:\/\/fluterm.eu\/is\/wp-json\/wp\/v2\/media?parent=14700"}],"wp:term":[{"taxonomy":"product_cat","embeddable":true,"href":"https:\/\/fluterm.eu\/is\/wp-json\/wp\/v2\/product_cat?post=14700"},{"taxonomy":"product_tag","embeddable":true,"href":"https:\/\/fluterm.eu\/is\/wp-json\/wp\/v2\/product_tag?post=14700"}],"curies":[{"name":"wp","href":"https:\/\/api.w.org\/{rel}","templated":true}]}}