{"id":14731,"date":"2023-06-10T14:51:05","date_gmt":"2023-06-10T11:51:05","guid":{"rendered":"https:\/\/fluterm.eu\/prod\/golfhitagrein-med-daelupakka-og-lokum-ibo-amg-a-flokkud-daela-7-hringrasir\/"},"modified":"2023-06-10T14:51:05","modified_gmt":"2023-06-10T11:51:05","slug":"golfhitagrein-med-daelu-pakka-lokum-ibo-amg-a-einkunn-daelu-7-tengi","status":"publish","type":"product","link":"https:\/\/fluterm.eu\/is\/prod\/golfhitagrein-med-daelu-pakka-lokum-ibo-amg-a-einkunn-daelu-7-tengi\/","title":{"rendered":"G\u00f3lfhitagrein me\u00f0 d\u00e6lupakka og lokum \u2013 ibo amg A flokku\u00f0 d\u00e6la \u20137 hringr\u00e1sir"},"content":{"rendered":"<h1>G\u00f3lfhitagrein me\u00f0 d\u00e6lupakka og lokum \u2013 bio amg A flokku\u00f0 d\u00e6la \u20137 tengi<\/h1>\n<p><strong>Hva\u00f0 er innifali\u00f0 \u00ed d\u00e6lu- og dreifipakkningunum okkar?<\/strong><\/p>\n<p>G\u00f3lfhitagreinum fylgja:<\/p>\n<p>&#8222;A&#8220; Metinn ibo d\u00e6lupakki.<\/p>\n<p>Innifali\u00f0 atri\u00f0i:<\/p>\n<p>1 x forsett dreifikerfi me\u00f0 rennslism\u00e6lum<\/p>\n<p>1 x endaloft<\/p>\n<p>1 x \u00fer\u00fdstim\u00e6lir<\/p>\n<p>2 x k\u00faluventlar<\/p>\n<p>2 x hitam\u00e6lir (festur \u00e1 k\u00faluventla)<\/p>\n<p>1 x m\u00e1lmbox<\/p>\n<p>Eurokeilur m\u00e1tun 16\/17 14 stk<\/p>\n<p>D\u00e6lust\u00f6\u00f0 (blandunarventill)<\/p>\n<p>F\u00e6st \u00e1 forfastri festingu.<\/p>\n<p>CMax vinnu\u00fer\u00fdstingur 3 bar h\u00e1marks pr\u00f3f\u00fer\u00fdstingur 10 bar.<\/p>\n<p>Hitastig: 35C \u2013 65CMmax vinnu\u00fer\u00fdstingur:<\/p>\n<p>Greinarnar okkar eru til notkunar \u00e1 vatnsg\u00f3lfhitakerfi.<\/p>\n<p>\u00deessir samanstanda af tveimur margv\u00edslegum st\u00f6ngum, einum fyrir rennsli og einn fyrir endurkomu, \u00e1samt k\u00falulokum, fr\u00e1rennslis-\/ \u00e1fyllingarlokum og loftopi. \u00c1 fl\u00e6\u00f0isst\u00f6nginni er hver h\u00f6fn me\u00f0 afkastamikinn fl\u00e6\u00f0isv\u00edsir, me\u00f0 einangrunarb\u00fana\u00f0i sem inniheldur au\u00f0velt a\u00f0 lesa m\u00e6ligler.<\/p>\n<p>Hver port \u00e1 afturst\u00f6nginni er \u00fatb\u00fain me\u00f0 sam\u00fe\u00e6ttum stj\u00f3rnloka og hl\u00edf\u00f0arhettu sem gerir notandanum kleift a\u00f0 stilla vatnsmagni\u00f0 e\u00f0a h\u00e6gt er a\u00f0 fjarl\u00e6gja \u00fea\u00f0 til a\u00f0 sam\u00feykkja margv\u00edslega hitauppstreymishaus.<\/p>\n<p>&nbsp;<\/p>\n<p><strong>Fj\u00f6lbreytt st\u00e6r\u00f0:<\/strong><\/p>\n<p>Vinsamlegast b\u00e6ttu 150 mm vi\u00f0 lengdina \u00feegar d\u00e6lan og bl\u00f6ndunart\u00e6ki\u00f0 er komi\u00f0 fyrir.<\/p>\n<p>Vinsamlegast sj\u00e1\u00f0u mynd 12 fyrir lykil.<\/p>\n<p>ABCDE<\/p>\n<p>2 hringr\u00e1s UFH greinisett 320mm 210mm 50mm 276mm 90mm<\/p>\n<p>3ja hringa UFH greinisett 320mm 210mm 50mm 326mm 90mm<\/p>\n<p>4 hringa UFH greinisett 320mm 210mm 50mm 376mm 90mm<\/p>\n<p>5 hringa UFH greinisett 320mm 210mm 50mm 426mm 90mm<\/p>\n<p>6 r\u00e1sa UFH greinisett 320mm 210mm 50mm 476mm 90mm<\/p>\n<p>7 hringa UFH greinisett 320mm 210mm 50mm 526mm 90mm<\/p>\n<p>8 hringa UFH greinisett 320mm 210mm 50mm 576mm 90mm<\/p>\n<p>9 r\u00e1sa UFH greinisett 320mm 210mm 50mm 626mm 90mm<\/p>\n<p>10 r\u00e1sa UFH greinisett 320mm 210mm 50mm 676mm 90mm<\/p>\n<p>11 hringr\u00e1s UFH greinisett 320mm 210mm 50mm 726mm 90mm<\/p>\n<p>12 hringa UFH greinisett 320mm 210mm 50mm 776mm 90mm<\/p>\n<p>&nbsp;<\/p>\n<p><strong>G\u00f3lfhiti:<\/strong><\/p>\n<p>The Floor Heating Site er einn af lei\u00f0andi g\u00f3lfhitabirgjum Bretlands, studdur af lei\u00f0andi birgjum i\u00f0na\u00f0arins me\u00f0 margra \u00e1ra \u00feekkingu \u00ed g\u00f3lfhitai\u00f0na\u00f0inum. Vi\u00f0 erum sta\u00f0r\u00e1\u00f0in \u00ed a\u00f0 \u00fatvega bestu g\u00e6\u00f0a g\u00f3lfhitav\u00f6rur \u00e1 vi\u00f0r\u00e1\u00f0anlegu ver\u00f0i og \u00feetta er stutt af fyrsta flokks \u00fej\u00f3nustu vi\u00f0 vi\u00f0skiptavini og r\u00e1\u00f0gj\u00f6f. Hvort sem \u00fe\u00fa ert bara a\u00f0 fl\u00edsalaga l\u00edti\u00f0 ba\u00f0herbergi e\u00f0a leita a\u00f0 fullkomnu heimilishitakerfi erum vi\u00f0 \u00feess fullviss a\u00f0 vi\u00f0 h\u00f6fum r\u00e9tta kerfi\u00f0 fyrir \u00feig.<\/p>\n<p>\u00darvali\u00f0 okkar inniheldur vatnsg\u00f3lfhitasett e\u00f0a bara g\u00f3lfhitagreinina, g\u00f3lfhitap\u00edpu, upphita\u00f0a g\u00f3lfmottu, \u00f3keypis kapal, einangrun, speglahreinsunarp\u00fa\u00f0a, auk margra vara.<\/p>\n","protected":false},"excerpt":{"rendered":"<p>G\u00f3lfhitagrein me\u00f0 d\u00e6lupakka og lokum \u2013 bio amg A flokku\u00f0 d\u00e6la \u20137 tengi Hva\u00f0 er innifali\u00f0 \u00ed d\u00e6lu- og dreifipakkningunum okkar? G\u00f3lfhitagreinum fylgja: &#8222;A&#8220; Metinn ibo d\u00e6lupakki. Innifali\u00f0 atri\u00f0i: 1 x forsett dreifikerfi me\u00f0 rennslism\u00e6lum 1 x endaloft 1 x \u00fer\u00fdstim\u00e6lir 2 x k\u00faluventlar 2 x hitam\u00e6lir (festur \u00e1 k\u00faluventla) 1 x m\u00e1lmbox Eurokeilur m\u00e1tun&hellip;<\/p>\n","protected":false},"featured_media":3139,"comment_status":"open","ping_status":"closed","template":"","meta":[],"product_cat":[807],"product_tag":[],"class_list":{"0":"post-14731","1":"product","2":"type-product","3":"status-publish","4":"has-post-thumbnail","6":"product_cat-dreifingaradilar-fyrir-golfhita","8":"first","9":"instock","10":"taxable","11":"shipping-taxable","12":"purchasable","13":"product-type-simple","14":"col-xs-6 col-sm-4","15":"col-md-4 col-lg-4","16":"un-3-cols"},"acf":[],"yoast_head":"<!-- This site is optimized with the Yoast SEO plugin v21.2 - https:\/\/yoast.com\/wordpress\/plugins\/seo\/ -->\n<title>G\u00f3lfhitagrein me\u00f0 d\u00e6lupakka og lokum \u2013 ibo amg A flokku\u00f0 d\u00e6la \u20137 hringr\u00e1sir<\/title>\n<meta name=\"description\" content=\"Order G\u00f3lfhitagrein me\u00f0 d\u00e6lupakka og lokum \u2013 ibo amg A flokku\u00f0 d\u00e6la \u20137 hringr\u00e1sir at a best price.\" \/>\n<meta name=\"robots\" content=\"index, follow, max-snippet:-1, max-image-preview:large, max-video-preview:-1\" \/>\n<link rel=\"canonical\" href=\"https:\/\/fluterm.eu\/is\/prod\/golfhitagrein-med-daelupakka-og-lokum-ibo-amg-a-flokkud-daela-7-hringrasir\/\" \/>\n<meta property=\"og:locale\" content=\"is_IS\" \/>\n<meta property=\"og:type\" content=\"article\" \/>\n<meta property=\"og:title\" content=\"G\u00f3lfhitagrein me\u00f0 d\u00e6lupakka og lokum \u2013 ibo amg A flokku\u00f0 d\u00e6la \u20137 hringr\u00e1sir\" \/>\n<meta property=\"og:description\" content=\"Order G\u00f3lfhitagrein me\u00f0 d\u00e6lupakka og lokum \u2013 ibo amg A flokku\u00f0 d\u00e6la \u20137 hringr\u00e1sir at a best price.\" \/>\n<meta property=\"og:url\" content=\"https:\/\/fluterm.eu\/is\/prod\/golfhitagrein-med-daelupakka-og-lokum-ibo-amg-a-flokkud-daela-7-hringrasir\/\" \/>\n<meta property=\"og:site_name\" content=\"fluterm.eu\" \/>\n<meta property=\"og:image\" content=\"https:\/\/fluterm.eu\/wp-content\/uploads\/2023\/06\/PROD-89.jpeg\" \/>\n\t<meta property=\"og:image:width\" content=\"2000\" \/>\n\t<meta property=\"og:image:height\" content=\"2000\" \/>\n\t<meta property=\"og:image:type\" content=\"image\/jpeg\" \/>\n<meta name=\"twitter:card\" content=\"summary_large_image\" \/>\n<meta name=\"twitter:label1\" content=\"Est. reading time\" \/>\n\t<meta name=\"twitter:data1\" content=\"2 minutes\" \/>\n<script type=\"application\/ld+json\" class=\"yoast-schema-graph\">{\"@context\":\"https:\/\/schema.org\",\"@graph\":[{\"@type\":\"WebPage\",\"@id\":\"https:\/\/fluterm.eu\/is\/prod\/golfhitagrein-med-daelupakka-og-lokum-ibo-amg-a-flokkud-daela-7-hringrasir\/\",\"url\":\"https:\/\/fluterm.eu\/is\/prod\/golfhitagrein-med-daelupakka-og-lokum-ibo-amg-a-flokkud-daela-7-hringrasir\/\",\"name\":\"G\u00f3lfhitagrein me\u00f0 d\u00e6lupakka og lokum \u2013 ibo amg A flokku\u00f0 d\u00e6la \u20137 hringr\u00e1sir\",\"isPartOf\":{\"@id\":\"https:\/\/fluterm.eu\/#website\"},\"datePublished\":\"2023-06-10T11:51:05+00:00\",\"dateModified\":\"2023-06-10T11:51:05+00:00\",\"description\":\"Order G\u00f3lfhitagrein me\u00f0 d\u00e6lupakka og lokum \u2013 ibo amg A flokku\u00f0 d\u00e6la \u20137 hringr\u00e1sir at a best price.\",\"breadcrumb\":{\"@id\":\"https:\/\/fluterm.eu\/is\/prod\/golfhitagrein-med-daelupakka-og-lokum-ibo-amg-a-flokkud-daela-7-hringrasir\/#breadcrumb\"},\"inLanguage\":\"is\",\"potentialAction\":[{\"@type\":\"ReadAction\",\"target\":[\"https:\/\/fluterm.eu\/is\/prod\/golfhitagrein-med-daelupakka-og-lokum-ibo-amg-a-flokkud-daela-7-hringrasir\/\"]}]},{\"@type\":\"BreadcrumbList\",\"@id\":\"https:\/\/fluterm.eu\/is\/prod\/golfhitagrein-med-daelupakka-og-lokum-ibo-amg-a-flokkud-daela-7-hringrasir\/#breadcrumb\",\"itemListElement\":[{\"@type\":\"ListItem\",\"position\":1,\"name\":\"Home\",\"item\":\"https:\/\/fluterm.eu\/is\/verslun\/\"},{\"@type\":\"ListItem\",\"position\":2,\"name\":\"Verslun\",\"item\":\"https:\/\/fluterm.eu\/is\/verslun\/\"},{\"@type\":\"ListItem\",\"position\":3,\"name\":\"G\u00f3lfhitagrein me\u00f0 d\u00e6lupakka og lokum \u2013 ibo amg A flokku\u00f0 d\u00e6la \u20137 hringr\u00e1sir\"}]},{\"@type\":\"WebSite\",\"@id\":\"https:\/\/fluterm.eu\/#website\",\"url\":\"https:\/\/fluterm.eu\/\",\"name\":\"fluterm.eu\",\"description\":\"\",\"potentialAction\":[{\"@type\":\"SearchAction\",\"target\":{\"@type\":\"EntryPoint\",\"urlTemplate\":\"https:\/\/fluterm.eu\/?s={search_term_string}\"},\"query-input\":\"required name=search_term_string\"}],\"inLanguage\":\"is\"}]}<\/script>\n<!-- \/ Yoast SEO plugin. -->","yoast_head_json":{"title":"G\u00f3lfhitagrein me\u00f0 d\u00e6lupakka og lokum \u2013 ibo amg A flokku\u00f0 d\u00e6la \u20137 hringr\u00e1sir","description":"Order G\u00f3lfhitagrein me\u00f0 d\u00e6lupakka og lokum \u2013 ibo amg A flokku\u00f0 d\u00e6la \u20137 hringr\u00e1sir at a best price.","robots":{"index":"index","follow":"follow","max-snippet":"max-snippet:-1","max-image-preview":"max-image-preview:large","max-video-preview":"max-video-preview:-1"},"canonical":"https:\/\/fluterm.eu\/is\/prod\/golfhitagrein-med-daelupakka-og-lokum-ibo-amg-a-flokkud-daela-7-hringrasir\/","og_locale":"is_IS","og_type":"article","og_title":"G\u00f3lfhitagrein me\u00f0 d\u00e6lupakka og lokum \u2013 ibo amg A flokku\u00f0 d\u00e6la \u20137 hringr\u00e1sir","og_description":"Order G\u00f3lfhitagrein me\u00f0 d\u00e6lupakka og lokum \u2013 ibo amg A flokku\u00f0 d\u00e6la \u20137 hringr\u00e1sir at a best price.","og_url":"https:\/\/fluterm.eu\/is\/prod\/golfhitagrein-med-daelupakka-og-lokum-ibo-amg-a-flokkud-daela-7-hringrasir\/","og_site_name":"fluterm.eu","og_image":[{"width":2000,"height":2000,"url":"https:\/\/fluterm.eu\/wp-content\/uploads\/2023\/06\/PROD-89.jpeg","type":"image\/jpeg"}],"twitter_card":"summary_large_image","twitter_misc":{"Est. reading time":"2 minutes"},"schema":{"@context":"https:\/\/schema.org","@graph":[{"@type":"WebPage","@id":"https:\/\/fluterm.eu\/is\/prod\/golfhitagrein-med-daelupakka-og-lokum-ibo-amg-a-flokkud-daela-7-hringrasir\/","url":"https:\/\/fluterm.eu\/is\/prod\/golfhitagrein-med-daelupakka-og-lokum-ibo-amg-a-flokkud-daela-7-hringrasir\/","name":"G\u00f3lfhitagrein me\u00f0 d\u00e6lupakka og lokum \u2013 ibo amg A flokku\u00f0 d\u00e6la \u20137 hringr\u00e1sir","isPartOf":{"@id":"https:\/\/fluterm.eu\/#website"},"datePublished":"2023-06-10T11:51:05+00:00","dateModified":"2023-06-10T11:51:05+00:00","description":"Order G\u00f3lfhitagrein me\u00f0 d\u00e6lupakka og lokum \u2013 ibo amg A flokku\u00f0 d\u00e6la \u20137 hringr\u00e1sir at a best price.","breadcrumb":{"@id":"https:\/\/fluterm.eu\/is\/prod\/golfhitagrein-med-daelupakka-og-lokum-ibo-amg-a-flokkud-daela-7-hringrasir\/#breadcrumb"},"inLanguage":"is","potentialAction":[{"@type":"ReadAction","target":["https:\/\/fluterm.eu\/is\/prod\/golfhitagrein-med-daelupakka-og-lokum-ibo-amg-a-flokkud-daela-7-hringrasir\/"]}]},{"@type":"BreadcrumbList","@id":"https:\/\/fluterm.eu\/is\/prod\/golfhitagrein-med-daelupakka-og-lokum-ibo-amg-a-flokkud-daela-7-hringrasir\/#breadcrumb","itemListElement":[{"@type":"ListItem","position":1,"name":"Home","item":"https:\/\/fluterm.eu\/is\/verslun\/"},{"@type":"ListItem","position":2,"name":"Verslun","item":"https:\/\/fluterm.eu\/is\/verslun\/"},{"@type":"ListItem","position":3,"name":"G\u00f3lfhitagrein me\u00f0 d\u00e6lupakka og lokum \u2013 ibo amg A flokku\u00f0 d\u00e6la \u20137 hringr\u00e1sir"}]},{"@type":"WebSite","@id":"https:\/\/fluterm.eu\/#website","url":"https:\/\/fluterm.eu\/","name":"fluterm.eu","description":"","potentialAction":[{"@type":"SearchAction","target":{"@type":"EntryPoint","urlTemplate":"https:\/\/fluterm.eu\/?s={search_term_string}"},"query-input":"required name=search_term_string"}],"inLanguage":"is"}]}},"_links":{"self":[{"href":"https:\/\/fluterm.eu\/is\/wp-json\/wp\/v2\/product\/14731","targetHints":{"allow":["GET"]}}],"collection":[{"href":"https:\/\/fluterm.eu\/is\/wp-json\/wp\/v2\/product"}],"about":[{"href":"https:\/\/fluterm.eu\/is\/wp-json\/wp\/v2\/types\/product"}],"replies":[{"embeddable":true,"href":"https:\/\/fluterm.eu\/is\/wp-json\/wp\/v2\/comments?post=14731"}],"version-history":[{"count":0,"href":"https:\/\/fluterm.eu\/is\/wp-json\/wp\/v2\/product\/14731\/revisions"}],"wp:featuredmedia":[{"embeddable":true,"href":"https:\/\/fluterm.eu\/is\/wp-json\/wp\/v2\/media\/3139"}],"wp:attachment":[{"href":"https:\/\/fluterm.eu\/is\/wp-json\/wp\/v2\/media?parent=14731"}],"wp:term":[{"taxonomy":"product_cat","embeddable":true,"href":"https:\/\/fluterm.eu\/is\/wp-json\/wp\/v2\/product_cat?post=14731"},{"taxonomy":"product_tag","embeddable":true,"href":"https:\/\/fluterm.eu\/is\/wp-json\/wp\/v2\/product_tag?post=14731"}],"curies":[{"name":"wp","href":"https:\/\/api.w.org\/{rel}","templated":true}]}}