{"id":14815,"date":"2023-06-10T14:51:05","date_gmt":"2023-06-10T11:51:05","guid":{"rendered":"https:\/\/fluterm.eu\/prod\/golfhitapakki-60m2\/"},"modified":"2023-06-10T14:51:05","modified_gmt":"2023-06-10T11:51:05","slug":"golfhitapakki-60-80m2","status":"publish","type":"product","link":"https:\/\/fluterm.eu\/is\/prod\/golfhitapakki-60-80m2\/","title":{"rendered":"G\u00f3lfhitapakki 60m2"},"content":{"rendered":"<div>\u00dea\u00f0 er a\u00f0eins skref \u00ed burtu a\u00f0 b\u00faa til hi\u00f0 fullkomna g\u00f3lfhitakerfi fyrir heimili \u00feitt e\u00f0a atvinnuh\u00fasn\u00e6\u00f0i me\u00f0 fullkomnu g\u00f3lfhitakerfi okkar fyrir heitt vatn. Me\u00f0 n\u00e6gilega p\u00edpulengd til a\u00f0 \u00feekja 60m\u00b2, hefur allar h\u00e1g\u00e6\u00f0a v\u00f6rur og hlutar sem \u00fe\u00fa g\u00e6tir b\u00faist vi\u00f0.<\/div>\n<div><\/div>\n<p>Pipe &amp; Clip g\u00f3lfhitakerfi\u00f0 er einfalt \u00ed uppsetningu, Pex lag r\u00f6ri\u00f0 er klippt inn \u00ed einangrunarlagi\u00f0 \u00e1\u00f0ur en skr\u00fafi\u00f0 er anna\u00f0hvort sett \u00e1 spa\u00f0a e\u00f0a hellt \u00e1 flj\u00f3tandi skri\u00f0.<\/p>\n<div>Vi\u00f0 m\u00e6lum alltaf me\u00f0 \u00fev\u00ed a\u00f0 r\u00f6ri\u00f0 s\u00e9 klippt n\u00e1kv\u00e6mlega og \u00fatskori\u00f0 til a\u00f0 tryggja g\u00f3\u00f0a tengingu vi\u00f0 festingar og koma \u00ed veg fyrir leka.<\/div>\n<div><\/div>\n<div><b>Upphitunarsett &#8211; 60,0m\u00b2:<\/b><\/div>\n<div><\/div>\n<div>\n<ul>\n<li>600 metrar 16x2mm pex a p\u00edpa l\u00edft\u00edma \u00e1byrg\u00f0<\/li>\n<li>&#8222;A&#8220; meti\u00f0 Low Energy bio amg d\u00e6la og thermomix sj\u00e1lfvirkur bl\u00f6ndunarventill<\/li>\n<li>6 Port margv\u00edslegi &#8211; H\u00e1g\u00e6\u00f0a nikkelh\u00fa\u00f0a\u00f0ur kopar me\u00f0 tv\u00edbl\u00f6ndu\u00f0u dreifib\u00fana\u00f0i<\/li>\n<li>2 x Vatnsrennslis-\/\u00e1fyllingarlokar<\/li>\n<li>2 x K\u00faluventlar fyrir hitam\u00e6li<\/li>\n<li>2 x sj\u00e1lfvirkir bl\u00e6\u00f0ingarlokar<\/li>\n<li>12 x 16 mm r\u00f6rtengi (Eurocone)<\/li>\n<li>1500 High Grip p\u00edpuklemmur<\/li>\n<li>50m br\u00fan einangrun<\/li>\n<li>\u00e1lpapp\u00edr 60m2<\/li>\n<\/ul>\n<p>G\u00f3lf\u00feekja: 60,0m\u00b2 &#8211; 80,0m\u00b2<br \/>\n&#8211; 60,0m\u00b2 @ 100mm bil fyrir sv\u00e6\u00f0i me\u00f0 miki\u00f0 hitatap (s\u00f3lastofur)<br \/>\n&#8211; 80,0m\u00b2 @ 150mm bil fyrir a\u00f0alhitun (stofa, ba\u00f0herbergi, svefnherbergi)<\/p>\n<p>Fyrir allar uppl\u00fdsingar e\u00f0a breytingar, vinsamlegast skrifa\u00f0u okkur \u00e1 whatsapp<\/p>\n<p>Vi\u00f0 bj\u00f3\u00f0um upp \u00e1 \u00f3keypis uppsetningarstu\u00f0ning e\u00f0a uppsetningar\u00fej\u00f3nustu gegn gjaldi.<\/p>\n<\/div>\n","protected":false},"excerpt":{"rendered":"<p>g\u00f3lfhitasett 60-80m2<\/p>\n","protected":false},"featured_media":2719,"comment_status":"open","ping_status":"closed","template":"","meta":[],"product_cat":[877],"product_tag":[],"class_list":{"0":"post-14815","1":"product","2":"type-product","3":"status-publish","4":"has-post-thumbnail","6":"product_cat-heildar-golfhitapakkar","8":"first","9":"instock","10":"sale","11":"taxable","12":"shipping-taxable","13":"purchasable","14":"product-type-simple","15":"col-xs-6 col-sm-4","16":"col-md-4 col-lg-4","17":"un-3-cols"},"acf":[],"yoast_head":"<!-- This site is optimized with the Yoast SEO plugin v21.2 - https:\/\/yoast.com\/wordpress\/plugins\/seo\/ -->\n<title>G\u00f3lfhitapakki 60m2<\/title>\n<meta name=\"description\" content=\"Order G\u00f3lfhitapakki 60m2 at a best price.\" \/>\n<meta name=\"robots\" content=\"index, follow, max-snippet:-1, max-image-preview:large, max-video-preview:-1\" \/>\n<link rel=\"canonical\" href=\"https:\/\/fluterm.eu\/is\/prod\/golfhitapakki-60m2\/\" \/>\n<meta property=\"og:locale\" content=\"is_IS\" \/>\n<meta property=\"og:type\" content=\"article\" \/>\n<meta property=\"og:title\" content=\"G\u00f3lfhitapakki 60m2\" \/>\n<meta property=\"og:description\" content=\"Order G\u00f3lfhitapakki 60m2 at a best price.\" \/>\n<meta property=\"og:url\" content=\"https:\/\/fluterm.eu\/is\/prod\/golfhitapakki-60m2\/\" \/>\n<meta property=\"og:site_name\" content=\"fluterm.eu\" \/>\n<meta property=\"og:image\" content=\"https:\/\/fluterm.eu\/wp-content\/uploads\/2023\/06\/D72BC663-54AE-4196-8110-C389DC35D32C.jpeg\" \/>\n\t<meta property=\"og:image:width\" content=\"2048\" \/>\n\t<meta property=\"og:image:height\" content=\"2048\" \/>\n\t<meta property=\"og:image:type\" content=\"image\/jpeg\" \/>\n<meta name=\"twitter:card\" content=\"summary_large_image\" \/>\n<meta name=\"twitter:label1\" content=\"Est. reading time\" \/>\n\t<meta name=\"twitter:data1\" content=\"1 minute\" \/>\n<script type=\"application\/ld+json\" class=\"yoast-schema-graph\">{\"@context\":\"https:\/\/schema.org\",\"@graph\":[{\"@type\":\"WebPage\",\"@id\":\"https:\/\/fluterm.eu\/is\/prod\/golfhitapakki-60m2\/\",\"url\":\"https:\/\/fluterm.eu\/is\/prod\/golfhitapakki-60m2\/\",\"name\":\"G\u00f3lfhitapakki 60m2\",\"isPartOf\":{\"@id\":\"https:\/\/fluterm.eu\/#website\"},\"datePublished\":\"2023-06-10T11:51:05+00:00\",\"dateModified\":\"2023-06-10T11:51:05+00:00\",\"description\":\"Order G\u00f3lfhitapakki 60m2 at a best price.\",\"breadcrumb\":{\"@id\":\"https:\/\/fluterm.eu\/is\/prod\/golfhitapakki-60m2\/#breadcrumb\"},\"inLanguage\":\"is\",\"potentialAction\":[{\"@type\":\"ReadAction\",\"target\":[\"https:\/\/fluterm.eu\/is\/prod\/golfhitapakki-60m2\/\"]}]},{\"@type\":\"BreadcrumbList\",\"@id\":\"https:\/\/fluterm.eu\/is\/prod\/golfhitapakki-60m2\/#breadcrumb\",\"itemListElement\":[{\"@type\":\"ListItem\",\"position\":1,\"name\":\"Home\",\"item\":\"https:\/\/fluterm.eu\/is\/verslun\/\"},{\"@type\":\"ListItem\",\"position\":2,\"name\":\"Verslun\",\"item\":\"https:\/\/fluterm.eu\/is\/verslun\/\"},{\"@type\":\"ListItem\",\"position\":3,\"name\":\"G\u00f3lfhitapakki 60m2\"}]},{\"@type\":\"WebSite\",\"@id\":\"https:\/\/fluterm.eu\/#website\",\"url\":\"https:\/\/fluterm.eu\/\",\"name\":\"fluterm.eu\",\"description\":\"\",\"potentialAction\":[{\"@type\":\"SearchAction\",\"target\":{\"@type\":\"EntryPoint\",\"urlTemplate\":\"https:\/\/fluterm.eu\/?s={search_term_string}\"},\"query-input\":\"required name=search_term_string\"}],\"inLanguage\":\"is\"}]}<\/script>\n<!-- \/ Yoast SEO plugin. -->","yoast_head_json":{"title":"G\u00f3lfhitapakki 60m2","description":"Order G\u00f3lfhitapakki 60m2 at a best price.","robots":{"index":"index","follow":"follow","max-snippet":"max-snippet:-1","max-image-preview":"max-image-preview:large","max-video-preview":"max-video-preview:-1"},"canonical":"https:\/\/fluterm.eu\/is\/prod\/golfhitapakki-60m2\/","og_locale":"is_IS","og_type":"article","og_title":"G\u00f3lfhitapakki 60m2","og_description":"Order G\u00f3lfhitapakki 60m2 at a best price.","og_url":"https:\/\/fluterm.eu\/is\/prod\/golfhitapakki-60m2\/","og_site_name":"fluterm.eu","og_image":[{"width":2048,"height":2048,"url":"https:\/\/fluterm.eu\/wp-content\/uploads\/2023\/06\/D72BC663-54AE-4196-8110-C389DC35D32C.jpeg","type":"image\/jpeg"}],"twitter_card":"summary_large_image","twitter_misc":{"Est. reading time":"1 minute"},"schema":{"@context":"https:\/\/schema.org","@graph":[{"@type":"WebPage","@id":"https:\/\/fluterm.eu\/is\/prod\/golfhitapakki-60m2\/","url":"https:\/\/fluterm.eu\/is\/prod\/golfhitapakki-60m2\/","name":"G\u00f3lfhitapakki 60m2","isPartOf":{"@id":"https:\/\/fluterm.eu\/#website"},"datePublished":"2023-06-10T11:51:05+00:00","dateModified":"2023-06-10T11:51:05+00:00","description":"Order G\u00f3lfhitapakki 60m2 at a best price.","breadcrumb":{"@id":"https:\/\/fluterm.eu\/is\/prod\/golfhitapakki-60m2\/#breadcrumb"},"inLanguage":"is","potentialAction":[{"@type":"ReadAction","target":["https:\/\/fluterm.eu\/is\/prod\/golfhitapakki-60m2\/"]}]},{"@type":"BreadcrumbList","@id":"https:\/\/fluterm.eu\/is\/prod\/golfhitapakki-60m2\/#breadcrumb","itemListElement":[{"@type":"ListItem","position":1,"name":"Home","item":"https:\/\/fluterm.eu\/is\/verslun\/"},{"@type":"ListItem","position":2,"name":"Verslun","item":"https:\/\/fluterm.eu\/is\/verslun\/"},{"@type":"ListItem","position":3,"name":"G\u00f3lfhitapakki 60m2"}]},{"@type":"WebSite","@id":"https:\/\/fluterm.eu\/#website","url":"https:\/\/fluterm.eu\/","name":"fluterm.eu","description":"","potentialAction":[{"@type":"SearchAction","target":{"@type":"EntryPoint","urlTemplate":"https:\/\/fluterm.eu\/?s={search_term_string}"},"query-input":"required name=search_term_string"}],"inLanguage":"is"}]}},"_links":{"self":[{"href":"https:\/\/fluterm.eu\/is\/wp-json\/wp\/v2\/product\/14815","targetHints":{"allow":["GET"]}}],"collection":[{"href":"https:\/\/fluterm.eu\/is\/wp-json\/wp\/v2\/product"}],"about":[{"href":"https:\/\/fluterm.eu\/is\/wp-json\/wp\/v2\/types\/product"}],"replies":[{"embeddable":true,"href":"https:\/\/fluterm.eu\/is\/wp-json\/wp\/v2\/comments?post=14815"}],"version-history":[{"count":0,"href":"https:\/\/fluterm.eu\/is\/wp-json\/wp\/v2\/product\/14815\/revisions"}],"wp:featuredmedia":[{"embeddable":true,"href":"https:\/\/fluterm.eu\/is\/wp-json\/wp\/v2\/media\/2719"}],"wp:attachment":[{"href":"https:\/\/fluterm.eu\/is\/wp-json\/wp\/v2\/media?parent=14815"}],"wp:term":[{"taxonomy":"product_cat","embeddable":true,"href":"https:\/\/fluterm.eu\/is\/wp-json\/wp\/v2\/product_cat?post=14815"},{"taxonomy":"product_tag","embeddable":true,"href":"https:\/\/fluterm.eu\/is\/wp-json\/wp\/v2\/product_tag?post=14815"}],"curies":[{"name":"wp","href":"https:\/\/api.w.org\/{rel}","templated":true}]}}