{"id":15070,"date":"2023-07-17T20:33:34","date_gmt":"2023-07-17T17:33:34","guid":{"rendered":"https:\/\/fluterm.eu\/prod\/uponor-smatrix-pulse-stafraenn-hitastillir\/"},"modified":"2023-07-17T20:33:34","modified_gmt":"2023-07-17T17:33:34","slug":"uponor-smatrix-pulse-digital-hitastillir-2","status":"publish","type":"product","link":"https:\/\/fluterm.eu\/is\/prod\/uponor-smatrix-pulse-digital-hitastillir-2\/","title":{"rendered":"Uponor Smatrix Pulse stafr\u00e6nn hitastillir"},"content":{"rendered":"<h1 class=\"StyledTitle-sc-8c9c6r jUevoN\">Smatrix Pulse stafr\u00e6nir hitastillar<\/h1>\n<div class=\"StyledDescription-sc-bq5nix hfyfVf\">\n<div class=\"StyledRichText-sc-1dnstbl bmohoz\">\n<p>Smatrix Pulse veitir n\u00e1kv\u00e6ma \u00fer\u00e1\u00f0lausa stj\u00f3rn \u00e1 geislandi g\u00f3lfhita sem og \u00fevingu\u00f0u lofthita- og k\u00e6likerfi \u00ed einni lausn sem tengist snjallheimilisa\u00f0sto\u00f0armanni og er einnig h\u00e6gt a\u00f0 fjarst\u00fdra \u00ed gegnum Smatrix Pulse appi\u00f0.<\/p>\n<p>Smatrix Pulse Digital hitastillirinn (T-169) er starfh\u00e6fur hitaskynjari sem veitir n\u00e1kv\u00e6ma m\u00e6lingu \u00e1 hitauppstreymi. Hitastillirinn s\u00fdnir n\u00faverandi herbergishita, stillt hitastig e\u00f0a hlutfallslegan raka \u00e1 skj\u00e1num. Notandinn stillir hitastigi\u00f0 me\u00f0 hn\u00f6ppunum \u00e1 hli\u00f0 hitastillinum. Hitastillirinn tengist me\u00f0 \u00fer\u00e1\u00f0lausri t\u00e6kni vi\u00f0 Smatrix Pulse Controller (X-265), sem getur tengt allt a\u00f0 sex (6) hitastilla og \u00e1tta (8) st\u00fdrisb\u00fana\u00f0. St\u00fdringin st\u00fdrir st\u00fdrisb\u00fana\u00f0inum, sem aftur \u00e1 m\u00f3ti hafa \u00e1hrif \u00e1 fl\u00e6\u00f0i a\u00f0veituvatnsins til a\u00f0 breyta hitastigi innanh\u00fass me\u00f0 \u00fev\u00ed a\u00f0 nota uppl\u00fdsingar sem sendar eru fr\u00e1 skr\u00e1\u00f0um hitastillum og kerfisbreytum.<\/p>\n<\/div>\n<\/div>\n","protected":false},"excerpt":{"rendered":"<p>Smatrix Pulse stafr\u00e6nir hitastillar Smatrix Pulse veitir n\u00e1kv\u00e6ma \u00fer\u00e1\u00f0lausa stj\u00f3rn \u00e1 geislandi g\u00f3lfhita sem og \u00fevingu\u00f0u lofthita- og k\u00e6likerfi \u00ed einni lausn sem tengist snjallheimilisa\u00f0sto\u00f0armanni og er einnig h\u00e6gt a\u00f0 fjarst\u00fdra \u00ed gegnum Smatrix Pulse appi\u00f0. Smatrix Pulse Digital hitastillirinn (T-169) er starfh\u00e6fur hitaskynjari sem veitir n\u00e1kv\u00e6ma m\u00e6lingu \u00e1 hitauppstreymi. Hitastillirinn s\u00fdnir n\u00faverandi herbergishita, stillt&hellip;<\/p>\n","protected":false},"featured_media":4189,"comment_status":"open","ping_status":"closed","template":"","meta":[],"product_cat":[969],"product_tag":[],"class_list":{"0":"post-15070","1":"product","2":"type-product","3":"status-publish","4":"has-post-thumbnail","6":"product_cat-golfhita-sjalfvirkni","8":"first","9":"instock","10":"taxable","11":"shipping-taxable","12":"purchasable","13":"product-type-simple","14":"col-xs-6 col-sm-4","15":"col-md-4 col-lg-4","16":"un-3-cols"},"acf":[],"yoast_head":"<!-- This site is optimized with the Yoast SEO plugin v21.2 - https:\/\/yoast.com\/wordpress\/plugins\/seo\/ -->\n<title>Uponor Smatrix Pulse stafr\u00e6nn hitastillir<\/title>\n<meta name=\"description\" content=\"Order Uponor Smatrix Pulse stafr\u00e6nn hitastillir at a best price.\" \/>\n<meta name=\"robots\" content=\"index, follow, max-snippet:-1, max-image-preview:large, max-video-preview:-1\" \/>\n<link rel=\"canonical\" href=\"https:\/\/fluterm.eu\/is\/prod\/uponor-smatrix-pulse-stafraenn-hitastillir\/\" \/>\n<meta property=\"og:locale\" content=\"is_IS\" \/>\n<meta property=\"og:type\" content=\"article\" \/>\n<meta property=\"og:title\" content=\"Uponor Smatrix Pulse stafr\u00e6nn hitastillir\" \/>\n<meta property=\"og:description\" content=\"Order Uponor Smatrix Pulse stafr\u00e6nn hitastillir at a best price.\" \/>\n<meta property=\"og:url\" content=\"https:\/\/fluterm.eu\/is\/prod\/uponor-smatrix-pulse-stafraenn-hitastillir\/\" \/>\n<meta property=\"og:site_name\" content=\"fluterm.eu\" \/>\n<meta property=\"og:image\" content=\"https:\/\/fluterm.eu\/wp-content\/uploads\/2023\/07\/D9A9874D-9B81-41BC-8B90-1272ECCE4CE9.jpeg\" \/>\n\t<meta property=\"og:image:width\" content=\"432\" \/>\n\t<meta property=\"og:image:height\" content=\"432\" \/>\n\t<meta property=\"og:image:type\" content=\"image\/jpeg\" \/>\n<meta name=\"twitter:card\" content=\"summary_large_image\" \/>\n<meta name=\"twitter:label1\" content=\"Est. reading time\" \/>\n\t<meta name=\"twitter:data1\" content=\"1 minute\" \/>\n<script type=\"application\/ld+json\" class=\"yoast-schema-graph\">{\"@context\":\"https:\/\/schema.org\",\"@graph\":[{\"@type\":\"WebPage\",\"@id\":\"https:\/\/fluterm.eu\/is\/prod\/uponor-smatrix-pulse-stafraenn-hitastillir\/\",\"url\":\"https:\/\/fluterm.eu\/is\/prod\/uponor-smatrix-pulse-stafraenn-hitastillir\/\",\"name\":\"Uponor Smatrix Pulse stafr\u00e6nn hitastillir\",\"isPartOf\":{\"@id\":\"https:\/\/fluterm.eu\/#website\"},\"datePublished\":\"2023-07-17T17:33:34+00:00\",\"dateModified\":\"2023-07-17T17:33:34+00:00\",\"description\":\"Order Uponor Smatrix Pulse stafr\u00e6nn hitastillir at a best price.\",\"breadcrumb\":{\"@id\":\"https:\/\/fluterm.eu\/is\/prod\/uponor-smatrix-pulse-stafraenn-hitastillir\/#breadcrumb\"},\"inLanguage\":\"is\",\"potentialAction\":[{\"@type\":\"ReadAction\",\"target\":[\"https:\/\/fluterm.eu\/is\/prod\/uponor-smatrix-pulse-stafraenn-hitastillir\/\"]}]},{\"@type\":\"BreadcrumbList\",\"@id\":\"https:\/\/fluterm.eu\/is\/prod\/uponor-smatrix-pulse-stafraenn-hitastillir\/#breadcrumb\",\"itemListElement\":[{\"@type\":\"ListItem\",\"position\":1,\"name\":\"Home\",\"item\":\"https:\/\/fluterm.eu\/is\/verslun\/\"},{\"@type\":\"ListItem\",\"position\":2,\"name\":\"Verslun\",\"item\":\"https:\/\/fluterm.eu\/is\/verslun\/\"},{\"@type\":\"ListItem\",\"position\":3,\"name\":\"Uponor Smatrix Pulse stafr\u00e6nn hitastillir\"}]},{\"@type\":\"WebSite\",\"@id\":\"https:\/\/fluterm.eu\/#website\",\"url\":\"https:\/\/fluterm.eu\/\",\"name\":\"fluterm.eu\",\"description\":\"\",\"potentialAction\":[{\"@type\":\"SearchAction\",\"target\":{\"@type\":\"EntryPoint\",\"urlTemplate\":\"https:\/\/fluterm.eu\/?s={search_term_string}\"},\"query-input\":\"required name=search_term_string\"}],\"inLanguage\":\"is\"}]}<\/script>\n<!-- \/ Yoast SEO plugin. -->","yoast_head_json":{"title":"Uponor Smatrix Pulse stafr\u00e6nn hitastillir","description":"Order Uponor Smatrix Pulse stafr\u00e6nn hitastillir at a best price.","robots":{"index":"index","follow":"follow","max-snippet":"max-snippet:-1","max-image-preview":"max-image-preview:large","max-video-preview":"max-video-preview:-1"},"canonical":"https:\/\/fluterm.eu\/is\/prod\/uponor-smatrix-pulse-stafraenn-hitastillir\/","og_locale":"is_IS","og_type":"article","og_title":"Uponor Smatrix Pulse stafr\u00e6nn hitastillir","og_description":"Order Uponor Smatrix Pulse stafr\u00e6nn hitastillir at a best price.","og_url":"https:\/\/fluterm.eu\/is\/prod\/uponor-smatrix-pulse-stafraenn-hitastillir\/","og_site_name":"fluterm.eu","og_image":[{"width":432,"height":432,"url":"https:\/\/fluterm.eu\/wp-content\/uploads\/2023\/07\/D9A9874D-9B81-41BC-8B90-1272ECCE4CE9.jpeg","type":"image\/jpeg"}],"twitter_card":"summary_large_image","twitter_misc":{"Est. reading time":"1 minute"},"schema":{"@context":"https:\/\/schema.org","@graph":[{"@type":"WebPage","@id":"https:\/\/fluterm.eu\/is\/prod\/uponor-smatrix-pulse-stafraenn-hitastillir\/","url":"https:\/\/fluterm.eu\/is\/prod\/uponor-smatrix-pulse-stafraenn-hitastillir\/","name":"Uponor Smatrix Pulse stafr\u00e6nn hitastillir","isPartOf":{"@id":"https:\/\/fluterm.eu\/#website"},"datePublished":"2023-07-17T17:33:34+00:00","dateModified":"2023-07-17T17:33:34+00:00","description":"Order Uponor Smatrix Pulse stafr\u00e6nn hitastillir at a best price.","breadcrumb":{"@id":"https:\/\/fluterm.eu\/is\/prod\/uponor-smatrix-pulse-stafraenn-hitastillir\/#breadcrumb"},"inLanguage":"is","potentialAction":[{"@type":"ReadAction","target":["https:\/\/fluterm.eu\/is\/prod\/uponor-smatrix-pulse-stafraenn-hitastillir\/"]}]},{"@type":"BreadcrumbList","@id":"https:\/\/fluterm.eu\/is\/prod\/uponor-smatrix-pulse-stafraenn-hitastillir\/#breadcrumb","itemListElement":[{"@type":"ListItem","position":1,"name":"Home","item":"https:\/\/fluterm.eu\/is\/verslun\/"},{"@type":"ListItem","position":2,"name":"Verslun","item":"https:\/\/fluterm.eu\/is\/verslun\/"},{"@type":"ListItem","position":3,"name":"Uponor Smatrix Pulse stafr\u00e6nn hitastillir"}]},{"@type":"WebSite","@id":"https:\/\/fluterm.eu\/#website","url":"https:\/\/fluterm.eu\/","name":"fluterm.eu","description":"","potentialAction":[{"@type":"SearchAction","target":{"@type":"EntryPoint","urlTemplate":"https:\/\/fluterm.eu\/?s={search_term_string}"},"query-input":"required name=search_term_string"}],"inLanguage":"is"}]}},"_links":{"self":[{"href":"https:\/\/fluterm.eu\/is\/wp-json\/wp\/v2\/product\/15070","targetHints":{"allow":["GET"]}}],"collection":[{"href":"https:\/\/fluterm.eu\/is\/wp-json\/wp\/v2\/product"}],"about":[{"href":"https:\/\/fluterm.eu\/is\/wp-json\/wp\/v2\/types\/product"}],"replies":[{"embeddable":true,"href":"https:\/\/fluterm.eu\/is\/wp-json\/wp\/v2\/comments?post=15070"}],"version-history":[{"count":0,"href":"https:\/\/fluterm.eu\/is\/wp-json\/wp\/v2\/product\/15070\/revisions"}],"wp:featuredmedia":[{"embeddable":true,"href":"https:\/\/fluterm.eu\/is\/wp-json\/wp\/v2\/media\/4189"}],"wp:attachment":[{"href":"https:\/\/fluterm.eu\/is\/wp-json\/wp\/v2\/media?parent=15070"}],"wp:term":[{"taxonomy":"product_cat","embeddable":true,"href":"https:\/\/fluterm.eu\/is\/wp-json\/wp\/v2\/product_cat?post=15070"},{"taxonomy":"product_tag","embeddable":true,"href":"https:\/\/fluterm.eu\/is\/wp-json\/wp\/v2\/product_tag?post=15070"}],"curies":[{"name":"wp","href":"https:\/\/api.w.org\/{rel}","templated":true}]}}