{"id":15152,"date":"2023-07-17T21:00:30","date_gmt":"2023-07-17T18:00:30","guid":{"rendered":"https:\/\/fluterm.eu\/prod\/uponor-pakki-50m2-heill-golfhiti\/"},"modified":"2023-07-17T21:00:30","modified_gmt":"2023-07-17T18:00:30","slug":"uponor-pakki-50m2-heill-golfhiti","status":"publish","type":"product","link":"https:\/\/fluterm.eu\/is\/prod\/uponor-pakki-50m2-heill-golfhiti\/","title":{"rendered":"UPONOR Pakki 50m2 Heill g\u00f3lfhiti"},"content":{"rendered":"<p>\u00deessi g\u00f3lfhitapakki er tilvalin lausn til a\u00f0 hita hva\u00f0a h\u00fas sem er me\u00f0 flatarm\u00e1l 50m2. Pakkinn kemur heill, me\u00f0 \u00f6llu sem \u00fearf til a\u00f0 setja upp au\u00f0veldlega af hva\u00f0a uppsetningarforriti sem er.<\/p>\n<p>Pakkinn samanstendur af eftirfarandi v\u00f6rum:<\/p>\n<p>400m \u00d7 P\u00edpa me\u00f0 s\u00farefnishindrun per-xA DN 16\u00d72 uponor<\/p>\n<p>50m2 \u00d7 \u00e1lpapp\u00edr<\/p>\n<p>1 \u00d7 1&#8243; x 3\/4&#8243; EK 5-\u00e1tta UPONOR skila\/skila dreifisett me\u00f0 fl\u00e6\u00f0im\u00e6lum<\/p>\n<p>1 \u00d7 Stu\u00f0ningssett dreifingara\u00f0ila 1<\/p>\n<p>3 \u00d7 umhverfishitastillir \u00e1 e\u00f0a stratrix<\/p>\n<p>1 x smatrix tengigrunnur<\/p>\n<p>5 x servomotor uponor<\/p>\n<p>10 x Tengi fyrir pex 16\u00d73\/4 EK<\/p>\n<p>2 \u00d7 Dreifingarendahlutur me\u00f0 t\u00e6mingarloka og sj\u00e1lfvirkum loftopi<\/p>\n<p>1 \u00d7 Stillanlegur dreifibox<\/p>\n<p>2\u00d7 br\u00fan STRIP 25m<br \/>\n12 x plastbeygja 16-18<\/p>\n<p>1500 stykki taker fr\u00edmerki<\/p>\n","protected":false},"excerpt":{"rendered":"<p>\u00deessi g\u00f3lfhitapakki er tilvalin lausn til a\u00f0 hita hva\u00f0a h\u00fas sem er me\u00f0 flatarm\u00e1l 50m2. Pakkinn kemur heill, me\u00f0 \u00f6llu sem \u00fearf til a\u00f0 setja upp au\u00f0veldlega af hva\u00f0a uppsetningarforriti sem er. Pakkinn samanstendur af eftirfarandi v\u00f6rum: 400m \u00d7 P\u00edpa me\u00f0 s\u00farefnishindrun per-xA DN 16\u00d72 uponor 50m2 \u00d7 \u00e1lpapp\u00edr 1 \u00d7 1&#8243; x 3\/4&#8243; EK&hellip;<\/p>\n","protected":false},"featured_media":4084,"comment_status":"open","ping_status":"closed","template":"","meta":[],"product_cat":[877],"product_tag":[],"class_list":{"0":"post-15152","1":"product","2":"type-product","3":"status-publish","4":"has-post-thumbnail","6":"product_cat-heildar-golfhitapakkar","8":"first","9":"instock","10":"taxable","11":"shipping-taxable","12":"purchasable","13":"product-type-simple","14":"col-xs-6 col-sm-4","15":"col-md-4 col-lg-4","16":"un-3-cols"},"acf":[],"yoast_head":"<!-- This site is optimized with the Yoast SEO plugin v21.2 - https:\/\/yoast.com\/wordpress\/plugins\/seo\/ -->\n<title>UPONOR Pakki 50m2 Heill g\u00f3lfhiti<\/title>\n<meta name=\"description\" content=\"Order UPONOR Pakki 50m2 Heill g\u00f3lfhiti at a best price.\" \/>\n<meta name=\"robots\" content=\"index, follow, max-snippet:-1, max-image-preview:large, max-video-preview:-1\" \/>\n<link rel=\"canonical\" href=\"https:\/\/fluterm.eu\/is\/prod\/uponor-pakki-50m2-heill-golfhiti\/\" \/>\n<meta property=\"og:locale\" content=\"is_IS\" \/>\n<meta property=\"og:type\" content=\"article\" \/>\n<meta property=\"og:title\" content=\"UPONOR Pakki 50m2 Heill g\u00f3lfhiti\" \/>\n<meta property=\"og:description\" content=\"Order UPONOR Pakki 50m2 Heill g\u00f3lfhiti at a best price.\" \/>\n<meta property=\"og:url\" content=\"https:\/\/fluterm.eu\/is\/prod\/uponor-pakki-50m2-heill-golfhiti\/\" \/>\n<meta property=\"og:site_name\" content=\"fluterm.eu\" \/>\n<meta property=\"og:image\" content=\"https:\/\/fluterm.eu\/wp-content\/uploads\/2023\/07\/1B725B62-FDF1-4955-8370-D903E84DF488.jpeg\" \/>\n\t<meta property=\"og:image:width\" content=\"2048\" \/>\n\t<meta property=\"og:image:height\" content=\"2048\" \/>\n\t<meta property=\"og:image:type\" content=\"image\/jpeg\" \/>\n<meta name=\"twitter:card\" content=\"summary_large_image\" \/>\n<meta name=\"twitter:label1\" content=\"Est. reading time\" \/>\n\t<meta name=\"twitter:data1\" content=\"1 minute\" \/>\n<script type=\"application\/ld+json\" class=\"yoast-schema-graph\">{\"@context\":\"https:\/\/schema.org\",\"@graph\":[{\"@type\":\"WebPage\",\"@id\":\"https:\/\/fluterm.eu\/is\/prod\/uponor-pakki-50m2-heill-golfhiti\/\",\"url\":\"https:\/\/fluterm.eu\/is\/prod\/uponor-pakki-50m2-heill-golfhiti\/\",\"name\":\"UPONOR Pakki 50m2 Heill g\u00f3lfhiti\",\"isPartOf\":{\"@id\":\"https:\/\/fluterm.eu\/#website\"},\"datePublished\":\"2023-07-17T18:00:30+00:00\",\"dateModified\":\"2023-07-17T18:00:30+00:00\",\"description\":\"Order UPONOR Pakki 50m2 Heill g\u00f3lfhiti at a best price.\",\"breadcrumb\":{\"@id\":\"https:\/\/fluterm.eu\/is\/prod\/uponor-pakki-50m2-heill-golfhiti\/#breadcrumb\"},\"inLanguage\":\"is\",\"potentialAction\":[{\"@type\":\"ReadAction\",\"target\":[\"https:\/\/fluterm.eu\/is\/prod\/uponor-pakki-50m2-heill-golfhiti\/\"]}]},{\"@type\":\"BreadcrumbList\",\"@id\":\"https:\/\/fluterm.eu\/is\/prod\/uponor-pakki-50m2-heill-golfhiti\/#breadcrumb\",\"itemListElement\":[{\"@type\":\"ListItem\",\"position\":1,\"name\":\"Home\",\"item\":\"https:\/\/fluterm.eu\/is\/verslun\/\"},{\"@type\":\"ListItem\",\"position\":2,\"name\":\"Verslun\",\"item\":\"https:\/\/fluterm.eu\/is\/verslun\/\"},{\"@type\":\"ListItem\",\"position\":3,\"name\":\"UPONOR Pakki 50m2 Heill g\u00f3lfhiti\"}]},{\"@type\":\"WebSite\",\"@id\":\"https:\/\/fluterm.eu\/#website\",\"url\":\"https:\/\/fluterm.eu\/\",\"name\":\"fluterm.eu\",\"description\":\"\",\"potentialAction\":[{\"@type\":\"SearchAction\",\"target\":{\"@type\":\"EntryPoint\",\"urlTemplate\":\"https:\/\/fluterm.eu\/?s={search_term_string}\"},\"query-input\":\"required name=search_term_string\"}],\"inLanguage\":\"is\"}]}<\/script>\n<!-- \/ Yoast SEO plugin. -->","yoast_head_json":{"title":"UPONOR Pakki 50m2 Heill g\u00f3lfhiti","description":"Order UPONOR Pakki 50m2 Heill g\u00f3lfhiti at a best price.","robots":{"index":"index","follow":"follow","max-snippet":"max-snippet:-1","max-image-preview":"max-image-preview:large","max-video-preview":"max-video-preview:-1"},"canonical":"https:\/\/fluterm.eu\/is\/prod\/uponor-pakki-50m2-heill-golfhiti\/","og_locale":"is_IS","og_type":"article","og_title":"UPONOR Pakki 50m2 Heill g\u00f3lfhiti","og_description":"Order UPONOR Pakki 50m2 Heill g\u00f3lfhiti at a best price.","og_url":"https:\/\/fluterm.eu\/is\/prod\/uponor-pakki-50m2-heill-golfhiti\/","og_site_name":"fluterm.eu","og_image":[{"width":2048,"height":2048,"url":"https:\/\/fluterm.eu\/wp-content\/uploads\/2023\/07\/1B725B62-FDF1-4955-8370-D903E84DF488.jpeg","type":"image\/jpeg"}],"twitter_card":"summary_large_image","twitter_misc":{"Est. reading time":"1 minute"},"schema":{"@context":"https:\/\/schema.org","@graph":[{"@type":"WebPage","@id":"https:\/\/fluterm.eu\/is\/prod\/uponor-pakki-50m2-heill-golfhiti\/","url":"https:\/\/fluterm.eu\/is\/prod\/uponor-pakki-50m2-heill-golfhiti\/","name":"UPONOR Pakki 50m2 Heill g\u00f3lfhiti","isPartOf":{"@id":"https:\/\/fluterm.eu\/#website"},"datePublished":"2023-07-17T18:00:30+00:00","dateModified":"2023-07-17T18:00:30+00:00","description":"Order UPONOR Pakki 50m2 Heill g\u00f3lfhiti at a best price.","breadcrumb":{"@id":"https:\/\/fluterm.eu\/is\/prod\/uponor-pakki-50m2-heill-golfhiti\/#breadcrumb"},"inLanguage":"is","potentialAction":[{"@type":"ReadAction","target":["https:\/\/fluterm.eu\/is\/prod\/uponor-pakki-50m2-heill-golfhiti\/"]}]},{"@type":"BreadcrumbList","@id":"https:\/\/fluterm.eu\/is\/prod\/uponor-pakki-50m2-heill-golfhiti\/#breadcrumb","itemListElement":[{"@type":"ListItem","position":1,"name":"Home","item":"https:\/\/fluterm.eu\/is\/verslun\/"},{"@type":"ListItem","position":2,"name":"Verslun","item":"https:\/\/fluterm.eu\/is\/verslun\/"},{"@type":"ListItem","position":3,"name":"UPONOR Pakki 50m2 Heill g\u00f3lfhiti"}]},{"@type":"WebSite","@id":"https:\/\/fluterm.eu\/#website","url":"https:\/\/fluterm.eu\/","name":"fluterm.eu","description":"","potentialAction":[{"@type":"SearchAction","target":{"@type":"EntryPoint","urlTemplate":"https:\/\/fluterm.eu\/?s={search_term_string}"},"query-input":"required name=search_term_string"}],"inLanguage":"is"}]}},"_links":{"self":[{"href":"https:\/\/fluterm.eu\/is\/wp-json\/wp\/v2\/product\/15152","targetHints":{"allow":["GET"]}}],"collection":[{"href":"https:\/\/fluterm.eu\/is\/wp-json\/wp\/v2\/product"}],"about":[{"href":"https:\/\/fluterm.eu\/is\/wp-json\/wp\/v2\/types\/product"}],"replies":[{"embeddable":true,"href":"https:\/\/fluterm.eu\/is\/wp-json\/wp\/v2\/comments?post=15152"}],"version-history":[{"count":0,"href":"https:\/\/fluterm.eu\/is\/wp-json\/wp\/v2\/product\/15152\/revisions"}],"wp:featuredmedia":[{"embeddable":true,"href":"https:\/\/fluterm.eu\/is\/wp-json\/wp\/v2\/media\/4084"}],"wp:attachment":[{"href":"https:\/\/fluterm.eu\/is\/wp-json\/wp\/v2\/media?parent=15152"}],"wp:term":[{"taxonomy":"product_cat","embeddable":true,"href":"https:\/\/fluterm.eu\/is\/wp-json\/wp\/v2\/product_cat?post=15152"},{"taxonomy":"product_tag","embeddable":true,"href":"https:\/\/fluterm.eu\/is\/wp-json\/wp\/v2\/product_tag?post=15152"}],"curies":[{"name":"wp","href":"https:\/\/api.w.org\/{rel}","templated":true}]}}