{"id":15196,"date":"2023-07-08T12:16:25","date_gmt":"2023-07-08T09:16:25","guid":{"rendered":"https:\/\/fluterm.eu\/prod\/rehau-rautitan-stabil-25x37\/"},"modified":"2023-07-08T12:16:25","modified_gmt":"2023-07-08T09:16:25","slug":"rehau-rautitan-stabil-25x3-7","status":"publish","type":"product","link":"https:\/\/fluterm.eu\/is\/prod\/rehau-rautitan-stabil-25x3-7\/","title":{"rendered":"Rehau Rautitan Stabil 25X3,7"},"content":{"rendered":"<p>Alhli\u00f0a r\u00f6r Rehau RAUTITAN stabil er h\u00e6gt a\u00f0 nota \u00ed vatnsveitukerfi og hitakerfi. Hann er \u00far krosstengdu p\u00f3l\u00fdet\u00fdleni (PE-X\/AI\/PE). P\u00edpan er \u00ed samr\u00e6mi vi\u00f0 DIN 16892, DIN EN 573-3 og DVGW W542. Eldfimt flokkur B2. P\u00edpan er m\u00e1lu\u00f0 \u00ed silfurlitum.<\/p>\n<p>Rehau RAUTITAN st\u00f6\u00f0ugleiki p\u00edpa einkennist af endingu, \u00e1rei\u00f0anleika og einfaldleika mi\u00f0a\u00f0 vi\u00f0 a\u00f0st\u00e6\u00f0ur \u00e1 byggingarsv\u00e6\u00f0inu. Lagnirnar eru tengdar innr\u00e9ttingunum me\u00f0 Rehau uppsetningarm\u00f6ppum, \u00feannig a\u00f0 uppsetning lei\u00f0slunnar s\u00e9 einf\u00f6ld og \u00e1rei\u00f0anleg eins og h\u00e6gt er.<\/p>\n<p>P\u00edpan f\u00e6st \u00ed 25 m r\u00fallum, st\u00e6r\u00f0 25\u00d73,7 mm.<\/p>\n<table class=\"table-condensed\" cellspacing=\"1\">\n<tbody>\n<tr class=\"first\">\n<th>D<\/th>\n<th>S<\/th>\n<th>R\u00c1\u00d0M\u00c1L<\/th>\n<th>\u00deYNGD<\/th>\n<th>AFhendingareining<\/th>\n<\/tr>\n<tr>\n<th>MM<\/th>\n<th>MM<\/th>\n<th>L\/M<\/th>\n<th>KG\/M<\/th>\n<th>GETUM VI\u00d0 SKIPRA<\/th>\n<\/tr>\n<tr>\n<td>25<\/td>\n<td>3,7<\/td>\n<\/tr>\n<\/tbody>\n<\/table>\n","protected":false},"excerpt":{"rendered":"<p>Alhli\u00f0a r\u00f6r Rehau RAUTITAN stabil er h\u00e6gt a\u00f0 nota \u00ed vatnsveitukerfi og hitakerfi. Hann er \u00far krosstengdu p\u00f3l\u00fdet\u00fdleni (PE-X\/AI\/PE). P\u00edpan er \u00ed samr\u00e6mi vi\u00f0 DIN 16892, DIN EN 573-3 og DVGW W542. Eldfimt flokkur B2. P\u00edpan er m\u00e1lu\u00f0 \u00ed silfurlitum. Rehau RAUTITAN st\u00f6\u00f0ugleiki p\u00edpa einkennist af endingu, \u00e1rei\u00f0anleika og einfaldleika mi\u00f0a\u00f0 vi\u00f0 a\u00f0st\u00e6\u00f0ur \u00e1 byggingarsv\u00e6\u00f0inu.&hellip;<\/p>\n","protected":false},"featured_media":3391,"comment_status":"open","ping_status":"closed","template":"","meta":[],"product_cat":[990],"product_tag":[],"class_list":{"0":"post-15196","1":"product","2":"type-product","3":"status-publish","4":"has-post-thumbnail","6":"product_cat-fjollaga-samsett-ror-pexal","8":"first","9":"instock","10":"taxable","11":"shipping-taxable","12":"purchasable","13":"product-type-simple","14":"col-xs-6 col-sm-4","15":"col-md-4 col-lg-4","16":"un-3-cols"},"acf":[],"yoast_head":"<!-- This site is optimized with the Yoast SEO plugin v21.2 - https:\/\/yoast.com\/wordpress\/plugins\/seo\/ -->\n<title>Rehau Rautitan Stabil 25X3,7<\/title>\n<meta name=\"description\" content=\"Order Rehau Rautitan Stabil 25X3,7 at a best price.\" \/>\n<meta name=\"robots\" content=\"index, follow, max-snippet:-1, max-image-preview:large, max-video-preview:-1\" \/>\n<link rel=\"canonical\" href=\"https:\/\/fluterm.eu\/is\/prod\/rehau-rautitan-stabil-25x37\/\" \/>\n<meta property=\"og:locale\" content=\"is_IS\" \/>\n<meta property=\"og:type\" content=\"article\" \/>\n<meta property=\"og:title\" content=\"Rehau Rautitan Stabil 25X3,7\" \/>\n<meta property=\"og:description\" content=\"Order Rehau Rautitan Stabil 25X3,7 at a best price.\" \/>\n<meta property=\"og:url\" content=\"https:\/\/fluterm.eu\/is\/prod\/rehau-rautitan-stabil-25x37\/\" \/>\n<meta property=\"og:site_name\" content=\"fluterm.eu\" \/>\n<meta property=\"og:image\" content=\"https:\/\/fluterm.eu\/wp-content\/uploads\/2023\/07\/F924E67F-BEAB-4BD6-8BF6-89E00CB22654_4_5005_c.jpeg\" \/>\n\t<meta property=\"og:image:width\" content=\"224\" \/>\n\t<meta property=\"og:image:height\" content=\"224\" \/>\n\t<meta property=\"og:image:type\" content=\"image\/jpeg\" \/>\n<meta name=\"twitter:card\" content=\"summary_large_image\" \/>\n<meta name=\"twitter:label1\" content=\"Est. reading time\" \/>\n\t<meta name=\"twitter:data1\" content=\"1 minute\" \/>\n<script type=\"application\/ld+json\" class=\"yoast-schema-graph\">{\"@context\":\"https:\/\/schema.org\",\"@graph\":[{\"@type\":\"WebPage\",\"@id\":\"https:\/\/fluterm.eu\/is\/prod\/rehau-rautitan-stabil-25x37\/\",\"url\":\"https:\/\/fluterm.eu\/is\/prod\/rehau-rautitan-stabil-25x37\/\",\"name\":\"Rehau Rautitan Stabil 25X3,7\",\"isPartOf\":{\"@id\":\"https:\/\/fluterm.eu\/#website\"},\"datePublished\":\"2023-07-08T09:16:25+00:00\",\"dateModified\":\"2023-07-08T09:16:25+00:00\",\"description\":\"Order Rehau Rautitan Stabil 25X3,7 at a best price.\",\"breadcrumb\":{\"@id\":\"https:\/\/fluterm.eu\/is\/prod\/rehau-rautitan-stabil-25x37\/#breadcrumb\"},\"inLanguage\":\"is\",\"potentialAction\":[{\"@type\":\"ReadAction\",\"target\":[\"https:\/\/fluterm.eu\/is\/prod\/rehau-rautitan-stabil-25x37\/\"]}]},{\"@type\":\"BreadcrumbList\",\"@id\":\"https:\/\/fluterm.eu\/is\/prod\/rehau-rautitan-stabil-25x37\/#breadcrumb\",\"itemListElement\":[{\"@type\":\"ListItem\",\"position\":1,\"name\":\"Home\",\"item\":\"https:\/\/fluterm.eu\/is\/verslun\/\"},{\"@type\":\"ListItem\",\"position\":2,\"name\":\"Verslun\",\"item\":\"https:\/\/fluterm.eu\/is\/verslun\/\"},{\"@type\":\"ListItem\",\"position\":3,\"name\":\"Rehau Rautitan Stabil 25X3,7\"}]},{\"@type\":\"WebSite\",\"@id\":\"https:\/\/fluterm.eu\/#website\",\"url\":\"https:\/\/fluterm.eu\/\",\"name\":\"fluterm.eu\",\"description\":\"\",\"potentialAction\":[{\"@type\":\"SearchAction\",\"target\":{\"@type\":\"EntryPoint\",\"urlTemplate\":\"https:\/\/fluterm.eu\/?s={search_term_string}\"},\"query-input\":\"required name=search_term_string\"}],\"inLanguage\":\"is\"}]}<\/script>\n<!-- \/ Yoast SEO plugin. -->","yoast_head_json":{"title":"Rehau Rautitan Stabil 25X3,7","description":"Order Rehau Rautitan Stabil 25X3,7 at a best price.","robots":{"index":"index","follow":"follow","max-snippet":"max-snippet:-1","max-image-preview":"max-image-preview:large","max-video-preview":"max-video-preview:-1"},"canonical":"https:\/\/fluterm.eu\/is\/prod\/rehau-rautitan-stabil-25x37\/","og_locale":"is_IS","og_type":"article","og_title":"Rehau Rautitan Stabil 25X3,7","og_description":"Order Rehau Rautitan Stabil 25X3,7 at a best price.","og_url":"https:\/\/fluterm.eu\/is\/prod\/rehau-rautitan-stabil-25x37\/","og_site_name":"fluterm.eu","og_image":[{"width":224,"height":224,"url":"https:\/\/fluterm.eu\/wp-content\/uploads\/2023\/07\/F924E67F-BEAB-4BD6-8BF6-89E00CB22654_4_5005_c.jpeg","type":"image\/jpeg"}],"twitter_card":"summary_large_image","twitter_misc":{"Est. reading time":"1 minute"},"schema":{"@context":"https:\/\/schema.org","@graph":[{"@type":"WebPage","@id":"https:\/\/fluterm.eu\/is\/prod\/rehau-rautitan-stabil-25x37\/","url":"https:\/\/fluterm.eu\/is\/prod\/rehau-rautitan-stabil-25x37\/","name":"Rehau Rautitan Stabil 25X3,7","isPartOf":{"@id":"https:\/\/fluterm.eu\/#website"},"datePublished":"2023-07-08T09:16:25+00:00","dateModified":"2023-07-08T09:16:25+00:00","description":"Order Rehau Rautitan Stabil 25X3,7 at a best price.","breadcrumb":{"@id":"https:\/\/fluterm.eu\/is\/prod\/rehau-rautitan-stabil-25x37\/#breadcrumb"},"inLanguage":"is","potentialAction":[{"@type":"ReadAction","target":["https:\/\/fluterm.eu\/is\/prod\/rehau-rautitan-stabil-25x37\/"]}]},{"@type":"BreadcrumbList","@id":"https:\/\/fluterm.eu\/is\/prod\/rehau-rautitan-stabil-25x37\/#breadcrumb","itemListElement":[{"@type":"ListItem","position":1,"name":"Home","item":"https:\/\/fluterm.eu\/is\/verslun\/"},{"@type":"ListItem","position":2,"name":"Verslun","item":"https:\/\/fluterm.eu\/is\/verslun\/"},{"@type":"ListItem","position":3,"name":"Rehau Rautitan Stabil 25X3,7"}]},{"@type":"WebSite","@id":"https:\/\/fluterm.eu\/#website","url":"https:\/\/fluterm.eu\/","name":"fluterm.eu","description":"","potentialAction":[{"@type":"SearchAction","target":{"@type":"EntryPoint","urlTemplate":"https:\/\/fluterm.eu\/?s={search_term_string}"},"query-input":"required name=search_term_string"}],"inLanguage":"is"}]}},"_links":{"self":[{"href":"https:\/\/fluterm.eu\/is\/wp-json\/wp\/v2\/product\/15196","targetHints":{"allow":["GET"]}}],"collection":[{"href":"https:\/\/fluterm.eu\/is\/wp-json\/wp\/v2\/product"}],"about":[{"href":"https:\/\/fluterm.eu\/is\/wp-json\/wp\/v2\/types\/product"}],"replies":[{"embeddable":true,"href":"https:\/\/fluterm.eu\/is\/wp-json\/wp\/v2\/comments?post=15196"}],"version-history":[{"count":0,"href":"https:\/\/fluterm.eu\/is\/wp-json\/wp\/v2\/product\/15196\/revisions"}],"wp:featuredmedia":[{"embeddable":true,"href":"https:\/\/fluterm.eu\/is\/wp-json\/wp\/v2\/media\/3391"}],"wp:attachment":[{"href":"https:\/\/fluterm.eu\/is\/wp-json\/wp\/v2\/media?parent=15196"}],"wp:term":[{"taxonomy":"product_cat","embeddable":true,"href":"https:\/\/fluterm.eu\/is\/wp-json\/wp\/v2\/product_cat?post=15196"},{"taxonomy":"product_tag","embeddable":true,"href":"https:\/\/fluterm.eu\/is\/wp-json\/wp\/v2\/product_tag?post=15196"}],"curies":[{"name":"wp","href":"https:\/\/api.w.org\/{rel}","templated":true}]}}