{"id":15336,"date":"2023-07-14T21:58:24","date_gmt":"2023-07-14T18:58:24","guid":{"rendered":"https:\/\/fluterm.eu\/prod\/brass-manifold-sett-5-circuits-pexal-pipa-16x2-fyrir-ofna-fullbuid\/"},"modified":"2023-07-14T21:58:24","modified_gmt":"2023-07-14T18:58:24","slug":"kopar-greinisett-5-rasa-pexal-pipa-16x2-fyrir-ofna-fullbuid","status":"publish","type":"product","link":"https:\/\/fluterm.eu\/is\/prod\/kopar-greinisett-5-rasa-pexal-pipa-16x2-fyrir-ofna-fullbuid\/","title":{"rendered":"Brass Manifold Sett 5 Circuits pexal p\u00edpa 16\u00d72 fyrir ofna fullb\u00fai\u00f0"},"content":{"rendered":"<ol>\n<li>margv\u00edsleg<\/li>\n<li>veggsto\u00f0ir<\/li>\n<li>endasett me\u00f0 sj\u00e1lfvirkum loftopi<\/li>\n<li>k\u00faluventla<\/li>\n<li>eurokeila 16&#215;2<\/li>\n<li>sk\u00e1pur \u00far m\u00e1lmi<\/li>\n<\/ol>\n","protected":false},"excerpt":{"rendered":"<p>margv\u00edsleg veggsto\u00f0ir endasett me\u00f0 sj\u00e1lfvirkum loftopi k\u00faluventla eurokeila 16&#215;2 sk\u00e1pur \u00far m\u00e1lmi<\/p>\n","protected":false},"featured_media":3496,"comment_status":"open","ping_status":"closed","template":"","meta":[],"product_cat":[1032],"product_tag":[],"class_list":{"0":"post-15336","1":"product","2":"type-product","3":"status-publish","4":"has-post-thumbnail","6":"product_cat-ofnagreinir","8":"first","9":"instock","10":"taxable","11":"shipping-taxable","12":"purchasable","13":"product-type-simple","14":"col-xs-6 col-sm-4","15":"col-md-4 col-lg-4","16":"un-3-cols"},"acf":[],"yoast_head":"<!-- This site is optimized with the Yoast SEO plugin v21.2 - https:\/\/yoast.com\/wordpress\/plugins\/seo\/ -->\n<title>Brass Manifold Sett 5 Circuits pexal p\u00edpa 16\u00d72 fyrir ofna fullb\u00fai\u00f0<\/title>\n<meta name=\"description\" content=\"Order Brass Manifold Sett 5 Circuits pexal p\u00edpa 16\u00d72 fyrir ofna fullb\u00fai\u00f0 at a best price.\" \/>\n<meta name=\"robots\" content=\"index, follow, max-snippet:-1, max-image-preview:large, max-video-preview:-1\" \/>\n<link rel=\"canonical\" href=\"https:\/\/fluterm.eu\/is\/prod\/brass-manifold-sett-5-circuits-pexal-pipa-16x2-fyrir-ofna-fullbuid\/\" \/>\n<meta property=\"og:locale\" content=\"is_IS\" \/>\n<meta property=\"og:type\" content=\"article\" \/>\n<meta property=\"og:title\" content=\"Brass Manifold Sett 5 Circuits pexal p\u00edpa 16\u00d72 fyrir ofna fullb\u00fai\u00f0\" \/>\n<meta property=\"og:description\" content=\"Order Brass Manifold Sett 5 Circuits pexal p\u00edpa 16\u00d72 fyrir ofna fullb\u00fai\u00f0 at a best price.\" \/>\n<meta property=\"og:url\" content=\"https:\/\/fluterm.eu\/is\/prod\/brass-manifold-sett-5-circuits-pexal-pipa-16x2-fyrir-ofna-fullbuid\/\" \/>\n<meta property=\"og:site_name\" content=\"fluterm.eu\" \/>\n<meta property=\"og:image\" content=\"https:\/\/fluterm.eu\/wp-content\/uploads\/2023\/07\/BD620ABE-93E7-44DD-98F3-7B0E44F1669E.jpeg\" \/>\n\t<meta property=\"og:image:width\" content=\"2000\" \/>\n\t<meta property=\"og:image:height\" content=\"2000\" \/>\n\t<meta property=\"og:image:type\" content=\"image\/jpeg\" \/>\n<meta name=\"twitter:card\" content=\"summary_large_image\" \/>\n<script type=\"application\/ld+json\" class=\"yoast-schema-graph\">{\"@context\":\"https:\/\/schema.org\",\"@graph\":[{\"@type\":\"WebPage\",\"@id\":\"https:\/\/fluterm.eu\/is\/prod\/brass-manifold-sett-5-circuits-pexal-pipa-16x2-fyrir-ofna-fullbuid\/\",\"url\":\"https:\/\/fluterm.eu\/is\/prod\/brass-manifold-sett-5-circuits-pexal-pipa-16x2-fyrir-ofna-fullbuid\/\",\"name\":\"Brass Manifold Sett 5 Circuits pexal p\u00edpa 16\u00d72 fyrir ofna fullb\u00fai\u00f0\",\"isPartOf\":{\"@id\":\"https:\/\/fluterm.eu\/#website\"},\"datePublished\":\"2023-07-14T18:58:24+00:00\",\"dateModified\":\"2023-07-14T18:58:24+00:00\",\"description\":\"Order Brass Manifold Sett 5 Circuits pexal p\u00edpa 16\u00d72 fyrir ofna fullb\u00fai\u00f0 at a best price.\",\"breadcrumb\":{\"@id\":\"https:\/\/fluterm.eu\/is\/prod\/brass-manifold-sett-5-circuits-pexal-pipa-16x2-fyrir-ofna-fullbuid\/#breadcrumb\"},\"inLanguage\":\"is\",\"potentialAction\":[{\"@type\":\"ReadAction\",\"target\":[\"https:\/\/fluterm.eu\/is\/prod\/brass-manifold-sett-5-circuits-pexal-pipa-16x2-fyrir-ofna-fullbuid\/\"]}]},{\"@type\":\"BreadcrumbList\",\"@id\":\"https:\/\/fluterm.eu\/is\/prod\/brass-manifold-sett-5-circuits-pexal-pipa-16x2-fyrir-ofna-fullbuid\/#breadcrumb\",\"itemListElement\":[{\"@type\":\"ListItem\",\"position\":1,\"name\":\"Home\",\"item\":\"https:\/\/fluterm.eu\/is\/verslun\/\"},{\"@type\":\"ListItem\",\"position\":2,\"name\":\"Verslun\",\"item\":\"https:\/\/fluterm.eu\/is\/verslun\/\"},{\"@type\":\"ListItem\",\"position\":3,\"name\":\"Brass Manifold Sett 5 Circuits pexal p\u00edpa 16\u00d72 fyrir ofna fullb\u00fai\u00f0\"}]},{\"@type\":\"WebSite\",\"@id\":\"https:\/\/fluterm.eu\/#website\",\"url\":\"https:\/\/fluterm.eu\/\",\"name\":\"fluterm.eu\",\"description\":\"\",\"potentialAction\":[{\"@type\":\"SearchAction\",\"target\":{\"@type\":\"EntryPoint\",\"urlTemplate\":\"https:\/\/fluterm.eu\/?s={search_term_string}\"},\"query-input\":\"required name=search_term_string\"}],\"inLanguage\":\"is\"}]}<\/script>\n<!-- \/ Yoast SEO plugin. -->","yoast_head_json":{"title":"Brass Manifold Sett 5 Circuits pexal p\u00edpa 16\u00d72 fyrir ofna fullb\u00fai\u00f0","description":"Order Brass Manifold Sett 5 Circuits pexal p\u00edpa 16\u00d72 fyrir ofna fullb\u00fai\u00f0 at a best price.","robots":{"index":"index","follow":"follow","max-snippet":"max-snippet:-1","max-image-preview":"max-image-preview:large","max-video-preview":"max-video-preview:-1"},"canonical":"https:\/\/fluterm.eu\/is\/prod\/brass-manifold-sett-5-circuits-pexal-pipa-16x2-fyrir-ofna-fullbuid\/","og_locale":"is_IS","og_type":"article","og_title":"Brass Manifold Sett 5 Circuits pexal p\u00edpa 16\u00d72 fyrir ofna fullb\u00fai\u00f0","og_description":"Order Brass Manifold Sett 5 Circuits pexal p\u00edpa 16\u00d72 fyrir ofna fullb\u00fai\u00f0 at a best price.","og_url":"https:\/\/fluterm.eu\/is\/prod\/brass-manifold-sett-5-circuits-pexal-pipa-16x2-fyrir-ofna-fullbuid\/","og_site_name":"fluterm.eu","og_image":[{"width":2000,"height":2000,"url":"https:\/\/fluterm.eu\/wp-content\/uploads\/2023\/07\/BD620ABE-93E7-44DD-98F3-7B0E44F1669E.jpeg","type":"image\/jpeg"}],"twitter_card":"summary_large_image","schema":{"@context":"https:\/\/schema.org","@graph":[{"@type":"WebPage","@id":"https:\/\/fluterm.eu\/is\/prod\/brass-manifold-sett-5-circuits-pexal-pipa-16x2-fyrir-ofna-fullbuid\/","url":"https:\/\/fluterm.eu\/is\/prod\/brass-manifold-sett-5-circuits-pexal-pipa-16x2-fyrir-ofna-fullbuid\/","name":"Brass Manifold Sett 5 Circuits pexal p\u00edpa 16\u00d72 fyrir ofna fullb\u00fai\u00f0","isPartOf":{"@id":"https:\/\/fluterm.eu\/#website"},"datePublished":"2023-07-14T18:58:24+00:00","dateModified":"2023-07-14T18:58:24+00:00","description":"Order Brass Manifold Sett 5 Circuits pexal p\u00edpa 16\u00d72 fyrir ofna fullb\u00fai\u00f0 at a best price.","breadcrumb":{"@id":"https:\/\/fluterm.eu\/is\/prod\/brass-manifold-sett-5-circuits-pexal-pipa-16x2-fyrir-ofna-fullbuid\/#breadcrumb"},"inLanguage":"is","potentialAction":[{"@type":"ReadAction","target":["https:\/\/fluterm.eu\/is\/prod\/brass-manifold-sett-5-circuits-pexal-pipa-16x2-fyrir-ofna-fullbuid\/"]}]},{"@type":"BreadcrumbList","@id":"https:\/\/fluterm.eu\/is\/prod\/brass-manifold-sett-5-circuits-pexal-pipa-16x2-fyrir-ofna-fullbuid\/#breadcrumb","itemListElement":[{"@type":"ListItem","position":1,"name":"Home","item":"https:\/\/fluterm.eu\/is\/verslun\/"},{"@type":"ListItem","position":2,"name":"Verslun","item":"https:\/\/fluterm.eu\/is\/verslun\/"},{"@type":"ListItem","position":3,"name":"Brass Manifold Sett 5 Circuits pexal p\u00edpa 16\u00d72 fyrir ofna fullb\u00fai\u00f0"}]},{"@type":"WebSite","@id":"https:\/\/fluterm.eu\/#website","url":"https:\/\/fluterm.eu\/","name":"fluterm.eu","description":"","potentialAction":[{"@type":"SearchAction","target":{"@type":"EntryPoint","urlTemplate":"https:\/\/fluterm.eu\/?s={search_term_string}"},"query-input":"required name=search_term_string"}],"inLanguage":"is"}]}},"_links":{"self":[{"href":"https:\/\/fluterm.eu\/is\/wp-json\/wp\/v2\/product\/15336","targetHints":{"allow":["GET"]}}],"collection":[{"href":"https:\/\/fluterm.eu\/is\/wp-json\/wp\/v2\/product"}],"about":[{"href":"https:\/\/fluterm.eu\/is\/wp-json\/wp\/v2\/types\/product"}],"replies":[{"embeddable":true,"href":"https:\/\/fluterm.eu\/is\/wp-json\/wp\/v2\/comments?post=15336"}],"version-history":[{"count":0,"href":"https:\/\/fluterm.eu\/is\/wp-json\/wp\/v2\/product\/15336\/revisions"}],"wp:featuredmedia":[{"embeddable":true,"href":"https:\/\/fluterm.eu\/is\/wp-json\/wp\/v2\/media\/3496"}],"wp:attachment":[{"href":"https:\/\/fluterm.eu\/is\/wp-json\/wp\/v2\/media?parent=15336"}],"wp:term":[{"taxonomy":"product_cat","embeddable":true,"href":"https:\/\/fluterm.eu\/is\/wp-json\/wp\/v2\/product_cat?post=15336"},{"taxonomy":"product_tag","embeddable":true,"href":"https:\/\/fluterm.eu\/is\/wp-json\/wp\/v2\/product_tag?post=15336"}],"curies":[{"name":"wp","href":"https:\/\/api.w.org\/{rel}","templated":true}]}}