{"id":10697,"date":"2023-08-11T10:08:26","date_gmt":"2023-08-11T07:08:26","guid":{"rendered":"https:\/\/fluterm.eu\/prod\/strumento-uponor-taker\/"},"modified":"2023-09-06T13:36:08","modified_gmt":"2023-09-06T10:36:08","slug":"strumento-uponor-taker","status":"publish","type":"product","link":"https:\/\/fluterm.eu\/it\/prod\/strumento-uponor-taker\/","title":{"rendered":"Strumento Uponor Taker"},"content":{"rendered":"<p><span class=\"Y2IQFc\" lang=\"en\">Il dispositivo di fissaggio <strong>Uponor<\/strong>, per il montaggio di punti metallici, per il riscaldamento a pavimento con un diametro di 40-50-57 mm, \u00e8 un prodotto di qualit\u00e0.<br \/>\nche consente di fissare le graffette tacker sui tubi.<br \/>\nCon le macchine imbustatrici Uponor, il tempo di lavoro \u00e8 ridotto e l&#8217;assemblaggio dell&#8217;impianto viene effettuato<br \/>\nfacilmente. Questo articolo \u00e8 un dispositivo di fissaggio Uponor, per il montaggio di graffe, per il riscaldamento a pavimento con un diametro di 40-50-57 mm,<br \/>\n\u00e8 la scelta perfetta della categoria Tubi e accessori per il riscaldamento a pavimento, che significa anche Comfort<br \/>\nattraverso installazioni di qualit\u00e0<\/span><\/p>\n","protected":false},"excerpt":{"rendered":"<p>Il dispositivo di fissaggio Uponor, per il montaggio di punti metallici, per il riscaldamento a pavimento con un diametro di 40-50-57 mm, \u00e8 un prodotto di qualit\u00e0. che consente di fissare le graffette tacker sui tubi. Con le macchine imbustatrici Uponor, il tempo di lavoro \u00e8 ridotto e l&#8217;assemblaggio dell&#8217;impianto viene effettuato facilmente. Questo articolo&hellip;<\/p>\n","protected":false},"featured_media":10703,"comment_status":"open","ping_status":"closed","template":"","meta":[],"product_cat":[829],"product_tag":[],"class_list":{"0":"post-10697","1":"product","2":"type-product","3":"status-publish","4":"has-post-thumbnail","6":"product_cat-vari","8":"first","9":"instock","10":"taxable","11":"shipping-taxable","12":"purchasable","13":"product-type-simple","14":"col-xs-6 col-sm-4","15":"col-md-4 col-lg-4","16":"un-3-cols"},"acf":[],"yoast_head":"<!-- This site is optimized with the Yoast SEO plugin v21.2 - https:\/\/yoast.com\/wordpress\/plugins\/seo\/ -->\n<title>Strumento Uponor Taker<\/title>\n<meta name=\"description\" content=\"Order Strumento Uponor Taker at a best price.\" \/>\n<meta name=\"robots\" content=\"index, follow, max-snippet:-1, max-image-preview:large, max-video-preview:-1\" \/>\n<link rel=\"canonical\" href=\"https:\/\/fluterm.eu\/it\/prod\/strumento-uponor-taker\/\" \/>\n<meta property=\"og:locale\" content=\"it_IT\" \/>\n<meta property=\"og:type\" content=\"article\" \/>\n<meta property=\"og:title\" content=\"Strumento Uponor Taker\" \/>\n<meta property=\"og:description\" content=\"Order Strumento Uponor Taker at a best price.\" \/>\n<meta property=\"og:url\" content=\"https:\/\/fluterm.eu\/it\/prod\/strumento-uponor-taker\/\" \/>\n<meta property=\"og:site_name\" content=\"fluterm.eu\" \/>\n<meta property=\"article:modified_time\" content=\"2023-09-06T10:36:08+00:00\" \/>\n<meta property=\"og:image\" content=\"https:\/\/fluterm.eu\/wp-content\/uploads\/2023\/08\/90FC8A4D-87AF-4AAE-A919-A748549110B3.jpeg\" \/>\n\t<meta property=\"og:image:width\" content=\"626\" \/>\n\t<meta property=\"og:image:height\" content=\"2500\" \/>\n\t<meta property=\"og:image:type\" content=\"image\/jpeg\" \/>\n<meta name=\"twitter:card\" content=\"summary_large_image\" \/>\n<script type=\"application\/ld+json\" class=\"yoast-schema-graph\">{\"@context\":\"https:\/\/schema.org\",\"@graph\":[{\"@type\":\"WebPage\",\"@id\":\"https:\/\/fluterm.eu\/it\/prod\/strumento-uponor-taker\/\",\"url\":\"https:\/\/fluterm.eu\/it\/prod\/strumento-uponor-taker\/\",\"name\":\"Strumento Uponor Taker\",\"isPartOf\":{\"@id\":\"https:\/\/fluterm.eu\/#website\"},\"datePublished\":\"2023-08-11T07:08:26+00:00\",\"dateModified\":\"2023-09-06T10:36:08+00:00\",\"description\":\"Order Strumento Uponor Taker at a best price.\",\"breadcrumb\":{\"@id\":\"https:\/\/fluterm.eu\/it\/prod\/strumento-uponor-taker\/#breadcrumb\"},\"inLanguage\":\"it-IT\",\"potentialAction\":[{\"@type\":\"ReadAction\",\"target\":[\"https:\/\/fluterm.eu\/it\/prod\/strumento-uponor-taker\/\"]}]},{\"@type\":\"BreadcrumbList\",\"@id\":\"https:\/\/fluterm.eu\/it\/prod\/strumento-uponor-taker\/#breadcrumb\",\"itemListElement\":[{\"@type\":\"ListItem\",\"position\":1,\"name\":\"Home\",\"item\":\"https:\/\/fluterm.eu\/it\/negozio\/\"},{\"@type\":\"ListItem\",\"position\":2,\"name\":\"Negozio\",\"item\":\"https:\/\/fluterm.eu\/it\/negozio\/\"},{\"@type\":\"ListItem\",\"position\":3,\"name\":\"Strumento Uponor Taker\"}]},{\"@type\":\"WebSite\",\"@id\":\"https:\/\/fluterm.eu\/#website\",\"url\":\"https:\/\/fluterm.eu\/\",\"name\":\"fluterm.eu\",\"description\":\"\",\"potentialAction\":[{\"@type\":\"SearchAction\",\"target\":{\"@type\":\"EntryPoint\",\"urlTemplate\":\"https:\/\/fluterm.eu\/?s={search_term_string}\"},\"query-input\":\"required name=search_term_string\"}],\"inLanguage\":\"it-IT\"}]}<\/script>\n<!-- \/ Yoast SEO plugin. -->","yoast_head_json":{"title":"Strumento Uponor Taker","description":"Order Strumento Uponor Taker at a best price.","robots":{"index":"index","follow":"follow","max-snippet":"max-snippet:-1","max-image-preview":"max-image-preview:large","max-video-preview":"max-video-preview:-1"},"canonical":"https:\/\/fluterm.eu\/it\/prod\/strumento-uponor-taker\/","og_locale":"it_IT","og_type":"article","og_title":"Strumento Uponor Taker","og_description":"Order Strumento Uponor Taker at a best price.","og_url":"https:\/\/fluterm.eu\/it\/prod\/strumento-uponor-taker\/","og_site_name":"fluterm.eu","article_modified_time":"2023-09-06T10:36:08+00:00","og_image":[{"width":626,"height":2500,"url":"https:\/\/fluterm.eu\/wp-content\/uploads\/2023\/08\/90FC8A4D-87AF-4AAE-A919-A748549110B3.jpeg","type":"image\/jpeg"}],"twitter_card":"summary_large_image","schema":{"@context":"https:\/\/schema.org","@graph":[{"@type":"WebPage","@id":"https:\/\/fluterm.eu\/it\/prod\/strumento-uponor-taker\/","url":"https:\/\/fluterm.eu\/it\/prod\/strumento-uponor-taker\/","name":"Strumento Uponor Taker","isPartOf":{"@id":"https:\/\/fluterm.eu\/#website"},"datePublished":"2023-08-11T07:08:26+00:00","dateModified":"2023-09-06T10:36:08+00:00","description":"Order Strumento Uponor Taker at a best price.","breadcrumb":{"@id":"https:\/\/fluterm.eu\/it\/prod\/strumento-uponor-taker\/#breadcrumb"},"inLanguage":"it-IT","potentialAction":[{"@type":"ReadAction","target":["https:\/\/fluterm.eu\/it\/prod\/strumento-uponor-taker\/"]}]},{"@type":"BreadcrumbList","@id":"https:\/\/fluterm.eu\/it\/prod\/strumento-uponor-taker\/#breadcrumb","itemListElement":[{"@type":"ListItem","position":1,"name":"Home","item":"https:\/\/fluterm.eu\/it\/negozio\/"},{"@type":"ListItem","position":2,"name":"Negozio","item":"https:\/\/fluterm.eu\/it\/negozio\/"},{"@type":"ListItem","position":3,"name":"Strumento Uponor Taker"}]},{"@type":"WebSite","@id":"https:\/\/fluterm.eu\/#website","url":"https:\/\/fluterm.eu\/","name":"fluterm.eu","description":"","potentialAction":[{"@type":"SearchAction","target":{"@type":"EntryPoint","urlTemplate":"https:\/\/fluterm.eu\/?s={search_term_string}"},"query-input":"required name=search_term_string"}],"inLanguage":"it-IT"}]}},"_links":{"self":[{"href":"https:\/\/fluterm.eu\/it\/wp-json\/wp\/v2\/product\/10697","targetHints":{"allow":["GET"]}}],"collection":[{"href":"https:\/\/fluterm.eu\/it\/wp-json\/wp\/v2\/product"}],"about":[{"href":"https:\/\/fluterm.eu\/it\/wp-json\/wp\/v2\/types\/product"}],"replies":[{"embeddable":true,"href":"https:\/\/fluterm.eu\/it\/wp-json\/wp\/v2\/comments?post=10697"}],"version-history":[{"count":1,"href":"https:\/\/fluterm.eu\/it\/wp-json\/wp\/v2\/product\/10697\/revisions"}],"predecessor-version":[{"id":13560,"href":"https:\/\/fluterm.eu\/it\/wp-json\/wp\/v2\/product\/10697\/revisions\/13560"}],"wp:featuredmedia":[{"embeddable":true,"href":"https:\/\/fluterm.eu\/it\/wp-json\/wp\/v2\/media\/10703"}],"wp:attachment":[{"href":"https:\/\/fluterm.eu\/it\/wp-json\/wp\/v2\/media?parent=10697"}],"wp:term":[{"taxonomy":"product_cat","embeddable":true,"href":"https:\/\/fluterm.eu\/it\/wp-json\/wp\/v2\/product_cat?post=10697"},{"taxonomy":"product_tag","embeddable":true,"href":"https:\/\/fluterm.eu\/it\/wp-json\/wp\/v2\/product_tag?post=10697"}],"curies":[{"name":"wp","href":"https:\/\/api.w.org\/{rel}","templated":true}]}}