{"id":15120,"date":"2023-07-17T21:00:30","date_gmt":"2023-07-17T18:00:30","guid":{"rendered":"https:\/\/fluterm.eu\/prod\/pacchetto-uponor-50m2-riscaldamento-a-pavimento-completo\/"},"modified":"2023-07-17T21:00:30","modified_gmt":"2023-07-17T18:00:30","slug":"pacchetto-50m2-completo-riscaldamento-sottopavimento","status":"publish","type":"product","link":"https:\/\/fluterm.eu\/it\/prod\/pacchetto-50m2-completo-riscaldamento-sottopavimento\/","title":{"rendered":"Pacchetto UPONOR 50m2 Riscaldamento a pavimento completo"},"content":{"rendered":"<p>Questo pacchetto di riscaldamento a pavimento \u00e8 la soluzione ideale per riscaldare qualsiasi casa con una superficie di 50 m2. Il pacchetto \u00e8 completo, con tutto il necessario per essere installato facilmente da qualsiasi installatore.<\/p>\n<p>Il pacchetto \u00e8 composto dai seguenti prodotti:<\/p>\n<p>400m \u00d7 Tubo con barriera di ossigeno per-xA DN 16\u00d72 uponor<\/p>\n<p>50m2 \u00d7 Pellicola<\/p>\n<p>1 \u00d7 1&#8243; x 3\/4&#8243; EK Set di distributori a 5 vie UPONOR di ritorno\/ritorno con flussometri<\/p>\n<p>1 \u00d7 Set di supporto del distributore 1<\/p>\n<p>3 \u00d7 termostato ambiente uponor smatrix<\/p>\n<p>1 x base di connessione smatrix<\/p>\n<p>5 x servomotore uponor<\/p>\n<p>10 x Connettore per pex 16\u00d73\/4 EK<\/p>\n<p>2 \u00d7 Elemento terminale del distributore con valvola di svuotamento e sfiato automatico dell&#8217;aria<\/p>\n<p>1 \u00d7 Scatola del distributore regolabile<\/p>\n<p>STRISCIA DI BORDO 2\u00d7 25m<br \/>\n12 x curva di plastica 16-18<\/p>\n<p>1500 pezzi stampo di presa in carico<\/p>\n","protected":false},"excerpt":{"rendered":"<p>Questo pacchetto di riscaldamento a pavimento \u00e8 la soluzione ideale per riscaldare qualsiasi casa con una superficie di 50 m2. Il pacchetto \u00e8 completo, con tutto il necessario per essere installato facilmente da qualsiasi installatore. Il pacchetto \u00e8 composto dai seguenti prodotti: 400m \u00d7 Tubo con barriera di ossigeno per-xA DN 16\u00d72 uponor 50m2 \u00d7&hellip;<\/p>\n","protected":false},"featured_media":4085,"comment_status":"open","ping_status":"closed","template":"","meta":[],"product_cat":[881],"product_tag":[],"class_list":{"0":"post-15120","1":"product","2":"type-product","3":"status-publish","4":"has-post-thumbnail","6":"product_cat-pacchetti-completi-di-riscaldamento-a-pavimento","8":"first","9":"instock","10":"taxable","11":"shipping-taxable","12":"purchasable","13":"product-type-simple","14":"col-xs-6 col-sm-4","15":"col-md-4 col-lg-4","16":"un-3-cols"},"acf":[],"yoast_head":"<!-- This site is optimized with the Yoast SEO plugin v21.2 - https:\/\/yoast.com\/wordpress\/plugins\/seo\/ -->\n<title>Pacchetto UPONOR 50m2 Riscaldamento a pavimento completo<\/title>\n<meta name=\"description\" content=\"Order Pacchetto UPONOR 50m2 Riscaldamento a pavimento completo at a best price.\" \/>\n<meta name=\"robots\" content=\"index, follow, max-snippet:-1, max-image-preview:large, max-video-preview:-1\" \/>\n<link rel=\"canonical\" href=\"https:\/\/fluterm.eu\/it\/prod\/pacchetto-uponor-50m2-riscaldamento-a-pavimento-completo\/\" \/>\n<meta property=\"og:locale\" content=\"it_IT\" \/>\n<meta property=\"og:type\" content=\"article\" \/>\n<meta property=\"og:title\" content=\"Pacchetto UPONOR 50m2 Riscaldamento a pavimento completo\" \/>\n<meta property=\"og:description\" content=\"Order Pacchetto UPONOR 50m2 Riscaldamento a pavimento completo at a best price.\" \/>\n<meta property=\"og:url\" content=\"https:\/\/fluterm.eu\/it\/prod\/pacchetto-uponor-50m2-riscaldamento-a-pavimento-completo\/\" \/>\n<meta property=\"og:site_name\" content=\"fluterm.eu\" \/>\n<meta property=\"og:image\" content=\"https:\/\/fluterm.eu\/wp-content\/uploads\/2023\/07\/1B725B62-FDF1-4955-8370-D903E84DF488.jpeg\" \/>\n\t<meta property=\"og:image:width\" content=\"2048\" \/>\n\t<meta property=\"og:image:height\" content=\"2048\" \/>\n\t<meta property=\"og:image:type\" content=\"image\/jpeg\" \/>\n<meta name=\"twitter:card\" content=\"summary_large_image\" \/>\n<meta name=\"twitter:label1\" content=\"Tempo di lettura stimato\" \/>\n\t<meta name=\"twitter:data1\" content=\"1 minuto\" \/>\n<script type=\"application\/ld+json\" class=\"yoast-schema-graph\">{\"@context\":\"https:\/\/schema.org\",\"@graph\":[{\"@type\":\"WebPage\",\"@id\":\"https:\/\/fluterm.eu\/it\/prod\/pacchetto-uponor-50m2-riscaldamento-a-pavimento-completo\/\",\"url\":\"https:\/\/fluterm.eu\/it\/prod\/pacchetto-uponor-50m2-riscaldamento-a-pavimento-completo\/\",\"name\":\"Pacchetto UPONOR 50m2 Riscaldamento a pavimento completo\",\"isPartOf\":{\"@id\":\"https:\/\/fluterm.eu\/#website\"},\"datePublished\":\"2023-07-17T18:00:30+00:00\",\"dateModified\":\"2023-07-17T18:00:30+00:00\",\"description\":\"Order Pacchetto UPONOR 50m2 Riscaldamento a pavimento completo at a best price.\",\"breadcrumb\":{\"@id\":\"https:\/\/fluterm.eu\/it\/prod\/pacchetto-uponor-50m2-riscaldamento-a-pavimento-completo\/#breadcrumb\"},\"inLanguage\":\"it-IT\",\"potentialAction\":[{\"@type\":\"ReadAction\",\"target\":[\"https:\/\/fluterm.eu\/it\/prod\/pacchetto-uponor-50m2-riscaldamento-a-pavimento-completo\/\"]}]},{\"@type\":\"BreadcrumbList\",\"@id\":\"https:\/\/fluterm.eu\/it\/prod\/pacchetto-uponor-50m2-riscaldamento-a-pavimento-completo\/#breadcrumb\",\"itemListElement\":[{\"@type\":\"ListItem\",\"position\":1,\"name\":\"Home\",\"item\":\"https:\/\/fluterm.eu\/it\/negozio\/\"},{\"@type\":\"ListItem\",\"position\":2,\"name\":\"Negozio\",\"item\":\"https:\/\/fluterm.eu\/it\/negozio\/\"},{\"@type\":\"ListItem\",\"position\":3,\"name\":\"Pacchetto UPONOR 50m2 Riscaldamento a pavimento completo\"}]},{\"@type\":\"WebSite\",\"@id\":\"https:\/\/fluterm.eu\/#website\",\"url\":\"https:\/\/fluterm.eu\/\",\"name\":\"fluterm.eu\",\"description\":\"\",\"potentialAction\":[{\"@type\":\"SearchAction\",\"target\":{\"@type\":\"EntryPoint\",\"urlTemplate\":\"https:\/\/fluterm.eu\/?s={search_term_string}\"},\"query-input\":\"required name=search_term_string\"}],\"inLanguage\":\"it-IT\"}]}<\/script>\n<!-- \/ Yoast SEO plugin. -->","yoast_head_json":{"title":"Pacchetto UPONOR 50m2 Riscaldamento a pavimento completo","description":"Order Pacchetto UPONOR 50m2 Riscaldamento a pavimento completo at a best price.","robots":{"index":"index","follow":"follow","max-snippet":"max-snippet:-1","max-image-preview":"max-image-preview:large","max-video-preview":"max-video-preview:-1"},"canonical":"https:\/\/fluterm.eu\/it\/prod\/pacchetto-uponor-50m2-riscaldamento-a-pavimento-completo\/","og_locale":"it_IT","og_type":"article","og_title":"Pacchetto UPONOR 50m2 Riscaldamento a pavimento completo","og_description":"Order Pacchetto UPONOR 50m2 Riscaldamento a pavimento completo at a best price.","og_url":"https:\/\/fluterm.eu\/it\/prod\/pacchetto-uponor-50m2-riscaldamento-a-pavimento-completo\/","og_site_name":"fluterm.eu","og_image":[{"width":2048,"height":2048,"url":"https:\/\/fluterm.eu\/wp-content\/uploads\/2023\/07\/1B725B62-FDF1-4955-8370-D903E84DF488.jpeg","type":"image\/jpeg"}],"twitter_card":"summary_large_image","twitter_misc":{"Tempo di lettura stimato":"1 minuto"},"schema":{"@context":"https:\/\/schema.org","@graph":[{"@type":"WebPage","@id":"https:\/\/fluterm.eu\/it\/prod\/pacchetto-uponor-50m2-riscaldamento-a-pavimento-completo\/","url":"https:\/\/fluterm.eu\/it\/prod\/pacchetto-uponor-50m2-riscaldamento-a-pavimento-completo\/","name":"Pacchetto UPONOR 50m2 Riscaldamento a pavimento completo","isPartOf":{"@id":"https:\/\/fluterm.eu\/#website"},"datePublished":"2023-07-17T18:00:30+00:00","dateModified":"2023-07-17T18:00:30+00:00","description":"Order Pacchetto UPONOR 50m2 Riscaldamento a pavimento completo at a best price.","breadcrumb":{"@id":"https:\/\/fluterm.eu\/it\/prod\/pacchetto-uponor-50m2-riscaldamento-a-pavimento-completo\/#breadcrumb"},"inLanguage":"it-IT","potentialAction":[{"@type":"ReadAction","target":["https:\/\/fluterm.eu\/it\/prod\/pacchetto-uponor-50m2-riscaldamento-a-pavimento-completo\/"]}]},{"@type":"BreadcrumbList","@id":"https:\/\/fluterm.eu\/it\/prod\/pacchetto-uponor-50m2-riscaldamento-a-pavimento-completo\/#breadcrumb","itemListElement":[{"@type":"ListItem","position":1,"name":"Home","item":"https:\/\/fluterm.eu\/it\/negozio\/"},{"@type":"ListItem","position":2,"name":"Negozio","item":"https:\/\/fluterm.eu\/it\/negozio\/"},{"@type":"ListItem","position":3,"name":"Pacchetto UPONOR 50m2 Riscaldamento a pavimento completo"}]},{"@type":"WebSite","@id":"https:\/\/fluterm.eu\/#website","url":"https:\/\/fluterm.eu\/","name":"fluterm.eu","description":"","potentialAction":[{"@type":"SearchAction","target":{"@type":"EntryPoint","urlTemplate":"https:\/\/fluterm.eu\/?s={search_term_string}"},"query-input":"required name=search_term_string"}],"inLanguage":"it-IT"}]}},"_links":{"self":[{"href":"https:\/\/fluterm.eu\/it\/wp-json\/wp\/v2\/product\/15120","targetHints":{"allow":["GET"]}}],"collection":[{"href":"https:\/\/fluterm.eu\/it\/wp-json\/wp\/v2\/product"}],"about":[{"href":"https:\/\/fluterm.eu\/it\/wp-json\/wp\/v2\/types\/product"}],"replies":[{"embeddable":true,"href":"https:\/\/fluterm.eu\/it\/wp-json\/wp\/v2\/comments?post=15120"}],"version-history":[{"count":0,"href":"https:\/\/fluterm.eu\/it\/wp-json\/wp\/v2\/product\/15120\/revisions"}],"wp:featuredmedia":[{"embeddable":true,"href":"https:\/\/fluterm.eu\/it\/wp-json\/wp\/v2\/media\/4085"}],"wp:attachment":[{"href":"https:\/\/fluterm.eu\/it\/wp-json\/wp\/v2\/media?parent=15120"}],"wp:term":[{"taxonomy":"product_cat","embeddable":true,"href":"https:\/\/fluterm.eu\/it\/wp-json\/wp\/v2\/product_cat?post=15120"},{"taxonomy":"product_tag","embeddable":true,"href":"https:\/\/fluterm.eu\/it\/wp-json\/wp\/v2\/product_tag?post=15120"}],"curies":[{"name":"wp","href":"https:\/\/api.w.org\/{rel}","templated":true}]}}