{"id":15301,"date":"2023-07-12T21:27:49","date_gmt":"2023-07-12T18:27:49","guid":{"rendered":"https:\/\/fluterm.eu\/prod\/pompa-di-calore-zubadan-riscaldamento-raffreddamento-acqua-calda-mitsubishi-14kw-trifase-puhz-shw140yhaerst20c-vm2dftc6\/"},"modified":"2023-07-12T21:27:49","modified_gmt":"2023-07-12T18:27:49","slug":"pompa-di-calore-zubadan-riscaldamento-raffreddamento-acqua-calda-mitsubishi-14kw-trifase-puhz-shw140yhaerst20c-vm2dftc6","status":"publish","type":"product","link":"https:\/\/fluterm.eu\/it\/prod\/pompa-di-calore-zubadan-riscaldamento-raffreddamento-acqua-calda-mitsubishi-14kw-trifase-puhz-shw140yhaerst20c-vm2dftc6\/","title":{"rendered":"Pompa di calore ZUBADAN riscaldamento-raffreddamento-acqua calda, MITSUBISHI 14KW trifase, PUHZ-SHW140YHA+ERST20C-VM2D+FTC6"},"content":{"rendered":"<div class=\"mf-entry-product-header\">\n<div class=\"entry-left\">\n<h1 class=\"product_title entry-title\">Pompa di calore ZUBADAN riscaldamento-raffreddamento-acqua calda, MITSUBISHI 14KW trifase, PUHZ-SHW140YHA+ERST20C-VM2D+FTC6<\/h1>\n<\/div>\n<\/div>\n<pre id=\"tw-target-text\" class=\"tw-data-text tw-text-large tw-ta\" dir=\"ltr\" data-placeholder=\"Translation\"><strong>Three-phase power supply<\/strong><\/pre>\n<p><strong>Basso livello di rumore (-10dB rispetto al modello precedente)<\/strong><br \/>\n<strong>Design nuovo e compatto<\/strong><br \/>\n<strong>Prestazioni elevate grazie al nuovo compressore<\/strong><br \/>\n<strong>Miglioramento del drenaggio<\/strong><br \/>\n<strong>Funzionamento garantito a -28 gradi Celsius<\/strong><br \/>\n<strong>100% di capacit\u00e0 di riscaldamento a -15 gradi Celsius<\/strong><br \/>\nCaratteristiche principali:<\/p>\n<p>Mitsubishi Zubadan pu\u00f2 fornire 3 funzioni: riscaldamento, raffreddamento e preparazione dell&#8217;acqua calda per il consumo.<br \/>\nModello di tipo split che non presenta rischi di congelamento (richiede unit\u00e0 esterna + unit\u00e0 interna)<br \/>\nFunzionamento in modalit\u00e0 riscaldamento fino a -25\u00b0C<br \/>\nLa temperatura massima dell&#8217;agente termico \u00e8 di 60\u00b0C.<br \/>\nCapacit\u00e0 di riscaldamento costante fino a -15\u00b0C<br \/>\nCompressore inverter Mitsubishi Scroll (R410A) con funzione Flash Injection per distanze fino a 30m<br \/>\nFacile da installare, ingombro ridotto, struttura compatta<br \/>\nAlta efficienza grazie a componenti ad alte prestazioni, classe energetica A++.<\/p>\n<p>Le pompe di calore, fonti termiche rinnovabili, hanno un&#8217;efficienza energetica superiore del 60% rispetto ai sistemi tradizionali a combustione; non emettono CO2 nel sito di installazione; utilizzano energia rinnovabile dall&#8217;aria.<br \/>\nLa pompa di calore \u00e8 una macchina elettrica che si basa sul ciclo termodinamico del fluido refrigerante, trasferendo il calore da un ambiente a bassa temperatura a uno a temperatura pi\u00f9 elevata.<br \/>\nI sistemi a pompa di calore Ecodan\u00ae garantiscono elevate prestazioni energetiche anche a basse temperature. Tutti i dispositivi esterni sono in grado di aumentare la temperatura per ogni giro fino a 60\u00b0C, per consentire un accumulo rapido ed efficiente di acqua calda sanitaria (domestica).<br \/>\nL&#8217;elevata efficienza energetica delle pompe di calore Ecodan\u00ae \u00e8 possibile grazie alla tecnologia di punta presente in ogni componente della pompa di calore. Ad esempio, grazie all&#8217;esclusivo dispositivo &#8220;Flash Injection&#8221;, le unit\u00e0 esterne della serie Zubadan mantengono una capacit\u00e0 di flusso d&#8217;aria costante fino a -15\u00b0C.<\/p>\n<p><strong>Sistemi di riscaldamento all&#8217;avanguardia economici ed ecologici<\/strong><br \/>\nEconomiche e sicure per l&#8217;ambiente, le pompe di calore ecodan di Mitsubishi Electric incorporano un sistema a pompa di calore molto efficiente che prende il &#8220;calore dall&#8217;aria&#8221;, una fonte di energia rinnovabile. Sono dotati di sistemi di controllo avanzati che assicurano una regolazione meticolosa della temperatura garantendo un riscaldamento confortevole, risparmiando anche spazio grazie all&#8217;utilizzo di unit\u00e0 interne &#8220;All-in-one&#8221; facili da installare. Risparmio energetico, elevato comfort e semplicit\u00e0 di installazione hanno portato i sistemi di riscaldamento ecodan al centro della scena delle pompe di calore.<\/p>\n<p>La funzionalit\u00e0 offerta da ecodan copre le esigenze di riscaldamento, preparazione dell&#8217;acqua calda sanitaria e raffreddamento. Il raffreddamento pu\u00f2 avvenire con ventilconvettori, pareti e soffitti radianti nel caso di unit\u00e0 split e monoblocco, o con unit\u00e0 di condizionamento interne nel caso di sistemi ibridi.<\/p>\n<p><strong>Serie Zubadan<\/strong><br \/>\n\u00c8 dotato del circuito di iniezione Flash sviluppato da Mitsubishi Electric, composto da un circuito di by-pass e da uno scambiatore di calore (HIC). Lo scambiatore di calore trasforma il refrigerante liquido, deviato attraverso il circuito di by-pass, in uno stato gas-liquido per ridurre il carico sul compressore. Questo processo garantisce prestazioni di riscaldamento eccellenti anche quando la temperatura esterna scende molto. Nelle unit\u00e0 tradizionali, quando la temperatura esterna si abbassa, il volume del refrigerante che passa attraverso il compressore diminuisce a causa del calo della pressione del refrigerante e della protezione contro il surriscaldamento causata dall&#8217;elevata compressione, con conseguente diminuzione della capacit\u00e0 di riscaldamento. Il circuito di iniezione Flash inietta refrigerante per mantenere il volume di refrigerante in circolazione e il carico del compressore, mantenendo cos\u00ec la capacit\u00e0 di riscaldamento.<\/p>\n","protected":false},"excerpt":{"rendered":"<p>Pompa di calore ZUBADAN riscaldamento-raffreddamento-acqua calda, MITSUBISHI 14KW trifase, PUHZ-SHW140YHA+ERST20C-VM2D+FTC6 Three-phase power supply Basso livello di rumore (-10dB rispetto al modello precedente) Design nuovo e compatto Prestazioni elevate grazie al nuovo compressore Miglioramento del drenaggio Funzionamento garantito a -28 gradi Celsius 100% di capacit\u00e0 di riscaldamento a -15 gradi Celsius Caratteristiche principali: Mitsubishi Zubadan pu\u00f2&hellip;<\/p>\n","protected":false},"featured_media":12843,"comment_status":"open","ping_status":"closed","template":"","meta":[],"product_cat":[1002],"product_tag":[],"class_list":{"0":"post-15301","1":"product","2":"type-product","3":"status-publish","4":"has-post-thumbnail","6":"product_cat-pompe-di-calore","8":"first","9":"instock","10":"taxable","11":"shipping-taxable","12":"purchasable","13":"product-type-simple","14":"col-xs-6 col-sm-4","15":"col-md-4 col-lg-4","16":"un-3-cols"},"acf":[],"yoast_head":"<!-- This site is optimized with the Yoast SEO plugin v21.2 - https:\/\/yoast.com\/wordpress\/plugins\/seo\/ -->\n<title>Pompa di calore ZUBADAN riscaldamento-raffreddamento-acqua calda, MITSUBISHI 14KW trifase, PUHZ-SHW140YHA+ERST20C-VM2D+FTC6<\/title>\n<meta name=\"description\" content=\"Order Pompa di calore ZUBADAN riscaldamento-raffreddamento-acqua calda, MITSUBISHI 14KW trifase, PUHZ-SHW140YHA+ERST20C-VM2D+FTC6 at a best price.\" \/>\n<meta name=\"robots\" content=\"index, follow, max-snippet:-1, max-image-preview:large, max-video-preview:-1\" \/>\n<link rel=\"canonical\" href=\"https:\/\/fluterm.eu\/it\/prod\/pompa-di-calore-zubadan-riscaldamento-raffreddamento-acqua-calda-mitsubishi-14kw-trifase-puhz-shw140yhaerst20c-vm2dftc6\/\" \/>\n<meta property=\"og:locale\" content=\"it_IT\" \/>\n<meta property=\"og:type\" content=\"article\" \/>\n<meta property=\"og:title\" content=\"Pompa di calore ZUBADAN riscaldamento-raffreddamento-acqua calda, MITSUBISHI 14KW trifase, PUHZ-SHW140YHA+ERST20C-VM2D+FTC6\" \/>\n<meta property=\"og:description\" content=\"Order Pompa di calore ZUBADAN riscaldamento-raffreddamento-acqua calda, MITSUBISHI 14KW trifase, PUHZ-SHW140YHA+ERST20C-VM2D+FTC6 at a best price.\" \/>\n<meta property=\"og:url\" content=\"https:\/\/fluterm.eu\/it\/prod\/pompa-di-calore-zubadan-riscaldamento-raffreddamento-acqua-calda-mitsubishi-14kw-trifase-puhz-shw140yhaerst20c-vm2dftc6\/\" \/>\n<meta property=\"og:site_name\" content=\"fluterm.eu\" \/>\n<meta property=\"og:image\" content=\"https:\/\/fluterm.eu\/wp-content\/uploads\/2023\/07\/420463E3-4A49-4C5C-AAD5-004E8600FC5B-1.jpeg\" \/>\n\t<meta property=\"og:image:width\" content=\"408\" \/>\n\t<meta property=\"og:image:height\" content=\"472\" \/>\n\t<meta property=\"og:image:type\" content=\"image\/jpeg\" \/>\n<meta name=\"twitter:card\" content=\"summary_large_image\" \/>\n<meta name=\"twitter:label1\" content=\"Tempo di lettura stimato\" \/>\n\t<meta name=\"twitter:data1\" content=\"3 minuti\" \/>\n<script type=\"application\/ld+json\" class=\"yoast-schema-graph\">{\"@context\":\"https:\/\/schema.org\",\"@graph\":[{\"@type\":\"WebPage\",\"@id\":\"https:\/\/fluterm.eu\/it\/prod\/pompa-di-calore-zubadan-riscaldamento-raffreddamento-acqua-calda-mitsubishi-14kw-trifase-puhz-shw140yhaerst20c-vm2dftc6\/\",\"url\":\"https:\/\/fluterm.eu\/it\/prod\/pompa-di-calore-zubadan-riscaldamento-raffreddamento-acqua-calda-mitsubishi-14kw-trifase-puhz-shw140yhaerst20c-vm2dftc6\/\",\"name\":\"Pompa di calore ZUBADAN riscaldamento-raffreddamento-acqua calda, MITSUBISHI 14KW trifase, PUHZ-SHW140YHA+ERST20C-VM2D+FTC6\",\"isPartOf\":{\"@id\":\"https:\/\/fluterm.eu\/#website\"},\"datePublished\":\"2023-07-12T18:27:49+00:00\",\"dateModified\":\"2023-07-12T18:27:49+00:00\",\"description\":\"Order Pompa di calore ZUBADAN riscaldamento-raffreddamento-acqua calda, MITSUBISHI 14KW trifase, PUHZ-SHW140YHA+ERST20C-VM2D+FTC6 at a best price.\",\"breadcrumb\":{\"@id\":\"https:\/\/fluterm.eu\/it\/prod\/pompa-di-calore-zubadan-riscaldamento-raffreddamento-acqua-calda-mitsubishi-14kw-trifase-puhz-shw140yhaerst20c-vm2dftc6\/#breadcrumb\"},\"inLanguage\":\"it-IT\",\"potentialAction\":[{\"@type\":\"ReadAction\",\"target\":[\"https:\/\/fluterm.eu\/it\/prod\/pompa-di-calore-zubadan-riscaldamento-raffreddamento-acqua-calda-mitsubishi-14kw-trifase-puhz-shw140yhaerst20c-vm2dftc6\/\"]}]},{\"@type\":\"BreadcrumbList\",\"@id\":\"https:\/\/fluterm.eu\/it\/prod\/pompa-di-calore-zubadan-riscaldamento-raffreddamento-acqua-calda-mitsubishi-14kw-trifase-puhz-shw140yhaerst20c-vm2dftc6\/#breadcrumb\",\"itemListElement\":[{\"@type\":\"ListItem\",\"position\":1,\"name\":\"Home\",\"item\":\"https:\/\/fluterm.eu\/it\/negozio\/\"},{\"@type\":\"ListItem\",\"position\":2,\"name\":\"Negozio\",\"item\":\"https:\/\/fluterm.eu\/it\/negozio\/\"},{\"@type\":\"ListItem\",\"position\":3,\"name\":\"Pompa di calore ZUBADAN riscaldamento-raffreddamento-acqua calda, MITSUBISHI 14KW trifase, PUHZ-SHW140YHA+ERST20C-VM2D+FTC6\"}]},{\"@type\":\"WebSite\",\"@id\":\"https:\/\/fluterm.eu\/#website\",\"url\":\"https:\/\/fluterm.eu\/\",\"name\":\"fluterm.eu\",\"description\":\"\",\"potentialAction\":[{\"@type\":\"SearchAction\",\"target\":{\"@type\":\"EntryPoint\",\"urlTemplate\":\"https:\/\/fluterm.eu\/?s={search_term_string}\"},\"query-input\":\"required name=search_term_string\"}],\"inLanguage\":\"it-IT\"}]}<\/script>\n<!-- \/ Yoast SEO plugin. -->","yoast_head_json":{"title":"Pompa di calore ZUBADAN riscaldamento-raffreddamento-acqua calda, MITSUBISHI 14KW trifase, PUHZ-SHW140YHA+ERST20C-VM2D+FTC6","description":"Order Pompa di calore ZUBADAN riscaldamento-raffreddamento-acqua calda, MITSUBISHI 14KW trifase, PUHZ-SHW140YHA+ERST20C-VM2D+FTC6 at a best price.","robots":{"index":"index","follow":"follow","max-snippet":"max-snippet:-1","max-image-preview":"max-image-preview:large","max-video-preview":"max-video-preview:-1"},"canonical":"https:\/\/fluterm.eu\/it\/prod\/pompa-di-calore-zubadan-riscaldamento-raffreddamento-acqua-calda-mitsubishi-14kw-trifase-puhz-shw140yhaerst20c-vm2dftc6\/","og_locale":"it_IT","og_type":"article","og_title":"Pompa di calore ZUBADAN riscaldamento-raffreddamento-acqua calda, MITSUBISHI 14KW trifase, PUHZ-SHW140YHA+ERST20C-VM2D+FTC6","og_description":"Order Pompa di calore ZUBADAN riscaldamento-raffreddamento-acqua calda, MITSUBISHI 14KW trifase, PUHZ-SHW140YHA+ERST20C-VM2D+FTC6 at a best price.","og_url":"https:\/\/fluterm.eu\/it\/prod\/pompa-di-calore-zubadan-riscaldamento-raffreddamento-acqua-calda-mitsubishi-14kw-trifase-puhz-shw140yhaerst20c-vm2dftc6\/","og_site_name":"fluterm.eu","og_image":[{"width":408,"height":472,"url":"https:\/\/fluterm.eu\/wp-content\/uploads\/2023\/07\/420463E3-4A49-4C5C-AAD5-004E8600FC5B-1.jpeg","type":"image\/jpeg"}],"twitter_card":"summary_large_image","twitter_misc":{"Tempo di lettura stimato":"3 minuti"},"schema":{"@context":"https:\/\/schema.org","@graph":[{"@type":"WebPage","@id":"https:\/\/fluterm.eu\/it\/prod\/pompa-di-calore-zubadan-riscaldamento-raffreddamento-acqua-calda-mitsubishi-14kw-trifase-puhz-shw140yhaerst20c-vm2dftc6\/","url":"https:\/\/fluterm.eu\/it\/prod\/pompa-di-calore-zubadan-riscaldamento-raffreddamento-acqua-calda-mitsubishi-14kw-trifase-puhz-shw140yhaerst20c-vm2dftc6\/","name":"Pompa di calore ZUBADAN riscaldamento-raffreddamento-acqua calda, MITSUBISHI 14KW trifase, PUHZ-SHW140YHA+ERST20C-VM2D+FTC6","isPartOf":{"@id":"https:\/\/fluterm.eu\/#website"},"datePublished":"2023-07-12T18:27:49+00:00","dateModified":"2023-07-12T18:27:49+00:00","description":"Order Pompa di calore ZUBADAN riscaldamento-raffreddamento-acqua calda, MITSUBISHI 14KW trifase, PUHZ-SHW140YHA+ERST20C-VM2D+FTC6 at a best price.","breadcrumb":{"@id":"https:\/\/fluterm.eu\/it\/prod\/pompa-di-calore-zubadan-riscaldamento-raffreddamento-acqua-calda-mitsubishi-14kw-trifase-puhz-shw140yhaerst20c-vm2dftc6\/#breadcrumb"},"inLanguage":"it-IT","potentialAction":[{"@type":"ReadAction","target":["https:\/\/fluterm.eu\/it\/prod\/pompa-di-calore-zubadan-riscaldamento-raffreddamento-acqua-calda-mitsubishi-14kw-trifase-puhz-shw140yhaerst20c-vm2dftc6\/"]}]},{"@type":"BreadcrumbList","@id":"https:\/\/fluterm.eu\/it\/prod\/pompa-di-calore-zubadan-riscaldamento-raffreddamento-acqua-calda-mitsubishi-14kw-trifase-puhz-shw140yhaerst20c-vm2dftc6\/#breadcrumb","itemListElement":[{"@type":"ListItem","position":1,"name":"Home","item":"https:\/\/fluterm.eu\/it\/negozio\/"},{"@type":"ListItem","position":2,"name":"Negozio","item":"https:\/\/fluterm.eu\/it\/negozio\/"},{"@type":"ListItem","position":3,"name":"Pompa di calore ZUBADAN riscaldamento-raffreddamento-acqua calda, MITSUBISHI 14KW trifase, PUHZ-SHW140YHA+ERST20C-VM2D+FTC6"}]},{"@type":"WebSite","@id":"https:\/\/fluterm.eu\/#website","url":"https:\/\/fluterm.eu\/","name":"fluterm.eu","description":"","potentialAction":[{"@type":"SearchAction","target":{"@type":"EntryPoint","urlTemplate":"https:\/\/fluterm.eu\/?s={search_term_string}"},"query-input":"required name=search_term_string"}],"inLanguage":"it-IT"}]}},"_links":{"self":[{"href":"https:\/\/fluterm.eu\/it\/wp-json\/wp\/v2\/product\/15301","targetHints":{"allow":["GET"]}}],"collection":[{"href":"https:\/\/fluterm.eu\/it\/wp-json\/wp\/v2\/product"}],"about":[{"href":"https:\/\/fluterm.eu\/it\/wp-json\/wp\/v2\/types\/product"}],"replies":[{"embeddable":true,"href":"https:\/\/fluterm.eu\/it\/wp-json\/wp\/v2\/comments?post=15301"}],"version-history":[{"count":0,"href":"https:\/\/fluterm.eu\/it\/wp-json\/wp\/v2\/product\/15301\/revisions"}],"wp:featuredmedia":[{"embeddable":true,"href":"https:\/\/fluterm.eu\/it\/wp-json\/wp\/v2\/media\/12843"}],"wp:attachment":[{"href":"https:\/\/fluterm.eu\/it\/wp-json\/wp\/v2\/media?parent=15301"}],"wp:term":[{"taxonomy":"product_cat","embeddable":true,"href":"https:\/\/fluterm.eu\/it\/wp-json\/wp\/v2\/product_cat?post=15301"},{"taxonomy":"product_tag","embeddable":true,"href":"https:\/\/fluterm.eu\/it\/wp-json\/wp\/v2\/product_tag?post=15301"}],"curies":[{"name":"wp","href":"https:\/\/api.w.org\/{rel}","templated":true}]}}