{"id":15757,"date":"2023-09-16T12:31:16","date_gmt":"2023-09-16T09:31:16","guid":{"rendered":"https:\/\/fluterm.eu\/prod\/modulo-batteria-solare-huawei-sun2000-luna-5kw-eo\/"},"modified":"2023-09-16T12:31:16","modified_gmt":"2023-09-16T09:31:16","slug":"modulo-batteria-huawei-sun2000-luna-5kw-eo-solare","status":"publish","type":"product","link":"https:\/\/fluterm.eu\/it\/prod\/modulo-batteria-huawei-sun2000-luna-5kw-eo-solare\/","title":{"rendered":"Modulo batteria solare Huawei SUN2000-LUNA-5KW-EO"},"content":{"rendered":"<p>Fondata nel 1987, Huawei \u00e8 un fornitore leader a livello mondiale di infrastrutture e dispositivi intelligenti per le tecnologie dell&#8217;informazione e della comunicazione (ICT). Huawei offre una gamma di prodotti rinnovabili, tra cui inverter, batterie e ottimizzatori, nonch\u00e9 il sistema di gestione fotovoltaica intelligente FusionSolar.<\/p>\n<p>Il modulo batteria Huawei SUN2000-LUNA-5KW-EO fa parte del sistema di accumulo di energia Smart String LUNA2000. Il modulo batteria ha una cella agli ioni di litio e vanta una capacit\u00e0 di 5 kWh.<\/p>\n<p>Il modulo di espansione batteria SUN2000-LUNA-5KW-EO pu\u00f2 essere abbinato ai moduli di controllo dell&#8217;alimentazione per completare il sistema batteria LUNA2000. La batteria pu\u00f2 immagazzinare e rilasciare energia elettrica in base ai requisiti del sistema di gestione dell&#8217;inverter.<\/p>\n<p>Questo prodotto \u00e8 soggetto a un costo di spedizione di 150 euro fino a 4 unit\u00e0 identiche. Ci\u00f2 \u00e8 dovuto al trasporto tramite pallet.  <b><strong><u>SPECIFICA TECNICA<\/u><\/strong><\/b><\/p>\n<ul>\n<li>Capacit\u00e0 nominale disponibile: 5kWh<\/li>\n<li>Tipo di cella della batteria: ioni di litio<\/li>\n<li>Dimensioni: 360 x 670 x 150 mm (A x L x P)<\/li>\n<li>Peso: 50 kg<\/li>\n<li>Modalit\u00e0 di raffreddamento: raffreddamento libero<\/li>\n<li>Grado di protezione IP: IP66<\/li>\n<li>Temperatura di funzionamento: da \u201320\u00b0C a +55\u00b0C<\/li>\n<li>Altitudine massima operativa: 4000 m<\/li>\n<\/ul>\n<div id=\"jp-relatedposts\" class=\"jp-relatedposts\">\n<h3 class=\"jp-relatedposts-headline\"><\/h3>\n<div class=\"jp-relatedposts-items jp-relatedposts-items-minimal jp-relatedposts-grid \">\n<p class=\"jp-relatedposts-post jp-relatedposts-post0\" data-post-id=\"1066\" data-post-format=\"false\">\n<\/div>\n<\/div>\n","protected":false},"excerpt":{"rendered":"<p>Fondata nel 1987, Huawei \u00e8 un fornitore leader a livello mondiale di infrastrutture e dispositivi intelligenti per le tecnologie dell&#8217;informazione e della comunicazione (ICT). Huawei offre una gamma di prodotti rinnovabili, tra cui inverter, batterie e ottimizzatori, nonch\u00e9 il sistema di gestione fotovoltaica intelligente FusionSolar. Il modulo batteria Huawei SUN2000-LUNA-5KW-EO fa parte del sistema di&hellip;<\/p>\n","protected":false},"featured_media":15723,"comment_status":"open","ping_status":"closed","template":"","meta":[],"product_cat":[774],"product_tag":[],"class_list":{"0":"post-15757","1":"product","2":"type-product","3":"status-publish","4":"has-post-thumbnail","6":"product_cat-kit-fotovoltaici","8":"first","9":"instock","10":"taxable","11":"shipping-taxable","12":"purchasable","13":"product-type-simple","14":"col-xs-6 col-sm-4","15":"col-md-4 col-lg-4","16":"un-3-cols"},"acf":[],"yoast_head":"<!-- This site is optimized with the Yoast SEO plugin v21.2 - https:\/\/yoast.com\/wordpress\/plugins\/seo\/ -->\n<title>Modulo batteria solare Huawei SUN2000-LUNA-5KW-EO<\/title>\n<meta name=\"description\" content=\"Order Modulo batteria solare Huawei SUN2000-LUNA-5KW-EO at a best price.\" \/>\n<meta name=\"robots\" content=\"index, follow, max-snippet:-1, max-image-preview:large, max-video-preview:-1\" \/>\n<link rel=\"canonical\" href=\"https:\/\/fluterm.eu\/it\/prod\/modulo-batteria-solare-huawei-sun2000-luna-5kw-eo\/\" \/>\n<meta property=\"og:locale\" content=\"it_IT\" \/>\n<meta property=\"og:type\" content=\"article\" \/>\n<meta property=\"og:title\" content=\"Modulo batteria solare Huawei SUN2000-LUNA-5KW-EO\" \/>\n<meta property=\"og:description\" content=\"Order Modulo batteria solare Huawei SUN2000-LUNA-5KW-EO at a best price.\" \/>\n<meta property=\"og:url\" content=\"https:\/\/fluterm.eu\/it\/prod\/modulo-batteria-solare-huawei-sun2000-luna-5kw-eo\/\" \/>\n<meta property=\"og:site_name\" content=\"fluterm.eu\" \/>\n<meta property=\"og:image\" content=\"https:\/\/fluterm.eu\/wp-content\/uploads\/2023\/09\/baterie-luna.png\" \/>\n\t<meta property=\"og:image:width\" content=\"581\" \/>\n\t<meta property=\"og:image:height\" content=\"581\" \/>\n\t<meta property=\"og:image:type\" content=\"image\/png\" \/>\n<meta name=\"twitter:card\" content=\"summary_large_image\" \/>\n<meta name=\"twitter:label1\" content=\"Tempo di lettura stimato\" \/>\n\t<meta name=\"twitter:data1\" content=\"1 minuto\" \/>\n<script type=\"application\/ld+json\" class=\"yoast-schema-graph\">{\"@context\":\"https:\/\/schema.org\",\"@graph\":[{\"@type\":\"WebPage\",\"@id\":\"https:\/\/fluterm.eu\/it\/prod\/modulo-batteria-solare-huawei-sun2000-luna-5kw-eo\/\",\"url\":\"https:\/\/fluterm.eu\/it\/prod\/modulo-batteria-solare-huawei-sun2000-luna-5kw-eo\/\",\"name\":\"Modulo batteria solare Huawei SUN2000-LUNA-5KW-EO\",\"isPartOf\":{\"@id\":\"https:\/\/fluterm.eu\/#website\"},\"datePublished\":\"2023-09-16T09:31:16+00:00\",\"dateModified\":\"2023-09-16T09:31:16+00:00\",\"description\":\"Order Modulo batteria solare Huawei SUN2000-LUNA-5KW-EO at a best price.\",\"breadcrumb\":{\"@id\":\"https:\/\/fluterm.eu\/it\/prod\/modulo-batteria-solare-huawei-sun2000-luna-5kw-eo\/#breadcrumb\"},\"inLanguage\":\"it-IT\",\"potentialAction\":[{\"@type\":\"ReadAction\",\"target\":[\"https:\/\/fluterm.eu\/it\/prod\/modulo-batteria-solare-huawei-sun2000-luna-5kw-eo\/\"]}]},{\"@type\":\"BreadcrumbList\",\"@id\":\"https:\/\/fluterm.eu\/it\/prod\/modulo-batteria-solare-huawei-sun2000-luna-5kw-eo\/#breadcrumb\",\"itemListElement\":[{\"@type\":\"ListItem\",\"position\":1,\"name\":\"Home\",\"item\":\"https:\/\/fluterm.eu\/it\/negozio\/\"},{\"@type\":\"ListItem\",\"position\":2,\"name\":\"Negozio\",\"item\":\"https:\/\/fluterm.eu\/it\/negozio\/\"},{\"@type\":\"ListItem\",\"position\":3,\"name\":\"Modulo batteria solare Huawei SUN2000-LUNA-5KW-EO\"}]},{\"@type\":\"WebSite\",\"@id\":\"https:\/\/fluterm.eu\/#website\",\"url\":\"https:\/\/fluterm.eu\/\",\"name\":\"fluterm.eu\",\"description\":\"\",\"potentialAction\":[{\"@type\":\"SearchAction\",\"target\":{\"@type\":\"EntryPoint\",\"urlTemplate\":\"https:\/\/fluterm.eu\/?s={search_term_string}\"},\"query-input\":\"required name=search_term_string\"}],\"inLanguage\":\"it-IT\"}]}<\/script>\n<!-- \/ Yoast SEO plugin. -->","yoast_head_json":{"title":"Modulo batteria solare Huawei SUN2000-LUNA-5KW-EO","description":"Order Modulo batteria solare Huawei SUN2000-LUNA-5KW-EO at a best price.","robots":{"index":"index","follow":"follow","max-snippet":"max-snippet:-1","max-image-preview":"max-image-preview:large","max-video-preview":"max-video-preview:-1"},"canonical":"https:\/\/fluterm.eu\/it\/prod\/modulo-batteria-solare-huawei-sun2000-luna-5kw-eo\/","og_locale":"it_IT","og_type":"article","og_title":"Modulo batteria solare Huawei SUN2000-LUNA-5KW-EO","og_description":"Order Modulo batteria solare Huawei SUN2000-LUNA-5KW-EO at a best price.","og_url":"https:\/\/fluterm.eu\/it\/prod\/modulo-batteria-solare-huawei-sun2000-luna-5kw-eo\/","og_site_name":"fluterm.eu","og_image":[{"width":581,"height":581,"url":"https:\/\/fluterm.eu\/wp-content\/uploads\/2023\/09\/baterie-luna.png","type":"image\/png"}],"twitter_card":"summary_large_image","twitter_misc":{"Tempo di lettura stimato":"1 minuto"},"schema":{"@context":"https:\/\/schema.org","@graph":[{"@type":"WebPage","@id":"https:\/\/fluterm.eu\/it\/prod\/modulo-batteria-solare-huawei-sun2000-luna-5kw-eo\/","url":"https:\/\/fluterm.eu\/it\/prod\/modulo-batteria-solare-huawei-sun2000-luna-5kw-eo\/","name":"Modulo batteria solare Huawei SUN2000-LUNA-5KW-EO","isPartOf":{"@id":"https:\/\/fluterm.eu\/#website"},"datePublished":"2023-09-16T09:31:16+00:00","dateModified":"2023-09-16T09:31:16+00:00","description":"Order Modulo batteria solare Huawei SUN2000-LUNA-5KW-EO at a best price.","breadcrumb":{"@id":"https:\/\/fluterm.eu\/it\/prod\/modulo-batteria-solare-huawei-sun2000-luna-5kw-eo\/#breadcrumb"},"inLanguage":"it-IT","potentialAction":[{"@type":"ReadAction","target":["https:\/\/fluterm.eu\/it\/prod\/modulo-batteria-solare-huawei-sun2000-luna-5kw-eo\/"]}]},{"@type":"BreadcrumbList","@id":"https:\/\/fluterm.eu\/it\/prod\/modulo-batteria-solare-huawei-sun2000-luna-5kw-eo\/#breadcrumb","itemListElement":[{"@type":"ListItem","position":1,"name":"Home","item":"https:\/\/fluterm.eu\/it\/negozio\/"},{"@type":"ListItem","position":2,"name":"Negozio","item":"https:\/\/fluterm.eu\/it\/negozio\/"},{"@type":"ListItem","position":3,"name":"Modulo batteria solare Huawei SUN2000-LUNA-5KW-EO"}]},{"@type":"WebSite","@id":"https:\/\/fluterm.eu\/#website","url":"https:\/\/fluterm.eu\/","name":"fluterm.eu","description":"","potentialAction":[{"@type":"SearchAction","target":{"@type":"EntryPoint","urlTemplate":"https:\/\/fluterm.eu\/?s={search_term_string}"},"query-input":"required name=search_term_string"}],"inLanguage":"it-IT"}]}},"_links":{"self":[{"href":"https:\/\/fluterm.eu\/it\/wp-json\/wp\/v2\/product\/15757","targetHints":{"allow":["GET"]}}],"collection":[{"href":"https:\/\/fluterm.eu\/it\/wp-json\/wp\/v2\/product"}],"about":[{"href":"https:\/\/fluterm.eu\/it\/wp-json\/wp\/v2\/types\/product"}],"replies":[{"embeddable":true,"href":"https:\/\/fluterm.eu\/it\/wp-json\/wp\/v2\/comments?post=15757"}],"version-history":[{"count":0,"href":"https:\/\/fluterm.eu\/it\/wp-json\/wp\/v2\/product\/15757\/revisions"}],"wp:featuredmedia":[{"embeddable":true,"href":"https:\/\/fluterm.eu\/it\/wp-json\/wp\/v2\/media\/15723"}],"wp:attachment":[{"href":"https:\/\/fluterm.eu\/it\/wp-json\/wp\/v2\/media?parent=15757"}],"wp:term":[{"taxonomy":"product_cat","embeddable":true,"href":"https:\/\/fluterm.eu\/it\/wp-json\/wp\/v2\/product_cat?post=15757"},{"taxonomy":"product_tag","embeddable":true,"href":"https:\/\/fluterm.eu\/it\/wp-json\/wp\/v2\/product_tag?post=15757"}],"curies":[{"name":"wp","href":"https:\/\/api.w.org\/{rel}","templated":true}]}}