{"id":9035,"date":"2023-09-03T15:24:40","date_gmt":"2023-09-03T12:24:40","guid":{"rendered":"https:\/\/fluterm.eu\/prod\/batteria-growatt-ark-2-5l-a1-spf\/"},"modified":"2023-09-06T13:35:53","modified_gmt":"2023-09-06T10:35:53","slug":"batteria-growatt-ark-2-5l-a1-spf","status":"publish","type":"product","link":"https:\/\/fluterm.eu\/it\/prod\/batteria-growatt-ark-2-5l-a1-spf\/","title":{"rendered":"BATTERIA GROWATT ARK-2.5L-A1 SPF"},"content":{"rendered":"<div class=\"widget widget-tab container mx-auto nopa\">\n<div class=\"widget-inner\">\n<div class=\"tab-content\">\n<div class=\"tab-pane pr-0 pl-0 active\" role=\"tabpanel\">\n<div class=\"my-4\" data-builder-child-container=\"630dee388da9b\">\n<div class=\"widget widget-text widget-none producertag h6 producer text-muted mt-0 mb-3\">\n<div class=\"widget-inner bg-appearance pt-0 pr-0 pb-0 pl-0\">\n<p><img decoding=\"async\" src=\"https:\/\/cdn02.plentymarkets.com\/kmyhaikn11xq\/frontend\/ebay-actec\/GROWATT.png\"><\/p>\n<\/div>\n<\/div>\n<div class=\"widget widget-text widget-none mt-0 mr-0 mb-5 ml-0\">\n<div class=\"widget-inner bg-appearance pt-0 pr-0 pb-0 pl-0\">\n<h2><span>Batteria Growatt ARK-2.5L-A1 SPF<\/span><\/h2>\n<p><span>Moduli di stoccaggio al litio senza cobalto con tecnologia LiFePO4! Durante il giorno potete utilizzare comodamente l&#8217;elettricit\u00e0 autogenerata dal vostro impianto solare. Ma cosa succede se fa buio o se si produce pi\u00f9 elettricit\u00e0 del necessario? Oppure volete vivere nel modo pi\u00f9 autosufficiente possibile? In questo caso, l&#8217;accumulo di energia \u00e8 un&#8217;opzione. I moduli di accumulo Growatt ARK LV sono facili da installare grazie al semplice principio plug &amp; play e possono essere ampliati in qualsiasi momento fino a dieci moduli, ovvero fino a 25,64 kWh di capacit\u00e0 di accumulo. Con l&#8217;aiuto di questo accumulatore di energia, \u00e8 possibile utilizzare l&#8217;energia solare generata anche di notte o quando il cielo \u00e8 nuvoloso e sperimentare una maggiore indipendenza.<\/span><\/p>\n<p><strong><span>Accumulo di energia Growatt ARK 2,5L<\/span><\/strong><\/p>\n<p><strong><span>Vantaggi:<\/span><\/strong><\/p>\n<ul>\n<li><span>maggiore densit\u00e0 energetica<\/span><\/li>\n<li><span>bassa autoscarica durante lo stoccaggio a lungo termine<\/span><\/li>\n<li><span>alta tensione della cella<\/span><\/li>\n<li><span>Vita utile pi\u00f9 lunga rispetto all&#8217;archiviazione tradizionale<\/span><\/li>\n<li><span>ampio intervallo di temperatura per lo stoccaggio e il funzionamento<\/span><\/li>\n<li><span>maniglie di trasporto facili da usare<\/span><\/li>\n<li><span>elevata affidabilit\u00e0 operativa<\/span><\/li>\n<li><span>elevate prestazioni di carica e scarica<\/span><\/li>\n<li><span>capacit\u00e0 di stoccaggio utilizzabile 2304 Wh (90%DOD)<\/span><\/li>\n<\/ul>\n<p><strong><span>Aree di applicazione:<\/span><\/strong><\/p>\n<ul>\n<li><span>alimentazione di emergenza<\/span><\/li>\n<li><span>per il funzionamento solare e l&#8217;uso degli inverter<\/span><\/li>\n<li><span>per impianti fotovoltaici e sistemi stand-alone<\/span><\/li>\n<li><span>per i gruppi di continuit\u00e0 (UPS)<\/span><\/li>\n<li><span>installazione universale e risparmio ottimale<\/span><\/li>\n<\/ul>\n<\/div>\n<\/div>\n<\/div>\n<\/div>\n<\/div>\n<\/div>\n<\/div>\n<div class=\"widget widget-grid widget-two-col row\">\n<div class=\"widget-inner col-xl-6 widget-prop-xl-3-1 col-lg-6 widget-prop-lg-3-1 col-md-6 widget-prop-md-3-1 col-sm-12 widget-prop-sm-3-1 widget-stacked-mobile col-12 widget-prop-3-1 widget-stacked-mobile\">\n<div><\/div>\n<\/div>\n<div class=\"widget-inner col-xl-6 widget-prop-xl-3-1 col-lg-6 widget-prop-lg-3-1 col-md-6 widget-prop-md-3-1 col-sm-12 widget-prop-sm-3-1 col-12 widget-prop-3-1\">\n<div><\/div>\n<\/div>\n<\/div>\n<div class=\"widget widget-text widget-none mt-5\">\n<div class=\"widget-inner bg-appearance pt-0 pr-0 pb-0 pl-0\"><\/div>\n<\/div>\n","protected":false},"excerpt":{"rendered":"<p>Batteria Growatt ARK-2.5L-A1 SPF Moduli di stoccaggio al litio senza cobalto con tecnologia LiFePO4! Durante il giorno potete utilizzare comodamente l&#8217;elettricit\u00e0 autogenerata dal vostro impianto solare. Ma cosa succede se fa buio o se si produce pi\u00f9 elettricit\u00e0 del necessario? Oppure volete vivere nel modo pi\u00f9 autosufficiente possibile? In questo caso, l&#8217;accumulo di energia \u00e8&hellip;<\/p>\n","protected":false},"featured_media":9040,"comment_status":"open","ping_status":"closed","template":"","meta":[],"product_cat":[774],"product_tag":[],"class_list":{"0":"post-9035","1":"product","2":"type-product","3":"status-publish","4":"has-post-thumbnail","6":"product_cat-kit-fotovoltaici","8":"first","9":"instock","10":"taxable","11":"shipping-taxable","12":"purchasable","13":"product-type-simple","14":"col-xs-6 col-sm-4","15":"col-md-4 col-lg-4","16":"un-3-cols"},"acf":[],"yoast_head":"<!-- This site is optimized with the Yoast SEO plugin v21.2 - https:\/\/yoast.com\/wordpress\/plugins\/seo\/ -->\n<title>BATTERIA GROWATT ARK-2.5L-A1 SPF<\/title>\n<meta name=\"description\" content=\"Order BATTERIA GROWATT ARK-2.5L-A1 SPF at a best price.\" \/>\n<meta name=\"robots\" content=\"index, follow, max-snippet:-1, max-image-preview:large, max-video-preview:-1\" \/>\n<link rel=\"canonical\" href=\"https:\/\/fluterm.eu\/it\/prod\/batteria-growatt-ark-2-5l-a1-spf\/\" \/>\n<meta property=\"og:locale\" content=\"it_IT\" \/>\n<meta property=\"og:type\" content=\"article\" \/>\n<meta property=\"og:title\" content=\"BATTERIA GROWATT ARK-2.5L-A1 SPF\" \/>\n<meta property=\"og:description\" content=\"Order BATTERIA GROWATT ARK-2.5L-A1 SPF at a best price.\" \/>\n<meta property=\"og:url\" content=\"https:\/\/fluterm.eu\/it\/prod\/batteria-growatt-ark-2-5l-a1-spf\/\" \/>\n<meta property=\"og:site_name\" content=\"fluterm.eu\" \/>\n<meta property=\"article:modified_time\" content=\"2023-09-06T10:35:53+00:00\" \/>\n<meta property=\"og:image\" content=\"https:\/\/fluterm.eu\/wp-content\/uploads\/2023\/09\/Ark-2-5L-A1-01.jpeg\" \/>\n\t<meta property=\"og:image:width\" content=\"800\" \/>\n\t<meta property=\"og:image:height\" content=\"514\" \/>\n\t<meta property=\"og:image:type\" content=\"image\/jpeg\" \/>\n<meta name=\"twitter:card\" content=\"summary_large_image\" \/>\n<meta name=\"twitter:label1\" content=\"Tempo di lettura stimato\" \/>\n\t<meta name=\"twitter:data1\" content=\"1 minuto\" \/>\n<script type=\"application\/ld+json\" class=\"yoast-schema-graph\">{\"@context\":\"https:\/\/schema.org\",\"@graph\":[{\"@type\":\"WebPage\",\"@id\":\"https:\/\/fluterm.eu\/it\/prod\/batteria-growatt-ark-2-5l-a1-spf\/\",\"url\":\"https:\/\/fluterm.eu\/it\/prod\/batteria-growatt-ark-2-5l-a1-spf\/\",\"name\":\"BATTERIA GROWATT ARK-2.5L-A1 SPF\",\"isPartOf\":{\"@id\":\"https:\/\/fluterm.eu\/#website\"},\"datePublished\":\"2023-09-03T12:24:40+00:00\",\"dateModified\":\"2023-09-06T10:35:53+00:00\",\"description\":\"Order BATTERIA GROWATT ARK-2.5L-A1 SPF at a best price.\",\"breadcrumb\":{\"@id\":\"https:\/\/fluterm.eu\/it\/prod\/batteria-growatt-ark-2-5l-a1-spf\/#breadcrumb\"},\"inLanguage\":\"it-IT\",\"potentialAction\":[{\"@type\":\"ReadAction\",\"target\":[\"https:\/\/fluterm.eu\/it\/prod\/batteria-growatt-ark-2-5l-a1-spf\/\"]}]},{\"@type\":\"BreadcrumbList\",\"@id\":\"https:\/\/fluterm.eu\/it\/prod\/batteria-growatt-ark-2-5l-a1-spf\/#breadcrumb\",\"itemListElement\":[{\"@type\":\"ListItem\",\"position\":1,\"name\":\"Home\",\"item\":\"https:\/\/fluterm.eu\/it\/negozio\/\"},{\"@type\":\"ListItem\",\"position\":2,\"name\":\"Negozio\",\"item\":\"https:\/\/fluterm.eu\/it\/negozio\/\"},{\"@type\":\"ListItem\",\"position\":3,\"name\":\"BATTERIA GROWATT ARK-2.5L-A1 SPF\"}]},{\"@type\":\"WebSite\",\"@id\":\"https:\/\/fluterm.eu\/#website\",\"url\":\"https:\/\/fluterm.eu\/\",\"name\":\"fluterm.eu\",\"description\":\"\",\"potentialAction\":[{\"@type\":\"SearchAction\",\"target\":{\"@type\":\"EntryPoint\",\"urlTemplate\":\"https:\/\/fluterm.eu\/?s={search_term_string}\"},\"query-input\":\"required name=search_term_string\"}],\"inLanguage\":\"it-IT\"}]}<\/script>\n<!-- \/ Yoast SEO plugin. -->","yoast_head_json":{"title":"BATTERIA GROWATT ARK-2.5L-A1 SPF","description":"Order BATTERIA GROWATT ARK-2.5L-A1 SPF at a best price.","robots":{"index":"index","follow":"follow","max-snippet":"max-snippet:-1","max-image-preview":"max-image-preview:large","max-video-preview":"max-video-preview:-1"},"canonical":"https:\/\/fluterm.eu\/it\/prod\/batteria-growatt-ark-2-5l-a1-spf\/","og_locale":"it_IT","og_type":"article","og_title":"BATTERIA GROWATT ARK-2.5L-A1 SPF","og_description":"Order BATTERIA GROWATT ARK-2.5L-A1 SPF at a best price.","og_url":"https:\/\/fluterm.eu\/it\/prod\/batteria-growatt-ark-2-5l-a1-spf\/","og_site_name":"fluterm.eu","article_modified_time":"2023-09-06T10:35:53+00:00","og_image":[{"width":800,"height":514,"url":"https:\/\/fluterm.eu\/wp-content\/uploads\/2023\/09\/Ark-2-5L-A1-01.jpeg","type":"image\/jpeg"}],"twitter_card":"summary_large_image","twitter_misc":{"Tempo di lettura stimato":"1 minuto"},"schema":{"@context":"https:\/\/schema.org","@graph":[{"@type":"WebPage","@id":"https:\/\/fluterm.eu\/it\/prod\/batteria-growatt-ark-2-5l-a1-spf\/","url":"https:\/\/fluterm.eu\/it\/prod\/batteria-growatt-ark-2-5l-a1-spf\/","name":"BATTERIA GROWATT ARK-2.5L-A1 SPF","isPartOf":{"@id":"https:\/\/fluterm.eu\/#website"},"datePublished":"2023-09-03T12:24:40+00:00","dateModified":"2023-09-06T10:35:53+00:00","description":"Order BATTERIA GROWATT ARK-2.5L-A1 SPF at a best price.","breadcrumb":{"@id":"https:\/\/fluterm.eu\/it\/prod\/batteria-growatt-ark-2-5l-a1-spf\/#breadcrumb"},"inLanguage":"it-IT","potentialAction":[{"@type":"ReadAction","target":["https:\/\/fluterm.eu\/it\/prod\/batteria-growatt-ark-2-5l-a1-spf\/"]}]},{"@type":"BreadcrumbList","@id":"https:\/\/fluterm.eu\/it\/prod\/batteria-growatt-ark-2-5l-a1-spf\/#breadcrumb","itemListElement":[{"@type":"ListItem","position":1,"name":"Home","item":"https:\/\/fluterm.eu\/it\/negozio\/"},{"@type":"ListItem","position":2,"name":"Negozio","item":"https:\/\/fluterm.eu\/it\/negozio\/"},{"@type":"ListItem","position":3,"name":"BATTERIA GROWATT ARK-2.5L-A1 SPF"}]},{"@type":"WebSite","@id":"https:\/\/fluterm.eu\/#website","url":"https:\/\/fluterm.eu\/","name":"fluterm.eu","description":"","potentialAction":[{"@type":"SearchAction","target":{"@type":"EntryPoint","urlTemplate":"https:\/\/fluterm.eu\/?s={search_term_string}"},"query-input":"required name=search_term_string"}],"inLanguage":"it-IT"}]}},"_links":{"self":[{"href":"https:\/\/fluterm.eu\/it\/wp-json\/wp\/v2\/product\/9035","targetHints":{"allow":["GET"]}}],"collection":[{"href":"https:\/\/fluterm.eu\/it\/wp-json\/wp\/v2\/product"}],"about":[{"href":"https:\/\/fluterm.eu\/it\/wp-json\/wp\/v2\/types\/product"}],"replies":[{"embeddable":true,"href":"https:\/\/fluterm.eu\/it\/wp-json\/wp\/v2\/comments?post=9035"}],"version-history":[{"count":1,"href":"https:\/\/fluterm.eu\/it\/wp-json\/wp\/v2\/product\/9035\/revisions"}],"predecessor-version":[{"id":13516,"href":"https:\/\/fluterm.eu\/it\/wp-json\/wp\/v2\/product\/9035\/revisions\/13516"}],"wp:featuredmedia":[{"embeddable":true,"href":"https:\/\/fluterm.eu\/it\/wp-json\/wp\/v2\/media\/9040"}],"wp:attachment":[{"href":"https:\/\/fluterm.eu\/it\/wp-json\/wp\/v2\/media?parent=9035"}],"wp:term":[{"taxonomy":"product_cat","embeddable":true,"href":"https:\/\/fluterm.eu\/it\/wp-json\/wp\/v2\/product_cat?post=9035"},{"taxonomy":"product_tag","embeddable":true,"href":"https:\/\/fluterm.eu\/it\/wp-json\/wp\/v2\/product_tag?post=9035"}],"curies":[{"name":"wp","href":"https:\/\/api.w.org\/{rel}","templated":true}]}}