{"id":9954,"date":"2023-08-27T10:19:31","date_gmt":"2023-08-27T07:19:31","guid":{"rendered":"https:\/\/fluterm.eu\/prod\/accumulo-solare-ad-alta-tensione-growatt-apx-5-0\/"},"modified":"2023-09-06T13:35:59","modified_gmt":"2023-09-06T10:35:59","slug":"accumulo-solare-ad-alta-tensione-growatt-apx-5-0","status":"publish","type":"product","link":"https:\/\/fluterm.eu\/it\/prod\/accumulo-solare-ad-alta-tensione-growatt-apx-5-0\/","title":{"rendered":"Accumulo solare ad alta tensione Growatt APX 5.0"},"content":{"rendered":"<div class=\"product-detail-description-text\">\n<h2><span>Batteria ad alta tensione Growatt APX 5.0<\/span><\/h2>\n<p><span>La batteria ad alta tensione Growatt APX 5.0 ha una capacit\u00e0 di accumulo di 5 kWh.<\/span><\/p>\n<h2><span>Growatt APX 5.0 5kWh batteria ad alta tensione LFP<\/span><\/h2>\n<p><span>La batteria ad alta tensione Growatt APX 5.0 5kWh \u00e8 la batteria ad alta tensione di Growatt per gli inverter Growatt. La batteria ha una capacit\u00e0 di 5 kWh. \u00c8 possibile collegare in parallelo fino a sei batterie, che insieme raggiungono una potenza di 30 kWh.<\/span><\/p>\n<\/div>\n<div class=\"h4 twt-product-properties-description-title\"><span>Dati tecnici<\/span><\/div>\n<div class=\"product-detail-properties\">\n<div class=\"row product-detail-properties-container\">\n<div class=\"col-12\">\n<table class=\"table table-striped product-detail-properties-table\">\n<tbody>\n<tr class=\"properties-row\">\n<th class=\"properties-label\"><span>Larghezza:<\/span><\/th>\n<td class=\"properties-value\"><span>200 mm<\/span><\/td>\n<\/tr>\n<tr class=\"properties-row\">\n<th class=\"properties-label\"><span>Altezza:<\/span><\/th>\n<td class=\"properties-value\"><span>320 mm<\/span><\/td>\n<\/tr>\n<tr class=\"properties-row\">\n<th class=\"properties-label\"><span>Capacit\u00e0 in Wh:<\/span><\/th>\n<td class=\"properties-value\"><span>5000<\/span><\/td>\n<\/tr>\n<tr class=\"properties-row\">\n<th class=\"properties-label\"><span>Lunghezza:<\/span><\/th>\n<td class=\"properties-value\"><span>710 mm<\/span><\/td>\n<\/tr>\n<\/tbody>\n<\/table>\n<\/div>\n<\/div>\n<\/div>\n","protected":false},"excerpt":{"rendered":"<p>Batteria ad alta tensione Growatt APX 5.0 La batteria ad alta tensione Growatt APX 5.0 ha una capacit\u00e0 di accumulo di 5 kWh. Growatt APX 5.0 5kWh batteria ad alta tensione LFP La batteria ad alta tensione Growatt APX 5.0 5kWh \u00e8 la batteria ad alta tensione di Growatt per gli inverter Growatt. La batteria&hellip;<\/p>\n","protected":false},"featured_media":9962,"comment_status":"open","ping_status":"closed","template":"","meta":[],"product_cat":[774],"product_tag":[],"class_list":{"0":"post-9954","1":"product","2":"type-product","3":"status-publish","4":"has-post-thumbnail","6":"product_cat-kit-fotovoltaici","8":"first","9":"instock","10":"taxable","11":"shipping-taxable","12":"purchasable","13":"product-type-simple","14":"col-xs-6 col-sm-4","15":"col-md-4 col-lg-4","16":"un-3-cols"},"acf":[],"yoast_head":"<!-- This site is optimized with the Yoast SEO plugin v21.2 - https:\/\/yoast.com\/wordpress\/plugins\/seo\/ -->\n<title>Accumulo solare ad alta tensione Growatt APX 5.0<\/title>\n<meta name=\"description\" content=\"Order Accumulo solare ad alta tensione Growatt APX 5.0 at a best price.\" \/>\n<meta name=\"robots\" content=\"index, follow, max-snippet:-1, max-image-preview:large, max-video-preview:-1\" \/>\n<link rel=\"canonical\" href=\"https:\/\/fluterm.eu\/it\/prod\/accumulo-solare-ad-alta-tensione-growatt-apx-5-0\/\" \/>\n<meta property=\"og:locale\" content=\"it_IT\" \/>\n<meta property=\"og:type\" content=\"article\" \/>\n<meta property=\"og:title\" content=\"Accumulo solare ad alta tensione Growatt APX 5.0\" \/>\n<meta property=\"og:description\" content=\"Order Accumulo solare ad alta tensione Growatt APX 5.0 at a best price.\" \/>\n<meta property=\"og:url\" content=\"https:\/\/fluterm.eu\/it\/prod\/accumulo-solare-ad-alta-tensione-growatt-apx-5-0\/\" \/>\n<meta property=\"og:site_name\" content=\"fluterm.eu\" \/>\n<meta property=\"article:modified_time\" content=\"2023-09-06T10:35:59+00:00\" \/>\n<meta property=\"og:image\" content=\"https:\/\/fluterm.eu\/wp-content\/uploads\/2023\/08\/batterie-dee61be1e2c745c1a051adab6678c318.jpeg\" \/>\n\t<meta property=\"og:image:width\" content=\"1200\" \/>\n\t<meta property=\"og:image:height\" content=\"1200\" \/>\n\t<meta property=\"og:image:type\" content=\"image\/jpeg\" \/>\n<meta name=\"twitter:card\" content=\"summary_large_image\" \/>\n<script type=\"application\/ld+json\" class=\"yoast-schema-graph\">{\"@context\":\"https:\/\/schema.org\",\"@graph\":[{\"@type\":\"WebPage\",\"@id\":\"https:\/\/fluterm.eu\/it\/prod\/accumulo-solare-ad-alta-tensione-growatt-apx-5-0\/\",\"url\":\"https:\/\/fluterm.eu\/it\/prod\/accumulo-solare-ad-alta-tensione-growatt-apx-5-0\/\",\"name\":\"Accumulo solare ad alta tensione Growatt APX 5.0\",\"isPartOf\":{\"@id\":\"https:\/\/fluterm.eu\/#website\"},\"datePublished\":\"2023-08-27T07:19:31+00:00\",\"dateModified\":\"2023-09-06T10:35:59+00:00\",\"description\":\"Order Accumulo solare ad alta tensione Growatt APX 5.0 at a best price.\",\"breadcrumb\":{\"@id\":\"https:\/\/fluterm.eu\/it\/prod\/accumulo-solare-ad-alta-tensione-growatt-apx-5-0\/#breadcrumb\"},\"inLanguage\":\"it-IT\",\"potentialAction\":[{\"@type\":\"ReadAction\",\"target\":[\"https:\/\/fluterm.eu\/it\/prod\/accumulo-solare-ad-alta-tensione-growatt-apx-5-0\/\"]}]},{\"@type\":\"BreadcrumbList\",\"@id\":\"https:\/\/fluterm.eu\/it\/prod\/accumulo-solare-ad-alta-tensione-growatt-apx-5-0\/#breadcrumb\",\"itemListElement\":[{\"@type\":\"ListItem\",\"position\":1,\"name\":\"Home\",\"item\":\"https:\/\/fluterm.eu\/it\/negozio\/\"},{\"@type\":\"ListItem\",\"position\":2,\"name\":\"Negozio\",\"item\":\"https:\/\/fluterm.eu\/it\/negozio\/\"},{\"@type\":\"ListItem\",\"position\":3,\"name\":\"Accumulo solare ad alta tensione Growatt APX 5.0\"}]},{\"@type\":\"WebSite\",\"@id\":\"https:\/\/fluterm.eu\/#website\",\"url\":\"https:\/\/fluterm.eu\/\",\"name\":\"fluterm.eu\",\"description\":\"\",\"potentialAction\":[{\"@type\":\"SearchAction\",\"target\":{\"@type\":\"EntryPoint\",\"urlTemplate\":\"https:\/\/fluterm.eu\/?s={search_term_string}\"},\"query-input\":\"required name=search_term_string\"}],\"inLanguage\":\"it-IT\"}]}<\/script>\n<!-- \/ Yoast SEO plugin. -->","yoast_head_json":{"title":"Accumulo solare ad alta tensione Growatt APX 5.0","description":"Order Accumulo solare ad alta tensione Growatt APX 5.0 at a best price.","robots":{"index":"index","follow":"follow","max-snippet":"max-snippet:-1","max-image-preview":"max-image-preview:large","max-video-preview":"max-video-preview:-1"},"canonical":"https:\/\/fluterm.eu\/it\/prod\/accumulo-solare-ad-alta-tensione-growatt-apx-5-0\/","og_locale":"it_IT","og_type":"article","og_title":"Accumulo solare ad alta tensione Growatt APX 5.0","og_description":"Order Accumulo solare ad alta tensione Growatt APX 5.0 at a best price.","og_url":"https:\/\/fluterm.eu\/it\/prod\/accumulo-solare-ad-alta-tensione-growatt-apx-5-0\/","og_site_name":"fluterm.eu","article_modified_time":"2023-09-06T10:35:59+00:00","og_image":[{"width":1200,"height":1200,"url":"https:\/\/fluterm.eu\/wp-content\/uploads\/2023\/08\/batterie-dee61be1e2c745c1a051adab6678c318.jpeg","type":"image\/jpeg"}],"twitter_card":"summary_large_image","schema":{"@context":"https:\/\/schema.org","@graph":[{"@type":"WebPage","@id":"https:\/\/fluterm.eu\/it\/prod\/accumulo-solare-ad-alta-tensione-growatt-apx-5-0\/","url":"https:\/\/fluterm.eu\/it\/prod\/accumulo-solare-ad-alta-tensione-growatt-apx-5-0\/","name":"Accumulo solare ad alta tensione Growatt APX 5.0","isPartOf":{"@id":"https:\/\/fluterm.eu\/#website"},"datePublished":"2023-08-27T07:19:31+00:00","dateModified":"2023-09-06T10:35:59+00:00","description":"Order Accumulo solare ad alta tensione Growatt APX 5.0 at a best price.","breadcrumb":{"@id":"https:\/\/fluterm.eu\/it\/prod\/accumulo-solare-ad-alta-tensione-growatt-apx-5-0\/#breadcrumb"},"inLanguage":"it-IT","potentialAction":[{"@type":"ReadAction","target":["https:\/\/fluterm.eu\/it\/prod\/accumulo-solare-ad-alta-tensione-growatt-apx-5-0\/"]}]},{"@type":"BreadcrumbList","@id":"https:\/\/fluterm.eu\/it\/prod\/accumulo-solare-ad-alta-tensione-growatt-apx-5-0\/#breadcrumb","itemListElement":[{"@type":"ListItem","position":1,"name":"Home","item":"https:\/\/fluterm.eu\/it\/negozio\/"},{"@type":"ListItem","position":2,"name":"Negozio","item":"https:\/\/fluterm.eu\/it\/negozio\/"},{"@type":"ListItem","position":3,"name":"Accumulo solare ad alta tensione Growatt APX 5.0"}]},{"@type":"WebSite","@id":"https:\/\/fluterm.eu\/#website","url":"https:\/\/fluterm.eu\/","name":"fluterm.eu","description":"","potentialAction":[{"@type":"SearchAction","target":{"@type":"EntryPoint","urlTemplate":"https:\/\/fluterm.eu\/?s={search_term_string}"},"query-input":"required name=search_term_string"}],"inLanguage":"it-IT"}]}},"_links":{"self":[{"href":"https:\/\/fluterm.eu\/it\/wp-json\/wp\/v2\/product\/9954","targetHints":{"allow":["GET"]}}],"collection":[{"href":"https:\/\/fluterm.eu\/it\/wp-json\/wp\/v2\/product"}],"about":[{"href":"https:\/\/fluterm.eu\/it\/wp-json\/wp\/v2\/types\/product"}],"replies":[{"embeddable":true,"href":"https:\/\/fluterm.eu\/it\/wp-json\/wp\/v2\/comments?post=9954"}],"version-history":[{"count":1,"href":"https:\/\/fluterm.eu\/it\/wp-json\/wp\/v2\/product\/9954\/revisions"}],"predecessor-version":[{"id":13536,"href":"https:\/\/fluterm.eu\/it\/wp-json\/wp\/v2\/product\/9954\/revisions\/13536"}],"wp:featuredmedia":[{"embeddable":true,"href":"https:\/\/fluterm.eu\/it\/wp-json\/wp\/v2\/media\/9962"}],"wp:attachment":[{"href":"https:\/\/fluterm.eu\/it\/wp-json\/wp\/v2\/media?parent=9954"}],"wp:term":[{"taxonomy":"product_cat","embeddable":true,"href":"https:\/\/fluterm.eu\/it\/wp-json\/wp\/v2\/product_cat?post=9954"},{"taxonomy":"product_tag","embeddable":true,"href":"https:\/\/fluterm.eu\/it\/wp-json\/wp\/v2\/product_tag?post=9954"}],"curies":[{"name":"wp","href":"https:\/\/api.w.org\/{rel}","templated":true}]}}