{"id":14617,"date":"2023-06-10T14:51:04","date_gmt":"2023-06-10T11:51:04","guid":{"rendered":"https:\/\/fluterm.eu\/prod\/compleet-vloerverwarmingscircuit-mixsysteem-met-6-pex16-17x2mm-circuits-verdeler\/"},"modified":"2023-06-10T14:51:04","modified_gmt":"2023-06-10T11:51:04","slug":"compleet-vloerverwarming-circuit-mengsysteem-met-6-pex16-17x2mm-circuit-verdeler","status":"publish","type":"product","link":"https:\/\/fluterm.eu\/nl\/prod\/compleet-vloerverwarming-circuit-mengsysteem-met-6-pex16-17x2mm-circuit-verdeler\/","title":{"rendered":"Compleet vloerverwarmingscircuit mixsysteem met 6 PEX16\/17x2mm circuits verdeler"},"content":{"rendered":"<h1>Vloerverwarmingsverdeler met pomp en kleppen &#8211; ibo A Pump &#8211; 6 poorten<\/h1>\n<p><strong>Wat is inbegrepen in onze pomp- en spruitstukpakketten?<\/strong><\/p>\n<p>Vloerverwarmingsverdelers worden geleverd met:<\/p>\n<p>&#8220;A&#8221; Geschatte ibo Pomp Pack.<\/p>\n<p>Inbegrepen artikelen:<\/p>\n<p>1 x voorgemonteerd spruitstuk met debietmeters<\/p>\n<p>1 x ontluchter<\/p>\n<p>1 x manometer<\/p>\n<p>2 x kogelkleppen<\/p>\n<p>2 x tempometer (gemonteerd op kogelkranen)<\/p>\n<p>1 x metalen doos<\/p>\n<p>Eurocones fitting 16\/17 12st<\/p>\n<p>Pompstation (mengklep)<\/p>\n<p>Geleverd op een voorgemonteerde beugel.<\/p>\n<p>CMax werkdruk 3 bar max testdruk 10 bar.<\/p>\n<p>Temperatuurbereik: 35C &#8211; 65CMax werkdruk:<\/p>\n<p>Onze verdeelstukken zijn voor gebruik op watervloerverwarmingssystemen.<\/p>\n<p>Deze bestaan uit twee verdelerbalken, \u00e9\u00e9n voor de aanvoer en \u00e9\u00e9n voor de retour, compleet met kogelkranen, aftap-\/vulkleppen en ontluchter. Op de stromingsbalk heeft elke poort een hoogwaardige stromingsindicator, met isolator inclusief een gemakkelijk af te lezen peilglas.<\/p>\n<p>Elke poort op de retourbalk is uitgerust met een integrale regelklep en beschermkap waarmee de gebruiker het watervolume kan aanpassen of die verwijderd kan worden om een Manifold Thermoelectric kop te plaatsen.<\/p>\n<p>&nbsp;<\/p>\n<p><strong>Afmetingen spruitstuk:<\/strong><\/p>\n<p>Tel 150 mm op bij de lengte als de pomp en mixer zijn gemonteerd.<\/p>\n<p>Zie afbeelding 12 voor de sleutel.<\/p>\n<p>A B C D E<\/p>\n<p>2-krings UFH verdeelblok kit 320mm 210mm 50mm 276mm 90mm<\/p>\n<p>3-krings UFH verdeelblok kit 320mm 210mm 50mm 326mm 90mm<\/p>\n<p>4-circuit UFH-verdeelblokset 320mm 210mm 50mm 376mm 90mm<\/p>\n<p>5-circuit UFH verdeelblok kit 320mm 210mm 50mm 426mm 90mm<\/p>\n<p>6-circuit UFH verdeelblok kit 320mm 210mm 50mm 476mm 90mm<\/p>\n<p>7-krings UFH verdeelblok kit 320mm 210mm 50mm 526mm 90mm<\/p>\n<p>8-krings UFH verdeelblok kit 320mm 210mm 50mm 576mm 90mm<\/p>\n<p>9-circuit UFH-verdeelblokset 320mm 210mm 50mm 626mm 90mm<\/p>\n<p>10-circuit UFH-verdeelblokset 320mm 210mm 50mm 676mm 90mm<\/p>\n<p>11-krings UFH verdeelblok kit 320mm 210mm 50mm 726mm 90mm<\/p>\n<p>12-circuit UFH-verdeelblokset 320mm 210mm 50mm 776mm 90mm<\/p>\n<p>&nbsp;<\/p>\n<p><strong>Vloerverwarming:<\/strong><\/p>\n<p>The Underfloor Heating Site is een van de grootste leveranciers van vloerverwarming in het Verenigd Koninkrijk, ondersteund door toonaangevende leveranciers met jarenlange kennis van de vloerverwarmingsindustrie. Wij leveren vloerverwarmingsproducten van de beste kwaliteit tegen betaalbare prijzen en dit wordt ondersteund door een eersteklas klantenservice en advies. Of je nu alleen een kleine badkamer betegelt of op zoek bent naar een volledig verwarmingssysteem voor je huis, wij zijn ervan overtuigd dat we het juiste systeem voor je hebben.<\/p>\n<p>Ons assortiment omvat vloerverwarmingskits voor water of alleen de vloerverwarmingsverdeler, vloerverwarmingsbuis, vloerverwarmingsmat, gratis kabel, isolatie, spiegelverwarmingskussens en nog veel meer.<\/p>\n","protected":false},"excerpt":{"rendered":"<p>Vloerverwarmingsverdeler met pomp en kleppen &#8211; ibo A Pump &#8211; 6 poorten Wat is inbegrepen in onze pomp- en spruitstukpakketten? Vloerverwarmingsverdelers worden geleverd met: &#8220;A&#8221; Geschatte ibo Pomp Pack. Inbegrepen artikelen: 1 x voorgemonteerd spruitstuk met debietmeters 1 x ontluchter 1 x manometer 2 x kogelkleppen 2 x tempometer (gemonteerd op kogelkranen) 1 x metalen&hellip;<\/p>\n","protected":false},"featured_media":3007,"comment_status":"open","ping_status":"closed","template":"","meta":[],"product_cat":[810],"product_tag":[],"class_list":{"0":"post-14617","1":"product","2":"type-product","3":"status-publish","4":"has-post-thumbnail","6":"product_cat-verdelers-van-vloerverwarming","8":"first","9":"instock","10":"sale","11":"taxable","12":"shipping-taxable","13":"purchasable","14":"product-type-simple","15":"col-xs-6 col-sm-4","16":"col-md-4 col-lg-4","17":"un-3-cols"},"acf":[],"yoast_head":"<!-- This site is optimized with the Yoast SEO plugin v21.2 - https:\/\/yoast.com\/wordpress\/plugins\/seo\/ -->\n<title>Compleet vloerverwarmingscircuit mixsysteem met 6 PEX16\/17x2mm circuits verdeler<\/title>\n<meta name=\"description\" content=\"Order Compleet vloerverwarmingscircuit mixsysteem met 6 PEX16\/17x2mm circuits verdeler at a best price.\" \/>\n<meta name=\"robots\" content=\"index, follow, max-snippet:-1, max-image-preview:large, max-video-preview:-1\" \/>\n<link rel=\"canonical\" href=\"https:\/\/fluterm.eu\/nl\/prod\/compleet-vloerverwarmingscircuit-mixsysteem-met-6-pex16-17x2mm-circuits-verdeler\/\" \/>\n<meta property=\"og:locale\" content=\"nl_NL\" \/>\n<meta property=\"og:type\" content=\"article\" \/>\n<meta property=\"og:title\" content=\"Compleet vloerverwarmingscircuit mixsysteem met 6 PEX16\/17x2mm circuits verdeler\" \/>\n<meta property=\"og:description\" content=\"Order Compleet vloerverwarmingscircuit mixsysteem met 6 PEX16\/17x2mm circuits verdeler at a best price.\" \/>\n<meta property=\"og:url\" content=\"https:\/\/fluterm.eu\/nl\/prod\/compleet-vloerverwarmingscircuit-mixsysteem-met-6-pex16-17x2mm-circuits-verdeler\/\" \/>\n<meta property=\"og:site_name\" content=\"fluterm.eu\" \/>\n<meta property=\"og:image\" content=\"https:\/\/fluterm.eu\/wp-content\/uploads\/2023\/06\/PROD-82.jpeg\" \/>\n\t<meta property=\"og:image:width\" content=\"2000\" \/>\n\t<meta property=\"og:image:height\" content=\"2000\" \/>\n\t<meta property=\"og:image:type\" content=\"image\/jpeg\" \/>\n<meta name=\"twitter:card\" content=\"summary_large_image\" \/>\n<meta name=\"twitter:label1\" content=\"Geschatte leestijd\" \/>\n\t<meta name=\"twitter:data1\" content=\"2 minuten\" \/>\n<script type=\"application\/ld+json\" class=\"yoast-schema-graph\">{\"@context\":\"https:\/\/schema.org\",\"@graph\":[{\"@type\":\"WebPage\",\"@id\":\"https:\/\/fluterm.eu\/nl\/prod\/compleet-vloerverwarmingscircuit-mixsysteem-met-6-pex16-17x2mm-circuits-verdeler\/\",\"url\":\"https:\/\/fluterm.eu\/nl\/prod\/compleet-vloerverwarmingscircuit-mixsysteem-met-6-pex16-17x2mm-circuits-verdeler\/\",\"name\":\"Compleet vloerverwarmingscircuit mixsysteem met 6 PEX16\/17x2mm circuits verdeler\",\"isPartOf\":{\"@id\":\"https:\/\/fluterm.eu\/#website\"},\"datePublished\":\"2023-06-10T11:51:04+00:00\",\"dateModified\":\"2023-06-10T11:51:04+00:00\",\"description\":\"Order Compleet vloerverwarmingscircuit mixsysteem met 6 PEX16\/17x2mm circuits verdeler at a best price.\",\"breadcrumb\":{\"@id\":\"https:\/\/fluterm.eu\/nl\/prod\/compleet-vloerverwarmingscircuit-mixsysteem-met-6-pex16-17x2mm-circuits-verdeler\/#breadcrumb\"},\"inLanguage\":\"nl-NL\",\"potentialAction\":[{\"@type\":\"ReadAction\",\"target\":[\"https:\/\/fluterm.eu\/nl\/prod\/compleet-vloerverwarmingscircuit-mixsysteem-met-6-pex16-17x2mm-circuits-verdeler\/\"]}]},{\"@type\":\"BreadcrumbList\",\"@id\":\"https:\/\/fluterm.eu\/nl\/prod\/compleet-vloerverwarmingscircuit-mixsysteem-met-6-pex16-17x2mm-circuits-verdeler\/#breadcrumb\",\"itemListElement\":[{\"@type\":\"ListItem\",\"position\":1,\"name\":\"Home\",\"item\":\"https:\/\/fluterm.eu\/nl\/winkelen\/\"},{\"@type\":\"ListItem\",\"position\":2,\"name\":\"Winkelen\",\"item\":\"https:\/\/fluterm.eu\/nl\/winkelen\/\"},{\"@type\":\"ListItem\",\"position\":3,\"name\":\"Compleet vloerverwarmingscircuit mixsysteem met 6 PEX16\/17x2mm circuits verdeler\"}]},{\"@type\":\"WebSite\",\"@id\":\"https:\/\/fluterm.eu\/#website\",\"url\":\"https:\/\/fluterm.eu\/\",\"name\":\"fluterm.eu\",\"description\":\"\",\"potentialAction\":[{\"@type\":\"SearchAction\",\"target\":{\"@type\":\"EntryPoint\",\"urlTemplate\":\"https:\/\/fluterm.eu\/?s={search_term_string}\"},\"query-input\":\"required name=search_term_string\"}],\"inLanguage\":\"nl-NL\"}]}<\/script>\n<!-- \/ Yoast SEO plugin. -->","yoast_head_json":{"title":"Compleet vloerverwarmingscircuit mixsysteem met 6 PEX16\/17x2mm circuits verdeler","description":"Order Compleet vloerverwarmingscircuit mixsysteem met 6 PEX16\/17x2mm circuits verdeler at a best price.","robots":{"index":"index","follow":"follow","max-snippet":"max-snippet:-1","max-image-preview":"max-image-preview:large","max-video-preview":"max-video-preview:-1"},"canonical":"https:\/\/fluterm.eu\/nl\/prod\/compleet-vloerverwarmingscircuit-mixsysteem-met-6-pex16-17x2mm-circuits-verdeler\/","og_locale":"nl_NL","og_type":"article","og_title":"Compleet vloerverwarmingscircuit mixsysteem met 6 PEX16\/17x2mm circuits verdeler","og_description":"Order Compleet vloerverwarmingscircuit mixsysteem met 6 PEX16\/17x2mm circuits verdeler at a best price.","og_url":"https:\/\/fluterm.eu\/nl\/prod\/compleet-vloerverwarmingscircuit-mixsysteem-met-6-pex16-17x2mm-circuits-verdeler\/","og_site_name":"fluterm.eu","og_image":[{"width":2000,"height":2000,"url":"https:\/\/fluterm.eu\/wp-content\/uploads\/2023\/06\/PROD-82.jpeg","type":"image\/jpeg"}],"twitter_card":"summary_large_image","twitter_misc":{"Geschatte leestijd":"2 minuten"},"schema":{"@context":"https:\/\/schema.org","@graph":[{"@type":"WebPage","@id":"https:\/\/fluterm.eu\/nl\/prod\/compleet-vloerverwarmingscircuit-mixsysteem-met-6-pex16-17x2mm-circuits-verdeler\/","url":"https:\/\/fluterm.eu\/nl\/prod\/compleet-vloerverwarmingscircuit-mixsysteem-met-6-pex16-17x2mm-circuits-verdeler\/","name":"Compleet vloerverwarmingscircuit mixsysteem met 6 PEX16\/17x2mm circuits verdeler","isPartOf":{"@id":"https:\/\/fluterm.eu\/#website"},"datePublished":"2023-06-10T11:51:04+00:00","dateModified":"2023-06-10T11:51:04+00:00","description":"Order Compleet vloerverwarmingscircuit mixsysteem met 6 PEX16\/17x2mm circuits verdeler at a best price.","breadcrumb":{"@id":"https:\/\/fluterm.eu\/nl\/prod\/compleet-vloerverwarmingscircuit-mixsysteem-met-6-pex16-17x2mm-circuits-verdeler\/#breadcrumb"},"inLanguage":"nl-NL","potentialAction":[{"@type":"ReadAction","target":["https:\/\/fluterm.eu\/nl\/prod\/compleet-vloerverwarmingscircuit-mixsysteem-met-6-pex16-17x2mm-circuits-verdeler\/"]}]},{"@type":"BreadcrumbList","@id":"https:\/\/fluterm.eu\/nl\/prod\/compleet-vloerverwarmingscircuit-mixsysteem-met-6-pex16-17x2mm-circuits-verdeler\/#breadcrumb","itemListElement":[{"@type":"ListItem","position":1,"name":"Home","item":"https:\/\/fluterm.eu\/nl\/winkelen\/"},{"@type":"ListItem","position":2,"name":"Winkelen","item":"https:\/\/fluterm.eu\/nl\/winkelen\/"},{"@type":"ListItem","position":3,"name":"Compleet vloerverwarmingscircuit mixsysteem met 6 PEX16\/17x2mm circuits verdeler"}]},{"@type":"WebSite","@id":"https:\/\/fluterm.eu\/#website","url":"https:\/\/fluterm.eu\/","name":"fluterm.eu","description":"","potentialAction":[{"@type":"SearchAction","target":{"@type":"EntryPoint","urlTemplate":"https:\/\/fluterm.eu\/?s={search_term_string}"},"query-input":"required name=search_term_string"}],"inLanguage":"nl-NL"}]}},"_links":{"self":[{"href":"https:\/\/fluterm.eu\/nl\/wp-json\/wp\/v2\/product\/14617","targetHints":{"allow":["GET"]}}],"collection":[{"href":"https:\/\/fluterm.eu\/nl\/wp-json\/wp\/v2\/product"}],"about":[{"href":"https:\/\/fluterm.eu\/nl\/wp-json\/wp\/v2\/types\/product"}],"replies":[{"embeddable":true,"href":"https:\/\/fluterm.eu\/nl\/wp-json\/wp\/v2\/comments?post=14617"}],"version-history":[{"count":0,"href":"https:\/\/fluterm.eu\/nl\/wp-json\/wp\/v2\/product\/14617\/revisions"}],"wp:featuredmedia":[{"embeddable":true,"href":"https:\/\/fluterm.eu\/nl\/wp-json\/wp\/v2\/media\/3007"}],"wp:attachment":[{"href":"https:\/\/fluterm.eu\/nl\/wp-json\/wp\/v2\/media?parent=14617"}],"wp:term":[{"taxonomy":"product_cat","embeddable":true,"href":"https:\/\/fluterm.eu\/nl\/wp-json\/wp\/v2\/product_cat?post=14617"},{"taxonomy":"product_tag","embeddable":true,"href":"https:\/\/fluterm.eu\/nl\/wp-json\/wp\/v2\/product_tag?post=14617"}],"curies":[{"name":"wp","href":"https:\/\/api.w.org\/{rel}","templated":true}]}}