{"id":15130,"date":"2023-07-17T21:00:30","date_gmt":"2023-07-17T18:00:30","guid":{"rendered":"https:\/\/fluterm.eu\/prod\/uponor-pakket-50m2-complete-vloerverwarming\/"},"modified":"2023-07-17T21:00:30","modified_gmt":"2023-07-17T18:00:30","slug":"opof-pakket-50m2-complete-vloerverwarming","status":"publish","type":"product","link":"https:\/\/fluterm.eu\/nl\/prod\/opof-pakket-50m2-complete-vloerverwarming\/","title":{"rendered":"UPONOR Pakket 50m2 Complete Vloerverwarming"},"content":{"rendered":"<p>Dit vloerverwarmingspakket is de ideale oplossing om elk huis met een oppervlakte van 50m2 te verwarmen. Het pakket wordt compleet geleverd, met alles wat nodig is om gemakkelijk door elke installateur te worden ge\u00efnstalleerd.<\/p>\n<p>Het pakket bestaat uit de volgende producten:<\/p>\n<p>400m \u00d7 Pijp met zuurstofbarri\u00e8re per-xA DN 16\u00d72 uponor<\/p>\n<p>50m2 \u00d7 Folie<\/p>\n<p>1 \u00d7 1&#8243; x 3\/4&#8243; EK 5-weg UPONOR retour\/retour verdelerset met debietmeters<\/p>\n<p>1 \u00d7 verdelersteun-set 1<\/p>\n<p>3 \u00d7 omgevingsthermostaat opor smatrix<\/p>\n<p>1 x smatrix aansluitvoet<\/p>\n<p>5 x servomotor uponor<\/p>\n<p>10 x Koppeling voor pex 16\u00d73\/4 EK<\/p>\n<p>2 \u00d7 Verdeler eindelement met leegloopklep en automatische ontluchter<\/p>\n<p>1 \u00d7 Verstelbare verdelerkast<\/p>\n<p>2\u00d7 randstrook 25m<br \/>\n12 x kunststof bocht 16-18<\/p>\n<p>1500 stuks taker staal<\/p>\n","protected":false},"excerpt":{"rendered":"<p>Dit vloerverwarmingspakket is de ideale oplossing om elk huis met een oppervlakte van 50m2 te verwarmen. Het pakket wordt compleet geleverd, met alles wat nodig is om gemakkelijk door elke installateur te worden ge\u00efnstalleerd. Het pakket bestaat uit de volgende producten: 400m \u00d7 Pijp met zuurstofbarri\u00e8re per-xA DN 16\u00d72 uponor 50m2 \u00d7 Folie 1 \u00d7&hellip;<\/p>\n","protected":false},"featured_media":4078,"comment_status":"open","ping_status":"closed","template":"","meta":[],"product_cat":[875],"product_tag":[],"class_list":{"0":"post-15130","1":"product","2":"type-product","3":"status-publish","4":"has-post-thumbnail","6":"product_cat-complete-vloerverwarmingspakketten","8":"first","9":"instock","10":"taxable","11":"shipping-taxable","12":"purchasable","13":"product-type-simple","14":"col-xs-6 col-sm-4","15":"col-md-4 col-lg-4","16":"un-3-cols"},"acf":[],"yoast_head":"<!-- This site is optimized with the Yoast SEO plugin v21.2 - https:\/\/yoast.com\/wordpress\/plugins\/seo\/ -->\n<title>UPONOR Pakket 50m2 Complete Vloerverwarming<\/title>\n<meta name=\"description\" content=\"Order UPONOR Pakket 50m2 Complete Vloerverwarming at a best price.\" \/>\n<meta name=\"robots\" content=\"index, follow, max-snippet:-1, max-image-preview:large, max-video-preview:-1\" \/>\n<link rel=\"canonical\" href=\"https:\/\/fluterm.eu\/nl\/prod\/uponor-pakket-50m2-complete-vloerverwarming\/\" \/>\n<meta property=\"og:locale\" content=\"nl_NL\" \/>\n<meta property=\"og:type\" content=\"article\" \/>\n<meta property=\"og:title\" content=\"UPONOR Pakket 50m2 Complete Vloerverwarming\" \/>\n<meta property=\"og:description\" content=\"Order UPONOR Pakket 50m2 Complete Vloerverwarming at a best price.\" \/>\n<meta property=\"og:url\" content=\"https:\/\/fluterm.eu\/nl\/prod\/uponor-pakket-50m2-complete-vloerverwarming\/\" \/>\n<meta property=\"og:site_name\" content=\"fluterm.eu\" \/>\n<meta property=\"og:image\" content=\"https:\/\/fluterm.eu\/wp-content\/uploads\/2023\/07\/1B725B62-FDF1-4955-8370-D903E84DF488.jpeg\" \/>\n\t<meta property=\"og:image:width\" content=\"2048\" \/>\n\t<meta property=\"og:image:height\" content=\"2048\" \/>\n\t<meta property=\"og:image:type\" content=\"image\/jpeg\" \/>\n<meta name=\"twitter:card\" content=\"summary_large_image\" \/>\n<script type=\"application\/ld+json\" class=\"yoast-schema-graph\">{\"@context\":\"https:\/\/schema.org\",\"@graph\":[{\"@type\":\"WebPage\",\"@id\":\"https:\/\/fluterm.eu\/nl\/prod\/uponor-pakket-50m2-complete-vloerverwarming\/\",\"url\":\"https:\/\/fluterm.eu\/nl\/prod\/uponor-pakket-50m2-complete-vloerverwarming\/\",\"name\":\"UPONOR Pakket 50m2 Complete Vloerverwarming\",\"isPartOf\":{\"@id\":\"https:\/\/fluterm.eu\/#website\"},\"datePublished\":\"2023-07-17T18:00:30+00:00\",\"dateModified\":\"2023-07-17T18:00:30+00:00\",\"description\":\"Order UPONOR Pakket 50m2 Complete Vloerverwarming at a best price.\",\"breadcrumb\":{\"@id\":\"https:\/\/fluterm.eu\/nl\/prod\/uponor-pakket-50m2-complete-vloerverwarming\/#breadcrumb\"},\"inLanguage\":\"nl-NL\",\"potentialAction\":[{\"@type\":\"ReadAction\",\"target\":[\"https:\/\/fluterm.eu\/nl\/prod\/uponor-pakket-50m2-complete-vloerverwarming\/\"]}]},{\"@type\":\"BreadcrumbList\",\"@id\":\"https:\/\/fluterm.eu\/nl\/prod\/uponor-pakket-50m2-complete-vloerverwarming\/#breadcrumb\",\"itemListElement\":[{\"@type\":\"ListItem\",\"position\":1,\"name\":\"Home\",\"item\":\"https:\/\/fluterm.eu\/nl\/winkelen\/\"},{\"@type\":\"ListItem\",\"position\":2,\"name\":\"Winkelen\",\"item\":\"https:\/\/fluterm.eu\/nl\/winkelen\/\"},{\"@type\":\"ListItem\",\"position\":3,\"name\":\"UPONOR Pakket 50m2 Complete Vloerverwarming\"}]},{\"@type\":\"WebSite\",\"@id\":\"https:\/\/fluterm.eu\/#website\",\"url\":\"https:\/\/fluterm.eu\/\",\"name\":\"fluterm.eu\",\"description\":\"\",\"potentialAction\":[{\"@type\":\"SearchAction\",\"target\":{\"@type\":\"EntryPoint\",\"urlTemplate\":\"https:\/\/fluterm.eu\/?s={search_term_string}\"},\"query-input\":\"required name=search_term_string\"}],\"inLanguage\":\"nl-NL\"}]}<\/script>\n<!-- \/ Yoast SEO plugin. -->","yoast_head_json":{"title":"UPONOR Pakket 50m2 Complete Vloerverwarming","description":"Order UPONOR Pakket 50m2 Complete Vloerverwarming at a best price.","robots":{"index":"index","follow":"follow","max-snippet":"max-snippet:-1","max-image-preview":"max-image-preview:large","max-video-preview":"max-video-preview:-1"},"canonical":"https:\/\/fluterm.eu\/nl\/prod\/uponor-pakket-50m2-complete-vloerverwarming\/","og_locale":"nl_NL","og_type":"article","og_title":"UPONOR Pakket 50m2 Complete Vloerverwarming","og_description":"Order UPONOR Pakket 50m2 Complete Vloerverwarming at a best price.","og_url":"https:\/\/fluterm.eu\/nl\/prod\/uponor-pakket-50m2-complete-vloerverwarming\/","og_site_name":"fluterm.eu","og_image":[{"width":2048,"height":2048,"url":"https:\/\/fluterm.eu\/wp-content\/uploads\/2023\/07\/1B725B62-FDF1-4955-8370-D903E84DF488.jpeg","type":"image\/jpeg"}],"twitter_card":"summary_large_image","schema":{"@context":"https:\/\/schema.org","@graph":[{"@type":"WebPage","@id":"https:\/\/fluterm.eu\/nl\/prod\/uponor-pakket-50m2-complete-vloerverwarming\/","url":"https:\/\/fluterm.eu\/nl\/prod\/uponor-pakket-50m2-complete-vloerverwarming\/","name":"UPONOR Pakket 50m2 Complete Vloerverwarming","isPartOf":{"@id":"https:\/\/fluterm.eu\/#website"},"datePublished":"2023-07-17T18:00:30+00:00","dateModified":"2023-07-17T18:00:30+00:00","description":"Order UPONOR Pakket 50m2 Complete Vloerverwarming at a best price.","breadcrumb":{"@id":"https:\/\/fluterm.eu\/nl\/prod\/uponor-pakket-50m2-complete-vloerverwarming\/#breadcrumb"},"inLanguage":"nl-NL","potentialAction":[{"@type":"ReadAction","target":["https:\/\/fluterm.eu\/nl\/prod\/uponor-pakket-50m2-complete-vloerverwarming\/"]}]},{"@type":"BreadcrumbList","@id":"https:\/\/fluterm.eu\/nl\/prod\/uponor-pakket-50m2-complete-vloerverwarming\/#breadcrumb","itemListElement":[{"@type":"ListItem","position":1,"name":"Home","item":"https:\/\/fluterm.eu\/nl\/winkelen\/"},{"@type":"ListItem","position":2,"name":"Winkelen","item":"https:\/\/fluterm.eu\/nl\/winkelen\/"},{"@type":"ListItem","position":3,"name":"UPONOR Pakket 50m2 Complete Vloerverwarming"}]},{"@type":"WebSite","@id":"https:\/\/fluterm.eu\/#website","url":"https:\/\/fluterm.eu\/","name":"fluterm.eu","description":"","potentialAction":[{"@type":"SearchAction","target":{"@type":"EntryPoint","urlTemplate":"https:\/\/fluterm.eu\/?s={search_term_string}"},"query-input":"required name=search_term_string"}],"inLanguage":"nl-NL"}]}},"_links":{"self":[{"href":"https:\/\/fluterm.eu\/nl\/wp-json\/wp\/v2\/product\/15130","targetHints":{"allow":["GET"]}}],"collection":[{"href":"https:\/\/fluterm.eu\/nl\/wp-json\/wp\/v2\/product"}],"about":[{"href":"https:\/\/fluterm.eu\/nl\/wp-json\/wp\/v2\/types\/product"}],"replies":[{"embeddable":true,"href":"https:\/\/fluterm.eu\/nl\/wp-json\/wp\/v2\/comments?post=15130"}],"version-history":[{"count":0,"href":"https:\/\/fluterm.eu\/nl\/wp-json\/wp\/v2\/product\/15130\/revisions"}],"wp:featuredmedia":[{"embeddable":true,"href":"https:\/\/fluterm.eu\/nl\/wp-json\/wp\/v2\/media\/4078"}],"wp:attachment":[{"href":"https:\/\/fluterm.eu\/nl\/wp-json\/wp\/v2\/media?parent=15130"}],"wp:term":[{"taxonomy":"product_cat","embeddable":true,"href":"https:\/\/fluterm.eu\/nl\/wp-json\/wp\/v2\/product_cat?post=15130"},{"taxonomy":"product_tag","embeddable":true,"href":"https:\/\/fluterm.eu\/nl\/wp-json\/wp\/v2\/product_tag?post=15130"}],"curies":[{"name":"wp","href":"https:\/\/api.w.org\/{rel}","templated":true}]}}