{"id":4686,"date":"2022-10-06T08:38:22","date_gmt":"2022-10-06T05:38:22","guid":{"rendered":"https:\/\/fluterm.eu\/vilkar-og-betingelser\/"},"modified":"2023-09-04T19:17:35","modified_gmt":"2023-09-04T16:17:35","slug":"vilkar-og-betingelser","status":"publish","type":"page","link":"https:\/\/fluterm.eu\/no\/vilkar-og-betingelser\/","title":{"rendered":"Vilk\u00e5r og betingelser"},"content":{"rendered":"<p>&nbsp;<\/p>\n<h1><strong>Vilk\u00e5r og betingelser<\/strong><\/h1>\n<p>Velkommen til siden med vilk\u00e5r og betingelser til Fluterm SRL, CUI: 43398695. Ved \u00e5 g\u00e5 inn p\u00e5 og bruke fluterm.eu godtar du \u00e5 v\u00e6re bundet av disse vilk\u00e5rene og betingelsene. Vennligst les dem n\u00f8ye f\u00f8r du bruker nettstedet v\u00e5rt.<\/p>\n<p>Innholdet p\u00e5 sidene p\u00e5 denne nettsiden er kun til generell informasjon og bruk. Det kan endres uten varsel. Verken vi eller noen tredjeparter gir noen garanti eller garanti for n\u00f8yaktigheten, aktualiteten, ytelsen, fullstendigheten eller egnetheten til informasjonen og materialet som finnes eller tilbys p\u00e5 denne nettsiden for et bestemt form\u00e5l. Du erkjenner at slik informasjon og materiale kan inneholde un\u00f8yaktigheter eller feil, og vi fraskriver oss uttrykkelig ansvar for slike un\u00f8yaktigheter eller feil i den fulle utstrekning loven tillater.<\/p>\n<p>Din bruk av informasjon eller materiale p\u00e5 denne nettsiden er helt p\u00e5 egen risiko, som vi ikke er ansvarlige for. Det skal v\u00e6re ditt eget ansvar \u00e5 sikre at alle produkter, tjenester eller informasjon som er tilgjengelig via denne nettsiden oppfyller dine spesifikke krav.<\/p>\n<p>Denne nettsiden inneholder materiale som eies av eller er lisensiert til oss. Dette materialet inkluderer, men er ikke begrenset til, design, layout, utseende, utseende og grafikk. Reproduksjon er forbudt annet enn i henhold til opphavsrettserkl\u00e6ringen, som utgj\u00f8r en del av disse vilk\u00e5rene og betingelsene.<\/p>\n<p>Uautorisert bruk av denne nettsiden kan gi opphav til et erstatningskrav og\/eller v\u00e6re en straffbar handling.<\/p>\n<p>Fra tid til annen kan denne nettsiden ogs\u00e5 inneholde lenker til andre nettsteder. Disse koblingene er gitt for din bekvemmelighet for \u00e5 gi ytterligere informasjon. De betyr ikke at vi st\u00f8tter nettstedet(e). Vi har ikke noe ansvar for innholdet p\u00e5 de(n) koblede nettsiden(e).<\/p>\n<p>N\u00e5r du legger inn en bestilling p\u00e5 fluterm.eu, godtar du \u00e5 gi n\u00f8yaktig og fullstendig informasjon om deg selv og eventuelle mottakere av bestillingen din. Du m\u00e5 ogs\u00e5 s\u00f8rge for at leveringsadressen som er oppgitt er n\u00f8yaktig og oppdatert. Ved \u00e5 legge inn en bestilling, representerer og garanterer du at du har den juridiske rett til \u00e5 bruke et hvilket som helst kreditt- eller debetkort eller annen betalingsm\u00e5te du oppgir i forbindelse med bestillingen.<\/p>\n<p>Hvis du oppretter en konto under bestillingsprosessen, er du ansvarlig for \u00e5 opprettholde konfidensialiteten til kontoen din og passordet og for \u00e5 begrense tilgangen til datamaskinen og enhetene dine. Du godtar \u00e5 ta ansvar for alle aktiviteter som skjer under kontoen din eller passordet ditt. Fluterm SRL forbeholder seg retten til \u00e5 nekte tjenesten, avslutte kontoer, fjerne eller redigere innhold eller kansellere bestillinger etter eget skj\u00f8nn.<\/p>\n<p>V\u00e6r oppmerksom p\u00e5 at ved \u00e5 opprette en konto p\u00e5 fluterm.eu godtar du \u00e5 motta kommunikasjon fra oss elektronisk, slik som e-poster og tekstmeldinger. Denne kommunikasjonen kan omfatte reklamemateriell, ordrebekreftelser og andre varsler. Du kan n\u00e5r som helst velge bort \u00e5 motta reklame-e-poster ved \u00e5 f\u00f8lge instruksjonene i e-posten.<\/p>\n<p>Ved \u00e5 legge inn en bestilling p\u00e5 fluterm.eu godtar du \u00e5 v\u00e6re bundet av vilk\u00e5rene og betingelsene som er angitt p\u00e5 denne siden.<\/p>\n<p>Din bruk av dette nettstedet og enhver tvist som oppst\u00e5r som f\u00f8lge av slik bruk av nettstedet er underlagt lovene i Romania.<\/p>\n<p>Hvis du har sp\u00f8rsm\u00e5l eller bekymringer ang\u00e5ende v\u00e5re vilk\u00e5r og betingelser, ikke n\u00f8l med \u00e5 kontakte oss via v\u00e5r kontaktside. Takk for at du valgte Fluterm SRL!<\/p>\n","protected":false},"excerpt":{"rendered":"<p>&nbsp; Vilk\u00e5r og betingelser Velkommen til siden med vilk\u00e5r og betingelser til Fluterm SRL, CUI: 43398695. Ved \u00e5 g\u00e5 inn p\u00e5 og bruke fluterm.eu godtar du \u00e5 v\u00e6re bundet av disse vilk\u00e5rene og betingelsene. Vennligst les dem n\u00f8ye f\u00f8r du bruker nettstedet v\u00e5rt. Innholdet p\u00e5 sidene p\u00e5 denne nettsiden er kun til generell informasjon og&hellip;<\/p>\n","protected":false},"author":3,"featured_media":0,"parent":0,"menu_order":0,"comment_status":"closed","ping_status":"closed","template":"","meta":{"footnotes":""},"class_list":["post-4686","page","type-page","status-publish","hentry"],"acf":[],"yoast_head":"<!-- This site is optimized with the Yoast SEO plugin v21.2 - https:\/\/yoast.com\/wordpress\/plugins\/seo\/ -->\n<title>Vilk\u00e5r og betingelser<\/title>\n<meta name=\"robots\" content=\"index, follow, max-snippet:-1, max-image-preview:large, max-video-preview:-1\" \/>\n<link rel=\"canonical\" href=\"https:\/\/fluterm.eu\/no\/vilkar-og-betingelser\/\" \/>\n<meta property=\"og:locale\" content=\"nb_NO\" \/>\n<meta property=\"og:type\" content=\"article\" \/>\n<meta property=\"og:title\" content=\"Vilk\u00e5r og betingelser\" \/>\n<meta property=\"og:description\" content=\"&nbsp; Vilk\u00e5r og betingelser Velkommen til siden med vilk\u00e5r og betingelser til Fluterm SRL, CUI: 43398695. Ved \u00e5 g\u00e5 inn p\u00e5 og bruke fluterm.eu godtar du \u00e5 v\u00e6re bundet av disse vilk\u00e5rene og betingelsene. Vennligst les dem n\u00f8ye f\u00f8r du bruker nettstedet v\u00e5rt. Innholdet p\u00e5 sidene p\u00e5 denne nettsiden er kun til generell informasjon og&hellip;\" \/>\n<meta property=\"og:url\" content=\"https:\/\/fluterm.eu\/no\/vilkar-og-betingelser\/\" \/>\n<meta property=\"og:site_name\" content=\"fluterm.eu\" \/>\n<meta property=\"article:modified_time\" content=\"2023-09-04T16:17:35+00:00\" \/>\n<meta name=\"twitter:card\" content=\"summary_large_image\" \/>\n<meta name=\"twitter:label1\" content=\"Ansl. lesetid\" \/>\n\t<meta name=\"twitter:data1\" content=\"3 minutter\" \/>\n<script type=\"application\/ld+json\" class=\"yoast-schema-graph\">{\"@context\":\"https:\/\/schema.org\",\"@graph\":[{\"@type\":\"WebPage\",\"@id\":\"https:\/\/fluterm.eu\/no\/vilkar-og-betingelser\/\",\"url\":\"https:\/\/fluterm.eu\/no\/vilkar-og-betingelser\/\",\"name\":\"Vilk\u00e5r og betingelser\",\"isPartOf\":{\"@id\":\"https:\/\/fluterm.eu\/#website\"},\"datePublished\":\"2022-10-06T05:38:22+00:00\",\"dateModified\":\"2023-09-04T16:17:35+00:00\",\"breadcrumb\":{\"@id\":\"https:\/\/fluterm.eu\/no\/vilkar-og-betingelser\/#breadcrumb\"},\"inLanguage\":\"nb-NO\",\"potentialAction\":[{\"@type\":\"ReadAction\",\"target\":[\"https:\/\/fluterm.eu\/no\/vilkar-og-betingelser\/\"]}]},{\"@type\":\"BreadcrumbList\",\"@id\":\"https:\/\/fluterm.eu\/no\/vilkar-og-betingelser\/#breadcrumb\",\"itemListElement\":[{\"@type\":\"ListItem\",\"position\":1,\"name\":\"Home\",\"item\":\"https:\/\/fluterm.eu\/no\/butikk\/\"},{\"@type\":\"ListItem\",\"position\":2,\"name\":\"Vilk\u00e5r og betingelser\"}]},{\"@type\":\"WebSite\",\"@id\":\"https:\/\/fluterm.eu\/#website\",\"url\":\"https:\/\/fluterm.eu\/\",\"name\":\"fluterm.eu\",\"description\":\"\",\"potentialAction\":[{\"@type\":\"SearchAction\",\"target\":{\"@type\":\"EntryPoint\",\"urlTemplate\":\"https:\/\/fluterm.eu\/?s={search_term_string}\"},\"query-input\":\"required name=search_term_string\"}],\"inLanguage\":\"nb-NO\"}]}<\/script>\n<!-- \/ Yoast SEO plugin. -->","yoast_head_json":{"title":"Vilk\u00e5r og betingelser","robots":{"index":"index","follow":"follow","max-snippet":"max-snippet:-1","max-image-preview":"max-image-preview:large","max-video-preview":"max-video-preview:-1"},"canonical":"https:\/\/fluterm.eu\/no\/vilkar-og-betingelser\/","og_locale":"nb_NO","og_type":"article","og_title":"Vilk\u00e5r og betingelser","og_description":"&nbsp; Vilk\u00e5r og betingelser Velkommen til siden med vilk\u00e5r og betingelser til Fluterm SRL, CUI: 43398695. Ved \u00e5 g\u00e5 inn p\u00e5 og bruke fluterm.eu godtar du \u00e5 v\u00e6re bundet av disse vilk\u00e5rene og betingelsene. Vennligst les dem n\u00f8ye f\u00f8r du bruker nettstedet v\u00e5rt. Innholdet p\u00e5 sidene p\u00e5 denne nettsiden er kun til generell informasjon og&hellip;","og_url":"https:\/\/fluterm.eu\/no\/vilkar-og-betingelser\/","og_site_name":"fluterm.eu","article_modified_time":"2023-09-04T16:17:35+00:00","twitter_card":"summary_large_image","twitter_misc":{"Ansl. lesetid":"3 minutter"},"schema":{"@context":"https:\/\/schema.org","@graph":[{"@type":"WebPage","@id":"https:\/\/fluterm.eu\/no\/vilkar-og-betingelser\/","url":"https:\/\/fluterm.eu\/no\/vilkar-og-betingelser\/","name":"Vilk\u00e5r og betingelser","isPartOf":{"@id":"https:\/\/fluterm.eu\/#website"},"datePublished":"2022-10-06T05:38:22+00:00","dateModified":"2023-09-04T16:17:35+00:00","breadcrumb":{"@id":"https:\/\/fluterm.eu\/no\/vilkar-og-betingelser\/#breadcrumb"},"inLanguage":"nb-NO","potentialAction":[{"@type":"ReadAction","target":["https:\/\/fluterm.eu\/no\/vilkar-og-betingelser\/"]}]},{"@type":"BreadcrumbList","@id":"https:\/\/fluterm.eu\/no\/vilkar-og-betingelser\/#breadcrumb","itemListElement":[{"@type":"ListItem","position":1,"name":"Home","item":"https:\/\/fluterm.eu\/no\/butikk\/"},{"@type":"ListItem","position":2,"name":"Vilk\u00e5r og betingelser"}]},{"@type":"WebSite","@id":"https:\/\/fluterm.eu\/#website","url":"https:\/\/fluterm.eu\/","name":"fluterm.eu","description":"","potentialAction":[{"@type":"SearchAction","target":{"@type":"EntryPoint","urlTemplate":"https:\/\/fluterm.eu\/?s={search_term_string}"},"query-input":"required name=search_term_string"}],"inLanguage":"nb-NO"}]}},"_links":{"self":[{"href":"https:\/\/fluterm.eu\/no\/wp-json\/wp\/v2\/pages\/4686","targetHints":{"allow":["GET"]}}],"collection":[{"href":"https:\/\/fluterm.eu\/no\/wp-json\/wp\/v2\/pages"}],"about":[{"href":"https:\/\/fluterm.eu\/no\/wp-json\/wp\/v2\/types\/page"}],"author":[{"embeddable":true,"href":"https:\/\/fluterm.eu\/no\/wp-json\/wp\/v2\/users\/3"}],"replies":[{"embeddable":true,"href":"https:\/\/fluterm.eu\/no\/wp-json\/wp\/v2\/comments?post=4686"}],"version-history":[{"count":1,"href":"https:\/\/fluterm.eu\/no\/wp-json\/wp\/v2\/pages\/4686\/revisions"}],"predecessor-version":[{"id":4688,"href":"https:\/\/fluterm.eu\/no\/wp-json\/wp\/v2\/pages\/4686\/revisions\/4688"}],"wp:attachment":[{"href":"https:\/\/fluterm.eu\/no\/wp-json\/wp\/v2\/media?parent=4686"}],"curies":[{"name":"wp","href":"https:\/\/api.w.org\/{rel}","templated":true}]}}