{"id":4835,"date":"2023-07-03T11:04:14","date_gmt":"2023-07-03T08:04:14","guid":{"rendered":"https:\/\/fluterm.eu\/om-oss\/"},"modified":"2023-09-04T22:01:50","modified_gmt":"2023-09-04T19:01:50","slug":"om-oss","status":"publish","type":"page","link":"https:\/\/fluterm.eu\/no\/om-oss\/","title":{"rendered":"Om oss"},"content":{"rendered":"<h1>Om oss<\/h1>\n<p>Velkommen til FLUTERM SRL \u2013 leverand\u00f8r av varmeverkt\u00f8y og tilbeh\u00f8r i Europa. Vi er et selskap dedikert til \u00e5 tilby varmeprodukter og tjenester av topp kvalitet til v\u00e5re kunder over hele landet.<\/p>\n<p>P\u00e5 fluterm.eu, v\u00e5r nettbutikk, tilbyr vi et bredt utvalg av varmeprodukter for \u00e5 m\u00f8te dine behov. V\u00e5re produktkategorier inkluderer ulike alternativer som gulvvarmer\u00f8r, resirkulasjonspumper, gulvvarme blandegrupper, gulvvarmeautomatikk, komplette gulvvarmepakker, gasskjeler, gulvvarmefordelere, solcellesett, varmepumper og annet.<\/p>\n<p>Hos FLUTERM SRL er vi forpliktet til \u00e5 gi v\u00e5re kunder utmerket service og h\u00f8ykvalitetsprodukter som er designet for \u00e5 vare. V\u00e5rt kunnskapsrike og vennlige team er alltid tilgjengelig for \u00e5 svare p\u00e5 alle sp\u00f8rsm\u00e5l du m\u00e5tte ha og veilede deg gjennom kj\u00f8psprosessen.<\/p>\n<p>Takk for at du valgte FLUTERM SRL for alle dine behov for varmeverkt\u00f8y og tilbeh\u00f8r. Vi ser frem til \u00e5 betjene deg og gi deg de beste produktene og tjenestene i bransjen.<\/p>\n","protected":false},"excerpt":{"rendered":"<p>Om oss Velkommen til FLUTERM SRL \u2013 leverand\u00f8r av varmeverkt\u00f8y og tilbeh\u00f8r i Europa. Vi er et selskap dedikert til \u00e5 tilby varmeprodukter og tjenester av topp kvalitet til v\u00e5re kunder over hele landet. P\u00e5 fluterm.eu, v\u00e5r nettbutikk, tilbyr vi et bredt utvalg av varmeprodukter for \u00e5 m\u00f8te dine behov. V\u00e5re produktkategorier inkluderer ulike alternativer&hellip;<\/p>\n","protected":false},"author":3,"featured_media":0,"parent":0,"menu_order":0,"comment_status":"closed","ping_status":"closed","template":"","meta":{"footnotes":""},"class_list":["post-4835","page","type-page","status-publish","hentry"],"acf":[],"yoast_head":"<!-- This site is optimized with the Yoast SEO plugin v21.2 - https:\/\/yoast.com\/wordpress\/plugins\/seo\/ -->\n<title>Om oss<\/title>\n<meta name=\"robots\" content=\"index, follow, max-snippet:-1, max-image-preview:large, max-video-preview:-1\" \/>\n<link rel=\"canonical\" href=\"https:\/\/fluterm.eu\/no\/om-oss\/\" \/>\n<meta property=\"og:locale\" content=\"nb_NO\" \/>\n<meta property=\"og:type\" content=\"article\" \/>\n<meta property=\"og:title\" content=\"Om oss\" \/>\n<meta property=\"og:description\" content=\"Om oss Velkommen til FLUTERM SRL \u2013 leverand\u00f8r av varmeverkt\u00f8y og tilbeh\u00f8r i Europa. Vi er et selskap dedikert til \u00e5 tilby varmeprodukter og tjenester av topp kvalitet til v\u00e5re kunder over hele landet. P\u00e5 fluterm.eu, v\u00e5r nettbutikk, tilbyr vi et bredt utvalg av varmeprodukter for \u00e5 m\u00f8te dine behov. V\u00e5re produktkategorier inkluderer ulike alternativer&hellip;\" \/>\n<meta property=\"og:url\" content=\"https:\/\/fluterm.eu\/no\/om-oss\/\" \/>\n<meta property=\"og:site_name\" content=\"fluterm.eu\" \/>\n<meta property=\"article:modified_time\" content=\"2023-09-04T19:01:50+00:00\" \/>\n<meta name=\"twitter:card\" content=\"summary_large_image\" \/>\n<meta name=\"twitter:label1\" content=\"Ansl. lesetid\" \/>\n\t<meta name=\"twitter:data1\" content=\"1 minutt\" \/>\n<script type=\"application\/ld+json\" class=\"yoast-schema-graph\">{\"@context\":\"https:\/\/schema.org\",\"@graph\":[{\"@type\":\"WebPage\",\"@id\":\"https:\/\/fluterm.eu\/no\/om-oss\/\",\"url\":\"https:\/\/fluterm.eu\/no\/om-oss\/\",\"name\":\"Om oss\",\"isPartOf\":{\"@id\":\"https:\/\/fluterm.eu\/#website\"},\"datePublished\":\"2023-07-03T08:04:14+00:00\",\"dateModified\":\"2023-09-04T19:01:50+00:00\",\"breadcrumb\":{\"@id\":\"https:\/\/fluterm.eu\/no\/om-oss\/#breadcrumb\"},\"inLanguage\":\"nb-NO\",\"potentialAction\":[{\"@type\":\"ReadAction\",\"target\":[\"https:\/\/fluterm.eu\/no\/om-oss\/\"]}]},{\"@type\":\"BreadcrumbList\",\"@id\":\"https:\/\/fluterm.eu\/no\/om-oss\/#breadcrumb\",\"itemListElement\":[{\"@type\":\"ListItem\",\"position\":1,\"name\":\"Home\",\"item\":\"https:\/\/fluterm.eu\/no\/butikk\/\"},{\"@type\":\"ListItem\",\"position\":2,\"name\":\"Om oss\"}]},{\"@type\":\"WebSite\",\"@id\":\"https:\/\/fluterm.eu\/#website\",\"url\":\"https:\/\/fluterm.eu\/\",\"name\":\"fluterm.eu\",\"description\":\"\",\"potentialAction\":[{\"@type\":\"SearchAction\",\"target\":{\"@type\":\"EntryPoint\",\"urlTemplate\":\"https:\/\/fluterm.eu\/?s={search_term_string}\"},\"query-input\":\"required name=search_term_string\"}],\"inLanguage\":\"nb-NO\"}]}<\/script>\n<!-- \/ Yoast SEO plugin. -->","yoast_head_json":{"title":"Om oss","robots":{"index":"index","follow":"follow","max-snippet":"max-snippet:-1","max-image-preview":"max-image-preview:large","max-video-preview":"max-video-preview:-1"},"canonical":"https:\/\/fluterm.eu\/no\/om-oss\/","og_locale":"nb_NO","og_type":"article","og_title":"Om oss","og_description":"Om oss Velkommen til FLUTERM SRL \u2013 leverand\u00f8r av varmeverkt\u00f8y og tilbeh\u00f8r i Europa. Vi er et selskap dedikert til \u00e5 tilby varmeprodukter og tjenester av topp kvalitet til v\u00e5re kunder over hele landet. P\u00e5 fluterm.eu, v\u00e5r nettbutikk, tilbyr vi et bredt utvalg av varmeprodukter for \u00e5 m\u00f8te dine behov. V\u00e5re produktkategorier inkluderer ulike alternativer&hellip;","og_url":"https:\/\/fluterm.eu\/no\/om-oss\/","og_site_name":"fluterm.eu","article_modified_time":"2023-09-04T19:01:50+00:00","twitter_card":"summary_large_image","twitter_misc":{"Ansl. lesetid":"1 minutt"},"schema":{"@context":"https:\/\/schema.org","@graph":[{"@type":"WebPage","@id":"https:\/\/fluterm.eu\/no\/om-oss\/","url":"https:\/\/fluterm.eu\/no\/om-oss\/","name":"Om oss","isPartOf":{"@id":"https:\/\/fluterm.eu\/#website"},"datePublished":"2023-07-03T08:04:14+00:00","dateModified":"2023-09-04T19:01:50+00:00","breadcrumb":{"@id":"https:\/\/fluterm.eu\/no\/om-oss\/#breadcrumb"},"inLanguage":"nb-NO","potentialAction":[{"@type":"ReadAction","target":["https:\/\/fluterm.eu\/no\/om-oss\/"]}]},{"@type":"BreadcrumbList","@id":"https:\/\/fluterm.eu\/no\/om-oss\/#breadcrumb","itemListElement":[{"@type":"ListItem","position":1,"name":"Home","item":"https:\/\/fluterm.eu\/no\/butikk\/"},{"@type":"ListItem","position":2,"name":"Om oss"}]},{"@type":"WebSite","@id":"https:\/\/fluterm.eu\/#website","url":"https:\/\/fluterm.eu\/","name":"fluterm.eu","description":"","potentialAction":[{"@type":"SearchAction","target":{"@type":"EntryPoint","urlTemplate":"https:\/\/fluterm.eu\/?s={search_term_string}"},"query-input":"required name=search_term_string"}],"inLanguage":"nb-NO"}]}},"_links":{"self":[{"href":"https:\/\/fluterm.eu\/no\/wp-json\/wp\/v2\/pages\/4835","targetHints":{"allow":["GET"]}}],"collection":[{"href":"https:\/\/fluterm.eu\/no\/wp-json\/wp\/v2\/pages"}],"about":[{"href":"https:\/\/fluterm.eu\/no\/wp-json\/wp\/v2\/types\/page"}],"author":[{"embeddable":true,"href":"https:\/\/fluterm.eu\/no\/wp-json\/wp\/v2\/users\/3"}],"replies":[{"embeddable":true,"href":"https:\/\/fluterm.eu\/no\/wp-json\/wp\/v2\/comments?post=4835"}],"version-history":[{"count":1,"href":"https:\/\/fluterm.eu\/no\/wp-json\/wp\/v2\/pages\/4835\/revisions"}],"predecessor-version":[{"id":4836,"href":"https:\/\/fluterm.eu\/no\/wp-json\/wp\/v2\/pages\/4835\/revisions\/4836"}],"wp:attachment":[{"href":"https:\/\/fluterm.eu\/no\/wp-json\/wp\/v2\/media?parent=4835"}],"curies":[{"name":"wp","href":"https:\/\/api.w.org\/{rel}","templated":true}]}}