{"id":4885,"date":"2023-07-03T11:10:08","date_gmt":"2023-07-03T08:10:08","guid":{"rendered":"https:\/\/fluterm.eu\/garanti\/"},"modified":"2023-09-04T22:01:48","modified_gmt":"2023-09-04T19:01:48","slug":"garanti","status":"publish","type":"page","link":"https:\/\/fluterm.eu\/no\/garanti\/","title":{"rendered":"Garanti"},"content":{"rendered":"<h1>Garanti<\/h1>\n<p>Vi tilbyr ogs\u00e5 en garantiperiode p\u00e5 <strong>24 m\u00e5neder fra kj\u00f8psdatoen<\/strong> . Hvis du st\u00f8ter p\u00e5 problemer med produktet ditt i l\u00f8pet av denne perioden, vennligst ta kontakt med oss, s\u00e5 vil vi samarbeide med deg for \u00e5 l\u00f8se problemet s\u00e5 raskt som mulig.<\/p>\n<p>Vi er stolte av v\u00e5r forpliktelse til kundetilfredshet og streber etter \u00e5 yte utmerket service til v\u00e5re kunder. Hvis du har sp\u00f8rsm\u00e5l eller bekymringer, ikke n\u00f8l med \u00e5 <a href=\"https:\/\/fluterm.eu\/contact\/\">kontakte oss<\/a> . Takk for at du valgte fluterm.eu.<\/p>\n","protected":false},"excerpt":{"rendered":"<p>Garanti Vi tilbyr ogs\u00e5 en garantiperiode p\u00e5 24 m\u00e5neder fra kj\u00f8psdatoen . Hvis du st\u00f8ter p\u00e5 problemer med produktet ditt i l\u00f8pet av denne perioden, vennligst ta kontakt med oss, s\u00e5 vil vi samarbeide med deg for \u00e5 l\u00f8se problemet s\u00e5 raskt som mulig. Vi er stolte av v\u00e5r forpliktelse til kundetilfredshet og streber etter&hellip;<\/p>\n","protected":false},"author":3,"featured_media":0,"parent":0,"menu_order":0,"comment_status":"closed","ping_status":"closed","template":"","meta":{"footnotes":""},"class_list":["post-4885","page","type-page","status-publish","hentry"],"acf":[],"yoast_head":"<!-- This site is optimized with the Yoast SEO plugin v21.2 - https:\/\/yoast.com\/wordpress\/plugins\/seo\/ -->\n<title>Garanti<\/title>\n<meta name=\"robots\" content=\"index, follow, max-snippet:-1, max-image-preview:large, max-video-preview:-1\" \/>\n<link rel=\"canonical\" href=\"https:\/\/fluterm.eu\/no\/garanti\/\" \/>\n<meta property=\"og:locale\" content=\"nb_NO\" \/>\n<meta property=\"og:type\" content=\"article\" \/>\n<meta property=\"og:title\" content=\"Garanti\" \/>\n<meta property=\"og:description\" content=\"Garanti Vi tilbyr ogs\u00e5 en garantiperiode p\u00e5 24 m\u00e5neder fra kj\u00f8psdatoen . Hvis du st\u00f8ter p\u00e5 problemer med produktet ditt i l\u00f8pet av denne perioden, vennligst ta kontakt med oss, s\u00e5 vil vi samarbeide med deg for \u00e5 l\u00f8se problemet s\u00e5 raskt som mulig. Vi er stolte av v\u00e5r forpliktelse til kundetilfredshet og streber etter&hellip;\" \/>\n<meta property=\"og:url\" content=\"https:\/\/fluterm.eu\/no\/garanti\/\" \/>\n<meta property=\"og:site_name\" content=\"fluterm.eu\" \/>\n<meta property=\"article:modified_time\" content=\"2023-09-04T19:01:48+00:00\" \/>\n<meta name=\"twitter:card\" content=\"summary_large_image\" \/>\n<script type=\"application\/ld+json\" class=\"yoast-schema-graph\">{\"@context\":\"https:\/\/schema.org\",\"@graph\":[{\"@type\":\"WebPage\",\"@id\":\"https:\/\/fluterm.eu\/no\/garanti\/\",\"url\":\"https:\/\/fluterm.eu\/no\/garanti\/\",\"name\":\"Garanti\",\"isPartOf\":{\"@id\":\"https:\/\/fluterm.eu\/#website\"},\"datePublished\":\"2023-07-03T08:10:08+00:00\",\"dateModified\":\"2023-09-04T19:01:48+00:00\",\"breadcrumb\":{\"@id\":\"https:\/\/fluterm.eu\/no\/garanti\/#breadcrumb\"},\"inLanguage\":\"nb-NO\",\"potentialAction\":[{\"@type\":\"ReadAction\",\"target\":[\"https:\/\/fluterm.eu\/no\/garanti\/\"]}]},{\"@type\":\"BreadcrumbList\",\"@id\":\"https:\/\/fluterm.eu\/no\/garanti\/#breadcrumb\",\"itemListElement\":[{\"@type\":\"ListItem\",\"position\":1,\"name\":\"Home\",\"item\":\"https:\/\/fluterm.eu\/no\/butikk\/\"},{\"@type\":\"ListItem\",\"position\":2,\"name\":\"Garanti\"}]},{\"@type\":\"WebSite\",\"@id\":\"https:\/\/fluterm.eu\/#website\",\"url\":\"https:\/\/fluterm.eu\/\",\"name\":\"fluterm.eu\",\"description\":\"\",\"potentialAction\":[{\"@type\":\"SearchAction\",\"target\":{\"@type\":\"EntryPoint\",\"urlTemplate\":\"https:\/\/fluterm.eu\/?s={search_term_string}\"},\"query-input\":\"required name=search_term_string\"}],\"inLanguage\":\"nb-NO\"}]}<\/script>\n<!-- \/ Yoast SEO plugin. -->","yoast_head_json":{"title":"Garanti","robots":{"index":"index","follow":"follow","max-snippet":"max-snippet:-1","max-image-preview":"max-image-preview:large","max-video-preview":"max-video-preview:-1"},"canonical":"https:\/\/fluterm.eu\/no\/garanti\/","og_locale":"nb_NO","og_type":"article","og_title":"Garanti","og_description":"Garanti Vi tilbyr ogs\u00e5 en garantiperiode p\u00e5 24 m\u00e5neder fra kj\u00f8psdatoen . Hvis du st\u00f8ter p\u00e5 problemer med produktet ditt i l\u00f8pet av denne perioden, vennligst ta kontakt med oss, s\u00e5 vil vi samarbeide med deg for \u00e5 l\u00f8se problemet s\u00e5 raskt som mulig. Vi er stolte av v\u00e5r forpliktelse til kundetilfredshet og streber etter&hellip;","og_url":"https:\/\/fluterm.eu\/no\/garanti\/","og_site_name":"fluterm.eu","article_modified_time":"2023-09-04T19:01:48+00:00","twitter_card":"summary_large_image","schema":{"@context":"https:\/\/schema.org","@graph":[{"@type":"WebPage","@id":"https:\/\/fluterm.eu\/no\/garanti\/","url":"https:\/\/fluterm.eu\/no\/garanti\/","name":"Garanti","isPartOf":{"@id":"https:\/\/fluterm.eu\/#website"},"datePublished":"2023-07-03T08:10:08+00:00","dateModified":"2023-09-04T19:01:48+00:00","breadcrumb":{"@id":"https:\/\/fluterm.eu\/no\/garanti\/#breadcrumb"},"inLanguage":"nb-NO","potentialAction":[{"@type":"ReadAction","target":["https:\/\/fluterm.eu\/no\/garanti\/"]}]},{"@type":"BreadcrumbList","@id":"https:\/\/fluterm.eu\/no\/garanti\/#breadcrumb","itemListElement":[{"@type":"ListItem","position":1,"name":"Home","item":"https:\/\/fluterm.eu\/no\/butikk\/"},{"@type":"ListItem","position":2,"name":"Garanti"}]},{"@type":"WebSite","@id":"https:\/\/fluterm.eu\/#website","url":"https:\/\/fluterm.eu\/","name":"fluterm.eu","description":"","potentialAction":[{"@type":"SearchAction","target":{"@type":"EntryPoint","urlTemplate":"https:\/\/fluterm.eu\/?s={search_term_string}"},"query-input":"required name=search_term_string"}],"inLanguage":"nb-NO"}]}},"_links":{"self":[{"href":"https:\/\/fluterm.eu\/no\/wp-json\/wp\/v2\/pages\/4885","targetHints":{"allow":["GET"]}}],"collection":[{"href":"https:\/\/fluterm.eu\/no\/wp-json\/wp\/v2\/pages"}],"about":[{"href":"https:\/\/fluterm.eu\/no\/wp-json\/wp\/v2\/types\/page"}],"author":[{"embeddable":true,"href":"https:\/\/fluterm.eu\/no\/wp-json\/wp\/v2\/users\/3"}],"replies":[{"embeddable":true,"href":"https:\/\/fluterm.eu\/no\/wp-json\/wp\/v2\/comments?post=4885"}],"version-history":[{"count":1,"href":"https:\/\/fluterm.eu\/no\/wp-json\/wp\/v2\/pages\/4885\/revisions"}],"predecessor-version":[{"id":4887,"href":"https:\/\/fluterm.eu\/no\/wp-json\/wp\/v2\/pages\/4885\/revisions\/4887"}],"wp:attachment":[{"href":"https:\/\/fluterm.eu\/no\/wp-json\/wp\/v2\/media?parent=4885"}],"curies":[{"name":"wp","href":"https:\/\/api.w.org\/{rel}","templated":true}]}}