{"id":10005,"date":"2023-08-26T09:57:24","date_gmt":"2023-08-26T06:57:24","guid":{"rendered":"https:\/\/fluterm.eu\/prod\/huawei-hybrid-sun2000-20ktl-m1-invertere-20-000w-trefase\/"},"modified":"2023-09-06T15:06:50","modified_gmt":"2023-09-06T12:06:50","slug":"huawei-hybrid-sun2000-20ktl-m1-invertere-20-000w-trefase","status":"publish","type":"product","link":"https:\/\/fluterm.eu\/no\/prod\/huawei-hybrid-sun2000-20ktl-m1-invertere-20-000w-trefase\/","title":{"rendered":"Huawei Hybrid SUN2000-20KTL-M1 invertere \u2013 20.000W trefase"},"content":{"rendered":"<p>Huawei <strong>SUN2000L-20KTL-M5<\/strong> hybrid-inverter er en del av Huaweis innovative nye serie med boligomformere. Denne intelligente vekselretteren fra Huawei har aktiv beskyttelse mot str\u00f8mbuer, h\u00f8yere effektivitet med opptil 30 % mer energi takket v\u00e6re de nye SUN2000-450W-P-optimalisatorene og tilbyr ogs\u00e5 muligheten for \u00e5 koble til litiumakkumuleringsbatterier som lg 10 charm eller det nye modulbatteriet fra Huawei LUNA2000-SO.<\/p>\n<h2>Tekniske funksjoner<\/h2>\n<table border=\"1\">\n<tbody>\n<tr>\n<td colspan=\"2\">Inngang<\/td>\n<\/tr>\n<tr>\n<td width=\"50%\">Foresl\u00e5tt maksimal PV-effekt<\/td>\n<td width=\"50%\">30 000 Wp<\/td>\n<\/tr>\n<tr>\n<td>Maksimal inngangsspenning<\/td>\n<td>1.100V<\/td>\n<\/tr>\n<tr>\n<td>Maks. inngangsstr\u00f8m for MPPT<\/td>\n<td>30A (to strenger) \/ 20A (enkeltstreng)<\/td>\n<\/tr>\n<tr>\n<td>kortslutningsstr\u00f8m maks<\/td>\n<td>40A<\/td>\n<\/tr>\n<tr>\n<td>Startspenning<\/td>\n<td>200V<\/td>\n<\/tr>\n<tr>\n<td>MPPT nominelt spenningsomr\u00e5de<\/td>\n<td>200V~1000V<\/td>\n<\/tr>\n<tr>\n<td>Nominell inngangsspenning<\/td>\n<td>600V<\/td>\n<\/tr>\n<tr>\n<td>Maks antall innganger for MPPT<\/td>\n<td>4<\/td>\n<\/tr>\n<tr>\n<td>Antall MPPT-er<\/td>\n<td>2<\/td>\n<\/tr>\n<tr>\n<td colspan=\"2\">Exit<\/td>\n<\/tr>\n<tr>\n<td>Nominell utgangseffekt<\/td>\n<td>20 000 W<\/td>\n<\/tr>\n<tr>\n<td>Maks. tilsynelatende effekt<\/td>\n<td>22 000 VA<\/td>\n<\/tr>\n<tr>\n<td>Nominell utgangsspenning<\/td>\n<td>220Vac \/ 380Vac, 230Vac \/ 400Vac, 239,6Vac \/ 415Vac, 3W + N + PE<\/td>\n<\/tr>\n<tr>\n<td>Nominell AC nettfrekvens<\/td>\n<td>50Hz \/ 60Hz<\/td>\n<\/tr>\n<tr>\n<td>Maksimal utgangsstr\u00f8m<\/td>\n<td>33,6A\/380Vac<br \/>\n31,9A\/400Vac<br \/>\n30,8A\/415Vac<\/td>\n<\/tr>\n<tr>\n<td>Justerbar effektfaktor<\/td>\n<td>0,8 kapasi &#8230; 0,8 indukt<\/td>\n<\/tr>\n<tr>\n<td colspan=\"2\">Funksjoner og beskyttelser<\/td>\n<\/tr>\n<tr>\n<td>Overspenningskategori<\/td>\n<td>PV \u2161\/AC \u2162<\/td>\n<\/tr>\n<tr>\n<td>Frakoblingsenhet p\u00e5 inngangssiden<\/td>\n<td>Ja<\/td>\n<\/tr>\n<tr>\n<td>Beskyttelse mot \u00f8y<\/td>\n<td>Ja<\/td>\n<\/tr>\n<tr>\n<td>AC overstr\u00f8m beskyttelse<\/td>\n<td>Ja<\/td>\n<\/tr>\n<tr>\n<td>DC omvendt polaritetsbeskyttelse<\/td>\n<td>Ja<\/td>\n<\/tr>\n<tr>\n<td>Deteksjon av strengfeil<\/td>\n<td>Ja<\/td>\n<\/tr>\n<tr>\n<td>Integrert DC-avleder<\/td>\n<td>Type II<\/td>\n<\/tr>\n<tr>\n<td>Integrert AC-utlader<\/td>\n<td>KLASSE II<\/td>\n<\/tr>\n<tr>\n<td colspan=\"2\">Overholdelse av standarder<\/td>\n<\/tr>\n<tr>\n<td>Sikkerhet<\/td>\n<td>EN\/IEC 62109-1, EN\/IEC 62109-2<\/td>\n<\/tr>\n<tr>\n<td>Nettverkstilkobling standard<\/td>\n<td>G99, EN 50549, CEI 0-21, CEI 0-16, VDE-AR-N-4105, VDE-AR-N-4110, C10\/11, ABNT, VFR 2019, UNE 217001, UNE 217002, RD 244, D4, IEC61727, IEC62116<\/td>\n<\/tr>\n<tr>\n<td colspan=\"2\">Kompatibel optimizer<\/td>\n<\/tr>\n<tr>\n<td>Optimizer kompatibel med DC MBUS<\/td>\n<td>SUN2000-450W-P, SUN2000-450W-P2, SUN2000-600W-P, MERC-1300W-P, MERC-1100W-P<\/td>\n<\/tr>\n<tr>\n<td colspan=\"2\">Generell data<\/td>\n<\/tr>\n<tr>\n<td>Vise<\/td>\n<td>LED-indikatorer; Integrert WLAN + FusionSolar App<\/td>\n<\/tr>\n<tr>\n<td>Kommunikasjon<\/td>\n<td>RS485; WLAN\/Ethernet via Smart Dongle-WLAN-FE (valgfritt) 4G \/ 3G \/ 2G via Smart Dongle-4G (valgfritt)<\/td>\n<\/tr>\n<tr>\n<td>Driftstemperaturomr\u00e5de<\/td>\n<td>-25 ~ +60\u00b0C (-13\u00b0F ~ 140\u00b0F)<\/td>\n<\/tr>\n<tr>\n<td>Kj\u00f8ler ned<\/td>\n<td>Intelligent luftkj\u00f8ling<\/td>\n<\/tr>\n<tr>\n<td>Grad av beskyttelse<\/td>\n<td>IP66<\/td>\n<\/tr>\n<tr>\n<td>Dimensjoner (inkludert monteringsbrakett)<\/td>\n<td>546 x 460 x 228 mm<\/td>\n<\/tr>\n<tr>\n<td>Vekt (inkludert monteringsbrakett)<\/td>\n<td>21 kg (46,4 lbs)<\/td>\n<\/tr>\n<\/tbody>\n<\/table>\n<div dir=\"ltr\"><\/div>\n","protected":false},"excerpt":{"rendered":"<p>Huawei SUN2000L-20KTL-M5 hybrid-inverter er en del av Huaweis innovative nye serie med boligomformere. Denne intelligente vekselretteren fra Huawei har aktiv beskyttelse mot str\u00f8mbuer, h\u00f8yere effektivitet med opptil 30 % mer energi takket v\u00e6re de nye SUN2000-450W-P-optimalisatorene og tilbyr ogs\u00e5 muligheten for \u00e5 koble til litiumakkumuleringsbatterier som lg 10 charm eller det nye modulbatteriet fra Huawei&hellip;<\/p>\n","protected":false},"featured_media":10014,"comment_status":"open","ping_status":"closed","template":"","meta":[],"product_cat":[789],"product_tag":[],"class_list":{"0":"post-10005","1":"product","2":"type-product","3":"status-publish","4":"has-post-thumbnail","6":"product_cat-fotovoltaiske-sett","8":"first","9":"instock","10":"taxable","11":"shipping-taxable","12":"purchasable","13":"product-type-simple","14":"col-xs-6 col-sm-4","15":"col-md-4 col-lg-4","16":"un-3-cols"},"acf":[],"yoast_head":"<!-- This site is optimized with the Yoast SEO plugin v21.2 - https:\/\/yoast.com\/wordpress\/plugins\/seo\/ -->\n<title>Huawei Hybrid SUN2000-20KTL-M1 invertere \u2013 20.000W trefase<\/title>\n<meta name=\"description\" content=\"Order Huawei Hybrid SUN2000-20KTL-M1 invertere \u2013 20.000W trefase at a best price.\" \/>\n<meta name=\"robots\" content=\"index, follow, max-snippet:-1, max-image-preview:large, max-video-preview:-1\" \/>\n<link rel=\"canonical\" href=\"https:\/\/fluterm.eu\/no\/prod\/huawei-hybrid-sun2000-20ktl-m1-invertere-20-000w-trefase\/\" \/>\n<meta property=\"og:locale\" content=\"nb_NO\" \/>\n<meta property=\"og:type\" content=\"article\" \/>\n<meta property=\"og:title\" content=\"Huawei Hybrid SUN2000-20KTL-M1 invertere \u2013 20.000W trefase\" \/>\n<meta property=\"og:description\" content=\"Order Huawei Hybrid SUN2000-20KTL-M1 invertere \u2013 20.000W trefase at a best price.\" \/>\n<meta property=\"og:url\" content=\"https:\/\/fluterm.eu\/no\/prod\/huawei-hybrid-sun2000-20ktl-m1-invertere-20-000w-trefase\/\" \/>\n<meta property=\"og:site_name\" content=\"fluterm.eu\" \/>\n<meta property=\"article:modified_time\" content=\"2023-09-06T12:06:50+00:00\" \/>\n<meta property=\"og:image\" content=\"https:\/\/fluterm.eu\/wp-content\/uploads\/2023\/08\/5DDCA596-E858-4E61-98D9-BF6E2FD8EFD3_4_5005_c.jpeg\" \/>\n\t<meta property=\"og:image:width\" content=\"296\" \/>\n\t<meta property=\"og:image:height\" content=\"296\" \/>\n\t<meta property=\"og:image:type\" content=\"image\/jpeg\" \/>\n<meta name=\"twitter:card\" content=\"summary_large_image\" \/>\n<meta name=\"twitter:label1\" content=\"Ansl. lesetid\" \/>\n\t<meta name=\"twitter:data1\" content=\"1 minutt\" \/>\n<script type=\"application\/ld+json\" class=\"yoast-schema-graph\">{\"@context\":\"https:\/\/schema.org\",\"@graph\":[{\"@type\":\"WebPage\",\"@id\":\"https:\/\/fluterm.eu\/no\/prod\/huawei-hybrid-sun2000-20ktl-m1-invertere-20-000w-trefase\/\",\"url\":\"https:\/\/fluterm.eu\/no\/prod\/huawei-hybrid-sun2000-20ktl-m1-invertere-20-000w-trefase\/\",\"name\":\"Huawei Hybrid SUN2000-20KTL-M1 invertere \u2013 20.000W trefase\",\"isPartOf\":{\"@id\":\"https:\/\/fluterm.eu\/#website\"},\"datePublished\":\"2023-08-26T06:57:24+00:00\",\"dateModified\":\"2023-09-06T12:06:50+00:00\",\"description\":\"Order Huawei Hybrid SUN2000-20KTL-M1 invertere \u2013 20.000W trefase at a best price.\",\"breadcrumb\":{\"@id\":\"https:\/\/fluterm.eu\/no\/prod\/huawei-hybrid-sun2000-20ktl-m1-invertere-20-000w-trefase\/#breadcrumb\"},\"inLanguage\":\"nb-NO\",\"potentialAction\":[{\"@type\":\"ReadAction\",\"target\":[\"https:\/\/fluterm.eu\/no\/prod\/huawei-hybrid-sun2000-20ktl-m1-invertere-20-000w-trefase\/\"]}]},{\"@type\":\"BreadcrumbList\",\"@id\":\"https:\/\/fluterm.eu\/no\/prod\/huawei-hybrid-sun2000-20ktl-m1-invertere-20-000w-trefase\/#breadcrumb\",\"itemListElement\":[{\"@type\":\"ListItem\",\"position\":1,\"name\":\"Home\",\"item\":\"https:\/\/fluterm.eu\/no\/butikk\/\"},{\"@type\":\"ListItem\",\"position\":2,\"name\":\"Butikk\",\"item\":\"https:\/\/fluterm.eu\/no\/butikk\/\"},{\"@type\":\"ListItem\",\"position\":3,\"name\":\"Huawei Hybrid SUN2000-20KTL-M1 invertere \u2013 20.000W trefase\"}]},{\"@type\":\"WebSite\",\"@id\":\"https:\/\/fluterm.eu\/#website\",\"url\":\"https:\/\/fluterm.eu\/\",\"name\":\"fluterm.eu\",\"description\":\"\",\"potentialAction\":[{\"@type\":\"SearchAction\",\"target\":{\"@type\":\"EntryPoint\",\"urlTemplate\":\"https:\/\/fluterm.eu\/?s={search_term_string}\"},\"query-input\":\"required name=search_term_string\"}],\"inLanguage\":\"nb-NO\"}]}<\/script>\n<!-- \/ Yoast SEO plugin. -->","yoast_head_json":{"title":"Huawei Hybrid SUN2000-20KTL-M1 invertere \u2013 20.000W trefase","description":"Order Huawei Hybrid SUN2000-20KTL-M1 invertere \u2013 20.000W trefase at a best price.","robots":{"index":"index","follow":"follow","max-snippet":"max-snippet:-1","max-image-preview":"max-image-preview:large","max-video-preview":"max-video-preview:-1"},"canonical":"https:\/\/fluterm.eu\/no\/prod\/huawei-hybrid-sun2000-20ktl-m1-invertere-20-000w-trefase\/","og_locale":"nb_NO","og_type":"article","og_title":"Huawei Hybrid SUN2000-20KTL-M1 invertere \u2013 20.000W trefase","og_description":"Order Huawei Hybrid SUN2000-20KTL-M1 invertere \u2013 20.000W trefase at a best price.","og_url":"https:\/\/fluterm.eu\/no\/prod\/huawei-hybrid-sun2000-20ktl-m1-invertere-20-000w-trefase\/","og_site_name":"fluterm.eu","article_modified_time":"2023-09-06T12:06:50+00:00","og_image":[{"width":296,"height":296,"url":"https:\/\/fluterm.eu\/wp-content\/uploads\/2023\/08\/5DDCA596-E858-4E61-98D9-BF6E2FD8EFD3_4_5005_c.jpeg","type":"image\/jpeg"}],"twitter_card":"summary_large_image","twitter_misc":{"Ansl. lesetid":"1 minutt"},"schema":{"@context":"https:\/\/schema.org","@graph":[{"@type":"WebPage","@id":"https:\/\/fluterm.eu\/no\/prod\/huawei-hybrid-sun2000-20ktl-m1-invertere-20-000w-trefase\/","url":"https:\/\/fluterm.eu\/no\/prod\/huawei-hybrid-sun2000-20ktl-m1-invertere-20-000w-trefase\/","name":"Huawei Hybrid SUN2000-20KTL-M1 invertere \u2013 20.000W trefase","isPartOf":{"@id":"https:\/\/fluterm.eu\/#website"},"datePublished":"2023-08-26T06:57:24+00:00","dateModified":"2023-09-06T12:06:50+00:00","description":"Order Huawei Hybrid SUN2000-20KTL-M1 invertere \u2013 20.000W trefase at a best price.","breadcrumb":{"@id":"https:\/\/fluterm.eu\/no\/prod\/huawei-hybrid-sun2000-20ktl-m1-invertere-20-000w-trefase\/#breadcrumb"},"inLanguage":"nb-NO","potentialAction":[{"@type":"ReadAction","target":["https:\/\/fluterm.eu\/no\/prod\/huawei-hybrid-sun2000-20ktl-m1-invertere-20-000w-trefase\/"]}]},{"@type":"BreadcrumbList","@id":"https:\/\/fluterm.eu\/no\/prod\/huawei-hybrid-sun2000-20ktl-m1-invertere-20-000w-trefase\/#breadcrumb","itemListElement":[{"@type":"ListItem","position":1,"name":"Home","item":"https:\/\/fluterm.eu\/no\/butikk\/"},{"@type":"ListItem","position":2,"name":"Butikk","item":"https:\/\/fluterm.eu\/no\/butikk\/"},{"@type":"ListItem","position":3,"name":"Huawei Hybrid SUN2000-20KTL-M1 invertere \u2013 20.000W trefase"}]},{"@type":"WebSite","@id":"https:\/\/fluterm.eu\/#website","url":"https:\/\/fluterm.eu\/","name":"fluterm.eu","description":"","potentialAction":[{"@type":"SearchAction","target":{"@type":"EntryPoint","urlTemplate":"https:\/\/fluterm.eu\/?s={search_term_string}"},"query-input":"required name=search_term_string"}],"inLanguage":"nb-NO"}]}},"_links":{"self":[{"href":"https:\/\/fluterm.eu\/no\/wp-json\/wp\/v2\/product\/10005","targetHints":{"allow":["GET"]}}],"collection":[{"href":"https:\/\/fluterm.eu\/no\/wp-json\/wp\/v2\/product"}],"about":[{"href":"https:\/\/fluterm.eu\/no\/wp-json\/wp\/v2\/types\/product"}],"replies":[{"embeddable":true,"href":"https:\/\/fluterm.eu\/no\/wp-json\/wp\/v2\/comments?post=10005"}],"version-history":[{"count":1,"href":"https:\/\/fluterm.eu\/no\/wp-json\/wp\/v2\/product\/10005\/revisions"}],"predecessor-version":[{"id":13594,"href":"https:\/\/fluterm.eu\/no\/wp-json\/wp\/v2\/product\/10005\/revisions\/13594"}],"wp:featuredmedia":[{"embeddable":true,"href":"https:\/\/fluterm.eu\/no\/wp-json\/wp\/v2\/media\/10014"}],"wp:attachment":[{"href":"https:\/\/fluterm.eu\/no\/wp-json\/wp\/v2\/media?parent=10005"}],"wp:term":[{"taxonomy":"product_cat","embeddable":true,"href":"https:\/\/fluterm.eu\/no\/wp-json\/wp\/v2\/product_cat?post=10005"},{"taxonomy":"product_tag","embeddable":true,"href":"https:\/\/fluterm.eu\/no\/wp-json\/wp\/v2\/product_tag?post=10005"}],"curies":[{"name":"wp","href":"https:\/\/api.w.org\/{rel}","templated":true}]}}