{"id":10041,"date":"2023-08-26T10:11:27","date_gmt":"2023-08-26T07:11:27","guid":{"rendered":"https:\/\/fluterm.eu\/prod\/huawei-hybrid-sun2000-30ktl-m3-invertere-30-000w-trefase\/"},"modified":"2023-09-06T15:06:50","modified_gmt":"2023-09-06T12:06:50","slug":"huawei-hybrid-sun2000-30ktl-m3-invertere-30-000w-trefase","status":"publish","type":"product","link":"https:\/\/fluterm.eu\/no\/prod\/huawei-hybrid-sun2000-30ktl-m3-invertere-30-000w-trefase\/","title":{"rendered":"Huawei Hybrid SUN2000-30KTL-M3 invertere \u2013 30.000W trefase"},"content":{"rendered":"<p>Huawei <strong>SUN2000L-30KTL-M3<\/strong> hybrid-inverter er en del av Huaweis innovative nye serie med boligomformere. Denne intelligente vekselretteren fra Huawei har aktiv beskyttelse mot str\u00f8mbuer, h\u00f8yere effektivitet med opptil 30 % mer energi takket v\u00e6re de nye SUN2000-450W-P-optimalisatorene og tilbyr ogs\u00e5 muligheten for \u00e5 koble til litiumakkumuleringsbatterier som lg 10 charm eller det nye modulbatteriet fra Huawei LUNA2000-SO.<\/p>\n<div dir=\"ltr\">\n<p><span>Huawei SUN2000-30KTL-M3 omformeren har 4 MPPT som gj\u00f8r at panelene kan installeres i fire grupper slik at hver av gruppene kan installeres med en annen helning, et vanlig eksempel er installasjonen av hver av gruppene i forskjellige vinger av takene p\u00e5 leiligheten. Takket v\u00e6re disse integrerte MPPT-ene, maksimerer Huawei SUN2000-30KTL-M3-omformeren effektiviteten til solcellepanelene p\u00e5 en slik m\u00e5te at investeringen som gj\u00f8res betaler seg selv raskere ettersom den maksimale energien tilbys til huset til enhver tid, avhengig av antall og typen installerte solcellepaneler og solstr\u00e5lingen de mottar.<\/span><\/p>\n<p><span>I tillegg har Huawei SUN2000-30KTL-M3-omformeren ogs\u00e5 en DC-frakoblingsbryter, anti-\u00f8y-beskyttelse, AC-overstr\u00f8msbeskyttelse, DC omvendt polaritetsbeskyttelse og strengoverv\u00e5king. Huawei SUN2000-30KTL-M3-omformeren har ogs\u00e5 en DC-isolasjonsdeteksjon og reststr\u00f8moverv\u00e5kingsenhet. I tillegg tillater LCD-skjermen overv\u00e5king av systemets ytelse. Denne omformeren er i stand til \u00e5 fungere mellom -25\u00baC og 60\u00baC og har IP65-beskyttelse.<\/span><\/p>\n<p><strong>Fysiske egenskaper Inverter Huawei SUN2000-30KTL-M3 Trefase 33kVA<\/strong><\/p>\n<p><span>Huawei SUN2000-30KTL-M3 omformeren har dimensjoner p\u00e5 930 x 550 x 283 mm og en vekt p\u00e5 62 kg, derfor anbefales det \u00e5 ha de n\u00f8dvendige midlene for korrekt h\u00e5ndtering og installasjon for \u00e5 unng\u00e5 skade. Denne omformeren har en LCD-skjerm som lar deg se ytelsen og historikken for driften.<\/span><\/p>\n<p>&nbsp;<\/p>\n<p><strong>Vanlige bruksomr\u00e5der Inverter Huawei SUN2000-30KTL-M3 Trefase 33kVA<\/strong><\/p>\n<p><span>P\u00e5 denne m\u00e5ten gir Huawei SUN2000-30KTL-M3 omformeren betydelige besparelser p\u00e5 str\u00f8mregningen for de hjemmene som utf\u00f8rer sitt vanlige forbruk i l\u00f8pet av dagen. Huawei SUN2000-30KTL-M3 omformeren er designet for netttilkoblingsinstallasjoner som ikke har batterier.<\/span><\/p>\n<p>Installer inverter Huawei SUN2000-30KTL-M3 Trefase 30KTL-M3<\/p>\n<p><span>SUN2000-appen lar omformeren kommunisere med overv\u00e5kingssystemet via en USB-datakabel eller Bluetooth for \u00e5 se alarmer, konfigurere parametere og utf\u00f8re rutinemessige vedlikeholdsoppgaver. SUN2000-applikasjonen er en praktisk plattform for lokal overv\u00e5king og vedlikehold.<\/span><\/p>\n<p><span>Det er viktig \u00e5 merke seg at dette er et system som er kompatibelt med mobiltelefoner: Android 4.0 eller nyere og iOS 7.0 eller nyere. N\u00e5r du bruker iOS, st\u00f8tter applikasjonen kun Bluetooth-tilkobling, s\u00e5 avhengig av smarttelefontypen, koble en USB-datakabel eller en Bluetooth-modul til USB-porten p\u00e5 omformeren for \u00e5 etablere kommunikasjon mellom omformeren og applikasjonen.<\/span><\/p>\n<p>For \u00e5 laste ned applikasjonen, bes\u00f8k Huawei App Store ( <a href=\"http:\/\/appstore.huawei.com\/\">http:\/\/appstore.huawei.com<\/a> ), Google Play ( <a href=\"https:\/\/play.google.com\/\">https:\/\/play.google.com<\/a> ) eller App Store (iOS), s\u00f8k etter SUN2000 og last ned SUN2000-applikasjonen installasjonspakken.<\/p>\n<\/div>\n","protected":false},"excerpt":{"rendered":"<p>Huawei SUN2000L-30KTL-M3 hybrid-inverter er en del av Huaweis innovative nye serie med boligomformere. Denne intelligente vekselretteren fra Huawei har aktiv beskyttelse mot str\u00f8mbuer, h\u00f8yere effektivitet med opptil 30 % mer energi takket v\u00e6re de nye SUN2000-450W-P-optimalisatorene og tilbyr ogs\u00e5 muligheten for \u00e5 koble til litiumakkumuleringsbatterier som lg 10 charm eller det nye modulbatteriet fra Huawei&hellip;<\/p>\n","protected":false},"featured_media":10047,"comment_status":"open","ping_status":"closed","template":"","meta":[],"product_cat":[789],"product_tag":[],"class_list":{"0":"post-10041","1":"product","2":"type-product","3":"status-publish","4":"has-post-thumbnail","6":"product_cat-fotovoltaiske-sett","8":"first","9":"instock","10":"taxable","11":"shipping-taxable","12":"purchasable","13":"product-type-simple","14":"col-xs-6 col-sm-4","15":"col-md-4 col-lg-4","16":"un-3-cols"},"acf":[],"yoast_head":"<!-- This site is optimized with the Yoast SEO plugin v21.2 - https:\/\/yoast.com\/wordpress\/plugins\/seo\/ -->\n<title>Huawei Hybrid SUN2000-30KTL-M3 invertere \u2013 30.000W trefase<\/title>\n<meta name=\"description\" content=\"Order Huawei Hybrid SUN2000-30KTL-M3 invertere \u2013 30.000W trefase at a best price.\" \/>\n<meta name=\"robots\" content=\"index, follow, max-snippet:-1, max-image-preview:large, max-video-preview:-1\" \/>\n<link rel=\"canonical\" href=\"https:\/\/fluterm.eu\/no\/prod\/huawei-hybrid-sun2000-30ktl-m3-invertere-30-000w-trefase\/\" \/>\n<meta property=\"og:locale\" content=\"nb_NO\" \/>\n<meta property=\"og:type\" content=\"article\" \/>\n<meta property=\"og:title\" content=\"Huawei Hybrid SUN2000-30KTL-M3 invertere \u2013 30.000W trefase\" \/>\n<meta property=\"og:description\" content=\"Order Huawei Hybrid SUN2000-30KTL-M3 invertere \u2013 30.000W trefase at a best price.\" \/>\n<meta property=\"og:url\" content=\"https:\/\/fluterm.eu\/no\/prod\/huawei-hybrid-sun2000-30ktl-m3-invertere-30-000w-trefase\/\" \/>\n<meta property=\"og:site_name\" content=\"fluterm.eu\" \/>\n<meta property=\"article:modified_time\" content=\"2023-09-06T12:06:50+00:00\" \/>\n<meta property=\"og:image\" content=\"https:\/\/fluterm.eu\/wp-content\/uploads\/2023\/08\/1E9E838C-EACF-419A-B06B-AABF7CEF5CD9_4_5005_c.jpeg\" \/>\n\t<meta property=\"og:image:width\" content=\"296\" \/>\n\t<meta property=\"og:image:height\" content=\"296\" \/>\n\t<meta property=\"og:image:type\" content=\"image\/jpeg\" \/>\n<meta name=\"twitter:card\" content=\"summary_large_image\" \/>\n<meta name=\"twitter:label1\" content=\"Ansl. lesetid\" \/>\n\t<meta name=\"twitter:data1\" content=\"2 minutter\" \/>\n<script type=\"application\/ld+json\" class=\"yoast-schema-graph\">{\"@context\":\"https:\/\/schema.org\",\"@graph\":[{\"@type\":\"WebPage\",\"@id\":\"https:\/\/fluterm.eu\/no\/prod\/huawei-hybrid-sun2000-30ktl-m3-invertere-30-000w-trefase\/\",\"url\":\"https:\/\/fluterm.eu\/no\/prod\/huawei-hybrid-sun2000-30ktl-m3-invertere-30-000w-trefase\/\",\"name\":\"Huawei Hybrid SUN2000-30KTL-M3 invertere \u2013 30.000W trefase\",\"isPartOf\":{\"@id\":\"https:\/\/fluterm.eu\/#website\"},\"datePublished\":\"2023-08-26T07:11:27+00:00\",\"dateModified\":\"2023-09-06T12:06:50+00:00\",\"description\":\"Order Huawei Hybrid SUN2000-30KTL-M3 invertere \u2013 30.000W trefase at a best price.\",\"breadcrumb\":{\"@id\":\"https:\/\/fluterm.eu\/no\/prod\/huawei-hybrid-sun2000-30ktl-m3-invertere-30-000w-trefase\/#breadcrumb\"},\"inLanguage\":\"nb-NO\",\"potentialAction\":[{\"@type\":\"ReadAction\",\"target\":[\"https:\/\/fluterm.eu\/no\/prod\/huawei-hybrid-sun2000-30ktl-m3-invertere-30-000w-trefase\/\"]}]},{\"@type\":\"BreadcrumbList\",\"@id\":\"https:\/\/fluterm.eu\/no\/prod\/huawei-hybrid-sun2000-30ktl-m3-invertere-30-000w-trefase\/#breadcrumb\",\"itemListElement\":[{\"@type\":\"ListItem\",\"position\":1,\"name\":\"Home\",\"item\":\"https:\/\/fluterm.eu\/no\/butikk\/\"},{\"@type\":\"ListItem\",\"position\":2,\"name\":\"Butikk\",\"item\":\"https:\/\/fluterm.eu\/no\/butikk\/\"},{\"@type\":\"ListItem\",\"position\":3,\"name\":\"Huawei Hybrid SUN2000-30KTL-M3 invertere \u2013 30.000W trefase\"}]},{\"@type\":\"WebSite\",\"@id\":\"https:\/\/fluterm.eu\/#website\",\"url\":\"https:\/\/fluterm.eu\/\",\"name\":\"fluterm.eu\",\"description\":\"\",\"potentialAction\":[{\"@type\":\"SearchAction\",\"target\":{\"@type\":\"EntryPoint\",\"urlTemplate\":\"https:\/\/fluterm.eu\/?s={search_term_string}\"},\"query-input\":\"required name=search_term_string\"}],\"inLanguage\":\"nb-NO\"}]}<\/script>\n<!-- \/ Yoast SEO plugin. -->","yoast_head_json":{"title":"Huawei Hybrid SUN2000-30KTL-M3 invertere \u2013 30.000W trefase","description":"Order Huawei Hybrid SUN2000-30KTL-M3 invertere \u2013 30.000W trefase at a best price.","robots":{"index":"index","follow":"follow","max-snippet":"max-snippet:-1","max-image-preview":"max-image-preview:large","max-video-preview":"max-video-preview:-1"},"canonical":"https:\/\/fluterm.eu\/no\/prod\/huawei-hybrid-sun2000-30ktl-m3-invertere-30-000w-trefase\/","og_locale":"nb_NO","og_type":"article","og_title":"Huawei Hybrid SUN2000-30KTL-M3 invertere \u2013 30.000W trefase","og_description":"Order Huawei Hybrid SUN2000-30KTL-M3 invertere \u2013 30.000W trefase at a best price.","og_url":"https:\/\/fluterm.eu\/no\/prod\/huawei-hybrid-sun2000-30ktl-m3-invertere-30-000w-trefase\/","og_site_name":"fluterm.eu","article_modified_time":"2023-09-06T12:06:50+00:00","og_image":[{"width":296,"height":296,"url":"https:\/\/fluterm.eu\/wp-content\/uploads\/2023\/08\/1E9E838C-EACF-419A-B06B-AABF7CEF5CD9_4_5005_c.jpeg","type":"image\/jpeg"}],"twitter_card":"summary_large_image","twitter_misc":{"Ansl. lesetid":"2 minutter"},"schema":{"@context":"https:\/\/schema.org","@graph":[{"@type":"WebPage","@id":"https:\/\/fluterm.eu\/no\/prod\/huawei-hybrid-sun2000-30ktl-m3-invertere-30-000w-trefase\/","url":"https:\/\/fluterm.eu\/no\/prod\/huawei-hybrid-sun2000-30ktl-m3-invertere-30-000w-trefase\/","name":"Huawei Hybrid SUN2000-30KTL-M3 invertere \u2013 30.000W trefase","isPartOf":{"@id":"https:\/\/fluterm.eu\/#website"},"datePublished":"2023-08-26T07:11:27+00:00","dateModified":"2023-09-06T12:06:50+00:00","description":"Order Huawei Hybrid SUN2000-30KTL-M3 invertere \u2013 30.000W trefase at a best price.","breadcrumb":{"@id":"https:\/\/fluterm.eu\/no\/prod\/huawei-hybrid-sun2000-30ktl-m3-invertere-30-000w-trefase\/#breadcrumb"},"inLanguage":"nb-NO","potentialAction":[{"@type":"ReadAction","target":["https:\/\/fluterm.eu\/no\/prod\/huawei-hybrid-sun2000-30ktl-m3-invertere-30-000w-trefase\/"]}]},{"@type":"BreadcrumbList","@id":"https:\/\/fluterm.eu\/no\/prod\/huawei-hybrid-sun2000-30ktl-m3-invertere-30-000w-trefase\/#breadcrumb","itemListElement":[{"@type":"ListItem","position":1,"name":"Home","item":"https:\/\/fluterm.eu\/no\/butikk\/"},{"@type":"ListItem","position":2,"name":"Butikk","item":"https:\/\/fluterm.eu\/no\/butikk\/"},{"@type":"ListItem","position":3,"name":"Huawei Hybrid SUN2000-30KTL-M3 invertere \u2013 30.000W trefase"}]},{"@type":"WebSite","@id":"https:\/\/fluterm.eu\/#website","url":"https:\/\/fluterm.eu\/","name":"fluterm.eu","description":"","potentialAction":[{"@type":"SearchAction","target":{"@type":"EntryPoint","urlTemplate":"https:\/\/fluterm.eu\/?s={search_term_string}"},"query-input":"required name=search_term_string"}],"inLanguage":"nb-NO"}]}},"_links":{"self":[{"href":"https:\/\/fluterm.eu\/no\/wp-json\/wp\/v2\/product\/10041","targetHints":{"allow":["GET"]}}],"collection":[{"href":"https:\/\/fluterm.eu\/no\/wp-json\/wp\/v2\/product"}],"about":[{"href":"https:\/\/fluterm.eu\/no\/wp-json\/wp\/v2\/types\/product"}],"replies":[{"embeddable":true,"href":"https:\/\/fluterm.eu\/no\/wp-json\/wp\/v2\/comments?post=10041"}],"version-history":[{"count":1,"href":"https:\/\/fluterm.eu\/no\/wp-json\/wp\/v2\/product\/10041\/revisions"}],"predecessor-version":[{"id":13593,"href":"https:\/\/fluterm.eu\/no\/wp-json\/wp\/v2\/product\/10041\/revisions\/13593"}],"wp:featuredmedia":[{"embeddable":true,"href":"https:\/\/fluterm.eu\/no\/wp-json\/wp\/v2\/media\/10047"}],"wp:attachment":[{"href":"https:\/\/fluterm.eu\/no\/wp-json\/wp\/v2\/media?parent=10041"}],"wp:term":[{"taxonomy":"product_cat","embeddable":true,"href":"https:\/\/fluterm.eu\/no\/wp-json\/wp\/v2\/product_cat?post=10041"},{"taxonomy":"product_tag","embeddable":true,"href":"https:\/\/fluterm.eu\/no\/wp-json\/wp\/v2\/product_tag?post=10041"}],"curies":[{"name":"wp","href":"https:\/\/api.w.org\/{rel}","templated":true}]}}