{"id":10540,"date":"2023-08-19T22:14:04","date_gmt":"2023-08-19T19:14:04","guid":{"rendered":"https:\/\/fluterm.eu\/prod\/komplett-pakke-rehau-gulvvarme-120-mp\/"},"modified":"2023-09-06T15:07:02","modified_gmt":"2023-09-06T12:07:02","slug":"komplett-pakke-rehau-gulvvarme-120-mp","status":"publish","type":"product","link":"https:\/\/fluterm.eu\/no\/prod\/komplett-pakke-rehau-gulvvarme-120-mp\/","title":{"rendered":"KOMPLETT PAKKE REHAU GULVVARME &#8211; 120 MP"},"content":{"rendered":"<p>REHAU Gulvvarmepakke &#8211; 120 MP &#8211; PREMIUM MED AUTOMATISERING INKLUDERT!<\/p>\n<p>Kj\u00f8p den komplette REHAU-pakken med automatisering inkludert, og <strong>du f\u00e5r 20 % RABATT<\/strong> med mindre du kj\u00f8per hvert produkt separat<\/p>\n<p>P\u00e5 foresp\u00f8rsel kan aluminiumsfolien erstattes med Nuturi Plate eller Tacker Plate.<\/p>\n<h4>VI TILBYR OGS\u00c5 DESIGNST\u00d8TTE FOR PLANLEGGING AV INSTALLASJON AV ET STRALINGSSYSTEM.<\/h4>\n<p><strong>Innhold REHAU Pakke 120 kvm:<\/strong><\/p>\n<ul>\n<li>Pipe Rehau Rautherm S 17&#215;2,0 Pe-Xa &#8211; (1200 ml)<\/li>\n<li>Sporet aluminiumsfolie &#8211; (150 kvm)<\/li>\n<li>Rehau Perimeter tape &#8211; (125 ml)<\/li>\n<li>Distribut\u00f8r\/samler Rehau HKV-D Komplett 12 kretser &#8211; (1 stk)<\/li>\n<li>Fordeler monteringsboks 900&#215;705 &#8211; (1 stk)<\/li>\n<li>Sett Rob 1 tol med Dutchman &#8211; (2 stk)<\/li>\n<li>Pipe Guide Curve p\u00e5 90gr &#8211; (24 stk)<\/li>\n<li>Eurocon-kontakt 17&#215;2,0 &#8211; (24 stk)<\/li>\n<li>Stifter Feste r\u00f8rstiften 300 stk &#8211; (20 esker)<\/li>\n<li>Termostatkontrollpanel Rehau NEA HC pumpekontroll 230v &#8211; (1 stk)<\/li>\n<li>Romtermostater Rehau NEA H 230v &#8211; (5 stk)<\/li>\n<li>Servomotorer\/aktuatorer Rehau UNI 230v &#8211; (12 stk)<\/li>\n<\/ul>\n<h4>H\u00d8Y TERMISK KOMFORT<br \/>\nREHAU OVERFLATEVARMESYSTEMER VARME BASERT P\u00c5 A<br \/>\nSTR\u00c5LENDE ENERGIER, MYK OG KOMFORTABEL, TAKKET V\u00c6RE DE LAVE TEMPERATURENE<br \/>\nP\u00c5 OVERFLATEN OG AV DEN ENSMETE TEMPERATURFORDELINGEN. I MOTSETNING TIL<br \/>\nVED STATISKE VARMESYSTEMER SKAPEES STR\u00c5LINGSBALANSEN MELLOM<br \/>\nMENNESKER OG ROMMET RUNDT DEM OG DU F\u00c5R EN OPTIMAL F\u00d8LELSE AV<br \/>\nKOMFORT<\/h4>\n<p>\u00d8konomipakke REHAU 120 kvm<br \/>\nP\u00e5 grunn av den h\u00f8ye prosentandelen av str\u00e5lingsenergi i systemene<br \/>\noppvarming av REHAU overflater, f\u00f8lelsen av komfort vises selv ved o<br \/>\nbetydelig lavere lufttemperatur i rommet. Denne<br \/>\nkan reduseres med 1 \u00b0C til 2 \u00b0C. Dette aspektet tillater besparelser<br \/>\nav \u00e5rlig energi.<\/p>\n<p>\u00d8kologisk REHAU Pakke 120 kvm<br \/>\nP\u00e5 grunn av den h\u00f8ye varmeeffektiviteten selv ved h\u00f8ye temperaturer<br \/>\nlav per runde, kan REHAU overflatevarmesystemer v\u00e6re<br \/>\nideelt kombinert med kjeler, varmepumper eller solcellepaneler.<\/p>\n<p>Antiallergisk REHAU Pakke 120 kvm<br \/>\nDen lave andelen konvektiv energi til varmesystemene gjennom<br \/>\nREHAU overflater f\u00f8rer til utseendet til en minimum intern luftstr\u00f8m.<br \/>\nSt\u00f8vsirkulasjon h\u00f8rer fortiden til. Dette beskytter<br \/>\nluftveier \u2013 ikke bare for allergikere.<\/p>\n<p>Termisk komfort REHAU Gulvvarmepakke &#8211; 110 MP<br \/>\nDen termiske komforten for en person i et rom er<br \/>\nbestemmes av:<br \/>\n\u2013 Personens aktivitet<br \/>\n\u2013 Personens kl\u00e6r<br \/>\n&#8211; Lufttemperatur<br \/>\n&#8211; Lufthastighet<br \/>\n&#8211; Luftfuktighet<br \/>\n&#8211; Overflatetemperaturer<br \/>\nMenneskekroppen avgir varme gjennom tre mekanismer:<br \/>\n&#8211; Str\u00e5ling<br \/>\n&#8211; Fordampning<br \/>\n&#8211; Konveksjon<br \/>\nMenneskekroppen har det best n\u00e5r den kan regulere minst<br \/>\n50 % av varmetapet gjennom str\u00e5ling.<\/p>\n<p>Kj\u00f8lekapasitet REHAU Pakke 120 kvm<\/p>\n<p>Under reelle driftsforhold, kl<\/p>\n<p>&#8211; Overflatetemperatur p\u00e5 19 &#8211; 20 \u00b0C<\/p>\n<p>&#8211; Romtemperatur p\u00e5 26 \u00b0C<\/p>\n<p>verdier p\u00e5 60 &#8211; 70 W\/m\u00b2 kan n\u00e5s<\/p>\n","protected":false},"excerpt":{"rendered":"<p>REHAU Gulvvarmepakke &#8211; 120 MP &#8211; PREMIUM MED AUTOMATISERING INKLUDERT! Kj\u00f8p den komplette REHAU-pakken med automatisering inkludert, og du f\u00e5r 20 % RABATT med mindre du kj\u00f8per hvert produkt separat P\u00e5 foresp\u00f8rsel kan aluminiumsfolien erstattes med Nuturi Plate eller Tacker Plate. VI TILBYR OGS\u00c5 DESIGNST\u00d8TTE FOR PLANLEGGING AV INSTALLASJON AV ET STRALINGSSYSTEM. Innhold REHAU Pakke&hellip;<\/p>\n","protected":false},"featured_media":10554,"comment_status":"open","ping_status":"closed","template":"","meta":[],"product_cat":[886],"product_tag":[],"class_list":{"0":"post-10540","1":"product","2":"type-product","3":"status-publish","4":"has-post-thumbnail","6":"product_cat-komplette-gulvvarmepakker","8":"first","9":"instock","10":"sale","11":"taxable","12":"shipping-taxable","13":"purchasable","14":"product-type-simple","15":"col-xs-6 col-sm-4","16":"col-md-4 col-lg-4","17":"un-3-cols"},"acf":[],"yoast_head":"<!-- This site is optimized with the Yoast SEO plugin v21.2 - https:\/\/yoast.com\/wordpress\/plugins\/seo\/ -->\n<title>KOMPLETT PAKKE REHAU GULVVARME - 120 MP<\/title>\n<meta name=\"description\" content=\"Order KOMPLETT PAKKE REHAU GULVVARME - 120 MP at a best price.\" \/>\n<meta name=\"robots\" content=\"index, follow, max-snippet:-1, max-image-preview:large, max-video-preview:-1\" \/>\n<link rel=\"canonical\" href=\"https:\/\/fluterm.eu\/no\/prod\/komplett-pakke-rehau-gulvvarme-120-mp\/\" \/>\n<meta property=\"og:locale\" content=\"nb_NO\" \/>\n<meta property=\"og:type\" content=\"article\" \/>\n<meta property=\"og:title\" content=\"KOMPLETT PAKKE REHAU GULVVARME - 120 MP\" \/>\n<meta property=\"og:description\" content=\"Order KOMPLETT PAKKE REHAU GULVVARME - 120 MP at a best price.\" \/>\n<meta property=\"og:url\" content=\"https:\/\/fluterm.eu\/no\/prod\/komplett-pakke-rehau-gulvvarme-120-mp\/\" \/>\n<meta property=\"og:site_name\" content=\"fluterm.eu\" \/>\n<meta property=\"article:modified_time\" content=\"2023-09-06T12:07:02+00:00\" \/>\n<meta property=\"og:image\" content=\"https:\/\/fluterm.eu\/wp-content\/uploads\/2023\/08\/D559449E-A44D-43F0-938C-5B7ABC2676F4.jpeg\" \/>\n\t<meta property=\"og:image:width\" content=\"2048\" \/>\n\t<meta property=\"og:image:height\" content=\"2048\" \/>\n\t<meta property=\"og:image:type\" content=\"image\/jpeg\" \/>\n<meta name=\"twitter:card\" content=\"summary_large_image\" \/>\n<meta name=\"twitter:label1\" content=\"Ansl. lesetid\" \/>\n\t<meta name=\"twitter:data1\" content=\"2 minutter\" \/>\n<script type=\"application\/ld+json\" class=\"yoast-schema-graph\">{\"@context\":\"https:\/\/schema.org\",\"@graph\":[{\"@type\":\"WebPage\",\"@id\":\"https:\/\/fluterm.eu\/no\/prod\/komplett-pakke-rehau-gulvvarme-120-mp\/\",\"url\":\"https:\/\/fluterm.eu\/no\/prod\/komplett-pakke-rehau-gulvvarme-120-mp\/\",\"name\":\"KOMPLETT PAKKE REHAU GULVVARME - 120 MP\",\"isPartOf\":{\"@id\":\"https:\/\/fluterm.eu\/#website\"},\"datePublished\":\"2023-08-19T19:14:04+00:00\",\"dateModified\":\"2023-09-06T12:07:02+00:00\",\"description\":\"Order KOMPLETT PAKKE REHAU GULVVARME - 120 MP at a best price.\",\"breadcrumb\":{\"@id\":\"https:\/\/fluterm.eu\/no\/prod\/komplett-pakke-rehau-gulvvarme-120-mp\/#breadcrumb\"},\"inLanguage\":\"nb-NO\",\"potentialAction\":[{\"@type\":\"ReadAction\",\"target\":[\"https:\/\/fluterm.eu\/no\/prod\/komplett-pakke-rehau-gulvvarme-120-mp\/\"]}]},{\"@type\":\"BreadcrumbList\",\"@id\":\"https:\/\/fluterm.eu\/no\/prod\/komplett-pakke-rehau-gulvvarme-120-mp\/#breadcrumb\",\"itemListElement\":[{\"@type\":\"ListItem\",\"position\":1,\"name\":\"Home\",\"item\":\"https:\/\/fluterm.eu\/no\/butikk\/\"},{\"@type\":\"ListItem\",\"position\":2,\"name\":\"Butikk\",\"item\":\"https:\/\/fluterm.eu\/no\/butikk\/\"},{\"@type\":\"ListItem\",\"position\":3,\"name\":\"KOMPLETT PAKKE REHAU GULVVARME &#8211; 120 MP\"}]},{\"@type\":\"WebSite\",\"@id\":\"https:\/\/fluterm.eu\/#website\",\"url\":\"https:\/\/fluterm.eu\/\",\"name\":\"fluterm.eu\",\"description\":\"\",\"potentialAction\":[{\"@type\":\"SearchAction\",\"target\":{\"@type\":\"EntryPoint\",\"urlTemplate\":\"https:\/\/fluterm.eu\/?s={search_term_string}\"},\"query-input\":\"required name=search_term_string\"}],\"inLanguage\":\"nb-NO\"}]}<\/script>\n<!-- \/ Yoast SEO plugin. -->","yoast_head_json":{"title":"KOMPLETT PAKKE REHAU GULVVARME - 120 MP","description":"Order KOMPLETT PAKKE REHAU GULVVARME - 120 MP at a best price.","robots":{"index":"index","follow":"follow","max-snippet":"max-snippet:-1","max-image-preview":"max-image-preview:large","max-video-preview":"max-video-preview:-1"},"canonical":"https:\/\/fluterm.eu\/no\/prod\/komplett-pakke-rehau-gulvvarme-120-mp\/","og_locale":"nb_NO","og_type":"article","og_title":"KOMPLETT PAKKE REHAU GULVVARME - 120 MP","og_description":"Order KOMPLETT PAKKE REHAU GULVVARME - 120 MP at a best price.","og_url":"https:\/\/fluterm.eu\/no\/prod\/komplett-pakke-rehau-gulvvarme-120-mp\/","og_site_name":"fluterm.eu","article_modified_time":"2023-09-06T12:07:02+00:00","og_image":[{"width":2048,"height":2048,"url":"https:\/\/fluterm.eu\/wp-content\/uploads\/2023\/08\/D559449E-A44D-43F0-938C-5B7ABC2676F4.jpeg","type":"image\/jpeg"}],"twitter_card":"summary_large_image","twitter_misc":{"Ansl. lesetid":"2 minutter"},"schema":{"@context":"https:\/\/schema.org","@graph":[{"@type":"WebPage","@id":"https:\/\/fluterm.eu\/no\/prod\/komplett-pakke-rehau-gulvvarme-120-mp\/","url":"https:\/\/fluterm.eu\/no\/prod\/komplett-pakke-rehau-gulvvarme-120-mp\/","name":"KOMPLETT PAKKE REHAU GULVVARME - 120 MP","isPartOf":{"@id":"https:\/\/fluterm.eu\/#website"},"datePublished":"2023-08-19T19:14:04+00:00","dateModified":"2023-09-06T12:07:02+00:00","description":"Order KOMPLETT PAKKE REHAU GULVVARME - 120 MP at a best price.","breadcrumb":{"@id":"https:\/\/fluterm.eu\/no\/prod\/komplett-pakke-rehau-gulvvarme-120-mp\/#breadcrumb"},"inLanguage":"nb-NO","potentialAction":[{"@type":"ReadAction","target":["https:\/\/fluterm.eu\/no\/prod\/komplett-pakke-rehau-gulvvarme-120-mp\/"]}]},{"@type":"BreadcrumbList","@id":"https:\/\/fluterm.eu\/no\/prod\/komplett-pakke-rehau-gulvvarme-120-mp\/#breadcrumb","itemListElement":[{"@type":"ListItem","position":1,"name":"Home","item":"https:\/\/fluterm.eu\/no\/butikk\/"},{"@type":"ListItem","position":2,"name":"Butikk","item":"https:\/\/fluterm.eu\/no\/butikk\/"},{"@type":"ListItem","position":3,"name":"KOMPLETT PAKKE REHAU GULVVARME &#8211; 120 MP"}]},{"@type":"WebSite","@id":"https:\/\/fluterm.eu\/#website","url":"https:\/\/fluterm.eu\/","name":"fluterm.eu","description":"","potentialAction":[{"@type":"SearchAction","target":{"@type":"EntryPoint","urlTemplate":"https:\/\/fluterm.eu\/?s={search_term_string}"},"query-input":"required name=search_term_string"}],"inLanguage":"nb-NO"}]}},"_links":{"self":[{"href":"https:\/\/fluterm.eu\/no\/wp-json\/wp\/v2\/product\/10540","targetHints":{"allow":["GET"]}}],"collection":[{"href":"https:\/\/fluterm.eu\/no\/wp-json\/wp\/v2\/product"}],"about":[{"href":"https:\/\/fluterm.eu\/no\/wp-json\/wp\/v2\/types\/product"}],"replies":[{"embeddable":true,"href":"https:\/\/fluterm.eu\/no\/wp-json\/wp\/v2\/comments?post=10540"}],"version-history":[{"count":1,"href":"https:\/\/fluterm.eu\/no\/wp-json\/wp\/v2\/product\/10540\/revisions"}],"predecessor-version":[{"id":13611,"href":"https:\/\/fluterm.eu\/no\/wp-json\/wp\/v2\/product\/10540\/revisions\/13611"}],"wp:featuredmedia":[{"embeddable":true,"href":"https:\/\/fluterm.eu\/no\/wp-json\/wp\/v2\/media\/10554"}],"wp:attachment":[{"href":"https:\/\/fluterm.eu\/no\/wp-json\/wp\/v2\/media?parent=10540"}],"wp:term":[{"taxonomy":"product_cat","embeddable":true,"href":"https:\/\/fluterm.eu\/no\/wp-json\/wp\/v2\/product_cat?post=10540"},{"taxonomy":"product_tag","embeddable":true,"href":"https:\/\/fluterm.eu\/no\/wp-json\/wp\/v2\/product_tag?post=10540"}],"curies":[{"name":"wp","href":"https:\/\/api.w.org\/{rel}","templated":true}]}}