{"id":11155,"date":"2023-08-08T18:33:15","date_gmt":"2023-08-08T15:33:15","guid":{"rendered":"https:\/\/fluterm.eu\/prod\/komplett-uponor-50m2-gulvvarmepakke\/"},"modified":"2023-09-06T15:07:12","modified_gmt":"2023-09-06T12:07:12","slug":"komplett-uponor-50m2-gulvvarmepakke","status":"publish","type":"product","link":"https:\/\/fluterm.eu\/no\/prod\/komplett-uponor-50m2-gulvvarmepakke\/","title":{"rendered":"Komplett Uponor 50m2 gulvvarmepakke"},"content":{"rendered":"<div>\u00c5 lage det perfekte gulvvarmesystemet for ditt hjem eller n\u00e6ringslokale er bare et skritt unna med v\u00e5rt komplette varmtvannsgulvvarmesystem. Med tilstrekkelig r\u00f8rlengde til \u00e5 dekke 50m\u00b2, har alle h\u00f8ykvalitetsprodukter og deler du forventer.<\/div>\n<div><\/div>\n<p>Pipe &amp; Clip gulvvarmesystemet er enkelt \u00e5 installere, Pex-lagr\u00f8ret klemmes inn i isolasjonslaget f\u00f8r avrettingsmassen enten p\u00e5f\u00f8res sparkel eller flytende avrettingsmasse.<\/p>\n<div>Vi anbefaler alltid at r\u00f8ret kuttes n\u00f8yaktig og r\u00f8mmes ut for \u00e5 gi en god forbindelse med beslagene og forhindre lekkasje.<\/div>\n<div><\/div>\n<div><b>Varmesett \u2013 50,0 m\u00b2:<\/b><\/div>\n<div><\/div>\n<div>\n<ul>\n<li>400 meter 16mm r\u00f8r upon eller komfortr\u00f8r<\/li>\n<li>&laquo;A&raquo; vurdert lavenergi vilo yonos for pumpe og thermomix automatisk blandeventil <strong>p\u00e5 eller<\/strong><\/li>\n<li>5-ports manifold \u2013 H\u00f8ykvalitets nikkelbelagt messing med dualmix manifoldmontering <strong>p\u00e5 eller<\/strong><\/li>\n<li>2 x Vannavl\u00f8ps-\/p\u00e5fyllingsventiler<\/li>\n<li>2 x Kuleventiler<\/li>\n<li>2 x lufteventiler<\/li>\n<li>10 x 16 mm r\u00f8rkoblinger (Eurocone)<\/li>\n<li>1500 High Grip Pipe Clips<\/li>\n<li>50m Kantisolasjon<\/li>\n<li>aluminiumsfolie 50m2<\/li>\n<\/ul>\n<p>Gulvdekning: 50,0 m\u00b2 \u2013 70,0 m\u00b2<br \/>\n\u2013 50,0 m\u00b2 @ 150 mm avstand for omr\u00e5der med h\u00f8yt varmetap (vinterhager)<br \/>\n\u2013 70,0 m\u00b2 @ 200 mm avstand for prim\u00e6r oppvarming (stue, bad, soverom)<\/p>\n<\/div>\n<div id=\"jp-relatedposts\" class=\"jp-relatedposts\">\n<h3 class=\"jp-relatedposts-headline\"><em>I slekt<\/em><\/h3>\n<div class=\"jp-relatedposts-items jp-relatedposts-items-minimal jp-relatedposts-grid \">\n<p class=\"jp-relatedposts-post jp-relatedposts-post0\" data-post-id=\"773\" data-post-format=\"false\">\n<\/div>\n<\/div>\n","protected":false},"excerpt":{"rendered":"<p>\u00c5 lage det perfekte gulvvarmesystemet for ditt hjem eller n\u00e6ringslokale er bare et skritt unna med v\u00e5rt komplette varmtvannsgulvvarmesystem. Med tilstrekkelig r\u00f8rlengde til \u00e5 dekke 50m\u00b2, har alle h\u00f8ykvalitetsprodukter og deler du forventer. Pipe &amp; Clip gulvvarmesystemet er enkelt \u00e5 installere, Pex-lagr\u00f8ret klemmes inn i isolasjonslaget f\u00f8r avrettingsmassen enten p\u00e5f\u00f8res sparkel eller flytende avrettingsmasse. Vi&hellip;<\/p>\n","protected":false},"featured_media":11141,"comment_status":"open","ping_status":"closed","template":"","meta":[],"product_cat":[886],"product_tag":[],"class_list":{"0":"post-11155","1":"product","2":"type-product","3":"status-publish","4":"has-post-thumbnail","6":"product_cat-komplette-gulvvarmepakker","8":"first","9":"instock","10":"sale","11":"taxable","12":"shipping-taxable","13":"purchasable","14":"product-type-simple","15":"col-xs-6 col-sm-4","16":"col-md-4 col-lg-4","17":"un-3-cols"},"acf":[],"yoast_head":"<!-- This site is optimized with the Yoast SEO plugin v21.2 - https:\/\/yoast.com\/wordpress\/plugins\/seo\/ -->\n<title>Komplett Uponor 50m2 gulvvarmepakke<\/title>\n<meta name=\"description\" content=\"Order Komplett Uponor 50m2 gulvvarmepakke at a best price.\" \/>\n<meta name=\"robots\" content=\"index, follow, max-snippet:-1, max-image-preview:large, max-video-preview:-1\" \/>\n<link rel=\"canonical\" href=\"https:\/\/fluterm.eu\/no\/prod\/komplett-uponor-50m2-gulvvarmepakke\/\" \/>\n<meta property=\"og:locale\" content=\"nb_NO\" \/>\n<meta property=\"og:type\" content=\"article\" \/>\n<meta property=\"og:title\" content=\"Komplett Uponor 50m2 gulvvarmepakke\" \/>\n<meta property=\"og:description\" content=\"Order Komplett Uponor 50m2 gulvvarmepakke at a best price.\" \/>\n<meta property=\"og:url\" content=\"https:\/\/fluterm.eu\/no\/prod\/komplett-uponor-50m2-gulvvarmepakke\/\" \/>\n<meta property=\"og:site_name\" content=\"fluterm.eu\" \/>\n<meta property=\"article:modified_time\" content=\"2023-09-06T12:07:12+00:00\" \/>\n<meta property=\"og:image\" content=\"https:\/\/fluterm.eu\/wp-content\/uploads\/2023\/06\/6330C271-E4F8-4590-99B1-C23BE722B67E.jpeg\" \/>\n\t<meta property=\"og:image:width\" content=\"2048\" \/>\n\t<meta property=\"og:image:height\" content=\"2048\" \/>\n\t<meta property=\"og:image:type\" content=\"image\/jpeg\" \/>\n<meta name=\"twitter:card\" content=\"summary_large_image\" \/>\n<meta name=\"twitter:label1\" content=\"Ansl. lesetid\" \/>\n\t<meta name=\"twitter:data1\" content=\"1 minutt\" \/>\n<script type=\"application\/ld+json\" class=\"yoast-schema-graph\">{\"@context\":\"https:\/\/schema.org\",\"@graph\":[{\"@type\":\"WebPage\",\"@id\":\"https:\/\/fluterm.eu\/no\/prod\/komplett-uponor-50m2-gulvvarmepakke\/\",\"url\":\"https:\/\/fluterm.eu\/no\/prod\/komplett-uponor-50m2-gulvvarmepakke\/\",\"name\":\"Komplett Uponor 50m2 gulvvarmepakke\",\"isPartOf\":{\"@id\":\"https:\/\/fluterm.eu\/#website\"},\"datePublished\":\"2023-08-08T15:33:15+00:00\",\"dateModified\":\"2023-09-06T12:07:12+00:00\",\"description\":\"Order Komplett Uponor 50m2 gulvvarmepakke at a best price.\",\"breadcrumb\":{\"@id\":\"https:\/\/fluterm.eu\/no\/prod\/komplett-uponor-50m2-gulvvarmepakke\/#breadcrumb\"},\"inLanguage\":\"nb-NO\",\"potentialAction\":[{\"@type\":\"ReadAction\",\"target\":[\"https:\/\/fluterm.eu\/no\/prod\/komplett-uponor-50m2-gulvvarmepakke\/\"]}]},{\"@type\":\"BreadcrumbList\",\"@id\":\"https:\/\/fluterm.eu\/no\/prod\/komplett-uponor-50m2-gulvvarmepakke\/#breadcrumb\",\"itemListElement\":[{\"@type\":\"ListItem\",\"position\":1,\"name\":\"Home\",\"item\":\"https:\/\/fluterm.eu\/no\/butikk\/\"},{\"@type\":\"ListItem\",\"position\":2,\"name\":\"Butikk\",\"item\":\"https:\/\/fluterm.eu\/no\/butikk\/\"},{\"@type\":\"ListItem\",\"position\":3,\"name\":\"Komplett Uponor 50m2 gulvvarmepakke\"}]},{\"@type\":\"WebSite\",\"@id\":\"https:\/\/fluterm.eu\/#website\",\"url\":\"https:\/\/fluterm.eu\/\",\"name\":\"fluterm.eu\",\"description\":\"\",\"potentialAction\":[{\"@type\":\"SearchAction\",\"target\":{\"@type\":\"EntryPoint\",\"urlTemplate\":\"https:\/\/fluterm.eu\/?s={search_term_string}\"},\"query-input\":\"required name=search_term_string\"}],\"inLanguage\":\"nb-NO\"}]}<\/script>\n<!-- \/ Yoast SEO plugin. -->","yoast_head_json":{"title":"Komplett Uponor 50m2 gulvvarmepakke","description":"Order Komplett Uponor 50m2 gulvvarmepakke at a best price.","robots":{"index":"index","follow":"follow","max-snippet":"max-snippet:-1","max-image-preview":"max-image-preview:large","max-video-preview":"max-video-preview:-1"},"canonical":"https:\/\/fluterm.eu\/no\/prod\/komplett-uponor-50m2-gulvvarmepakke\/","og_locale":"nb_NO","og_type":"article","og_title":"Komplett Uponor 50m2 gulvvarmepakke","og_description":"Order Komplett Uponor 50m2 gulvvarmepakke at a best price.","og_url":"https:\/\/fluterm.eu\/no\/prod\/komplett-uponor-50m2-gulvvarmepakke\/","og_site_name":"fluterm.eu","article_modified_time":"2023-09-06T12:07:12+00:00","og_image":[{"width":2048,"height":2048,"url":"https:\/\/fluterm.eu\/wp-content\/uploads\/2023\/06\/6330C271-E4F8-4590-99B1-C23BE722B67E.jpeg","type":"image\/jpeg"}],"twitter_card":"summary_large_image","twitter_misc":{"Ansl. lesetid":"1 minutt"},"schema":{"@context":"https:\/\/schema.org","@graph":[{"@type":"WebPage","@id":"https:\/\/fluterm.eu\/no\/prod\/komplett-uponor-50m2-gulvvarmepakke\/","url":"https:\/\/fluterm.eu\/no\/prod\/komplett-uponor-50m2-gulvvarmepakke\/","name":"Komplett Uponor 50m2 gulvvarmepakke","isPartOf":{"@id":"https:\/\/fluterm.eu\/#website"},"datePublished":"2023-08-08T15:33:15+00:00","dateModified":"2023-09-06T12:07:12+00:00","description":"Order Komplett Uponor 50m2 gulvvarmepakke at a best price.","breadcrumb":{"@id":"https:\/\/fluterm.eu\/no\/prod\/komplett-uponor-50m2-gulvvarmepakke\/#breadcrumb"},"inLanguage":"nb-NO","potentialAction":[{"@type":"ReadAction","target":["https:\/\/fluterm.eu\/no\/prod\/komplett-uponor-50m2-gulvvarmepakke\/"]}]},{"@type":"BreadcrumbList","@id":"https:\/\/fluterm.eu\/no\/prod\/komplett-uponor-50m2-gulvvarmepakke\/#breadcrumb","itemListElement":[{"@type":"ListItem","position":1,"name":"Home","item":"https:\/\/fluterm.eu\/no\/butikk\/"},{"@type":"ListItem","position":2,"name":"Butikk","item":"https:\/\/fluterm.eu\/no\/butikk\/"},{"@type":"ListItem","position":3,"name":"Komplett Uponor 50m2 gulvvarmepakke"}]},{"@type":"WebSite","@id":"https:\/\/fluterm.eu\/#website","url":"https:\/\/fluterm.eu\/","name":"fluterm.eu","description":"","potentialAction":[{"@type":"SearchAction","target":{"@type":"EntryPoint","urlTemplate":"https:\/\/fluterm.eu\/?s={search_term_string}"},"query-input":"required name=search_term_string"}],"inLanguage":"nb-NO"}]}},"_links":{"self":[{"href":"https:\/\/fluterm.eu\/no\/wp-json\/wp\/v2\/product\/11155","targetHints":{"allow":["GET"]}}],"collection":[{"href":"https:\/\/fluterm.eu\/no\/wp-json\/wp\/v2\/product"}],"about":[{"href":"https:\/\/fluterm.eu\/no\/wp-json\/wp\/v2\/types\/product"}],"replies":[{"embeddable":true,"href":"https:\/\/fluterm.eu\/no\/wp-json\/wp\/v2\/comments?post=11155"}],"version-history":[{"count":1,"href":"https:\/\/fluterm.eu\/no\/wp-json\/wp\/v2\/product\/11155\/revisions"}],"predecessor-version":[{"id":13626,"href":"https:\/\/fluterm.eu\/no\/wp-json\/wp\/v2\/product\/11155\/revisions\/13626"}],"wp:featuredmedia":[{"embeddable":true,"href":"https:\/\/fluterm.eu\/no\/wp-json\/wp\/v2\/media\/11141"}],"wp:attachment":[{"href":"https:\/\/fluterm.eu\/no\/wp-json\/wp\/v2\/media?parent=11155"}],"wp:term":[{"taxonomy":"product_cat","embeddable":true,"href":"https:\/\/fluterm.eu\/no\/wp-json\/wp\/v2\/product_cat?post=11155"},{"taxonomy":"product_tag","embeddable":true,"href":"https:\/\/fluterm.eu\/no\/wp-json\/wp\/v2\/product_tag?post=11155"}],"curies":[{"name":"wp","href":"https:\/\/api.w.org\/{rel}","templated":true}]}}