{"id":14207,"date":"2023-06-10T14:50:40","date_gmt":"2023-06-10T11:50:40","guid":{"rendered":"https:\/\/fluterm.eu\/prod\/komplett-uponor-60m2-gulvvarmepakke\/"},"modified":"2023-06-10T14:50:40","modified_gmt":"2023-06-10T11:50:40","slug":"komplett-uponor-60m2-gulvvarme-pakke","status":"publish","type":"product","link":"https:\/\/fluterm.eu\/no\/prod\/komplett-uponor-60m2-gulvvarme-pakke\/","title":{"rendered":"Komplett Uponor 60m2 gulvvarmepakke"},"content":{"rendered":"<div>\u00c5 lage det perfekte gulvvarmesystemet for ditt hjem eller n\u00e6ringslokale er bare et skritt unna med v\u00e5rt komplette varmtvannsgulvvarmesystem. Med tilstrekkelig r\u00f8rlengde til \u00e5 dekke 60m\u00b2, har alle produkter og deler av h\u00f8y kvalitet som du forventer.<\/div>\n<div><\/div>\n<p>Pipe &amp; Clip gulvvarmesystemet er enkelt \u00e5 installere, Pex-lagr\u00f8ret klemmes inn i isolasjonslaget f\u00f8r avrettingsmassen enten p\u00e5f\u00f8res sparkel eller flytende avrettingsmasse.<\/p>\n<div>Vi anbefaler alltid at r\u00f8ret kuttes n\u00f8yaktig og r\u00f8mmes ut for \u00e5 gi en god forbindelse med beslagene og forhindre lekkasje.<\/div>\n<div><\/div>\n<div><b>Varmesett \u2013 60,0 m\u00b2:<\/b><\/div>\n<div><\/div>\n<div>\n<ul>\n<li>400 meter 16mm r\u00f8r upon eller komfortr\u00f8r ligetime garanti<\/li>\n<li>&laquo;A&raquo;-klassifisert lavenergi vilo yonos for pumpe og thermomix automatisk blandeventil<\/li>\n<li>6-ports manifold \u2013 H\u00f8ykvalitets nikkelbelagt messing med dualmix manifoldmontering<\/li>\n<li>2 x Vannavl\u00f8ps-\/p\u00e5fyllingsventiler<\/li>\n<li>2 x termometer kuleventiler<\/li>\n<li>2 x automatiske lufteventiler<\/li>\n<li>12 x 16 mm r\u00f8rkoblinger (Eurocone)<\/li>\n<li>2400 High Grip Pipe Clips<\/li>\n<li>50m Kantlistisolasjon<\/li>\n<li>aluminiumsfolie 60m2<\/li>\n<li>metallboks<\/li>\n<\/ul>\n<p>Gulvdekning: 60,0 m\u00b2 \u2013 80,0 m\u00b2<br \/>\n\u2013 60,0 m\u00b2 @ 150 mm avstand for omr\u00e5der med h\u00f8yt varmetap (vinterhager)<br \/>\n\u2013 80,0 m\u00b2 @ 200 mm avstand for prim\u00e6r oppvarming (stue, bad, soverom)<\/p>\n<p>hvis du vil endre noe, bare skriv til oss<\/p>\n<\/div>\n","protected":false},"excerpt":{"rendered":"<p>\u00c5 lage det perfekte gulvvarmesystemet for ditt hjem eller n\u00e6ringslokale er bare et skritt unna med v\u00e5rt komplette varmtvannsgulvvarmesystem. Med tilstrekkelig r\u00f8rlengde til \u00e5 dekke 60m\u00b2, har alle produkter og deler av h\u00f8y kvalitet som du forventer. Pipe &amp; Clip gulvvarmesystemet er enkelt \u00e5 installere, Pex-lagr\u00f8ret klemmes inn i isolasjonslaget f\u00f8r avrettingsmassen enten p\u00e5f\u00f8res sparkel&hellip;<\/p>\n","protected":false},"featured_media":3773,"comment_status":"open","ping_status":"closed","template":"","meta":[],"product_cat":[886],"product_tag":[],"class_list":{"0":"post-14207","1":"product","2":"type-product","3":"status-publish","4":"has-post-thumbnail","6":"product_cat-komplette-gulvvarmepakker","8":"first","9":"instock","10":"taxable","11":"shipping-taxable","12":"purchasable","13":"product-type-simple","14":"col-xs-6 col-sm-4","15":"col-md-4 col-lg-4","16":"un-3-cols"},"acf":[],"yoast_head":"<!-- This site is optimized with the Yoast SEO plugin v21.2 - https:\/\/yoast.com\/wordpress\/plugins\/seo\/ -->\n<title>Komplett Uponor 60m2 gulvvarmepakke<\/title>\n<meta name=\"description\" content=\"Order Komplett Uponor 60m2 gulvvarmepakke at a best price.\" \/>\n<meta name=\"robots\" content=\"index, follow, max-snippet:-1, max-image-preview:large, max-video-preview:-1\" \/>\n<link rel=\"canonical\" href=\"https:\/\/fluterm.eu\/no\/prod\/komplett-uponor-60m2-gulvvarmepakke\/\" \/>\n<meta property=\"og:locale\" content=\"nb_NO\" \/>\n<meta property=\"og:type\" content=\"article\" \/>\n<meta property=\"og:title\" content=\"Komplett Uponor 60m2 gulvvarmepakke\" \/>\n<meta property=\"og:description\" content=\"Order Komplett Uponor 60m2 gulvvarmepakke at a best price.\" \/>\n<meta property=\"og:url\" content=\"https:\/\/fluterm.eu\/no\/prod\/komplett-uponor-60m2-gulvvarmepakke\/\" \/>\n<meta property=\"og:site_name\" content=\"fluterm.eu\" \/>\n<meta property=\"og:image\" content=\"https:\/\/fluterm.eu\/wp-content\/uploads\/2023\/06\/9DA54247-EC0A-4FCA-854E-E6ACEF6ADDD3.jpeg\" \/>\n\t<meta property=\"og:image:width\" content=\"2048\" \/>\n\t<meta property=\"og:image:height\" content=\"2048\" \/>\n\t<meta property=\"og:image:type\" content=\"image\/jpeg\" \/>\n<meta name=\"twitter:card\" content=\"summary_large_image\" \/>\n<meta name=\"twitter:label1\" content=\"Ansl. lesetid\" \/>\n\t<meta name=\"twitter:data1\" content=\"1 minutt\" \/>\n<script type=\"application\/ld+json\" class=\"yoast-schema-graph\">{\"@context\":\"https:\/\/schema.org\",\"@graph\":[{\"@type\":\"WebPage\",\"@id\":\"https:\/\/fluterm.eu\/no\/prod\/komplett-uponor-60m2-gulvvarmepakke\/\",\"url\":\"https:\/\/fluterm.eu\/no\/prod\/komplett-uponor-60m2-gulvvarmepakke\/\",\"name\":\"Komplett Uponor 60m2 gulvvarmepakke\",\"isPartOf\":{\"@id\":\"https:\/\/fluterm.eu\/#website\"},\"datePublished\":\"2023-06-10T11:50:40+00:00\",\"dateModified\":\"2023-06-10T11:50:40+00:00\",\"description\":\"Order Komplett Uponor 60m2 gulvvarmepakke at a best price.\",\"breadcrumb\":{\"@id\":\"https:\/\/fluterm.eu\/no\/prod\/komplett-uponor-60m2-gulvvarmepakke\/#breadcrumb\"},\"inLanguage\":\"nb-NO\",\"potentialAction\":[{\"@type\":\"ReadAction\",\"target\":[\"https:\/\/fluterm.eu\/no\/prod\/komplett-uponor-60m2-gulvvarmepakke\/\"]}]},{\"@type\":\"BreadcrumbList\",\"@id\":\"https:\/\/fluterm.eu\/no\/prod\/komplett-uponor-60m2-gulvvarmepakke\/#breadcrumb\",\"itemListElement\":[{\"@type\":\"ListItem\",\"position\":1,\"name\":\"Home\",\"item\":\"https:\/\/fluterm.eu\/no\/butikk\/\"},{\"@type\":\"ListItem\",\"position\":2,\"name\":\"Butikk\",\"item\":\"https:\/\/fluterm.eu\/no\/butikk\/\"},{\"@type\":\"ListItem\",\"position\":3,\"name\":\"Komplett Uponor 60m2 gulvvarmepakke\"}]},{\"@type\":\"WebSite\",\"@id\":\"https:\/\/fluterm.eu\/#website\",\"url\":\"https:\/\/fluterm.eu\/\",\"name\":\"fluterm.eu\",\"description\":\"\",\"potentialAction\":[{\"@type\":\"SearchAction\",\"target\":{\"@type\":\"EntryPoint\",\"urlTemplate\":\"https:\/\/fluterm.eu\/?s={search_term_string}\"},\"query-input\":\"required name=search_term_string\"}],\"inLanguage\":\"nb-NO\"}]}<\/script>\n<!-- \/ Yoast SEO plugin. -->","yoast_head_json":{"title":"Komplett Uponor 60m2 gulvvarmepakke","description":"Order Komplett Uponor 60m2 gulvvarmepakke at a best price.","robots":{"index":"index","follow":"follow","max-snippet":"max-snippet:-1","max-image-preview":"max-image-preview:large","max-video-preview":"max-video-preview:-1"},"canonical":"https:\/\/fluterm.eu\/no\/prod\/komplett-uponor-60m2-gulvvarmepakke\/","og_locale":"nb_NO","og_type":"article","og_title":"Komplett Uponor 60m2 gulvvarmepakke","og_description":"Order Komplett Uponor 60m2 gulvvarmepakke at a best price.","og_url":"https:\/\/fluterm.eu\/no\/prod\/komplett-uponor-60m2-gulvvarmepakke\/","og_site_name":"fluterm.eu","og_image":[{"width":2048,"height":2048,"url":"https:\/\/fluterm.eu\/wp-content\/uploads\/2023\/06\/9DA54247-EC0A-4FCA-854E-E6ACEF6ADDD3.jpeg","type":"image\/jpeg"}],"twitter_card":"summary_large_image","twitter_misc":{"Ansl. lesetid":"1 minutt"},"schema":{"@context":"https:\/\/schema.org","@graph":[{"@type":"WebPage","@id":"https:\/\/fluterm.eu\/no\/prod\/komplett-uponor-60m2-gulvvarmepakke\/","url":"https:\/\/fluterm.eu\/no\/prod\/komplett-uponor-60m2-gulvvarmepakke\/","name":"Komplett Uponor 60m2 gulvvarmepakke","isPartOf":{"@id":"https:\/\/fluterm.eu\/#website"},"datePublished":"2023-06-10T11:50:40+00:00","dateModified":"2023-06-10T11:50:40+00:00","description":"Order Komplett Uponor 60m2 gulvvarmepakke at a best price.","breadcrumb":{"@id":"https:\/\/fluterm.eu\/no\/prod\/komplett-uponor-60m2-gulvvarmepakke\/#breadcrumb"},"inLanguage":"nb-NO","potentialAction":[{"@type":"ReadAction","target":["https:\/\/fluterm.eu\/no\/prod\/komplett-uponor-60m2-gulvvarmepakke\/"]}]},{"@type":"BreadcrumbList","@id":"https:\/\/fluterm.eu\/no\/prod\/komplett-uponor-60m2-gulvvarmepakke\/#breadcrumb","itemListElement":[{"@type":"ListItem","position":1,"name":"Home","item":"https:\/\/fluterm.eu\/no\/butikk\/"},{"@type":"ListItem","position":2,"name":"Butikk","item":"https:\/\/fluterm.eu\/no\/butikk\/"},{"@type":"ListItem","position":3,"name":"Komplett Uponor 60m2 gulvvarmepakke"}]},{"@type":"WebSite","@id":"https:\/\/fluterm.eu\/#website","url":"https:\/\/fluterm.eu\/","name":"fluterm.eu","description":"","potentialAction":[{"@type":"SearchAction","target":{"@type":"EntryPoint","urlTemplate":"https:\/\/fluterm.eu\/?s={search_term_string}"},"query-input":"required name=search_term_string"}],"inLanguage":"nb-NO"}]}},"_links":{"self":[{"href":"https:\/\/fluterm.eu\/no\/wp-json\/wp\/v2\/product\/14207","targetHints":{"allow":["GET"]}}],"collection":[{"href":"https:\/\/fluterm.eu\/no\/wp-json\/wp\/v2\/product"}],"about":[{"href":"https:\/\/fluterm.eu\/no\/wp-json\/wp\/v2\/types\/product"}],"replies":[{"embeddable":true,"href":"https:\/\/fluterm.eu\/no\/wp-json\/wp\/v2\/comments?post=14207"}],"version-history":[{"count":0,"href":"https:\/\/fluterm.eu\/no\/wp-json\/wp\/v2\/product\/14207\/revisions"}],"wp:featuredmedia":[{"embeddable":true,"href":"https:\/\/fluterm.eu\/no\/wp-json\/wp\/v2\/media\/3773"}],"wp:attachment":[{"href":"https:\/\/fluterm.eu\/no\/wp-json\/wp\/v2\/media?parent=14207"}],"wp:term":[{"taxonomy":"product_cat","embeddable":true,"href":"https:\/\/fluterm.eu\/no\/wp-json\/wp\/v2\/product_cat?post=14207"},{"taxonomy":"product_tag","embeddable":true,"href":"https:\/\/fluterm.eu\/no\/wp-json\/wp\/v2\/product_tag?post=14207"}],"curies":[{"name":"wp","href":"https:\/\/api.w.org\/{rel}","templated":true}]}}