{"id":14255,"date":"2023-06-10T14:50:40","date_gmt":"2023-06-10T11:50:40","guid":{"rendered":"https:\/\/fluterm.eu\/prod\/tilsetningsstoff-for-10-kg-avrettingsmasse\/"},"modified":"2023-06-10T14:50:40","modified_gmt":"2023-06-10T11:50:40","slug":"additiv-for-10-kg-avrettingsmasse","status":"publish","type":"product","link":"https:\/\/fluterm.eu\/no\/prod\/additiv-for-10-kg-avrettingsmasse\/","title":{"rendered":"Tilsetningsstoff for 10 kg avrettingsmasse"},"content":{"rendered":"<div class=\"page\" title=\"Side 1\">\n<div class=\"layoutArea\">\n<div class=\"column\">\n<p>Dette er en blanding som best\u00e5r av spesifikke produkter for \u00e5 favorisere blandingene og betongblandingen: den brukes enten til selvutjevnende betong for gulvlegging, spesielt for str\u00e5lingspanelsystemer, enten for fremstilling av betong med h\u00f8y flytende egenskaper.<\/p>\n<\/div>\n<\/div>\n<div class=\"layoutArea\">\n<div class=\"column\">\n<p>Har en forh\u00f8yet spredningsevne som favoriserer betongblandingen og reduserer leggetidene. Den trenger ikke vibrasjon. Den inneholder ikke skadelige komponenter for betongen, metallene eller for plastr\u00f8ret. Den inneholder minimumsmengder av klorider og alkalier.<\/p>\n<p>Fordelene med \u00e5 bruke dette er f\u00f8lgende:<br \/>\n\u2022 reduksjon av vannmengden med opptil 25 %<br \/>\n\u2022 reduksjon av aldringssyklusene<br \/>\n\u2022 lav krymping p\u00e5 grunn av det forbedrede forholdet vann\/betong \u2022 selvnivellerende<\/p>\n<p>\u2022 \u00f8kning av betongens ugjennomtrengelighet, for eksempel for \u00e5 oppn\u00e5 produserte varer som har h\u00f8y motstand mot frost-\/avrimingssykluser og angrep av kjemiske midler.<\/p>\n<p><strong>Bruk<\/strong><\/p>\n<p>passer for all forspent, armert, ferdigblandet, pumpet og etc. betong hvor det \u00f8nskes en sv\u00e6rt fuktig blanding og forh\u00f8yede motstander. Tilsettes direkte i betongblanderen under blandingen i en mengde p\u00e5 1 liter for hver 100 kg betong.<\/p>\n<p><strong>Forholdsregler<\/strong><\/p>\n<p>Oppbevares i et t\u00f8rt og beskyttet milj\u00f8, langt fra varmekilder og ultrafiolette str\u00e5ler. M\u00e5 ikke utsettes for temperaturer lavere enn 0 \u00b0C. Ellers m\u00e5 produktet varmes opp igjen ved romtemperatur og blandes. Det anbefales \u00e5 blande produktet f\u00f8r du bruker det, i tilfelle det har v\u00e6rt lagret i lengre perioder. Produktegenskapene er garantert, forutsatt at emballasjen er intakt, i en periode p\u00e5 to \u00e5r. Produksjons- og pakkedatoen tilsvarer batchnummeret som er vist p\u00e5 pakningen.<\/p>\n<\/div>\n<\/div>\n<p><img decoding=\"async\" src=\"data:image\/png;base64,iVBORw0KGgoAAAANSUhEUgAAAO8AAAABCAYAAAA2PvlLAAAAAXNSR0IArs4c6QAAAHhlWElmTU0AKgAAAAgABAEaAAUAAAABAAAAPgEbAAUAAAABAAAARgEoAAMAAAABAAIAAIdpAAQAAAABAAAATgAAAAAABXgcAAAKpQAFeBwAAAqlAAOgAQADAAAAAQABAACgAgAEAAAAAQAAAO+gAwAEAAAAAQAAAAEAAAAA7eZq+AAAAAlwSFlzAAAUOgAAFDoB4pNfZwAAABNJREFUKBVjYBgFoyEwGgJDMgQAA70AAcm8xtoAAAAASUVORK5CYII=\" alt=\"side 1 bilde4109937488\" width=\"238.710100\" height=\"0.300000\"><\/p>\n<\/div>\n","protected":false},"excerpt":{"rendered":"<p>Dette er en blanding som best\u00e5r av spesifikke produkter for \u00e5 favorisere blandingene og betongblandingen: den brukes enten til selvutjevnende betong for gulvlegging, spesielt for str\u00e5lingspanelsystemer, enten for fremstilling av betong med h\u00f8y flytende egenskaper. Har en forh\u00f8yet spredningsevne som favoriserer betongblandingen og reduserer leggetidene. Den trenger ikke vibrasjon. Den inneholder ikke skadelige komponenter for&hellip;<\/p>\n","protected":false},"featured_media":2744,"comment_status":"closed","ping_status":"closed","template":"","meta":[],"product_cat":[835],"product_tag":[],"class_list":{"0":"post-14255","1":"product","2":"type-product","3":"status-publish","4":"has-post-thumbnail","6":"product_cat-diverse-no","8":"first","9":"instock","10":"sale","11":"taxable","12":"shipping-taxable","13":"purchasable","14":"product-type-simple","15":"col-xs-6 col-sm-4","16":"col-md-4 col-lg-4","17":"un-3-cols"},"acf":[],"yoast_head":"<!-- This site is optimized with the Yoast SEO plugin v21.2 - https:\/\/yoast.com\/wordpress\/plugins\/seo\/ -->\n<title>Tilsetningsstoff for 10 kg avrettingsmasse<\/title>\n<meta name=\"description\" content=\"Order Tilsetningsstoff for 10 kg avrettingsmasse at a best price.\" \/>\n<meta name=\"robots\" content=\"index, follow, max-snippet:-1, max-image-preview:large, max-video-preview:-1\" \/>\n<link rel=\"canonical\" href=\"https:\/\/fluterm.eu\/no\/prod\/tilsetningsstoff-for-10-kg-avrettingsmasse\/\" \/>\n<meta property=\"og:locale\" content=\"nb_NO\" \/>\n<meta property=\"og:type\" content=\"article\" \/>\n<meta property=\"og:title\" content=\"Tilsetningsstoff for 10 kg avrettingsmasse\" \/>\n<meta property=\"og:description\" content=\"Order Tilsetningsstoff for 10 kg avrettingsmasse at a best price.\" \/>\n<meta property=\"og:url\" content=\"https:\/\/fluterm.eu\/no\/prod\/tilsetningsstoff-for-10-kg-avrettingsmasse\/\" \/>\n<meta property=\"og:site_name\" content=\"fluterm.eu\" \/>\n<meta property=\"og:image\" content=\"https:\/\/fluterm.eu\/wp-content\/uploads\/2023\/06\/A095D8E4-E468-496B-90A0-427E9C5CF73B.jpeg\" \/>\n\t<meta property=\"og:image:width\" content=\"819\" \/>\n\t<meta property=\"og:image:height\" content=\"625\" \/>\n\t<meta property=\"og:image:type\" content=\"image\/jpeg\" \/>\n<meta name=\"twitter:card\" content=\"summary_large_image\" \/>\n<meta name=\"twitter:label1\" content=\"Ansl. lesetid\" \/>\n\t<meta name=\"twitter:data1\" content=\"1 minutt\" \/>\n<script type=\"application\/ld+json\" class=\"yoast-schema-graph\">{\"@context\":\"https:\/\/schema.org\",\"@graph\":[{\"@type\":\"WebPage\",\"@id\":\"https:\/\/fluterm.eu\/no\/prod\/tilsetningsstoff-for-10-kg-avrettingsmasse\/\",\"url\":\"https:\/\/fluterm.eu\/no\/prod\/tilsetningsstoff-for-10-kg-avrettingsmasse\/\",\"name\":\"Tilsetningsstoff for 10 kg avrettingsmasse\",\"isPartOf\":{\"@id\":\"https:\/\/fluterm.eu\/#website\"},\"datePublished\":\"2023-06-10T11:50:40+00:00\",\"dateModified\":\"2023-06-10T11:50:40+00:00\",\"description\":\"Order Tilsetningsstoff for 10 kg avrettingsmasse at a best price.\",\"breadcrumb\":{\"@id\":\"https:\/\/fluterm.eu\/no\/prod\/tilsetningsstoff-for-10-kg-avrettingsmasse\/#breadcrumb\"},\"inLanguage\":\"nb-NO\",\"potentialAction\":[{\"@type\":\"ReadAction\",\"target\":[\"https:\/\/fluterm.eu\/no\/prod\/tilsetningsstoff-for-10-kg-avrettingsmasse\/\"]}]},{\"@type\":\"BreadcrumbList\",\"@id\":\"https:\/\/fluterm.eu\/no\/prod\/tilsetningsstoff-for-10-kg-avrettingsmasse\/#breadcrumb\",\"itemListElement\":[{\"@type\":\"ListItem\",\"position\":1,\"name\":\"Home\",\"item\":\"https:\/\/fluterm.eu\/no\/butikk\/\"},{\"@type\":\"ListItem\",\"position\":2,\"name\":\"Butikk\",\"item\":\"https:\/\/fluterm.eu\/no\/butikk\/\"},{\"@type\":\"ListItem\",\"position\":3,\"name\":\"Tilsetningsstoff for 10 kg avrettingsmasse\"}]},{\"@type\":\"WebSite\",\"@id\":\"https:\/\/fluterm.eu\/#website\",\"url\":\"https:\/\/fluterm.eu\/\",\"name\":\"fluterm.eu\",\"description\":\"\",\"potentialAction\":[{\"@type\":\"SearchAction\",\"target\":{\"@type\":\"EntryPoint\",\"urlTemplate\":\"https:\/\/fluterm.eu\/?s={search_term_string}\"},\"query-input\":\"required name=search_term_string\"}],\"inLanguage\":\"nb-NO\"}]}<\/script>\n<!-- \/ Yoast SEO plugin. -->","yoast_head_json":{"title":"Tilsetningsstoff for 10 kg avrettingsmasse","description":"Order Tilsetningsstoff for 10 kg avrettingsmasse at a best price.","robots":{"index":"index","follow":"follow","max-snippet":"max-snippet:-1","max-image-preview":"max-image-preview:large","max-video-preview":"max-video-preview:-1"},"canonical":"https:\/\/fluterm.eu\/no\/prod\/tilsetningsstoff-for-10-kg-avrettingsmasse\/","og_locale":"nb_NO","og_type":"article","og_title":"Tilsetningsstoff for 10 kg avrettingsmasse","og_description":"Order Tilsetningsstoff for 10 kg avrettingsmasse at a best price.","og_url":"https:\/\/fluterm.eu\/no\/prod\/tilsetningsstoff-for-10-kg-avrettingsmasse\/","og_site_name":"fluterm.eu","og_image":[{"width":819,"height":625,"url":"https:\/\/fluterm.eu\/wp-content\/uploads\/2023\/06\/A095D8E4-E468-496B-90A0-427E9C5CF73B.jpeg","type":"image\/jpeg"}],"twitter_card":"summary_large_image","twitter_misc":{"Ansl. lesetid":"1 minutt"},"schema":{"@context":"https:\/\/schema.org","@graph":[{"@type":"WebPage","@id":"https:\/\/fluterm.eu\/no\/prod\/tilsetningsstoff-for-10-kg-avrettingsmasse\/","url":"https:\/\/fluterm.eu\/no\/prod\/tilsetningsstoff-for-10-kg-avrettingsmasse\/","name":"Tilsetningsstoff for 10 kg avrettingsmasse","isPartOf":{"@id":"https:\/\/fluterm.eu\/#website"},"datePublished":"2023-06-10T11:50:40+00:00","dateModified":"2023-06-10T11:50:40+00:00","description":"Order Tilsetningsstoff for 10 kg avrettingsmasse at a best price.","breadcrumb":{"@id":"https:\/\/fluterm.eu\/no\/prod\/tilsetningsstoff-for-10-kg-avrettingsmasse\/#breadcrumb"},"inLanguage":"nb-NO","potentialAction":[{"@type":"ReadAction","target":["https:\/\/fluterm.eu\/no\/prod\/tilsetningsstoff-for-10-kg-avrettingsmasse\/"]}]},{"@type":"BreadcrumbList","@id":"https:\/\/fluterm.eu\/no\/prod\/tilsetningsstoff-for-10-kg-avrettingsmasse\/#breadcrumb","itemListElement":[{"@type":"ListItem","position":1,"name":"Home","item":"https:\/\/fluterm.eu\/no\/butikk\/"},{"@type":"ListItem","position":2,"name":"Butikk","item":"https:\/\/fluterm.eu\/no\/butikk\/"},{"@type":"ListItem","position":3,"name":"Tilsetningsstoff for 10 kg avrettingsmasse"}]},{"@type":"WebSite","@id":"https:\/\/fluterm.eu\/#website","url":"https:\/\/fluterm.eu\/","name":"fluterm.eu","description":"","potentialAction":[{"@type":"SearchAction","target":{"@type":"EntryPoint","urlTemplate":"https:\/\/fluterm.eu\/?s={search_term_string}"},"query-input":"required name=search_term_string"}],"inLanguage":"nb-NO"}]}},"_links":{"self":[{"href":"https:\/\/fluterm.eu\/no\/wp-json\/wp\/v2\/product\/14255","targetHints":{"allow":["GET"]}}],"collection":[{"href":"https:\/\/fluterm.eu\/no\/wp-json\/wp\/v2\/product"}],"about":[{"href":"https:\/\/fluterm.eu\/no\/wp-json\/wp\/v2\/types\/product"}],"replies":[{"embeddable":true,"href":"https:\/\/fluterm.eu\/no\/wp-json\/wp\/v2\/comments?post=14255"}],"version-history":[{"count":0,"href":"https:\/\/fluterm.eu\/no\/wp-json\/wp\/v2\/product\/14255\/revisions"}],"wp:featuredmedia":[{"embeddable":true,"href":"https:\/\/fluterm.eu\/no\/wp-json\/wp\/v2\/media\/2744"}],"wp:attachment":[{"href":"https:\/\/fluterm.eu\/no\/wp-json\/wp\/v2\/media?parent=14255"}],"wp:term":[{"taxonomy":"product_cat","embeddable":true,"href":"https:\/\/fluterm.eu\/no\/wp-json\/wp\/v2\/product_cat?post=14255"},{"taxonomy":"product_tag","embeddable":true,"href":"https:\/\/fluterm.eu\/no\/wp-json\/wp\/v2\/product_tag?post=14255"}],"curies":[{"name":"wp","href":"https:\/\/api.w.org\/{rel}","templated":true}]}}