{"id":14319,"date":"2023-06-10T14:50:41","date_gmt":"2023-06-10T11:50:41","guid":{"rendered":"https:\/\/fluterm.eu\/prod\/fullt-utstyrt-10-krets-gulvvarmemanifold\/"},"modified":"2023-06-10T14:50:41","modified_gmt":"2023-06-10T11:50:41","slug":"fullt-utstyrt-10-veis-gulvvarme-fordeler","status":"publish","type":"product","link":"https:\/\/fluterm.eu\/no\/prod\/fullt-utstyrt-10-veis-gulvvarme-fordeler\/","title":{"rendered":"Fullt utstyrt 10-krets gulvvarmemanifold"},"content":{"rendered":"<p>20 x euroconus pex 16\/17&#215;2<\/p>\n<p>1 x metallboks<\/p>\n<p>10 ports komplette manifolder vi leverer er konstruert for den h\u00f8yeste industrien<br \/>\nstandarder som gir enest\u00e5ende resultater st\u00f8ttet av hele 25 \u00e5rs garanti.<\/p>\n<p>Manifoldene er produsert med kun kvalitetssikring av messing<\/p>\n<p>enest\u00e5ende ytelse og total trygghet.<\/p>\n<p>Disse manifoldene er tilgjengelige fra 2 -12 portvariasjoner, noe som muliggj\u00f8r installasjon i alle st\u00f8rrelser.<\/p>\n<p><strong><em>WRAS-godkjent<\/em><\/strong><\/p>\n","protected":false},"excerpt":{"rendered":"<p>20 x euroconus pex 16\/17&#215;2 1 x metallboks 10 ports komplette manifolder vi leverer er konstruert for den h\u00f8yeste industrien standarder som gir enest\u00e5ende resultater st\u00f8ttet av hele 25 \u00e5rs garanti. Manifoldene er produsert med kun kvalitetssikring av messing enest\u00e5ende ytelse og total trygghet. Disse manifoldene er tilgjengelige fra 2 -12 portvariasjoner, noe som muliggj\u00f8r&hellip;<\/p>\n","protected":false},"featured_media":2828,"comment_status":"open","ping_status":"closed","template":"","meta":[],"product_cat":[803],"product_tag":[],"class_list":{"0":"post-14319","1":"product","2":"type-product","3":"status-publish","4":"has-post-thumbnail","6":"product_cat-fordelere-for-gulvvarme","8":"first","9":"instock","10":"sale","11":"taxable","12":"shipping-taxable","13":"purchasable","14":"product-type-simple","15":"col-xs-6 col-sm-4","16":"col-md-4 col-lg-4","17":"un-3-cols"},"acf":[],"yoast_head":"<!-- This site is optimized with the Yoast SEO plugin v21.2 - https:\/\/yoast.com\/wordpress\/plugins\/seo\/ -->\n<title>Fullt utstyrt 10-krets gulvvarmemanifold<\/title>\n<meta name=\"description\" content=\"Order Fullt utstyrt 10-krets gulvvarmemanifold at a best price.\" \/>\n<meta name=\"robots\" content=\"index, follow, max-snippet:-1, max-image-preview:large, max-video-preview:-1\" \/>\n<link rel=\"canonical\" href=\"https:\/\/fluterm.eu\/no\/prod\/fullt-utstyrt-10-krets-gulvvarmemanifold\/\" \/>\n<meta property=\"og:locale\" content=\"nb_NO\" \/>\n<meta property=\"og:type\" content=\"article\" \/>\n<meta property=\"og:title\" content=\"Fullt utstyrt 10-krets gulvvarmemanifold\" \/>\n<meta property=\"og:description\" content=\"Order Fullt utstyrt 10-krets gulvvarmemanifold at a best price.\" \/>\n<meta property=\"og:url\" content=\"https:\/\/fluterm.eu\/no\/prod\/fullt-utstyrt-10-krets-gulvvarmemanifold\/\" \/>\n<meta property=\"og:site_name\" content=\"fluterm.eu\" \/>\n<meta property=\"og:image\" content=\"https:\/\/fluterm.eu\/wp-content\/uploads\/2023\/06\/3EEF15EE-5ED1-4650-A5AD-C7A561CEA53C.jpeg\" \/>\n\t<meta property=\"og:image:width\" content=\"2000\" \/>\n\t<meta property=\"og:image:height\" content=\"2000\" \/>\n\t<meta property=\"og:image:type\" content=\"image\/jpeg\" \/>\n<meta name=\"twitter:card\" content=\"summary_large_image\" \/>\n<script type=\"application\/ld+json\" class=\"yoast-schema-graph\">{\"@context\":\"https:\/\/schema.org\",\"@graph\":[{\"@type\":\"WebPage\",\"@id\":\"https:\/\/fluterm.eu\/no\/prod\/fullt-utstyrt-10-krets-gulvvarmemanifold\/\",\"url\":\"https:\/\/fluterm.eu\/no\/prod\/fullt-utstyrt-10-krets-gulvvarmemanifold\/\",\"name\":\"Fullt utstyrt 10-krets gulvvarmemanifold\",\"isPartOf\":{\"@id\":\"https:\/\/fluterm.eu\/#website\"},\"datePublished\":\"2023-06-10T11:50:41+00:00\",\"dateModified\":\"2023-06-10T11:50:41+00:00\",\"description\":\"Order Fullt utstyrt 10-krets gulvvarmemanifold at a best price.\",\"breadcrumb\":{\"@id\":\"https:\/\/fluterm.eu\/no\/prod\/fullt-utstyrt-10-krets-gulvvarmemanifold\/#breadcrumb\"},\"inLanguage\":\"nb-NO\",\"potentialAction\":[{\"@type\":\"ReadAction\",\"target\":[\"https:\/\/fluterm.eu\/no\/prod\/fullt-utstyrt-10-krets-gulvvarmemanifold\/\"]}]},{\"@type\":\"BreadcrumbList\",\"@id\":\"https:\/\/fluterm.eu\/no\/prod\/fullt-utstyrt-10-krets-gulvvarmemanifold\/#breadcrumb\",\"itemListElement\":[{\"@type\":\"ListItem\",\"position\":1,\"name\":\"Home\",\"item\":\"https:\/\/fluterm.eu\/no\/butikk\/\"},{\"@type\":\"ListItem\",\"position\":2,\"name\":\"Butikk\",\"item\":\"https:\/\/fluterm.eu\/no\/butikk\/\"},{\"@type\":\"ListItem\",\"position\":3,\"name\":\"Fullt utstyrt 10-krets gulvvarmemanifold\"}]},{\"@type\":\"WebSite\",\"@id\":\"https:\/\/fluterm.eu\/#website\",\"url\":\"https:\/\/fluterm.eu\/\",\"name\":\"fluterm.eu\",\"description\":\"\",\"potentialAction\":[{\"@type\":\"SearchAction\",\"target\":{\"@type\":\"EntryPoint\",\"urlTemplate\":\"https:\/\/fluterm.eu\/?s={search_term_string}\"},\"query-input\":\"required name=search_term_string\"}],\"inLanguage\":\"nb-NO\"}]}<\/script>\n<!-- \/ Yoast SEO plugin. -->","yoast_head_json":{"title":"Fullt utstyrt 10-krets gulvvarmemanifold","description":"Order Fullt utstyrt 10-krets gulvvarmemanifold at a best price.","robots":{"index":"index","follow":"follow","max-snippet":"max-snippet:-1","max-image-preview":"max-image-preview:large","max-video-preview":"max-video-preview:-1"},"canonical":"https:\/\/fluterm.eu\/no\/prod\/fullt-utstyrt-10-krets-gulvvarmemanifold\/","og_locale":"nb_NO","og_type":"article","og_title":"Fullt utstyrt 10-krets gulvvarmemanifold","og_description":"Order Fullt utstyrt 10-krets gulvvarmemanifold at a best price.","og_url":"https:\/\/fluterm.eu\/no\/prod\/fullt-utstyrt-10-krets-gulvvarmemanifold\/","og_site_name":"fluterm.eu","og_image":[{"width":2000,"height":2000,"url":"https:\/\/fluterm.eu\/wp-content\/uploads\/2023\/06\/3EEF15EE-5ED1-4650-A5AD-C7A561CEA53C.jpeg","type":"image\/jpeg"}],"twitter_card":"summary_large_image","schema":{"@context":"https:\/\/schema.org","@graph":[{"@type":"WebPage","@id":"https:\/\/fluterm.eu\/no\/prod\/fullt-utstyrt-10-krets-gulvvarmemanifold\/","url":"https:\/\/fluterm.eu\/no\/prod\/fullt-utstyrt-10-krets-gulvvarmemanifold\/","name":"Fullt utstyrt 10-krets gulvvarmemanifold","isPartOf":{"@id":"https:\/\/fluterm.eu\/#website"},"datePublished":"2023-06-10T11:50:41+00:00","dateModified":"2023-06-10T11:50:41+00:00","description":"Order Fullt utstyrt 10-krets gulvvarmemanifold at a best price.","breadcrumb":{"@id":"https:\/\/fluterm.eu\/no\/prod\/fullt-utstyrt-10-krets-gulvvarmemanifold\/#breadcrumb"},"inLanguage":"nb-NO","potentialAction":[{"@type":"ReadAction","target":["https:\/\/fluterm.eu\/no\/prod\/fullt-utstyrt-10-krets-gulvvarmemanifold\/"]}]},{"@type":"BreadcrumbList","@id":"https:\/\/fluterm.eu\/no\/prod\/fullt-utstyrt-10-krets-gulvvarmemanifold\/#breadcrumb","itemListElement":[{"@type":"ListItem","position":1,"name":"Home","item":"https:\/\/fluterm.eu\/no\/butikk\/"},{"@type":"ListItem","position":2,"name":"Butikk","item":"https:\/\/fluterm.eu\/no\/butikk\/"},{"@type":"ListItem","position":3,"name":"Fullt utstyrt 10-krets gulvvarmemanifold"}]},{"@type":"WebSite","@id":"https:\/\/fluterm.eu\/#website","url":"https:\/\/fluterm.eu\/","name":"fluterm.eu","description":"","potentialAction":[{"@type":"SearchAction","target":{"@type":"EntryPoint","urlTemplate":"https:\/\/fluterm.eu\/?s={search_term_string}"},"query-input":"required name=search_term_string"}],"inLanguage":"nb-NO"}]}},"_links":{"self":[{"href":"https:\/\/fluterm.eu\/no\/wp-json\/wp\/v2\/product\/14319","targetHints":{"allow":["GET"]}}],"collection":[{"href":"https:\/\/fluterm.eu\/no\/wp-json\/wp\/v2\/product"}],"about":[{"href":"https:\/\/fluterm.eu\/no\/wp-json\/wp\/v2\/types\/product"}],"replies":[{"embeddable":true,"href":"https:\/\/fluterm.eu\/no\/wp-json\/wp\/v2\/comments?post=14319"}],"version-history":[{"count":0,"href":"https:\/\/fluterm.eu\/no\/wp-json\/wp\/v2\/product\/14319\/revisions"}],"wp:featuredmedia":[{"embeddable":true,"href":"https:\/\/fluterm.eu\/no\/wp-json\/wp\/v2\/media\/2828"}],"wp:attachment":[{"href":"https:\/\/fluterm.eu\/no\/wp-json\/wp\/v2\/media?parent=14319"}],"wp:term":[{"taxonomy":"product_cat","embeddable":true,"href":"https:\/\/fluterm.eu\/no\/wp-json\/wp\/v2\/product_cat?post=14319"},{"taxonomy":"product_tag","embeddable":true,"href":"https:\/\/fluterm.eu\/no\/wp-json\/wp\/v2\/product_tag?post=14319"}],"curies":[{"name":"wp","href":"https:\/\/api.w.org\/{rel}","templated":true}]}}