{"id":14496,"date":"2023-06-10T14:50:42","date_gmt":"2023-06-10T11:50:42","guid":{"rendered":"https:\/\/fluterm.eu\/prod\/elektronisk-termostat-for-gulvvarme-programmerbar-lcd-display\/"},"modified":"2023-06-10T14:50:42","modified_gmt":"2023-06-10T11:50:42","slug":"elektronisk-termostat-for-gulvvarme-med-ikke-programmerbar-lcd-display","status":"publish","type":"product","link":"https:\/\/fluterm.eu\/no\/prod\/elektronisk-termostat-for-gulvvarme-med-ikke-programmerbar-lcd-display\/","title":{"rendered":"Elektronisk termostat for gulvvarme programmerbar LCD-display"},"content":{"rendered":"<div class=\"product-accordion__item-title\">produktbeskrivelse<\/div>\n<p>Termostaten slim er designet spesielt med tanke p\u00e5 elektrisk gulvvarme og er i stand til \u00e5 fungere som en termostat eller en timer (valgbar i programvaren)<\/p>\n<p>&nbsp;<\/p>\n<ol class=\"numeric\">\n<li>Kun gulvf\u00f8ler. Ideell n\u00e5r du kun \u00f8nsker \u00e5 kontrollere gulvtemperaturen. (Vinterhager for eksempel)<\/li>\n<li>Luft og gulv. Termostaten kontrollerer lufttemperaturen mens den bruker gulvf\u00f8leren for \u00e5 forhindre overoppheting av gulvsystemet.<\/li>\n<li>Fjernstyrt luft og gulv. Ideell for fjernkontroll av luft- og gulvtemperatur (for eksempel bad)<\/li>\n<\/ol>\n<ul class=\"tick\">\n<li>Brukervalgbar driftsmodus: 1) Ikke programmerbar 2) Ukedag\/helg 3) Alle dager forskjellige. 4) Alle dager like<\/li>\n<li>Termostat eller timermodus<\/li>\n<li>Temperaturholdefunksjon<\/li>\n<li>Feriefunksjon<\/li>\n<li>C\/F valgbar<\/li>\n<li>Self Learning Optimum Start p\u00e5 1. og 3. niv\u00e5<\/li>\n<li>Tastel\u00e5s<\/li>\n<li>Frostbeskyttelse med justerbar temperaturinnstilling<\/li>\n<li>16A brytervurdering (3680 watt)<\/li>\n<li>Hvit bakgrunnsbelysning (sl\u00e5r seg av etter 30 sekunder)<\/li>\n<li>Gulvsensor inkludert<\/li>\n<li>Tilf\u00f8rsel: 230v AC<\/li>\n<li>M\u00e5l: 98x85x13mm<\/li>\n<li>Vekt: 195g<\/li>\n<\/ul>\n<p>(V\u00e6r oppmerksom p\u00e5 at 13 mm dybde er etter installasjon)<\/p>\n<h3>ErP-klasse og rangeringer<\/h3>\n<table class=\"table\">\n<thead>\n<tr>\n<th>Individuelt produkt<\/th>\n<\/tr>\n<\/thead>\n<\/table>\n","protected":false},"excerpt":{"rendered":"<p>gulvvarmetermostat<\/p>\n","protected":false},"featured_media":2954,"comment_status":"closed","ping_status":"closed","template":"","meta":[],"product_cat":[970],"product_tag":[],"class_list":{"0":"post-14496","1":"product","2":"type-product","3":"status-publish","4":"has-post-thumbnail","6":"product_cat-gulvvarmeautomatisering","8":"first","9":"instock","10":"taxable","11":"shipping-taxable","12":"purchasable","13":"product-type-simple","14":"col-xs-6 col-sm-4","15":"col-md-4 col-lg-4","16":"un-3-cols"},"acf":[],"yoast_head":"<!-- This site is optimized with the Yoast SEO plugin v21.2 - https:\/\/yoast.com\/wordpress\/plugins\/seo\/ -->\n<title>Elektronisk termostat for gulvvarme programmerbar LCD-display<\/title>\n<meta name=\"description\" content=\"Order Elektronisk termostat for gulvvarme programmerbar LCD-display at a best price.\" \/>\n<meta name=\"robots\" content=\"index, follow, max-snippet:-1, max-image-preview:large, max-video-preview:-1\" \/>\n<link rel=\"canonical\" href=\"https:\/\/fluterm.eu\/no\/prod\/elektronisk-termostat-for-gulvvarme-programmerbar-lcd-display\/\" \/>\n<meta property=\"og:locale\" content=\"nb_NO\" \/>\n<meta property=\"og:type\" content=\"article\" \/>\n<meta property=\"og:title\" content=\"Elektronisk termostat for gulvvarme programmerbar LCD-display\" \/>\n<meta property=\"og:description\" content=\"Order Elektronisk termostat for gulvvarme programmerbar LCD-display at a best price.\" \/>\n<meta property=\"og:url\" content=\"https:\/\/fluterm.eu\/no\/prod\/elektronisk-termostat-for-gulvvarme-programmerbar-lcd-display\/\" \/>\n<meta property=\"og:site_name\" content=\"fluterm.eu\" \/>\n<meta property=\"og:image\" content=\"https:\/\/fluterm.eu\/wp-content\/uploads\/2023\/06\/74B57AFD-2084-4829-8CA9-EE917E900381.jpeg\" \/>\n\t<meta property=\"og:image:width\" content=\"800\" \/>\n\t<meta property=\"og:image:height\" content=\"800\" \/>\n\t<meta property=\"og:image:type\" content=\"image\/jpeg\" \/>\n<meta name=\"twitter:card\" content=\"summary_large_image\" \/>\n<meta name=\"twitter:label1\" content=\"Ansl. lesetid\" \/>\n\t<meta name=\"twitter:data1\" content=\"1 minutt\" \/>\n<script type=\"application\/ld+json\" class=\"yoast-schema-graph\">{\"@context\":\"https:\/\/schema.org\",\"@graph\":[{\"@type\":\"WebPage\",\"@id\":\"https:\/\/fluterm.eu\/no\/prod\/elektronisk-termostat-for-gulvvarme-programmerbar-lcd-display\/\",\"url\":\"https:\/\/fluterm.eu\/no\/prod\/elektronisk-termostat-for-gulvvarme-programmerbar-lcd-display\/\",\"name\":\"Elektronisk termostat for gulvvarme programmerbar LCD-display\",\"isPartOf\":{\"@id\":\"https:\/\/fluterm.eu\/#website\"},\"datePublished\":\"2023-06-10T11:50:42+00:00\",\"dateModified\":\"2023-06-10T11:50:42+00:00\",\"description\":\"Order Elektronisk termostat for gulvvarme programmerbar LCD-display at a best price.\",\"breadcrumb\":{\"@id\":\"https:\/\/fluterm.eu\/no\/prod\/elektronisk-termostat-for-gulvvarme-programmerbar-lcd-display\/#breadcrumb\"},\"inLanguage\":\"nb-NO\",\"potentialAction\":[{\"@type\":\"ReadAction\",\"target\":[\"https:\/\/fluterm.eu\/no\/prod\/elektronisk-termostat-for-gulvvarme-programmerbar-lcd-display\/\"]}]},{\"@type\":\"BreadcrumbList\",\"@id\":\"https:\/\/fluterm.eu\/no\/prod\/elektronisk-termostat-for-gulvvarme-programmerbar-lcd-display\/#breadcrumb\",\"itemListElement\":[{\"@type\":\"ListItem\",\"position\":1,\"name\":\"Home\",\"item\":\"https:\/\/fluterm.eu\/no\/butikk\/\"},{\"@type\":\"ListItem\",\"position\":2,\"name\":\"Butikk\",\"item\":\"https:\/\/fluterm.eu\/no\/butikk\/\"},{\"@type\":\"ListItem\",\"position\":3,\"name\":\"Elektronisk termostat for gulvvarme programmerbar LCD-display\"}]},{\"@type\":\"WebSite\",\"@id\":\"https:\/\/fluterm.eu\/#website\",\"url\":\"https:\/\/fluterm.eu\/\",\"name\":\"fluterm.eu\",\"description\":\"\",\"potentialAction\":[{\"@type\":\"SearchAction\",\"target\":{\"@type\":\"EntryPoint\",\"urlTemplate\":\"https:\/\/fluterm.eu\/?s={search_term_string}\"},\"query-input\":\"required name=search_term_string\"}],\"inLanguage\":\"nb-NO\"}]}<\/script>\n<!-- \/ Yoast SEO plugin. -->","yoast_head_json":{"title":"Elektronisk termostat for gulvvarme programmerbar LCD-display","description":"Order Elektronisk termostat for gulvvarme programmerbar LCD-display at a best price.","robots":{"index":"index","follow":"follow","max-snippet":"max-snippet:-1","max-image-preview":"max-image-preview:large","max-video-preview":"max-video-preview:-1"},"canonical":"https:\/\/fluterm.eu\/no\/prod\/elektronisk-termostat-for-gulvvarme-programmerbar-lcd-display\/","og_locale":"nb_NO","og_type":"article","og_title":"Elektronisk termostat for gulvvarme programmerbar LCD-display","og_description":"Order Elektronisk termostat for gulvvarme programmerbar LCD-display at a best price.","og_url":"https:\/\/fluterm.eu\/no\/prod\/elektronisk-termostat-for-gulvvarme-programmerbar-lcd-display\/","og_site_name":"fluterm.eu","og_image":[{"width":800,"height":800,"url":"https:\/\/fluterm.eu\/wp-content\/uploads\/2023\/06\/74B57AFD-2084-4829-8CA9-EE917E900381.jpeg","type":"image\/jpeg"}],"twitter_card":"summary_large_image","twitter_misc":{"Ansl. lesetid":"1 minutt"},"schema":{"@context":"https:\/\/schema.org","@graph":[{"@type":"WebPage","@id":"https:\/\/fluterm.eu\/no\/prod\/elektronisk-termostat-for-gulvvarme-programmerbar-lcd-display\/","url":"https:\/\/fluterm.eu\/no\/prod\/elektronisk-termostat-for-gulvvarme-programmerbar-lcd-display\/","name":"Elektronisk termostat for gulvvarme programmerbar LCD-display","isPartOf":{"@id":"https:\/\/fluterm.eu\/#website"},"datePublished":"2023-06-10T11:50:42+00:00","dateModified":"2023-06-10T11:50:42+00:00","description":"Order Elektronisk termostat for gulvvarme programmerbar LCD-display at a best price.","breadcrumb":{"@id":"https:\/\/fluterm.eu\/no\/prod\/elektronisk-termostat-for-gulvvarme-programmerbar-lcd-display\/#breadcrumb"},"inLanguage":"nb-NO","potentialAction":[{"@type":"ReadAction","target":["https:\/\/fluterm.eu\/no\/prod\/elektronisk-termostat-for-gulvvarme-programmerbar-lcd-display\/"]}]},{"@type":"BreadcrumbList","@id":"https:\/\/fluterm.eu\/no\/prod\/elektronisk-termostat-for-gulvvarme-programmerbar-lcd-display\/#breadcrumb","itemListElement":[{"@type":"ListItem","position":1,"name":"Home","item":"https:\/\/fluterm.eu\/no\/butikk\/"},{"@type":"ListItem","position":2,"name":"Butikk","item":"https:\/\/fluterm.eu\/no\/butikk\/"},{"@type":"ListItem","position":3,"name":"Elektronisk termostat for gulvvarme programmerbar LCD-display"}]},{"@type":"WebSite","@id":"https:\/\/fluterm.eu\/#website","url":"https:\/\/fluterm.eu\/","name":"fluterm.eu","description":"","potentialAction":[{"@type":"SearchAction","target":{"@type":"EntryPoint","urlTemplate":"https:\/\/fluterm.eu\/?s={search_term_string}"},"query-input":"required name=search_term_string"}],"inLanguage":"nb-NO"}]}},"_links":{"self":[{"href":"https:\/\/fluterm.eu\/no\/wp-json\/wp\/v2\/product\/14496","targetHints":{"allow":["GET"]}}],"collection":[{"href":"https:\/\/fluterm.eu\/no\/wp-json\/wp\/v2\/product"}],"about":[{"href":"https:\/\/fluterm.eu\/no\/wp-json\/wp\/v2\/types\/product"}],"replies":[{"embeddable":true,"href":"https:\/\/fluterm.eu\/no\/wp-json\/wp\/v2\/comments?post=14496"}],"version-history":[{"count":0,"href":"https:\/\/fluterm.eu\/no\/wp-json\/wp\/v2\/product\/14496\/revisions"}],"wp:featuredmedia":[{"embeddable":true,"href":"https:\/\/fluterm.eu\/no\/wp-json\/wp\/v2\/media\/2954"}],"wp:attachment":[{"href":"https:\/\/fluterm.eu\/no\/wp-json\/wp\/v2\/media?parent=14496"}],"wp:term":[{"taxonomy":"product_cat","embeddable":true,"href":"https:\/\/fluterm.eu\/no\/wp-json\/wp\/v2\/product_cat?post=14496"},{"taxonomy":"product_tag","embeddable":true,"href":"https:\/\/fluterm.eu\/no\/wp-json\/wp\/v2\/product_tag?post=14496"}],"curies":[{"name":"wp","href":"https:\/\/api.w.org\/{rel}","templated":true}]}}