{"id":14672,"date":"2023-06-10T14:51:05","date_gmt":"2023-06-10T11:51:05","guid":{"rendered":"https:\/\/fluterm.eu\/prod\/gulvvarmemanifold-med-pumpepakke-og-ventiler-ibo-amg-12-kretser\/"},"modified":"2023-06-10T14:51:05","modified_gmt":"2023-06-10T11:51:05","slug":"gulvvarme-manifold-med-pumpe-pakke-ventiler-ibo-amg-12-porter","status":"publish","type":"product","link":"https:\/\/fluterm.eu\/no\/prod\/gulvvarme-manifold-med-pumpe-pakke-ventiler-ibo-amg-12-porter\/","title":{"rendered":"Gulvvarmemanifold med pumpepakke og ventiler \u2013 ibo amg \u2013 12 kretser"},"content":{"rendered":"<h1>Gulvvarmemanifold med pumpepakke og ventiler \u2013 Grundfos A-klassifisert pumpe \u201312 porter<\/h1>\n<p><strong>Hva er inkludert i pumpe- og manifoldpakkene v\u00e5re?<\/strong><\/p>\n<p>Gulvvarmemanifolder leveres med:<\/p>\n<p>&laquo;EN&raquo; Vurdert ibo pumpepakke.<\/p>\n<p>Artikler inkludert:<\/p>\n<p>1 x forh\u00e5ndsmontert manifold med str\u00f8mningsm\u00e5lere<\/p>\n<p>1 x endeventil<\/p>\n<p>1 x trykkm\u00e5ler<\/p>\n<p>2 x kuleventiler<\/p>\n<p>2 x temperaturm\u00e5ler (montert p\u00e5 kuleventiler)<\/p>\n<p>1 x boks<\/p>\n<p>Eurocones fitting 16\/17 24stk<\/p>\n<p>Pumpestasjon (blandingsventil)<\/p>\n<p>Leveres p\u00e5 forh\u00e5ndsmontert brakett.<\/p>\n<p>CMaks arbeidstrykk 3 bar maks pr\u00f8vetrykk 10 bar.<\/p>\n<p>Temperaturomr\u00e5de: 35C \u2013 65CMaks arbeidstrykk:<\/p>\n<p>V\u00e5re manifolder er for bruk p\u00e5 vanngulvvarmesystemer.<\/p>\n<p>Disse best\u00e5r av to manifoldstenger, en for gjennomstr\u00f8mning og en for retur, komplett med kuleventiler, t\u00f8mme-\/p\u00e5fyllingsventiler og luftventil. P\u00e5 str\u00f8mningsstangen har hver port en str\u00f8mningsindikator med h\u00f8y ytelse, med isolator inkludert et lettlest m\u00e5leglass.<\/p>\n<p>Hver port p\u00e5 returstangen er utstyrt med en integrert kontrollventil og beskyttelseshette som lar brukeren justere vannvolumet eller kan fjernes for \u00e5 akseptere et termoelektrisk manifoldhode.<\/p>\n<p>&nbsp;<\/p>\n<p><strong>Manifolddimensjoner:<\/strong><\/p>\n<p>Legg til 150 mm til lengden n\u00e5r pumpen og blandebatteriet er montert.<\/p>\n<p>Se bilde 12 for n\u00f8kkel.<\/p>\n<p>ABCDE<\/p>\n<p>2-krets UFH-manifoldsett 320 mm 210 mm 50 mm 276 mm 90 mm<\/p>\n<p>3-krets UFH-manifoldsett 320mm 210mm 50mm 326mm 90mm<\/p>\n<p>4-krets UFH-manifoldsett 320 mm 210 mm 50 mm 376 mm 90 mm<\/p>\n<p>5-krets UFH-manifoldsett 320mm 210mm 50mm 426mm 90mm<\/p>\n<p>6-krets UFH-manifoldsett 320 mm 210 mm 50 mm 476 mm 90 mm<\/p>\n<p>7-krets UFH-manifoldsett 320 mm 210 mm 50 mm 526 mm 90 mm<\/p>\n<p>8-krets UFH-manifoldsett 320 mm 210 mm 50 mm 576 mm 90 mm<\/p>\n<p>9-krets UFH-manifoldsett 320mm 210mm 50mm 626mm 90mm<\/p>\n<p>10-krets UFH-manifoldsett 320 mm 210 mm 50 mm 676 mm 90 mm<\/p>\n<p>11-krets UFH-manifoldsett 320 mm 210 mm 50 mm 726 mm 90 mm<\/p>\n<p>12-krets UFH-manifoldsett 320mm 210mm 50mm 776mm 90mm<\/p>\n<p>&nbsp;<\/p>\n<p><strong>Gulvvarme:<\/strong><\/p>\n<p>The Underfloor Heating Site er en av Storbritannias ledende gulvvarmeleverand\u00f8rer st\u00f8ttet av industriledende leverand\u00f8rer med mange \u00e5rs kunnskap innen gulvvarmeindustrien. Vi er dedikert til \u00e5 levere gulvvarmeprodukter av beste kvalitet til rimelige priser, og dette st\u00f8ttes av f\u00f8rsteklasses kundeservice og r\u00e5d. Enten du bare skal flislegge et lite bad eller lete etter et komplett oppvarmingssystem til hjemmet, er vi sikre p\u00e5 at vi har det rette systemet for deg.<\/p>\n<p>V\u00e5rt utvalg inkluderer vann gulvvarmesett eller bare gulvvarmemanifolden, gulvvarmer\u00f8r, oppvarmet gulvmatte, gratis kabel, isolasjon, speilavfukterputer, pluss mange produkter.<\/p>\n<p>&nbsp;<\/p>\n","protected":false},"excerpt":{"rendered":"<p>Gulvvarmemanifold med pumpepakke og ventiler \u2013 Grundfos A-klassifisert pumpe \u201312 porter Hva er inkludert i pumpe- og manifoldpakkene v\u00e5re? Gulvvarmemanifolder leveres med: &laquo;EN&raquo; Vurdert ibo pumpepakke. Artikler inkludert: 1 x forh\u00e5ndsmontert manifold med str\u00f8mningsm\u00e5lere 1 x endeventil 1 x trykkm\u00e5ler 2 x kuleventiler 2 x temperaturm\u00e5ler (montert p\u00e5 kuleventiler) 1 x boks Eurocones fitting 16\/17&hellip;<\/p>\n","protected":false},"featured_media":3080,"comment_status":"open","ping_status":"closed","template":"","meta":[],"product_cat":[803],"product_tag":[],"class_list":{"0":"post-14672","1":"product","2":"type-product","3":"status-publish","4":"has-post-thumbnail","6":"product_cat-fordelere-for-gulvvarme","8":"first","9":"instock","10":"taxable","11":"shipping-taxable","12":"purchasable","13":"product-type-simple","14":"col-xs-6 col-sm-4","15":"col-md-4 col-lg-4","16":"un-3-cols"},"acf":[],"yoast_head":"<!-- This site is optimized with the Yoast SEO plugin v21.2 - https:\/\/yoast.com\/wordpress\/plugins\/seo\/ -->\n<title>Gulvvarmemanifold med pumpepakke og ventiler \u2013 ibo amg \u2013 12 kretser<\/title>\n<meta name=\"description\" content=\"Order Gulvvarmemanifold med pumpepakke og ventiler \u2013 ibo amg \u2013 12 kretser at a best price.\" \/>\n<meta name=\"robots\" content=\"index, follow, max-snippet:-1, max-image-preview:large, max-video-preview:-1\" \/>\n<link rel=\"canonical\" href=\"https:\/\/fluterm.eu\/no\/prod\/gulvvarmemanifold-med-pumpepakke-og-ventiler-ibo-amg-12-kretser\/\" \/>\n<meta property=\"og:locale\" content=\"nb_NO\" \/>\n<meta property=\"og:type\" content=\"article\" \/>\n<meta property=\"og:title\" content=\"Gulvvarmemanifold med pumpepakke og ventiler \u2013 ibo amg \u2013 12 kretser\" \/>\n<meta property=\"og:description\" content=\"Order Gulvvarmemanifold med pumpepakke og ventiler \u2013 ibo amg \u2013 12 kretser at a best price.\" \/>\n<meta property=\"og:url\" content=\"https:\/\/fluterm.eu\/no\/prod\/gulvvarmemanifold-med-pumpepakke-og-ventiler-ibo-amg-12-kretser\/\" \/>\n<meta property=\"og:site_name\" content=\"fluterm.eu\" \/>\n<meta property=\"og:image\" content=\"https:\/\/fluterm.eu\/wp-content\/uploads\/2023\/06\/PROD-85.jpeg\" \/>\n\t<meta property=\"og:image:width\" content=\"2000\" \/>\n\t<meta property=\"og:image:height\" content=\"2000\" \/>\n\t<meta property=\"og:image:type\" content=\"image\/jpeg\" \/>\n<meta name=\"twitter:card\" content=\"summary_large_image\" \/>\n<meta name=\"twitter:label1\" content=\"Ansl. lesetid\" \/>\n\t<meta name=\"twitter:data1\" content=\"2 minutter\" \/>\n<script type=\"application\/ld+json\" class=\"yoast-schema-graph\">{\"@context\":\"https:\/\/schema.org\",\"@graph\":[{\"@type\":\"WebPage\",\"@id\":\"https:\/\/fluterm.eu\/no\/prod\/gulvvarmemanifold-med-pumpepakke-og-ventiler-ibo-amg-12-kretser\/\",\"url\":\"https:\/\/fluterm.eu\/no\/prod\/gulvvarmemanifold-med-pumpepakke-og-ventiler-ibo-amg-12-kretser\/\",\"name\":\"Gulvvarmemanifold med pumpepakke og ventiler \u2013 ibo amg \u2013 12 kretser\",\"isPartOf\":{\"@id\":\"https:\/\/fluterm.eu\/#website\"},\"datePublished\":\"2023-06-10T11:51:05+00:00\",\"dateModified\":\"2023-06-10T11:51:05+00:00\",\"description\":\"Order Gulvvarmemanifold med pumpepakke og ventiler \u2013 ibo amg \u2013 12 kretser at a best price.\",\"breadcrumb\":{\"@id\":\"https:\/\/fluterm.eu\/no\/prod\/gulvvarmemanifold-med-pumpepakke-og-ventiler-ibo-amg-12-kretser\/#breadcrumb\"},\"inLanguage\":\"nb-NO\",\"potentialAction\":[{\"@type\":\"ReadAction\",\"target\":[\"https:\/\/fluterm.eu\/no\/prod\/gulvvarmemanifold-med-pumpepakke-og-ventiler-ibo-amg-12-kretser\/\"]}]},{\"@type\":\"BreadcrumbList\",\"@id\":\"https:\/\/fluterm.eu\/no\/prod\/gulvvarmemanifold-med-pumpepakke-og-ventiler-ibo-amg-12-kretser\/#breadcrumb\",\"itemListElement\":[{\"@type\":\"ListItem\",\"position\":1,\"name\":\"Home\",\"item\":\"https:\/\/fluterm.eu\/no\/butikk\/\"},{\"@type\":\"ListItem\",\"position\":2,\"name\":\"Butikk\",\"item\":\"https:\/\/fluterm.eu\/no\/butikk\/\"},{\"@type\":\"ListItem\",\"position\":3,\"name\":\"Gulvvarmemanifold med pumpepakke og ventiler \u2013 ibo amg \u2013 12 kretser\"}]},{\"@type\":\"WebSite\",\"@id\":\"https:\/\/fluterm.eu\/#website\",\"url\":\"https:\/\/fluterm.eu\/\",\"name\":\"fluterm.eu\",\"description\":\"\",\"potentialAction\":[{\"@type\":\"SearchAction\",\"target\":{\"@type\":\"EntryPoint\",\"urlTemplate\":\"https:\/\/fluterm.eu\/?s={search_term_string}\"},\"query-input\":\"required name=search_term_string\"}],\"inLanguage\":\"nb-NO\"}]}<\/script>\n<!-- \/ Yoast SEO plugin. -->","yoast_head_json":{"title":"Gulvvarmemanifold med pumpepakke og ventiler \u2013 ibo amg \u2013 12 kretser","description":"Order Gulvvarmemanifold med pumpepakke og ventiler \u2013 ibo amg \u2013 12 kretser at a best price.","robots":{"index":"index","follow":"follow","max-snippet":"max-snippet:-1","max-image-preview":"max-image-preview:large","max-video-preview":"max-video-preview:-1"},"canonical":"https:\/\/fluterm.eu\/no\/prod\/gulvvarmemanifold-med-pumpepakke-og-ventiler-ibo-amg-12-kretser\/","og_locale":"nb_NO","og_type":"article","og_title":"Gulvvarmemanifold med pumpepakke og ventiler \u2013 ibo amg \u2013 12 kretser","og_description":"Order Gulvvarmemanifold med pumpepakke og ventiler \u2013 ibo amg \u2013 12 kretser at a best price.","og_url":"https:\/\/fluterm.eu\/no\/prod\/gulvvarmemanifold-med-pumpepakke-og-ventiler-ibo-amg-12-kretser\/","og_site_name":"fluterm.eu","og_image":[{"width":2000,"height":2000,"url":"https:\/\/fluterm.eu\/wp-content\/uploads\/2023\/06\/PROD-85.jpeg","type":"image\/jpeg"}],"twitter_card":"summary_large_image","twitter_misc":{"Ansl. lesetid":"2 minutter"},"schema":{"@context":"https:\/\/schema.org","@graph":[{"@type":"WebPage","@id":"https:\/\/fluterm.eu\/no\/prod\/gulvvarmemanifold-med-pumpepakke-og-ventiler-ibo-amg-12-kretser\/","url":"https:\/\/fluterm.eu\/no\/prod\/gulvvarmemanifold-med-pumpepakke-og-ventiler-ibo-amg-12-kretser\/","name":"Gulvvarmemanifold med pumpepakke og ventiler \u2013 ibo amg \u2013 12 kretser","isPartOf":{"@id":"https:\/\/fluterm.eu\/#website"},"datePublished":"2023-06-10T11:51:05+00:00","dateModified":"2023-06-10T11:51:05+00:00","description":"Order Gulvvarmemanifold med pumpepakke og ventiler \u2013 ibo amg \u2013 12 kretser at a best price.","breadcrumb":{"@id":"https:\/\/fluterm.eu\/no\/prod\/gulvvarmemanifold-med-pumpepakke-og-ventiler-ibo-amg-12-kretser\/#breadcrumb"},"inLanguage":"nb-NO","potentialAction":[{"@type":"ReadAction","target":["https:\/\/fluterm.eu\/no\/prod\/gulvvarmemanifold-med-pumpepakke-og-ventiler-ibo-amg-12-kretser\/"]}]},{"@type":"BreadcrumbList","@id":"https:\/\/fluterm.eu\/no\/prod\/gulvvarmemanifold-med-pumpepakke-og-ventiler-ibo-amg-12-kretser\/#breadcrumb","itemListElement":[{"@type":"ListItem","position":1,"name":"Home","item":"https:\/\/fluterm.eu\/no\/butikk\/"},{"@type":"ListItem","position":2,"name":"Butikk","item":"https:\/\/fluterm.eu\/no\/butikk\/"},{"@type":"ListItem","position":3,"name":"Gulvvarmemanifold med pumpepakke og ventiler \u2013 ibo amg \u2013 12 kretser"}]},{"@type":"WebSite","@id":"https:\/\/fluterm.eu\/#website","url":"https:\/\/fluterm.eu\/","name":"fluterm.eu","description":"","potentialAction":[{"@type":"SearchAction","target":{"@type":"EntryPoint","urlTemplate":"https:\/\/fluterm.eu\/?s={search_term_string}"},"query-input":"required name=search_term_string"}],"inLanguage":"nb-NO"}]}},"_links":{"self":[{"href":"https:\/\/fluterm.eu\/no\/wp-json\/wp\/v2\/product\/14672","targetHints":{"allow":["GET"]}}],"collection":[{"href":"https:\/\/fluterm.eu\/no\/wp-json\/wp\/v2\/product"}],"about":[{"href":"https:\/\/fluterm.eu\/no\/wp-json\/wp\/v2\/types\/product"}],"replies":[{"embeddable":true,"href":"https:\/\/fluterm.eu\/no\/wp-json\/wp\/v2\/comments?post=14672"}],"version-history":[{"count":0,"href":"https:\/\/fluterm.eu\/no\/wp-json\/wp\/v2\/product\/14672\/revisions"}],"wp:featuredmedia":[{"embeddable":true,"href":"https:\/\/fluterm.eu\/no\/wp-json\/wp\/v2\/media\/3080"}],"wp:attachment":[{"href":"https:\/\/fluterm.eu\/no\/wp-json\/wp\/v2\/media?parent=14672"}],"wp:term":[{"taxonomy":"product_cat","embeddable":true,"href":"https:\/\/fluterm.eu\/no\/wp-json\/wp\/v2\/product_cat?post=14672"},{"taxonomy":"product_tag","embeddable":true,"href":"https:\/\/fluterm.eu\/no\/wp-json\/wp\/v2\/product_tag?post=14672"}],"curies":[{"name":"wp","href":"https:\/\/api.w.org\/{rel}","templated":true}]}}