{"id":15099,"date":"2023-07-17T20:33:34","date_gmt":"2023-07-17T17:33:34","guid":{"rendered":"https:\/\/fluterm.eu\/prod\/uponor-smatrix-pulse-digital-termostat\/"},"modified":"2023-07-17T20:33:34","modified_gmt":"2023-07-17T17:33:34","slug":"uponor-matrise-puls-digital-termostat-2","status":"publish","type":"product","link":"https:\/\/fluterm.eu\/no\/prod\/uponor-matrise-puls-digital-termostat-2\/","title":{"rendered":"Uponor Smatrix Pulse digital termostat"},"content":{"rendered":"<h1 class=\"StyledTitle-sc-8c9c6r jUevoN\">Smatrix Pulse digitale termostater<\/h1>\n<div class=\"StyledDescription-sc-bq5nix hfyfVf\">\n<div class=\"StyledRichText-sc-1dnstbl bmohoz\">\n<p>Smatrix Pulse gir presis tr\u00e5dl\u00f8s styring av gulvvarmestr\u00e5ler samt varme- og kj\u00f8lesystemer med tvungen luft i \u00e9n l\u00f8sning som kobles til en smarthusassistent og som ogs\u00e5 kan fjernstyres via Smatrix Pulse-appen.<\/p>\n<p>Smatrix Pulse Digital Thermostat (T-169) er en operativ temperatursensor som gir n\u00f8yaktig m\u00e5ling av termisk komfort. Termostaten viser gjeldende romtemperatur, innstilt temperatur eller relativ fuktighet p\u00e5 skjermen. Brukeren justerer temperaturinnstillingene via knappene p\u00e5 siden av termostaten. Termostaten kobles via tr\u00e5dl\u00f8s teknologi til Smatrix Pulse Controller (X-265), som kan koble til opptil seks (6) termostater og \u00e5tte (8) aktuatorer. Regulatoren betjener aktuatorene, som igjen p\u00e5virker str\u00f8mmen av tilf\u00f8rselsvannet for \u00e5 endre innetemperaturen ved hjelp av informasjon som overf\u00f8res fra de registrerte termostatene og systemparametrene.<\/p>\n<\/div>\n<\/div>\n","protected":false},"excerpt":{"rendered":"<p>Smatrix Pulse digitale termostater Smatrix Pulse gir presis tr\u00e5dl\u00f8s styring av gulvvarmestr\u00e5ler samt varme- og kj\u00f8lesystemer med tvungen luft i \u00e9n l\u00f8sning som kobles til en smarthusassistent og som ogs\u00e5 kan fjernstyres via Smatrix Pulse-appen. Smatrix Pulse Digital Thermostat (T-169) er en operativ temperatursensor som gir n\u00f8yaktig m\u00e5ling av termisk komfort. Termostaten viser gjeldende romtemperatur,&hellip;<\/p>\n","protected":false},"featured_media":4193,"comment_status":"open","ping_status":"closed","template":"","meta":[],"product_cat":[970],"product_tag":[],"class_list":{"0":"post-15099","1":"product","2":"type-product","3":"status-publish","4":"has-post-thumbnail","6":"product_cat-gulvvarmeautomatisering","8":"first","9":"instock","10":"taxable","11":"shipping-taxable","12":"purchasable","13":"product-type-simple","14":"col-xs-6 col-sm-4","15":"col-md-4 col-lg-4","16":"un-3-cols"},"acf":[],"yoast_head":"<!-- This site is optimized with the Yoast SEO plugin v21.2 - https:\/\/yoast.com\/wordpress\/plugins\/seo\/ -->\n<title>Uponor Smatrix Pulse digital termostat<\/title>\n<meta name=\"description\" content=\"Order Uponor Smatrix Pulse digital termostat at a best price.\" \/>\n<meta name=\"robots\" content=\"index, follow, max-snippet:-1, max-image-preview:large, max-video-preview:-1\" \/>\n<link rel=\"canonical\" href=\"https:\/\/fluterm.eu\/no\/prod\/uponor-smatrix-pulse-digital-termostat\/\" \/>\n<meta property=\"og:locale\" content=\"nb_NO\" \/>\n<meta property=\"og:type\" content=\"article\" \/>\n<meta property=\"og:title\" content=\"Uponor Smatrix Pulse digital termostat\" \/>\n<meta property=\"og:description\" content=\"Order Uponor Smatrix Pulse digital termostat at a best price.\" \/>\n<meta property=\"og:url\" content=\"https:\/\/fluterm.eu\/no\/prod\/uponor-smatrix-pulse-digital-termostat\/\" \/>\n<meta property=\"og:site_name\" content=\"fluterm.eu\" \/>\n<meta property=\"og:image\" content=\"https:\/\/fluterm.eu\/wp-content\/uploads\/2023\/07\/D9A9874D-9B81-41BC-8B90-1272ECCE4CE9.jpeg\" \/>\n\t<meta property=\"og:image:width\" content=\"432\" \/>\n\t<meta property=\"og:image:height\" content=\"432\" \/>\n\t<meta property=\"og:image:type\" content=\"image\/jpeg\" \/>\n<meta name=\"twitter:card\" content=\"summary_large_image\" \/>\n<meta name=\"twitter:label1\" content=\"Ansl. lesetid\" \/>\n\t<meta name=\"twitter:data1\" content=\"1 minutt\" \/>\n<script type=\"application\/ld+json\" class=\"yoast-schema-graph\">{\"@context\":\"https:\/\/schema.org\",\"@graph\":[{\"@type\":\"WebPage\",\"@id\":\"https:\/\/fluterm.eu\/no\/prod\/uponor-smatrix-pulse-digital-termostat\/\",\"url\":\"https:\/\/fluterm.eu\/no\/prod\/uponor-smatrix-pulse-digital-termostat\/\",\"name\":\"Uponor Smatrix Pulse digital termostat\",\"isPartOf\":{\"@id\":\"https:\/\/fluterm.eu\/#website\"},\"datePublished\":\"2023-07-17T17:33:34+00:00\",\"dateModified\":\"2023-07-17T17:33:34+00:00\",\"description\":\"Order Uponor Smatrix Pulse digital termostat at a best price.\",\"breadcrumb\":{\"@id\":\"https:\/\/fluterm.eu\/no\/prod\/uponor-smatrix-pulse-digital-termostat\/#breadcrumb\"},\"inLanguage\":\"nb-NO\",\"potentialAction\":[{\"@type\":\"ReadAction\",\"target\":[\"https:\/\/fluterm.eu\/no\/prod\/uponor-smatrix-pulse-digital-termostat\/\"]}]},{\"@type\":\"BreadcrumbList\",\"@id\":\"https:\/\/fluterm.eu\/no\/prod\/uponor-smatrix-pulse-digital-termostat\/#breadcrumb\",\"itemListElement\":[{\"@type\":\"ListItem\",\"position\":1,\"name\":\"Home\",\"item\":\"https:\/\/fluterm.eu\/no\/butikk\/\"},{\"@type\":\"ListItem\",\"position\":2,\"name\":\"Butikk\",\"item\":\"https:\/\/fluterm.eu\/no\/butikk\/\"},{\"@type\":\"ListItem\",\"position\":3,\"name\":\"Uponor Smatrix Pulse digital termostat\"}]},{\"@type\":\"WebSite\",\"@id\":\"https:\/\/fluterm.eu\/#website\",\"url\":\"https:\/\/fluterm.eu\/\",\"name\":\"fluterm.eu\",\"description\":\"\",\"potentialAction\":[{\"@type\":\"SearchAction\",\"target\":{\"@type\":\"EntryPoint\",\"urlTemplate\":\"https:\/\/fluterm.eu\/?s={search_term_string}\"},\"query-input\":\"required name=search_term_string\"}],\"inLanguage\":\"nb-NO\"}]}<\/script>\n<!-- \/ Yoast SEO plugin. -->","yoast_head_json":{"title":"Uponor Smatrix Pulse digital termostat","description":"Order Uponor Smatrix Pulse digital termostat at a best price.","robots":{"index":"index","follow":"follow","max-snippet":"max-snippet:-1","max-image-preview":"max-image-preview:large","max-video-preview":"max-video-preview:-1"},"canonical":"https:\/\/fluterm.eu\/no\/prod\/uponor-smatrix-pulse-digital-termostat\/","og_locale":"nb_NO","og_type":"article","og_title":"Uponor Smatrix Pulse digital termostat","og_description":"Order Uponor Smatrix Pulse digital termostat at a best price.","og_url":"https:\/\/fluterm.eu\/no\/prod\/uponor-smatrix-pulse-digital-termostat\/","og_site_name":"fluterm.eu","og_image":[{"width":432,"height":432,"url":"https:\/\/fluterm.eu\/wp-content\/uploads\/2023\/07\/D9A9874D-9B81-41BC-8B90-1272ECCE4CE9.jpeg","type":"image\/jpeg"}],"twitter_card":"summary_large_image","twitter_misc":{"Ansl. lesetid":"1 minutt"},"schema":{"@context":"https:\/\/schema.org","@graph":[{"@type":"WebPage","@id":"https:\/\/fluterm.eu\/no\/prod\/uponor-smatrix-pulse-digital-termostat\/","url":"https:\/\/fluterm.eu\/no\/prod\/uponor-smatrix-pulse-digital-termostat\/","name":"Uponor Smatrix Pulse digital termostat","isPartOf":{"@id":"https:\/\/fluterm.eu\/#website"},"datePublished":"2023-07-17T17:33:34+00:00","dateModified":"2023-07-17T17:33:34+00:00","description":"Order Uponor Smatrix Pulse digital termostat at a best price.","breadcrumb":{"@id":"https:\/\/fluterm.eu\/no\/prod\/uponor-smatrix-pulse-digital-termostat\/#breadcrumb"},"inLanguage":"nb-NO","potentialAction":[{"@type":"ReadAction","target":["https:\/\/fluterm.eu\/no\/prod\/uponor-smatrix-pulse-digital-termostat\/"]}]},{"@type":"BreadcrumbList","@id":"https:\/\/fluterm.eu\/no\/prod\/uponor-smatrix-pulse-digital-termostat\/#breadcrumb","itemListElement":[{"@type":"ListItem","position":1,"name":"Home","item":"https:\/\/fluterm.eu\/no\/butikk\/"},{"@type":"ListItem","position":2,"name":"Butikk","item":"https:\/\/fluterm.eu\/no\/butikk\/"},{"@type":"ListItem","position":3,"name":"Uponor Smatrix Pulse digital termostat"}]},{"@type":"WebSite","@id":"https:\/\/fluterm.eu\/#website","url":"https:\/\/fluterm.eu\/","name":"fluterm.eu","description":"","potentialAction":[{"@type":"SearchAction","target":{"@type":"EntryPoint","urlTemplate":"https:\/\/fluterm.eu\/?s={search_term_string}"},"query-input":"required name=search_term_string"}],"inLanguage":"nb-NO"}]}},"_links":{"self":[{"href":"https:\/\/fluterm.eu\/no\/wp-json\/wp\/v2\/product\/15099","targetHints":{"allow":["GET"]}}],"collection":[{"href":"https:\/\/fluterm.eu\/no\/wp-json\/wp\/v2\/product"}],"about":[{"href":"https:\/\/fluterm.eu\/no\/wp-json\/wp\/v2\/types\/product"}],"replies":[{"embeddable":true,"href":"https:\/\/fluterm.eu\/no\/wp-json\/wp\/v2\/comments?post=15099"}],"version-history":[{"count":0,"href":"https:\/\/fluterm.eu\/no\/wp-json\/wp\/v2\/product\/15099\/revisions"}],"wp:featuredmedia":[{"embeddable":true,"href":"https:\/\/fluterm.eu\/no\/wp-json\/wp\/v2\/media\/4193"}],"wp:attachment":[{"href":"https:\/\/fluterm.eu\/no\/wp-json\/wp\/v2\/media?parent=15099"}],"wp:term":[{"taxonomy":"product_cat","embeddable":true,"href":"https:\/\/fluterm.eu\/no\/wp-json\/wp\/v2\/product_cat?post=15099"},{"taxonomy":"product_tag","embeddable":true,"href":"https:\/\/fluterm.eu\/no\/wp-json\/wp\/v2\/product_tag?post=15099"}],"curies":[{"name":"wp","href":"https:\/\/api.w.org\/{rel}","templated":true}]}}