{"id":15153,"date":"2023-07-17T20:54:27","date_gmt":"2023-07-17T17:54:27","guid":{"rendered":"https:\/\/fluterm.eu\/prod\/uponor-pakke-90m2-komplett-gulvvarme\/"},"modified":"2023-07-17T20:54:27","modified_gmt":"2023-07-17T17:54:27","slug":"uponor-pakke-90m2-komplett-gulvvarme","status":"publish","type":"product","link":"https:\/\/fluterm.eu\/no\/prod\/uponor-pakke-90m2-komplett-gulvvarme\/","title":{"rendered":"UPONOR Pakke 90m2 Komplett gulvvarme"},"content":{"rendered":"<p>Denne gulvvarmepakken er den ideelle l\u00f8sningen for \u00e5 varme opp ethvert hus med et areal p\u00e5 90m2. Pakken leveres komplett, med alt n\u00f8dvendig for \u00e5 enkelt installeres av enhver installat\u00f8r.<\/p>\n<p>Pakken best\u00e5r av f\u00f8lgende produkter:<\/p>\n<p>640m \u00d7 Oksygensperrer\u00f8r per-xA DN 16\u00d72 uponor<\/p>\n<p>100m2 \u00d7 Folie<\/p>\n<p>1 \u00d7 1&#8243; x 3\/4&#8243; EK 9-veis UPONOR retur\/retur fordelersett med str\u00f8mningsm\u00e5lere<\/p>\n<p>1 \u00d7 distribut\u00f8rst\u00f8ttesett 1<\/p>\n<p>3 x omgivelsestermostat p\u00e5 eller matrise<\/p>\n<p>1 x kontroll uponor<\/p>\n<p>9 x servomotor uponor<\/p>\n<p>18 \u00d7 Kontakt for pex 16\u00d73\/4 EK<\/p>\n<p>2 \u00d7 Fordelerendeelement med t\u00f8mmeventil og automatisk lufteventil<\/p>\n<p>1 \u00d7 Justerbar fordelerboks<\/p>\n<p>2\u00d7 OMFANGSTRIPE 25m<\/p>\n<p>16\u00d7 Ledende kurver 16-18<\/p>\n<p>2000 stk Taker klemme<\/p>\n","protected":false},"excerpt":{"rendered":"<p>Denne gulvvarmepakken er den ideelle l\u00f8sningen for \u00e5 varme opp ethvert hus med et areal p\u00e5 90m2. Pakken leveres komplett, med alt n\u00f8dvendig for \u00e5 enkelt installeres av enhver installat\u00f8r. Pakken best\u00e5r av f\u00f8lgende produkter: 640m \u00d7 Oksygensperrer\u00f8r per-xA DN 16\u00d72 uponor 100m2 \u00d7 Folie 1 \u00d7 1&#8243; x 3\/4&#8243; EK 9-veis UPONOR retur\/retur fordelersett&hellip;<\/p>\n","protected":false},"featured_media":4130,"comment_status":"open","ping_status":"closed","template":"","meta":[],"product_cat":[886],"product_tag":[],"class_list":{"0":"post-15153","1":"product","2":"type-product","3":"status-publish","4":"has-post-thumbnail","6":"product_cat-komplette-gulvvarmepakker","8":"first","9":"instock","10":"taxable","11":"shipping-taxable","12":"purchasable","13":"product-type-simple","14":"col-xs-6 col-sm-4","15":"col-md-4 col-lg-4","16":"un-3-cols"},"acf":[],"yoast_head":"<!-- This site is optimized with the Yoast SEO plugin v21.2 - https:\/\/yoast.com\/wordpress\/plugins\/seo\/ -->\n<title>UPONOR Pakke 90m2 Komplett gulvvarme<\/title>\n<meta name=\"description\" content=\"Order UPONOR Pakke 90m2 Komplett gulvvarme at a best price.\" \/>\n<meta name=\"robots\" content=\"index, follow, max-snippet:-1, max-image-preview:large, max-video-preview:-1\" \/>\n<link rel=\"canonical\" href=\"https:\/\/fluterm.eu\/no\/prod\/uponor-pakke-90m2-komplett-gulvvarme\/\" \/>\n<meta property=\"og:locale\" content=\"nb_NO\" \/>\n<meta property=\"og:type\" content=\"article\" \/>\n<meta property=\"og:title\" content=\"UPONOR Pakke 90m2 Komplett gulvvarme\" \/>\n<meta property=\"og:description\" content=\"Order UPONOR Pakke 90m2 Komplett gulvvarme at a best price.\" \/>\n<meta property=\"og:url\" content=\"https:\/\/fluterm.eu\/no\/prod\/uponor-pakke-90m2-komplett-gulvvarme\/\" \/>\n<meta property=\"og:site_name\" content=\"fluterm.eu\" \/>\n<meta property=\"og:image\" content=\"https:\/\/fluterm.eu\/wp-content\/uploads\/2023\/07\/5901D08D-73C0-47DD-904D-0D339658FBA6.jpeg\" \/>\n\t<meta property=\"og:image:width\" content=\"2048\" \/>\n\t<meta property=\"og:image:height\" content=\"2048\" \/>\n\t<meta property=\"og:image:type\" content=\"image\/jpeg\" \/>\n<meta name=\"twitter:card\" content=\"summary_large_image\" \/>\n<script type=\"application\/ld+json\" class=\"yoast-schema-graph\">{\"@context\":\"https:\/\/schema.org\",\"@graph\":[{\"@type\":\"WebPage\",\"@id\":\"https:\/\/fluterm.eu\/no\/prod\/uponor-pakke-90m2-komplett-gulvvarme\/\",\"url\":\"https:\/\/fluterm.eu\/no\/prod\/uponor-pakke-90m2-komplett-gulvvarme\/\",\"name\":\"UPONOR Pakke 90m2 Komplett gulvvarme\",\"isPartOf\":{\"@id\":\"https:\/\/fluterm.eu\/#website\"},\"datePublished\":\"2023-07-17T17:54:27+00:00\",\"dateModified\":\"2023-07-17T17:54:27+00:00\",\"description\":\"Order UPONOR Pakke 90m2 Komplett gulvvarme at a best price.\",\"breadcrumb\":{\"@id\":\"https:\/\/fluterm.eu\/no\/prod\/uponor-pakke-90m2-komplett-gulvvarme\/#breadcrumb\"},\"inLanguage\":\"nb-NO\",\"potentialAction\":[{\"@type\":\"ReadAction\",\"target\":[\"https:\/\/fluterm.eu\/no\/prod\/uponor-pakke-90m2-komplett-gulvvarme\/\"]}]},{\"@type\":\"BreadcrumbList\",\"@id\":\"https:\/\/fluterm.eu\/no\/prod\/uponor-pakke-90m2-komplett-gulvvarme\/#breadcrumb\",\"itemListElement\":[{\"@type\":\"ListItem\",\"position\":1,\"name\":\"Home\",\"item\":\"https:\/\/fluterm.eu\/no\/butikk\/\"},{\"@type\":\"ListItem\",\"position\":2,\"name\":\"Butikk\",\"item\":\"https:\/\/fluterm.eu\/no\/butikk\/\"},{\"@type\":\"ListItem\",\"position\":3,\"name\":\"UPONOR Pakke 90m2 Komplett gulvvarme\"}]},{\"@type\":\"WebSite\",\"@id\":\"https:\/\/fluterm.eu\/#website\",\"url\":\"https:\/\/fluterm.eu\/\",\"name\":\"fluterm.eu\",\"description\":\"\",\"potentialAction\":[{\"@type\":\"SearchAction\",\"target\":{\"@type\":\"EntryPoint\",\"urlTemplate\":\"https:\/\/fluterm.eu\/?s={search_term_string}\"},\"query-input\":\"required name=search_term_string\"}],\"inLanguage\":\"nb-NO\"}]}<\/script>\n<!-- \/ Yoast SEO plugin. -->","yoast_head_json":{"title":"UPONOR Pakke 90m2 Komplett gulvvarme","description":"Order UPONOR Pakke 90m2 Komplett gulvvarme at a best price.","robots":{"index":"index","follow":"follow","max-snippet":"max-snippet:-1","max-image-preview":"max-image-preview:large","max-video-preview":"max-video-preview:-1"},"canonical":"https:\/\/fluterm.eu\/no\/prod\/uponor-pakke-90m2-komplett-gulvvarme\/","og_locale":"nb_NO","og_type":"article","og_title":"UPONOR Pakke 90m2 Komplett gulvvarme","og_description":"Order UPONOR Pakke 90m2 Komplett gulvvarme at a best price.","og_url":"https:\/\/fluterm.eu\/no\/prod\/uponor-pakke-90m2-komplett-gulvvarme\/","og_site_name":"fluterm.eu","og_image":[{"width":2048,"height":2048,"url":"https:\/\/fluterm.eu\/wp-content\/uploads\/2023\/07\/5901D08D-73C0-47DD-904D-0D339658FBA6.jpeg","type":"image\/jpeg"}],"twitter_card":"summary_large_image","schema":{"@context":"https:\/\/schema.org","@graph":[{"@type":"WebPage","@id":"https:\/\/fluterm.eu\/no\/prod\/uponor-pakke-90m2-komplett-gulvvarme\/","url":"https:\/\/fluterm.eu\/no\/prod\/uponor-pakke-90m2-komplett-gulvvarme\/","name":"UPONOR Pakke 90m2 Komplett gulvvarme","isPartOf":{"@id":"https:\/\/fluterm.eu\/#website"},"datePublished":"2023-07-17T17:54:27+00:00","dateModified":"2023-07-17T17:54:27+00:00","description":"Order UPONOR Pakke 90m2 Komplett gulvvarme at a best price.","breadcrumb":{"@id":"https:\/\/fluterm.eu\/no\/prod\/uponor-pakke-90m2-komplett-gulvvarme\/#breadcrumb"},"inLanguage":"nb-NO","potentialAction":[{"@type":"ReadAction","target":["https:\/\/fluterm.eu\/no\/prod\/uponor-pakke-90m2-komplett-gulvvarme\/"]}]},{"@type":"BreadcrumbList","@id":"https:\/\/fluterm.eu\/no\/prod\/uponor-pakke-90m2-komplett-gulvvarme\/#breadcrumb","itemListElement":[{"@type":"ListItem","position":1,"name":"Home","item":"https:\/\/fluterm.eu\/no\/butikk\/"},{"@type":"ListItem","position":2,"name":"Butikk","item":"https:\/\/fluterm.eu\/no\/butikk\/"},{"@type":"ListItem","position":3,"name":"UPONOR Pakke 90m2 Komplett gulvvarme"}]},{"@type":"WebSite","@id":"https:\/\/fluterm.eu\/#website","url":"https:\/\/fluterm.eu\/","name":"fluterm.eu","description":"","potentialAction":[{"@type":"SearchAction","target":{"@type":"EntryPoint","urlTemplate":"https:\/\/fluterm.eu\/?s={search_term_string}"},"query-input":"required name=search_term_string"}],"inLanguage":"nb-NO"}]}},"_links":{"self":[{"href":"https:\/\/fluterm.eu\/no\/wp-json\/wp\/v2\/product\/15153","targetHints":{"allow":["GET"]}}],"collection":[{"href":"https:\/\/fluterm.eu\/no\/wp-json\/wp\/v2\/product"}],"about":[{"href":"https:\/\/fluterm.eu\/no\/wp-json\/wp\/v2\/types\/product"}],"replies":[{"embeddable":true,"href":"https:\/\/fluterm.eu\/no\/wp-json\/wp\/v2\/comments?post=15153"}],"version-history":[{"count":0,"href":"https:\/\/fluterm.eu\/no\/wp-json\/wp\/v2\/product\/15153\/revisions"}],"wp:featuredmedia":[{"embeddable":true,"href":"https:\/\/fluterm.eu\/no\/wp-json\/wp\/v2\/media\/4130"}],"wp:attachment":[{"href":"https:\/\/fluterm.eu\/no\/wp-json\/wp\/v2\/media?parent=15153"}],"wp:term":[{"taxonomy":"product_cat","embeddable":true,"href":"https:\/\/fluterm.eu\/no\/wp-json\/wp\/v2\/product_cat?post=15153"},{"taxonomy":"product_tag","embeddable":true,"href":"https:\/\/fluterm.eu\/no\/wp-json\/wp\/v2\/product_tag?post=15153"}],"curies":[{"name":"wp","href":"https:\/\/api.w.org\/{rel}","templated":true}]}}