{"id":15267,"date":"2023-07-12T21:24:42","date_gmt":"2023-07-12T18:24:42","guid":{"rendered":"https:\/\/fluterm.eu\/prod\/varmepumpe-hidrotank-luft-vann-mitsubishi-electric-zubadan-ecodan-erst20c-vm2dpuhz-shw80vaa-8-kw-kompakt-modell\/"},"modified":"2023-07-12T21:24:42","modified_gmt":"2023-07-12T18:24:42","slug":"varmepumpe-hidrotank-luft-vann-mitsubishi-elektrisk-zubadan-ecodan-erst20c-vm2dpuhz-shw80vaa-8-kw-kompakt-modell","status":"publish","type":"product","link":"https:\/\/fluterm.eu\/no\/prod\/varmepumpe-hidrotank-luft-vann-mitsubishi-elektrisk-zubadan-ecodan-erst20c-vm2dpuhz-shw80vaa-8-kw-kompakt-modell\/","title":{"rendered":"Varmepumpe Hidrotank luft-vann Mitsubishi Electric Zubadan Ecodan ERST20C-VM2D+PUHZ-SHW80VAA 8 kW \u2013 kompakt modell"},"content":{"rendered":"<p><strong>Varmepumpe Hidrotank luft-vann Mitsubishi Electric Zubadan Ecodan ERST20C-VM2D+PUHZ-SHW80VAA 8 kW \u2013 kompakt modell<\/strong><br \/>\n<strong>Enfase str\u00f8mforsyning<\/strong><br \/>\n<strong>Lavt st\u00f8yniv\u00e5 (-10dB sammenlignet med forrige modell)<\/strong><br \/>\n<strong>Nytt og kompakt design<\/strong><br \/>\n<strong>H\u00f8y ytelse takket v\u00e6re den nye kompressoren<\/strong><br \/>\n<strong>Forbedret drenering<\/strong><br \/>\n<strong>Garantert drift ved -28 grader Celsius<\/strong><br \/>\n<strong>100 % varmekapasitet ved -15 grader Celsius<\/strong><br \/>\nHovedtrekkene:<\/p>\n<p>Mitsubishi Zubadan kan tilby 3 funksjoner: oppvarming, kj\u00f8ling og klargj\u00f8ring av varmt vann for forbruk<br \/>\nDelt type modell som ikke gir fare for frysing (krever ekstern enhet + intern enhet)<br \/>\nDrift i varmemodus opp til -25\u00b0C<br \/>\nDen maksimale temperaturen til det termiske middelet er 60\u00b0C<br \/>\nKonstant varmekapasitet opp til -15\u00b0C<br \/>\nMitsubishi Scroll inverter kompressor (R410A) med Flash Injection funksjon for avstander opp til 30m<br \/>\nEnkel \u00e5 installere, liten plass, kompakt konstruksjon<br \/>\nH\u00f8y effektivitet p\u00e5 grunn av komponenter med h\u00f8y ytelse, energiklasse A++.<\/p>\n<p>Varmepumper, fornybare termiske kilder, har 60 % h\u00f8yere energieffektivitet enn tradisjonelle forbrenningssystemer; ikke slipp ut CO2 p\u00e5 installasjonsstedet; bruker fornybar energi fra luften.<br \/>\nVarmepumpen er en elektrisk maskin som er basert p\u00e5 den termodynamiske syklusen til kj\u00f8lev\u00e6sken, og overf\u00f8rer varme fra et milj\u00f8 med lav temperatur til et milj\u00f8 med h\u00f8yere temperatur.<br \/>\nEcodan\u00ae varmepumpesystemer garanterer h\u00f8y energiytelse selv ved lave temperaturer. Alle eksterne enheter er i stand til \u00e5 heve temperaturen per runde opp til 60\u00b0C, for \u00e5 tillate en rask og effektiv akkumulering av varmtvann til husholdningsbruk.<br \/>\nDen h\u00f8ye energieffektiviteten til Ecodan\u00ae varmepumper er mulig p\u00e5 grunn av toppteknologien som finnes i hver komponent i varmepumpen. For eksempel, takket v\u00e6re den eksklusive &laquo;Flash Injection&raquo;-enheten, opprettholder de eksterne enhetene i Zubadan-serien konstant luftstr\u00f8mkapasitet ned til -15\u00b0C.<\/p>\n<p><strong>\u00d8konomiske og \u00f8kologiske toppmoderne varmesystemer<\/strong><br \/>\nEcodan varmepumper fra Mitsubishi Electric er b\u00e5de \u00f8konomiske og milj\u00f8sikre og har et sv\u00e6rt effektivt varmepumpesystem som tar &laquo;varme fra luften&raquo;, en fornybar energikilde. De er utstyrt med avanserte kontrollsystemer som s\u00f8rger for en omhyggelig justering av temperaturen som sikrer en behagelig oppvarming, samtidig som de sparer plass ved \u00e5 bruke &laquo;alt-i-ett&raquo; innend\u00f8rsenheter som er enkle \u00e5 installere. Energisparing, h\u00f8y komfort, enkel installasjon har brakt ecodan varmesystemer til sentrum av varmepumpescenen.<\/p>\n<p>Funksjonaliteten levert av ecodan dekker behovene til oppvarming, tilberedning av varmtvann til husholdningsbruk, samt kj\u00f8ling. Kj\u00f8ling kan gj\u00f8res med viftekonvektorer, str\u00e5lende vegger og tak n\u00e5r det gjelder delte og monoblokkenheter, eller med innend\u00f8rs klimaanlegg n\u00e5r det gjelder hybridsystemer.<\/p>\n<p><strong>Zubadan-serien<\/strong><br \/>\nDen er utstyrt med Flash-injeksjonskretsen utviklet av Mitsubishi Electric, som er sammensatt av en by-pass-krets og en varmeveksler (HIC). Varmeveksleren forvandler det flytende kj\u00f8lemediet, ledet gjennom by-pass-kretsen, til en gass-v\u00e6ske tilstand for \u00e5 redusere belastningen p\u00e5 kompressoren. Denne prosessen sikrer utmerket varmeytelse selv n\u00e5r utetemperaturen faller veldig lavt. I tradisjonelle enheter, n\u00e5r utetemperaturen senkes, reduseres volumet av kj\u00f8lemediet som str\u00f8mmer gjennom kompressoren p\u00e5 grunn av fallet i kj\u00f8lemedietrykket og overopphetingsbeskyttelsen for\u00e5rsaket av h\u00f8y kompresjon, noe som resulterer i en reduksjon i varmekapasiteten. Flash-injeksjonskretsen injiserer kj\u00f8lemiddel for \u00e5 opprettholde sirkulerende kj\u00f8lemedievolum samt kompressorbelastning, og opprettholder dermed varmekapasiteten.<\/p>\n","protected":false},"excerpt":{"rendered":"<p>Varmepumpe Hidrotank luft-vann Mitsubishi Electric Zubadan Ecodan ERST20C-VM2D+PUHZ-SHW80VAA 8 kW \u2013 kompakt modell Enfase str\u00f8mforsyning Lavt st\u00f8yniv\u00e5 (-10dB sammenlignet med forrige modell) Nytt og kompakt design H\u00f8y ytelse takket v\u00e6re den nye kompressoren Forbedret drenering Garantert drift ved -28 grader Celsius 100 % varmekapasitet ved -15 grader Celsius Hovedtrekkene: Mitsubishi Zubadan kan tilby 3 funksjoner:&hellip;<\/p>\n","protected":false},"featured_media":12826,"comment_status":"open","ping_status":"closed","template":"","meta":[],"product_cat":[1008],"product_tag":[],"class_list":{"0":"post-15267","1":"product","2":"type-product","3":"status-publish","4":"has-post-thumbnail","6":"product_cat-varmepumper-no","8":"first","9":"instock","10":"taxable","11":"shipping-taxable","12":"purchasable","13":"product-type-simple","14":"col-xs-6 col-sm-4","15":"col-md-4 col-lg-4","16":"un-3-cols"},"acf":[],"yoast_head":"<!-- This site is optimized with the Yoast SEO plugin v21.2 - https:\/\/yoast.com\/wordpress\/plugins\/seo\/ -->\n<title>Varmepumpe Hidrotank luft-vann Mitsubishi Electric Zubadan Ecodan ERST20C-VM2D+PUHZ-SHW80VAA 8 kW \u2013 kompakt modell<\/title>\n<meta name=\"description\" content=\"Order Varmepumpe Hidrotank luft-vann Mitsubishi Electric Zubadan Ecodan ERST20C-VM2D+PUHZ-SHW80VAA 8 kW \u2013 kompakt modell at a best price.\" \/>\n<meta name=\"robots\" content=\"index, follow, max-snippet:-1, max-image-preview:large, max-video-preview:-1\" \/>\n<link rel=\"canonical\" href=\"https:\/\/fluterm.eu\/no\/prod\/varmepumpe-hidrotank-luft-vann-mitsubishi-electric-zubadan-ecodan-erst20c-vm2dpuhz-shw80vaa-8-kw-kompakt-modell\/\" \/>\n<meta property=\"og:locale\" content=\"nb_NO\" \/>\n<meta property=\"og:type\" content=\"article\" \/>\n<meta property=\"og:title\" content=\"Varmepumpe Hidrotank luft-vann Mitsubishi Electric Zubadan Ecodan ERST20C-VM2D+PUHZ-SHW80VAA 8 kW \u2013 kompakt modell\" \/>\n<meta property=\"og:description\" content=\"Order Varmepumpe Hidrotank luft-vann Mitsubishi Electric Zubadan Ecodan ERST20C-VM2D+PUHZ-SHW80VAA 8 kW \u2013 kompakt modell at a best price.\" \/>\n<meta property=\"og:url\" content=\"https:\/\/fluterm.eu\/no\/prod\/varmepumpe-hidrotank-luft-vann-mitsubishi-electric-zubadan-ecodan-erst20c-vm2dpuhz-shw80vaa-8-kw-kompakt-modell\/\" \/>\n<meta property=\"og:site_name\" content=\"fluterm.eu\" \/>\n<meta name=\"twitter:card\" content=\"summary_large_image\" \/>\n<meta name=\"twitter:label1\" content=\"Ansl. lesetid\" \/>\n\t<meta name=\"twitter:data1\" content=\"3 minutter\" \/>\n<script type=\"application\/ld+json\" class=\"yoast-schema-graph\">{\"@context\":\"https:\/\/schema.org\",\"@graph\":[{\"@type\":\"WebPage\",\"@id\":\"https:\/\/fluterm.eu\/no\/prod\/varmepumpe-hidrotank-luft-vann-mitsubishi-electric-zubadan-ecodan-erst20c-vm2dpuhz-shw80vaa-8-kw-kompakt-modell\/\",\"url\":\"https:\/\/fluterm.eu\/no\/prod\/varmepumpe-hidrotank-luft-vann-mitsubishi-electric-zubadan-ecodan-erst20c-vm2dpuhz-shw80vaa-8-kw-kompakt-modell\/\",\"name\":\"Varmepumpe Hidrotank luft-vann Mitsubishi Electric Zubadan Ecodan ERST20C-VM2D+PUHZ-SHW80VAA 8 kW \u2013 kompakt modell\",\"isPartOf\":{\"@id\":\"https:\/\/fluterm.eu\/#website\"},\"datePublished\":\"2023-07-12T18:24:42+00:00\",\"dateModified\":\"2023-07-12T18:24:42+00:00\",\"description\":\"Order Varmepumpe Hidrotank luft-vann Mitsubishi Electric Zubadan Ecodan ERST20C-VM2D+PUHZ-SHW80VAA 8 kW \u2013 kompakt modell at a best price.\",\"breadcrumb\":{\"@id\":\"https:\/\/fluterm.eu\/no\/prod\/varmepumpe-hidrotank-luft-vann-mitsubishi-electric-zubadan-ecodan-erst20c-vm2dpuhz-shw80vaa-8-kw-kompakt-modell\/#breadcrumb\"},\"inLanguage\":\"nb-NO\",\"potentialAction\":[{\"@type\":\"ReadAction\",\"target\":[\"https:\/\/fluterm.eu\/no\/prod\/varmepumpe-hidrotank-luft-vann-mitsubishi-electric-zubadan-ecodan-erst20c-vm2dpuhz-shw80vaa-8-kw-kompakt-modell\/\"]}]},{\"@type\":\"BreadcrumbList\",\"@id\":\"https:\/\/fluterm.eu\/no\/prod\/varmepumpe-hidrotank-luft-vann-mitsubishi-electric-zubadan-ecodan-erst20c-vm2dpuhz-shw80vaa-8-kw-kompakt-modell\/#breadcrumb\",\"itemListElement\":[{\"@type\":\"ListItem\",\"position\":1,\"name\":\"Home\",\"item\":\"https:\/\/fluterm.eu\/no\/butikk\/\"},{\"@type\":\"ListItem\",\"position\":2,\"name\":\"Butikk\",\"item\":\"https:\/\/fluterm.eu\/no\/butikk\/\"},{\"@type\":\"ListItem\",\"position\":3,\"name\":\"Varmepumpe Hidrotank luft-vann Mitsubishi Electric Zubadan Ecodan ERST20C-VM2D+PUHZ-SHW80VAA 8 kW \u2013 kompakt modell\"}]},{\"@type\":\"WebSite\",\"@id\":\"https:\/\/fluterm.eu\/#website\",\"url\":\"https:\/\/fluterm.eu\/\",\"name\":\"fluterm.eu\",\"description\":\"\",\"potentialAction\":[{\"@type\":\"SearchAction\",\"target\":{\"@type\":\"EntryPoint\",\"urlTemplate\":\"https:\/\/fluterm.eu\/?s={search_term_string}\"},\"query-input\":\"required name=search_term_string\"}],\"inLanguage\":\"nb-NO\"}]}<\/script>\n<!-- \/ Yoast SEO plugin. -->","yoast_head_json":{"title":"Varmepumpe Hidrotank luft-vann Mitsubishi Electric Zubadan Ecodan ERST20C-VM2D+PUHZ-SHW80VAA 8 kW \u2013 kompakt modell","description":"Order Varmepumpe Hidrotank luft-vann Mitsubishi Electric Zubadan Ecodan ERST20C-VM2D+PUHZ-SHW80VAA 8 kW \u2013 kompakt modell at a best price.","robots":{"index":"index","follow":"follow","max-snippet":"max-snippet:-1","max-image-preview":"max-image-preview:large","max-video-preview":"max-video-preview:-1"},"canonical":"https:\/\/fluterm.eu\/no\/prod\/varmepumpe-hidrotank-luft-vann-mitsubishi-electric-zubadan-ecodan-erst20c-vm2dpuhz-shw80vaa-8-kw-kompakt-modell\/","og_locale":"nb_NO","og_type":"article","og_title":"Varmepumpe Hidrotank luft-vann Mitsubishi Electric Zubadan Ecodan ERST20C-VM2D+PUHZ-SHW80VAA 8 kW \u2013 kompakt modell","og_description":"Order Varmepumpe Hidrotank luft-vann Mitsubishi Electric Zubadan Ecodan ERST20C-VM2D+PUHZ-SHW80VAA 8 kW \u2013 kompakt modell at a best price.","og_url":"https:\/\/fluterm.eu\/no\/prod\/varmepumpe-hidrotank-luft-vann-mitsubishi-electric-zubadan-ecodan-erst20c-vm2dpuhz-shw80vaa-8-kw-kompakt-modell\/","og_site_name":"fluterm.eu","twitter_card":"summary_large_image","twitter_misc":{"Ansl. lesetid":"3 minutter"},"schema":{"@context":"https:\/\/schema.org","@graph":[{"@type":"WebPage","@id":"https:\/\/fluterm.eu\/no\/prod\/varmepumpe-hidrotank-luft-vann-mitsubishi-electric-zubadan-ecodan-erst20c-vm2dpuhz-shw80vaa-8-kw-kompakt-modell\/","url":"https:\/\/fluterm.eu\/no\/prod\/varmepumpe-hidrotank-luft-vann-mitsubishi-electric-zubadan-ecodan-erst20c-vm2dpuhz-shw80vaa-8-kw-kompakt-modell\/","name":"Varmepumpe Hidrotank luft-vann Mitsubishi Electric Zubadan Ecodan ERST20C-VM2D+PUHZ-SHW80VAA 8 kW \u2013 kompakt modell","isPartOf":{"@id":"https:\/\/fluterm.eu\/#website"},"datePublished":"2023-07-12T18:24:42+00:00","dateModified":"2023-07-12T18:24:42+00:00","description":"Order Varmepumpe Hidrotank luft-vann Mitsubishi Electric Zubadan Ecodan ERST20C-VM2D+PUHZ-SHW80VAA 8 kW \u2013 kompakt modell at a best price.","breadcrumb":{"@id":"https:\/\/fluterm.eu\/no\/prod\/varmepumpe-hidrotank-luft-vann-mitsubishi-electric-zubadan-ecodan-erst20c-vm2dpuhz-shw80vaa-8-kw-kompakt-modell\/#breadcrumb"},"inLanguage":"nb-NO","potentialAction":[{"@type":"ReadAction","target":["https:\/\/fluterm.eu\/no\/prod\/varmepumpe-hidrotank-luft-vann-mitsubishi-electric-zubadan-ecodan-erst20c-vm2dpuhz-shw80vaa-8-kw-kompakt-modell\/"]}]},{"@type":"BreadcrumbList","@id":"https:\/\/fluterm.eu\/no\/prod\/varmepumpe-hidrotank-luft-vann-mitsubishi-electric-zubadan-ecodan-erst20c-vm2dpuhz-shw80vaa-8-kw-kompakt-modell\/#breadcrumb","itemListElement":[{"@type":"ListItem","position":1,"name":"Home","item":"https:\/\/fluterm.eu\/no\/butikk\/"},{"@type":"ListItem","position":2,"name":"Butikk","item":"https:\/\/fluterm.eu\/no\/butikk\/"},{"@type":"ListItem","position":3,"name":"Varmepumpe Hidrotank luft-vann Mitsubishi Electric Zubadan Ecodan ERST20C-VM2D+PUHZ-SHW80VAA 8 kW \u2013 kompakt modell"}]},{"@type":"WebSite","@id":"https:\/\/fluterm.eu\/#website","url":"https:\/\/fluterm.eu\/","name":"fluterm.eu","description":"","potentialAction":[{"@type":"SearchAction","target":{"@type":"EntryPoint","urlTemplate":"https:\/\/fluterm.eu\/?s={search_term_string}"},"query-input":"required name=search_term_string"}],"inLanguage":"nb-NO"}]}},"_links":{"self":[{"href":"https:\/\/fluterm.eu\/no\/wp-json\/wp\/v2\/product\/15267","targetHints":{"allow":["GET"]}}],"collection":[{"href":"https:\/\/fluterm.eu\/no\/wp-json\/wp\/v2\/product"}],"about":[{"href":"https:\/\/fluterm.eu\/no\/wp-json\/wp\/v2\/types\/product"}],"replies":[{"embeddable":true,"href":"https:\/\/fluterm.eu\/no\/wp-json\/wp\/v2\/comments?post=15267"}],"version-history":[{"count":0,"href":"https:\/\/fluterm.eu\/no\/wp-json\/wp\/v2\/product\/15267\/revisions"}],"wp:featuredmedia":[{"embeddable":true,"href":"https:\/\/fluterm.eu\/no\/wp-json\/wp\/v2\/media\/12826"}],"wp:attachment":[{"href":"https:\/\/fluterm.eu\/no\/wp-json\/wp\/v2\/media?parent=15267"}],"wp:term":[{"taxonomy":"product_cat","embeddable":true,"href":"https:\/\/fluterm.eu\/no\/wp-json\/wp\/v2\/product_cat?post=15267"},{"taxonomy":"product_tag","embeddable":true,"href":"https:\/\/fluterm.eu\/no\/wp-json\/wp\/v2\/product_tag?post=15267"}],"curies":[{"name":"wp","href":"https:\/\/api.w.org\/{rel}","templated":true}]}}