{"id":9051,"date":"2023-09-03T15:24:40","date_gmt":"2023-09-03T12:24:40","guid":{"rendered":"https:\/\/fluterm.eu\/prod\/growatt-batteri-ark-2-5l-a1-spf\/"},"modified":"2023-09-06T15:06:35","modified_gmt":"2023-09-06T12:06:35","slug":"growatt-batteri-ark-2-5l-a1-spf","status":"publish","type":"product","link":"https:\/\/fluterm.eu\/no\/prod\/growatt-batteri-ark-2-5l-a1-spf\/","title":{"rendered":"GROWATT BATTERI ARK-2.5L-A1 SPF"},"content":{"rendered":"<div class=\"widget widget-tab container mx-auto nopa\">\n<div class=\"widget-inner\">\n<div class=\"tab-content\">\n<div class=\"tab-pane pr-0 pl-0 active\" role=\"tabpanel\">\n<div class=\"my-4\" data-builder-child-container=\"630dee388da9b\">\n<div class=\"widget widget-text widget-none producertag h6 producer text-muted mt-0 mb-3\">\n<div class=\"widget-inner bg-appearance pt-0 pr-0 pb-0 pl-0\">\n<p><img decoding=\"async\" src=\"https:\/\/cdn02.plentymarkets.com\/kmyhaikn11xq\/frontend\/ebay-actec\/GROWATT.png\"><\/p>\n<\/div>\n<\/div>\n<div class=\"widget widget-text widget-none mt-0 mr-0 mb-5 ml-0\">\n<div class=\"widget-inner bg-appearance pt-0 pr-0 pb-0 pl-0\">\n<h2><span>Growatt-batteri ARK-2.5L-A1 SPF<\/span><\/h2>\n<p><span>Koboltfrie litiumlagringsmoduler med LiFePO4-teknologi! P\u00e5 dagtid kan du enkelt bruke den egengenererte str\u00f8mmen fra solsystemet ditt. Men hva om det blir m\u00f8rkt eller du genererer mer str\u00f8m enn du trenger? Eller \u00f8nsker du \u00e5 leve s\u00e5 selvforsynt som mulig? I dette tilfellet er str\u00f8mlagring et alternativ. Growatt ARK LV-lagringsmodulene er enkle \u00e5 installere takket v\u00e6re et enkelt plug &amp; play-prinsipp og kan til enhver tid utvides til opptil ti moduler, alts\u00e5 opptil 25,64 kWh lagringskapasitet. Ved hjelp av denne str\u00f8mlagringsenheten kan du ogs\u00e5 bruke solenergien du genererer om natten eller n\u00e5r himmelen er overskyet og oppleve enda mer uavhengighet.<\/span><\/p>\n<p><strong><span>Str\u00f8mlagring Growatt ARK 2,5L<\/span><\/strong><\/p>\n<p><strong><span>Fordeler:<\/span><\/strong><\/p>\n<ul>\n<li><span>h\u00f8yere energitetthet<\/span><\/li>\n<li><span>lav selvutladning ved langtidslagring<\/span><\/li>\n<li><span>h\u00f8y cellespenning<\/span><\/li>\n<li><span>Lengre levetid enn tradisjonell lagring<\/span><\/li>\n<li><span>bredt temperaturomr\u00e5de for lagring og drift<\/span><\/li>\n<li><span>brukervennlige b\u00e6reh\u00e5ndtak<\/span><\/li>\n<li><span>h\u00f8y driftssikkerhet<\/span><\/li>\n<li><span>h\u00f8y lade- og utladningsytelse<\/span><\/li>\n<li><span>brukbar lagringskapasitet 2304 Wh (90 %DOD)<\/span><\/li>\n<\/ul>\n<p><strong><span>Bruksomr\u00e5der:<\/span><\/strong><\/p>\n<ul>\n<li><span>n\u00f8dstr\u00f8mforsyning<\/span><\/li>\n<li><span>for solcelledrift og bruk av omformere<\/span><\/li>\n<li><span>for solcelleanlegg og frittst\u00e5ende anlegg<\/span><\/li>\n<li><span>for avbruddsfri str\u00f8mforsyning (UPS)<\/span><\/li>\n<li><span>universell installasjon og optimal \u00f8konomi<\/span><\/li>\n<\/ul>\n<\/div>\n<\/div>\n<\/div>\n<\/div>\n<\/div>\n<\/div>\n<\/div>\n<div class=\"widget widget-grid widget-two-col row\">\n<div class=\"widget-inner col-xl-6 widget-prop-xl-3-1 col-lg-6 widget-prop-lg-3-1 col-md-6 widget-prop-md-3-1 col-sm-12 widget-prop-sm-3-1 widget-stacked-mobile col-12 widget-prop-3-1 widget-stacked-mobile\">\n<div><\/div>\n<\/div>\n<div class=\"widget-inner col-xl-6 widget-prop-xl-3-1 col-lg-6 widget-prop-lg-3-1 col-md-6 widget-prop-md-3-1 col-sm-12 widget-prop-sm-3-1 col-12 widget-prop-3-1\">\n<div><\/div>\n<\/div>\n<\/div>\n<div class=\"widget widget-text widget-none mt-5\">\n<div class=\"widget-inner bg-appearance pt-0 pr-0 pb-0 pl-0\"><\/div>\n<\/div>\n","protected":false},"excerpt":{"rendered":"<p>Growatt-batteri ARK-2.5L-A1 SPF Koboltfrie litiumlagringsmoduler med LiFePO4-teknologi! P\u00e5 dagtid kan du enkelt bruke den egengenererte str\u00f8mmen fra solsystemet ditt. Men hva om det blir m\u00f8rkt eller du genererer mer str\u00f8m enn du trenger? Eller \u00f8nsker du \u00e5 leve s\u00e5 selvforsynt som mulig? I dette tilfellet er str\u00f8mlagring et alternativ. Growatt ARK LV-lagringsmodulene er enkle \u00e5&hellip;<\/p>\n","protected":false},"featured_media":9058,"comment_status":"open","ping_status":"closed","template":"","meta":[],"product_cat":[789],"product_tag":[],"class_list":{"0":"post-9051","1":"product","2":"type-product","3":"status-publish","4":"has-post-thumbnail","6":"product_cat-fotovoltaiske-sett","8":"first","9":"instock","10":"taxable","11":"shipping-taxable","12":"purchasable","13":"product-type-simple","14":"col-xs-6 col-sm-4","15":"col-md-4 col-lg-4","16":"un-3-cols"},"acf":[],"yoast_head":"<!-- This site is optimized with the Yoast SEO plugin v21.2 - https:\/\/yoast.com\/wordpress\/plugins\/seo\/ -->\n<title>GROWATT BATTERI ARK-2.5L-A1 SPF<\/title>\n<meta name=\"description\" content=\"Order GROWATT BATTERI ARK-2.5L-A1 SPF at a best price.\" \/>\n<meta name=\"robots\" content=\"index, follow, max-snippet:-1, max-image-preview:large, max-video-preview:-1\" \/>\n<link rel=\"canonical\" href=\"https:\/\/fluterm.eu\/no\/prod\/growatt-batteri-ark-2-5l-a1-spf\/\" \/>\n<meta property=\"og:locale\" content=\"nb_NO\" \/>\n<meta property=\"og:type\" content=\"article\" \/>\n<meta property=\"og:title\" content=\"GROWATT BATTERI ARK-2.5L-A1 SPF\" \/>\n<meta property=\"og:description\" content=\"Order GROWATT BATTERI ARK-2.5L-A1 SPF at a best price.\" \/>\n<meta property=\"og:url\" content=\"https:\/\/fluterm.eu\/no\/prod\/growatt-batteri-ark-2-5l-a1-spf\/\" \/>\n<meta property=\"og:site_name\" content=\"fluterm.eu\" \/>\n<meta property=\"article:modified_time\" content=\"2023-09-06T12:06:35+00:00\" \/>\n<meta property=\"og:image\" content=\"https:\/\/fluterm.eu\/wp-content\/uploads\/2023\/09\/Ark-2-5L-A1-01.jpeg\" \/>\n\t<meta property=\"og:image:width\" content=\"800\" \/>\n\t<meta property=\"og:image:height\" content=\"514\" \/>\n\t<meta property=\"og:image:type\" content=\"image\/jpeg\" \/>\n<meta name=\"twitter:card\" content=\"summary_large_image\" \/>\n<meta name=\"twitter:label1\" content=\"Ansl. lesetid\" \/>\n\t<meta name=\"twitter:data1\" content=\"1 minutt\" \/>\n<script type=\"application\/ld+json\" class=\"yoast-schema-graph\">{\"@context\":\"https:\/\/schema.org\",\"@graph\":[{\"@type\":\"WebPage\",\"@id\":\"https:\/\/fluterm.eu\/no\/prod\/growatt-batteri-ark-2-5l-a1-spf\/\",\"url\":\"https:\/\/fluterm.eu\/no\/prod\/growatt-batteri-ark-2-5l-a1-spf\/\",\"name\":\"GROWATT BATTERI ARK-2.5L-A1 SPF\",\"isPartOf\":{\"@id\":\"https:\/\/fluterm.eu\/#website\"},\"datePublished\":\"2023-09-03T12:24:40+00:00\",\"dateModified\":\"2023-09-06T12:06:35+00:00\",\"description\":\"Order GROWATT BATTERI ARK-2.5L-A1 SPF at a best price.\",\"breadcrumb\":{\"@id\":\"https:\/\/fluterm.eu\/no\/prod\/growatt-batteri-ark-2-5l-a1-spf\/#breadcrumb\"},\"inLanguage\":\"nb-NO\",\"potentialAction\":[{\"@type\":\"ReadAction\",\"target\":[\"https:\/\/fluterm.eu\/no\/prod\/growatt-batteri-ark-2-5l-a1-spf\/\"]}]},{\"@type\":\"BreadcrumbList\",\"@id\":\"https:\/\/fluterm.eu\/no\/prod\/growatt-batteri-ark-2-5l-a1-spf\/#breadcrumb\",\"itemListElement\":[{\"@type\":\"ListItem\",\"position\":1,\"name\":\"Home\",\"item\":\"https:\/\/fluterm.eu\/no\/butikk\/\"},{\"@type\":\"ListItem\",\"position\":2,\"name\":\"Butikk\",\"item\":\"https:\/\/fluterm.eu\/no\/butikk\/\"},{\"@type\":\"ListItem\",\"position\":3,\"name\":\"GROWATT BATTERI ARK-2.5L-A1 SPF\"}]},{\"@type\":\"WebSite\",\"@id\":\"https:\/\/fluterm.eu\/#website\",\"url\":\"https:\/\/fluterm.eu\/\",\"name\":\"fluterm.eu\",\"description\":\"\",\"potentialAction\":[{\"@type\":\"SearchAction\",\"target\":{\"@type\":\"EntryPoint\",\"urlTemplate\":\"https:\/\/fluterm.eu\/?s={search_term_string}\"},\"query-input\":\"required name=search_term_string\"}],\"inLanguage\":\"nb-NO\"}]}<\/script>\n<!-- \/ Yoast SEO plugin. -->","yoast_head_json":{"title":"GROWATT BATTERI ARK-2.5L-A1 SPF","description":"Order GROWATT BATTERI ARK-2.5L-A1 SPF at a best price.","robots":{"index":"index","follow":"follow","max-snippet":"max-snippet:-1","max-image-preview":"max-image-preview:large","max-video-preview":"max-video-preview:-1"},"canonical":"https:\/\/fluterm.eu\/no\/prod\/growatt-batteri-ark-2-5l-a1-spf\/","og_locale":"nb_NO","og_type":"article","og_title":"GROWATT BATTERI ARK-2.5L-A1 SPF","og_description":"Order GROWATT BATTERI ARK-2.5L-A1 SPF at a best price.","og_url":"https:\/\/fluterm.eu\/no\/prod\/growatt-batteri-ark-2-5l-a1-spf\/","og_site_name":"fluterm.eu","article_modified_time":"2023-09-06T12:06:35+00:00","og_image":[{"width":800,"height":514,"url":"https:\/\/fluterm.eu\/wp-content\/uploads\/2023\/09\/Ark-2-5L-A1-01.jpeg","type":"image\/jpeg"}],"twitter_card":"summary_large_image","twitter_misc":{"Ansl. lesetid":"1 minutt"},"schema":{"@context":"https:\/\/schema.org","@graph":[{"@type":"WebPage","@id":"https:\/\/fluterm.eu\/no\/prod\/growatt-batteri-ark-2-5l-a1-spf\/","url":"https:\/\/fluterm.eu\/no\/prod\/growatt-batteri-ark-2-5l-a1-spf\/","name":"GROWATT BATTERI ARK-2.5L-A1 SPF","isPartOf":{"@id":"https:\/\/fluterm.eu\/#website"},"datePublished":"2023-09-03T12:24:40+00:00","dateModified":"2023-09-06T12:06:35+00:00","description":"Order GROWATT BATTERI ARK-2.5L-A1 SPF at a best price.","breadcrumb":{"@id":"https:\/\/fluterm.eu\/no\/prod\/growatt-batteri-ark-2-5l-a1-spf\/#breadcrumb"},"inLanguage":"nb-NO","potentialAction":[{"@type":"ReadAction","target":["https:\/\/fluterm.eu\/no\/prod\/growatt-batteri-ark-2-5l-a1-spf\/"]}]},{"@type":"BreadcrumbList","@id":"https:\/\/fluterm.eu\/no\/prod\/growatt-batteri-ark-2-5l-a1-spf\/#breadcrumb","itemListElement":[{"@type":"ListItem","position":1,"name":"Home","item":"https:\/\/fluterm.eu\/no\/butikk\/"},{"@type":"ListItem","position":2,"name":"Butikk","item":"https:\/\/fluterm.eu\/no\/butikk\/"},{"@type":"ListItem","position":3,"name":"GROWATT BATTERI ARK-2.5L-A1 SPF"}]},{"@type":"WebSite","@id":"https:\/\/fluterm.eu\/#website","url":"https:\/\/fluterm.eu\/","name":"fluterm.eu","description":"","potentialAction":[{"@type":"SearchAction","target":{"@type":"EntryPoint","urlTemplate":"https:\/\/fluterm.eu\/?s={search_term_string}"},"query-input":"required name=search_term_string"}],"inLanguage":"nb-NO"}]}},"_links":{"self":[{"href":"https:\/\/fluterm.eu\/no\/wp-json\/wp\/v2\/product\/9051","targetHints":{"allow":["GET"]}}],"collection":[{"href":"https:\/\/fluterm.eu\/no\/wp-json\/wp\/v2\/product"}],"about":[{"href":"https:\/\/fluterm.eu\/no\/wp-json\/wp\/v2\/types\/product"}],"replies":[{"embeddable":true,"href":"https:\/\/fluterm.eu\/no\/wp-json\/wp\/v2\/comments?post=9051"}],"version-history":[{"count":1,"href":"https:\/\/fluterm.eu\/no\/wp-json\/wp\/v2\/product\/9051\/revisions"}],"predecessor-version":[{"id":13574,"href":"https:\/\/fluterm.eu\/no\/wp-json\/wp\/v2\/product\/9051\/revisions\/13574"}],"wp:featuredmedia":[{"embeddable":true,"href":"https:\/\/fluterm.eu\/no\/wp-json\/wp\/v2\/media\/9058"}],"wp:attachment":[{"href":"https:\/\/fluterm.eu\/no\/wp-json\/wp\/v2\/media?parent=9051"}],"wp:term":[{"taxonomy":"product_cat","embeddable":true,"href":"https:\/\/fluterm.eu\/no\/wp-json\/wp\/v2\/product_cat?post=9051"},{"taxonomy":"product_tag","embeddable":true,"href":"https:\/\/fluterm.eu\/no\/wp-json\/wp\/v2\/product_tag?post=9051"}],"curies":[{"name":"wp","href":"https:\/\/api.w.org\/{rel}","templated":true}]}}