{"id":9052,"date":"2023-09-03T15:52:23","date_gmt":"2023-09-03T12:52:23","guid":{"rendered":"https:\/\/fluterm.eu\/prod\/growatt-sph6000tl3-bh-up-6kw-hybrid-inverter-med-52kwh-solcellelagringssett\/"},"modified":"2023-09-06T15:06:35","modified_gmt":"2023-09-06T12:06:35","slug":"growatt-sph6000tl3-bh-up-6kw-hybrid-inverter-med-52kwh-solcellelagringssett","status":"publish","type":"product","link":"https:\/\/fluterm.eu\/no\/prod\/growatt-sph6000tl3-bh-up-6kw-hybrid-inverter-med-52kwh-solcellelagringssett\/","title":{"rendered":"Growatt SPH6000TL3-BH-UP 6kW hybrid inverter med 5,2kWh solcellelagringssett"},"content":{"rendered":"<div class=\"product-properties-description-title\">\n<h2>produkt detaljer<\/h2>\n<\/div>\n<div class=\"product-detail-properties\">\n<div class=\"row product-detail-properties-container\">\n<div class=\"col-12\">\n<table class=\"table table-striped product-detail-properties-table\">\n<tbody>\n<tr class=\"properties-row clickable\" data-toggle=\"collapse\">\n<th class=\"properties-label\">Dimensjoner (LxBxH):<\/th>\n<td class=\"properties-value\">610x250x770 mm<\/td>\n<\/tr>\n<tr class=\"properties-row\">\n<th class=\"properties-label\">Utvidbar:<\/th>\n<td class=\"properties-value\">Ja<\/td>\n<\/tr>\n<tr class=\"properties-row\">\n<th class=\"properties-label\">Kapasitet i Wh:<\/th>\n<td class=\"properties-value\">5200<\/td>\n<\/tr>\n<tr class=\"properties-row\">\n<th class=\"properties-label\">Effekt i W:<\/th>\n<td class=\"properties-value\">6000<\/td>\n<\/tr>\n<\/tbody>\n<\/table>\n<\/div>\n<\/div>\n<\/div>\n<div class=\"twt-product-detail-properties-info\">Informasjon i henhold til produsent. Med forbehold om feil og endringer.<\/div>\n<div class=\"product-detail-description-text\">\n<h2>Growatt SPH6000TL3-BH-UP 6kW hybrid inverter med 7,6kWh solcellelagringssett<\/h2>\n<p>Disse produktene venter p\u00e5 deg i denne pakken:<\/p>\n<ul>\n<li>1 Growatt SPH6000TL3-BH-UP 6kW solcelle hybrid inverter 3-fase<\/li>\n<li>2 Growatt ARK 2,5H-A1 h\u00f8yspentbatteri for SPH og MOD<\/li>\n<li>1 Growatt Smart Meter TPM-E 3-fase<\/li>\n<li>1 Growatt HVC 60050-A1 h\u00f8yspent batteristyringssystem for ARK HV-system<\/li>\n<li>1 Growatt ARK-2,5H-A1 base for h\u00f8yspentbatterier<\/li>\n<li>1 Growatt ARK-2,5H-A1 h\u00f8yspent tilkoblingskabelsett for SPH<\/li>\n<li>1 Growatt Shine-Wifi-X WiFi-pinne<\/li>\n<\/ul>\n<h3>Slik vil din nye hybrid-inverter imponere<\/h3>\n<p>Growatt SPH6000TL3-BH-UP hybrid inverter sikrer \u00f8kt egenforbruk av solenergi og gj\u00f8r deg mindre avhengig av nettet. Produktet har en maksimal utgangseffekt p\u00e5 6000 W. Det europeiske effektivitetsniv\u00e5et og dermed effektiviteten er 97,3 %. Produktet passer til et system p\u00e5 maksimalt 7,8 kWp. Selv om solsystemet ditt best\u00e5r av overflater med forskjellige tykkelser, st\u00f8ttes deres optimale ytelse av 2 MPP-trackere i SPH6000TL3-BH-UP.<\/p>\n<h3>ARK 7.6H: Din nye solcelletank med et blikk<\/h3>\n<p>Den medf\u00f8lgende batterilagringen fra Growatt har en kapasitet p\u00e5 5200 Wh. Denne lagringen passer til ditt solsystem. ARK 5.2H passer energibehovet til fire personer i en familiebolig med elbil eller varmepumpe. Det er beregnet med under 9.000 kWh per \u00e5r.<\/p>\n<h3>Grensesnitt: Dette er hvordan solcelleanlegget ditt kommuniserer<\/h3>\n<p>Tilstrekkelige grensesnitt sikrer tilkobling av solcelleanlegget med andre enheter. Bunten fungerer med disse grensesnittene:<\/p>\n<ul>\n<li>RS232, RS485, CAN, USB, WLAN<\/li>\n<\/ul>\n<\/div>\n<div class=\"h4 twt-product-properties-description-title\">Tekniske data<\/div>\n<div class=\"product-detail-properties\">\n<div class=\"row product-detail-properties-container\">\n<div class=\"col-12\">\n<table class=\"table table-striped product-detail-properties-table\">\n<tbody>\n<tr class=\"properties-row\">\n<th class=\"properties-label\">Antall MPPT:<\/th>\n<td class=\"properties-value\">2<\/td>\n<\/tr>\n<tr class=\"properties-row\">\n<th class=\"properties-label\">Utvidbar:<\/th>\n<td class=\"properties-value\">Ja<\/td>\n<\/tr>\n<tr class=\"properties-row\">\n<th class=\"properties-label\">Kapasitet i Wh:<\/th>\n<td class=\"properties-value\">5200<\/td>\n<\/tr>\n<tr class=\"properties-row\">\n<th class=\"properties-label\">Effekt i W:<\/th>\n<td class=\"properties-value\">6000<\/td>\n<\/tr>\n<tr class=\"properties-row\">\n<th class=\"properties-label\">Maks systemst\u00f8rrelse KWp:<\/th>\n<td class=\"properties-value\">7.8<\/td>\n<\/tr>\n<tr class=\"properties-row\">\n<th class=\"properties-label\">faser:<\/th>\n<td class=\"properties-value\">3<\/td>\n<\/tr>\n<tr class=\"properties-row\">\n<th class=\"properties-label\">Grensesnitt:<\/th>\n<td class=\"properties-value\">RS232, RS485, CAN, USB, WLAN<\/td>\n<\/tr>\n<tr class=\"properties-row\">\n<th class=\"properties-label\">Beskyttelses klasse:<\/th>\n<td class=\"properties-value\">IP65<\/td>\n<\/tr>\n<tr class=\"properties-row\">\n<th class=\"properties-label\">Byttetid i ms:<\/th>\n<td class=\"properties-value\">10<\/td>\n<\/tr>\n<tr class=\"properties-row\">\n<th class=\"properties-label\">Effektivitet i prosent:<\/th>\n<td class=\"properties-value\">97.3<\/td>\n<\/tr>\n<\/tbody>\n<\/table>\n<p><a href=\"https:\/\/akkusys.net\/pdf\/9887705_822841.pdf\" target=\"_blank\" rel=\"noopener\">Datablad<\/a><\/p>\n<p><a href=\"https:\/\/akkusys.net\/pdf\/9887705_822842.pdf\" target=\"_blank\" rel=\"noopener\">Datablad Batteri<\/a><\/p>\n<table border=\"1\" data-darkreader-inline-border-top=\"\" data-darkreader-inline-border-right=\"\" data-darkreader-inline-border-bottom=\"\" data-darkreader-inline-border-left=\"\" data-darkreader-inline-bgcolor=\"\">\n<tbody>\n<tr>\n<td><img decoding=\"async\" src=\"https:\/\/www.a2t.ro\/media\/Imagini_produse_descriere\/etc\/cum_functioneaza_un_sistem_off_grid.gif\" alt=\"cum functioneaza bateria\" width=\"100%\"><\/td>\n<\/tr>\n<\/tbody>\n<\/table>\n<p>&nbsp;<\/p>\n<\/div>\n<\/div>\n<\/div>\n","protected":false},"excerpt":{"rendered":"<p>produkt detaljer Dimensjoner (LxBxH): 610x250x770 mm Utvidbar: Ja Kapasitet i Wh: 5200 Effekt i W: 6000 Informasjon i henhold til produsent. Med forbehold om feil og endringer. Growatt SPH6000TL3-BH-UP 6kW hybrid inverter med 7,6kWh solcellelagringssett Disse produktene venter p\u00e5 deg i denne pakken: 1 Growatt SPH6000TL3-BH-UP 6kW solcelle hybrid inverter 3-fase 2 Growatt ARK 2,5H-A1&hellip;<\/p>\n","protected":false},"featured_media":9059,"comment_status":"open","ping_status":"closed","template":"","meta":[],"product_cat":[789],"product_tag":[],"class_list":{"0":"post-9052","1":"product","2":"type-product","3":"status-publish","4":"has-post-thumbnail","6":"product_cat-fotovoltaiske-sett","8":"first","9":"instock","10":"taxable","11":"shipping-taxable","12":"purchasable","13":"product-type-simple","14":"col-xs-6 col-sm-4","15":"col-md-4 col-lg-4","16":"un-3-cols"},"acf":[],"yoast_head":"<!-- This site is optimized with the Yoast SEO plugin v21.2 - https:\/\/yoast.com\/wordpress\/plugins\/seo\/ -->\n<title>Growatt SPH6000TL3-BH-UP 6kW hybrid inverter med 5,2kWh solcellelagringssett<\/title>\n<meta name=\"description\" content=\"Order Growatt SPH6000TL3-BH-UP 6kW hybrid inverter med 5,2kWh solcellelagringssett at a best price.\" \/>\n<meta name=\"robots\" content=\"index, follow, max-snippet:-1, max-image-preview:large, max-video-preview:-1\" \/>\n<link rel=\"canonical\" href=\"https:\/\/fluterm.eu\/no\/prod\/growatt-sph6000tl3-bh-up-6kw-hybrid-inverter-med-52kwh-solcellelagringssett\/\" \/>\n<meta property=\"og:locale\" content=\"nb_NO\" \/>\n<meta property=\"og:type\" content=\"article\" \/>\n<meta property=\"og:title\" content=\"Growatt SPH6000TL3-BH-UP 6kW hybrid inverter med 5,2kWh solcellelagringssett\" \/>\n<meta property=\"og:description\" content=\"Order Growatt SPH6000TL3-BH-UP 6kW hybrid inverter med 5,2kWh solcellelagringssett at a best price.\" \/>\n<meta property=\"og:url\" content=\"https:\/\/fluterm.eu\/no\/prod\/growatt-sph6000tl3-bh-up-6kw-hybrid-inverter-med-52kwh-solcellelagringssett\/\" \/>\n<meta property=\"og:site_name\" content=\"fluterm.eu\" \/>\n<meta property=\"article:modified_time\" content=\"2023-09-06T12:06:35+00:00\" \/>\n<meta property=\"og:image\" content=\"https:\/\/fluterm.eu\/wp-content\/uploads\/2023\/08\/8C2F61C0-EFAD-4C01-9428-CD91962D0463.jpeg\" \/>\n\t<meta property=\"og:image:width\" content=\"560\" \/>\n\t<meta property=\"og:image:height\" content=\"560\" \/>\n\t<meta property=\"og:image:type\" content=\"image\/jpeg\" \/>\n<meta name=\"twitter:card\" content=\"summary_large_image\" \/>\n<meta name=\"twitter:label1\" content=\"Ansl. lesetid\" \/>\n\t<meta name=\"twitter:data1\" content=\"1 minutt\" \/>\n<script type=\"application\/ld+json\" class=\"yoast-schema-graph\">{\"@context\":\"https:\/\/schema.org\",\"@graph\":[{\"@type\":\"WebPage\",\"@id\":\"https:\/\/fluterm.eu\/no\/prod\/growatt-sph6000tl3-bh-up-6kw-hybrid-inverter-med-52kwh-solcellelagringssett\/\",\"url\":\"https:\/\/fluterm.eu\/no\/prod\/growatt-sph6000tl3-bh-up-6kw-hybrid-inverter-med-52kwh-solcellelagringssett\/\",\"name\":\"Growatt SPH6000TL3-BH-UP 6kW hybrid inverter med 5,2kWh solcellelagringssett\",\"isPartOf\":{\"@id\":\"https:\/\/fluterm.eu\/#website\"},\"datePublished\":\"2023-09-03T12:52:23+00:00\",\"dateModified\":\"2023-09-06T12:06:35+00:00\",\"description\":\"Order Growatt SPH6000TL3-BH-UP 6kW hybrid inverter med 5,2kWh solcellelagringssett at a best price.\",\"breadcrumb\":{\"@id\":\"https:\/\/fluterm.eu\/no\/prod\/growatt-sph6000tl3-bh-up-6kw-hybrid-inverter-med-52kwh-solcellelagringssett\/#breadcrumb\"},\"inLanguage\":\"nb-NO\",\"potentialAction\":[{\"@type\":\"ReadAction\",\"target\":[\"https:\/\/fluterm.eu\/no\/prod\/growatt-sph6000tl3-bh-up-6kw-hybrid-inverter-med-52kwh-solcellelagringssett\/\"]}]},{\"@type\":\"BreadcrumbList\",\"@id\":\"https:\/\/fluterm.eu\/no\/prod\/growatt-sph6000tl3-bh-up-6kw-hybrid-inverter-med-52kwh-solcellelagringssett\/#breadcrumb\",\"itemListElement\":[{\"@type\":\"ListItem\",\"position\":1,\"name\":\"Home\",\"item\":\"https:\/\/fluterm.eu\/no\/butikk\/\"},{\"@type\":\"ListItem\",\"position\":2,\"name\":\"Butikk\",\"item\":\"https:\/\/fluterm.eu\/no\/butikk\/\"},{\"@type\":\"ListItem\",\"position\":3,\"name\":\"Growatt SPH6000TL3-BH-UP 6kW hybrid inverter med 5,2kWh solcellelagringssett\"}]},{\"@type\":\"WebSite\",\"@id\":\"https:\/\/fluterm.eu\/#website\",\"url\":\"https:\/\/fluterm.eu\/\",\"name\":\"fluterm.eu\",\"description\":\"\",\"potentialAction\":[{\"@type\":\"SearchAction\",\"target\":{\"@type\":\"EntryPoint\",\"urlTemplate\":\"https:\/\/fluterm.eu\/?s={search_term_string}\"},\"query-input\":\"required name=search_term_string\"}],\"inLanguage\":\"nb-NO\"}]}<\/script>\n<!-- \/ Yoast SEO plugin. -->","yoast_head_json":{"title":"Growatt SPH6000TL3-BH-UP 6kW hybrid inverter med 5,2kWh solcellelagringssett","description":"Order Growatt SPH6000TL3-BH-UP 6kW hybrid inverter med 5,2kWh solcellelagringssett at a best price.","robots":{"index":"index","follow":"follow","max-snippet":"max-snippet:-1","max-image-preview":"max-image-preview:large","max-video-preview":"max-video-preview:-1"},"canonical":"https:\/\/fluterm.eu\/no\/prod\/growatt-sph6000tl3-bh-up-6kw-hybrid-inverter-med-52kwh-solcellelagringssett\/","og_locale":"nb_NO","og_type":"article","og_title":"Growatt SPH6000TL3-BH-UP 6kW hybrid inverter med 5,2kWh solcellelagringssett","og_description":"Order Growatt SPH6000TL3-BH-UP 6kW hybrid inverter med 5,2kWh solcellelagringssett at a best price.","og_url":"https:\/\/fluterm.eu\/no\/prod\/growatt-sph6000tl3-bh-up-6kw-hybrid-inverter-med-52kwh-solcellelagringssett\/","og_site_name":"fluterm.eu","article_modified_time":"2023-09-06T12:06:35+00:00","og_image":[{"width":560,"height":560,"url":"https:\/\/fluterm.eu\/wp-content\/uploads\/2023\/08\/8C2F61C0-EFAD-4C01-9428-CD91962D0463.jpeg","type":"image\/jpeg"}],"twitter_card":"summary_large_image","twitter_misc":{"Ansl. lesetid":"1 minutt"},"schema":{"@context":"https:\/\/schema.org","@graph":[{"@type":"WebPage","@id":"https:\/\/fluterm.eu\/no\/prod\/growatt-sph6000tl3-bh-up-6kw-hybrid-inverter-med-52kwh-solcellelagringssett\/","url":"https:\/\/fluterm.eu\/no\/prod\/growatt-sph6000tl3-bh-up-6kw-hybrid-inverter-med-52kwh-solcellelagringssett\/","name":"Growatt SPH6000TL3-BH-UP 6kW hybrid inverter med 5,2kWh solcellelagringssett","isPartOf":{"@id":"https:\/\/fluterm.eu\/#website"},"datePublished":"2023-09-03T12:52:23+00:00","dateModified":"2023-09-06T12:06:35+00:00","description":"Order Growatt SPH6000TL3-BH-UP 6kW hybrid inverter med 5,2kWh solcellelagringssett at a best price.","breadcrumb":{"@id":"https:\/\/fluterm.eu\/no\/prod\/growatt-sph6000tl3-bh-up-6kw-hybrid-inverter-med-52kwh-solcellelagringssett\/#breadcrumb"},"inLanguage":"nb-NO","potentialAction":[{"@type":"ReadAction","target":["https:\/\/fluterm.eu\/no\/prod\/growatt-sph6000tl3-bh-up-6kw-hybrid-inverter-med-52kwh-solcellelagringssett\/"]}]},{"@type":"BreadcrumbList","@id":"https:\/\/fluterm.eu\/no\/prod\/growatt-sph6000tl3-bh-up-6kw-hybrid-inverter-med-52kwh-solcellelagringssett\/#breadcrumb","itemListElement":[{"@type":"ListItem","position":1,"name":"Home","item":"https:\/\/fluterm.eu\/no\/butikk\/"},{"@type":"ListItem","position":2,"name":"Butikk","item":"https:\/\/fluterm.eu\/no\/butikk\/"},{"@type":"ListItem","position":3,"name":"Growatt SPH6000TL3-BH-UP 6kW hybrid inverter med 5,2kWh solcellelagringssett"}]},{"@type":"WebSite","@id":"https:\/\/fluterm.eu\/#website","url":"https:\/\/fluterm.eu\/","name":"fluterm.eu","description":"","potentialAction":[{"@type":"SearchAction","target":{"@type":"EntryPoint","urlTemplate":"https:\/\/fluterm.eu\/?s={search_term_string}"},"query-input":"required name=search_term_string"}],"inLanguage":"nb-NO"}]}},"_links":{"self":[{"href":"https:\/\/fluterm.eu\/no\/wp-json\/wp\/v2\/product\/9052","targetHints":{"allow":["GET"]}}],"collection":[{"href":"https:\/\/fluterm.eu\/no\/wp-json\/wp\/v2\/product"}],"about":[{"href":"https:\/\/fluterm.eu\/no\/wp-json\/wp\/v2\/types\/product"}],"replies":[{"embeddable":true,"href":"https:\/\/fluterm.eu\/no\/wp-json\/wp\/v2\/comments?post=9052"}],"version-history":[{"count":1,"href":"https:\/\/fluterm.eu\/no\/wp-json\/wp\/v2\/product\/9052\/revisions"}],"predecessor-version":[{"id":13573,"href":"https:\/\/fluterm.eu\/no\/wp-json\/wp\/v2\/product\/9052\/revisions\/13573"}],"wp:featuredmedia":[{"embeddable":true,"href":"https:\/\/fluterm.eu\/no\/wp-json\/wp\/v2\/media\/9059"}],"wp:attachment":[{"href":"https:\/\/fluterm.eu\/no\/wp-json\/wp\/v2\/media?parent=9052"}],"wp:term":[{"taxonomy":"product_cat","embeddable":true,"href":"https:\/\/fluterm.eu\/no\/wp-json\/wp\/v2\/product_cat?post=9052"},{"taxonomy":"product_tag","embeddable":true,"href":"https:\/\/fluterm.eu\/no\/wp-json\/wp\/v2\/product_tag?post=9052"}],"curies":[{"name":"wp","href":"https:\/\/api.w.org\/{rel}","templated":true}]}}