{"id":9128,"date":"2023-09-03T14:09:05","date_gmt":"2023-09-03T11:09:05","guid":{"rendered":"https:\/\/fluterm.eu\/prod\/growatt-sph6000tl3-bh-up-6kw-hybrid-inverter-med-128kwh-solcellelagringssett\/"},"modified":"2023-09-06T15:06:36","modified_gmt":"2023-09-06T12:06:36","slug":"growatt-sph6000tl3-bh-up-6kw-hybrid-inverter-med-128kwh-solcellelagringssett","status":"publish","type":"product","link":"https:\/\/fluterm.eu\/no\/prod\/growatt-sph6000tl3-bh-up-6kw-hybrid-inverter-med-128kwh-solcellelagringssett\/","title":{"rendered":"Growatt SPH6000TL3-BH-UP 6kW hybrid inverter med 12,8kWh solcellelagringssett"},"content":{"rendered":"<div class=\"product-properties-description-title\">\n<h2>produkt detaljer<\/h2>\n<\/div>\n<div class=\"product-detail-properties\">\n<div class=\"row product-detail-properties-container\">\n<div class=\"col-12\">\n<table class=\"table table-striped product-detail-properties-table\">\n<tbody>\n<tr class=\"properties-row clickable\" data-toggle=\"collapse\">\n<th class=\"properties-label\">Dimensjoner (LxBxH):<\/th>\n<td class=\"properties-value\">610x250x1170mm<\/td>\n<\/tr>\n<tr class=\"properties-row\">\n<th class=\"properties-label\">Utvidbar:<\/th>\n<td class=\"properties-value\">Ja<\/td>\n<\/tr>\n<tr class=\"properties-row\">\n<th class=\"properties-label\">Kapasitet i Wh:<\/th>\n<td class=\"properties-value\">12800<\/td>\n<\/tr>\n<tr class=\"properties-row\">\n<th class=\"properties-label\">Effekt i W:<\/th>\n<td class=\"properties-value\">6000<\/td>\n<\/tr>\n<\/tbody>\n<\/table>\n<\/div>\n<\/div>\n<\/div>\n<div class=\"twt-product-detail-properties-info\">Informasjon i henhold til produsent. Med forbehold om feil og endringer.<\/div>\n<div class=\"product-detail-description-text\">\n<h2>Growatt SPH6000TL3-BH-UP 6kW hybrid inverter med 12,8kWh solcellelagringssett<\/h2>\n<p>Som en komplett l\u00f8sning for konvertering og lagring av solenergi, inneholder denne pakken f\u00f8lgende enheter:<\/p>\n<ul>\n<li>1 Growatt SPH6000TL3-BH-UP 6kW solcelle hybrid inverter 3-fase<\/li>\n<li>5 Growatt ARK 2,5H-A1 h\u00f8yspentbatteri for SPH og MOD<\/li>\n<li>1 Growatt Smart Meter TPM-E 3-fase<\/li>\n<li>1 Growatt HVC 60050-A1 h\u00f8yspent batteristyringssystem for ARK HV-system<\/li>\n<li>1 Growatt ARK-2,5H-A1 base for h\u00f8yspentbatterier<\/li>\n<li>1 Growatt ARK-2,5H-A1 h\u00f8yspent tilkoblingskabelsett for SPH<\/li>\n<li>1 Growatt Shine-Wifi-X WiFi-pinne<\/li>\n<\/ul>\n<h3>Growatt SPH6000TL3-BH-UP: Din nye omformer<\/h3>\n<p>Dette settet inkluderer Growatt SPH6000TL3-BH-UP. Sammen med solcellebatteriet hjelper det deg \u00e5 \u00f8ke ditt eget forbruk. Den maksimale utgangseffekten til enheten er 6000 W. Den europeiske effektiviteten er 97,3 %. Produktet passer til et system p\u00e5 maksimalt 7,8 kWp. Selv om solsystemet ditt best\u00e5r av overflater med forskjellige tykkelser, st\u00f8ttes deres optimale ytelse av 2 MPP-trackere i SPH6000TL3-BH-UP.<\/p>\n<h3>ARK 12.8H: Sett med moderne batterilagring<\/h3>\n<p>Den medf\u00f8lgende batterilagringen fra Growatt har en kapasitet p\u00e5 12 800 Wh. Batterilagringen supplerer solsystemet ditt. Hvis du har en liten bedrift eller g\u00e5rd med et \u00e5rlig str\u00f8mforbruk p\u00e5 over 11 000 kWh, passer ARK 12.8H for deg.<\/p>\n<h3>Bunten har disse grensesnittene<\/h3>\n<p>Disse grensesnittene hjelper ditt nye solcelleanlegg til \u00e5 kommunisere med andre enheter:<\/p>\n<ul>\n<li>RS232, RS485, CAN, USB, WLAN<\/li>\n<\/ul>\n<\/div>\n<div class=\"h4 twt-product-properties-description-title\">Tekniske data<\/div>\n<div class=\"product-detail-properties\">\n<div class=\"row product-detail-properties-container\">\n<div class=\"col-12\">\n<table class=\"table table-striped product-detail-properties-table\">\n<tbody>\n<tr class=\"properties-row\">\n<th class=\"properties-label\">Antall MPPT:<\/th>\n<td class=\"properties-value\">2<\/td>\n<\/tr>\n<tr class=\"properties-row\">\n<th class=\"properties-label\">Utvidbar:<\/th>\n<td class=\"properties-value\">Ja<\/td>\n<\/tr>\n<tr class=\"properties-row\">\n<th class=\"properties-label\">Kapasitet i Wh:<\/th>\n<td class=\"properties-value\">12800<\/td>\n<\/tr>\n<tr class=\"properties-row\">\n<th class=\"properties-label\">Effekt i W:<\/th>\n<td class=\"properties-value\">6000<\/td>\n<\/tr>\n<tr class=\"properties-row\">\n<th class=\"properties-label\">Maks systemst\u00f8rrelse KWp:<\/th>\n<td class=\"properties-value\">7.8<\/td>\n<\/tr>\n<tr class=\"properties-row\">\n<th class=\"properties-label\">faser:<\/th>\n<td class=\"properties-value\">3<\/td>\n<\/tr>\n<tr class=\"properties-row\">\n<th class=\"properties-label\">Grensesnitt:<\/th>\n<td class=\"properties-value\">RS232, RS485, CAN, USB, WLAN<\/td>\n<\/tr>\n<tr class=\"properties-row\">\n<th class=\"properties-label\">Beskyttelses klasse:<\/th>\n<td class=\"properties-value\">IP65<\/td>\n<\/tr>\n<tr class=\"properties-row\">\n<th class=\"properties-label\">Byttetid i ms:<\/th>\n<td class=\"properties-value\">10<\/td>\n<\/tr>\n<tr class=\"properties-row\">\n<th class=\"properties-label\">Effektivitet i prosent:<\/th>\n<td class=\"properties-value\">97.3<\/td>\n<\/tr>\n<\/tbody>\n<\/table>\n<p>&nbsp;<\/p>\n<p><a href=\"https:\/\/akkusys.net\/pdf\/9887705_822841.pdf\" target=\"_blank\" rel=\"noopener\">Datablad<\/a><\/p>\n<p><a href=\"https:\/\/akkusys.net\/pdf\/9887705_822842.pdf\" target=\"_blank\" rel=\"noopener\">Datablad Batteri<\/a><\/p>\n<\/div>\n<\/div>\n<\/div>\n","protected":false},"excerpt":{"rendered":"<p>produkt detaljer Dimensjoner (LxBxH): 610x250x1170mm Utvidbar: Ja Kapasitet i Wh: 12800 Effekt i W: 6000 Informasjon i henhold til produsent. Med forbehold om feil og endringer. Growatt SPH6000TL3-BH-UP 6kW hybrid inverter med 12,8kWh solcellelagringssett Som en komplett l\u00f8sning for konvertering og lagring av solenergi, inneholder denne pakken f\u00f8lgende enheter: 1 Growatt SPH6000TL3-BH-UP 6kW solcelle hybrid&hellip;<\/p>\n","protected":false},"featured_media":9059,"comment_status":"open","ping_status":"closed","template":"","meta":[],"product_cat":[789],"product_tag":[],"class_list":{"0":"post-9128","1":"product","2":"type-product","3":"status-publish","4":"has-post-thumbnail","6":"product_cat-fotovoltaiske-sett","8":"first","9":"instock","10":"taxable","11":"shipping-taxable","12":"purchasable","13":"product-type-simple","14":"col-xs-6 col-sm-4","15":"col-md-4 col-lg-4","16":"un-3-cols"},"acf":[],"yoast_head":"<!-- This site is optimized with the Yoast SEO plugin v21.2 - https:\/\/yoast.com\/wordpress\/plugins\/seo\/ -->\n<title>Growatt SPH6000TL3-BH-UP 6kW hybrid inverter med 12,8kWh solcellelagringssett<\/title>\n<meta name=\"description\" content=\"Order Growatt SPH6000TL3-BH-UP 6kW hybrid inverter med 12,8kWh solcellelagringssett at a best price.\" \/>\n<meta name=\"robots\" content=\"index, follow, max-snippet:-1, max-image-preview:large, max-video-preview:-1\" \/>\n<link rel=\"canonical\" href=\"https:\/\/fluterm.eu\/no\/prod\/growatt-sph6000tl3-bh-up-6kw-hybrid-inverter-med-128kwh-solcellelagringssett\/\" \/>\n<meta property=\"og:locale\" content=\"nb_NO\" \/>\n<meta property=\"og:type\" content=\"article\" \/>\n<meta property=\"og:title\" content=\"Growatt SPH6000TL3-BH-UP 6kW hybrid inverter med 12,8kWh solcellelagringssett\" \/>\n<meta property=\"og:description\" content=\"Order Growatt SPH6000TL3-BH-UP 6kW hybrid inverter med 12,8kWh solcellelagringssett at a best price.\" \/>\n<meta property=\"og:url\" content=\"https:\/\/fluterm.eu\/no\/prod\/growatt-sph6000tl3-bh-up-6kw-hybrid-inverter-med-128kwh-solcellelagringssett\/\" \/>\n<meta property=\"og:site_name\" content=\"fluterm.eu\" \/>\n<meta property=\"article:modified_time\" content=\"2023-09-06T12:06:36+00:00\" \/>\n<meta property=\"og:image\" content=\"https:\/\/fluterm.eu\/wp-content\/uploads\/2023\/08\/8C2F61C0-EFAD-4C01-9428-CD91962D0463.jpeg\" \/>\n\t<meta property=\"og:image:width\" content=\"560\" \/>\n\t<meta property=\"og:image:height\" content=\"560\" \/>\n\t<meta property=\"og:image:type\" content=\"image\/jpeg\" \/>\n<meta name=\"twitter:card\" content=\"summary_large_image\" \/>\n<meta name=\"twitter:label1\" content=\"Ansl. lesetid\" \/>\n\t<meta name=\"twitter:data1\" content=\"1 minutt\" \/>\n<script type=\"application\/ld+json\" class=\"yoast-schema-graph\">{\"@context\":\"https:\/\/schema.org\",\"@graph\":[{\"@type\":\"WebPage\",\"@id\":\"https:\/\/fluterm.eu\/no\/prod\/growatt-sph6000tl3-bh-up-6kw-hybrid-inverter-med-128kwh-solcellelagringssett\/\",\"url\":\"https:\/\/fluterm.eu\/no\/prod\/growatt-sph6000tl3-bh-up-6kw-hybrid-inverter-med-128kwh-solcellelagringssett\/\",\"name\":\"Growatt SPH6000TL3-BH-UP 6kW hybrid inverter med 12,8kWh solcellelagringssett\",\"isPartOf\":{\"@id\":\"https:\/\/fluterm.eu\/#website\"},\"datePublished\":\"2023-09-03T11:09:05+00:00\",\"dateModified\":\"2023-09-06T12:06:36+00:00\",\"description\":\"Order Growatt SPH6000TL3-BH-UP 6kW hybrid inverter med 12,8kWh solcellelagringssett at a best price.\",\"breadcrumb\":{\"@id\":\"https:\/\/fluterm.eu\/no\/prod\/growatt-sph6000tl3-bh-up-6kw-hybrid-inverter-med-128kwh-solcellelagringssett\/#breadcrumb\"},\"inLanguage\":\"nb-NO\",\"potentialAction\":[{\"@type\":\"ReadAction\",\"target\":[\"https:\/\/fluterm.eu\/no\/prod\/growatt-sph6000tl3-bh-up-6kw-hybrid-inverter-med-128kwh-solcellelagringssett\/\"]}]},{\"@type\":\"BreadcrumbList\",\"@id\":\"https:\/\/fluterm.eu\/no\/prod\/growatt-sph6000tl3-bh-up-6kw-hybrid-inverter-med-128kwh-solcellelagringssett\/#breadcrumb\",\"itemListElement\":[{\"@type\":\"ListItem\",\"position\":1,\"name\":\"Home\",\"item\":\"https:\/\/fluterm.eu\/no\/butikk\/\"},{\"@type\":\"ListItem\",\"position\":2,\"name\":\"Butikk\",\"item\":\"https:\/\/fluterm.eu\/no\/butikk\/\"},{\"@type\":\"ListItem\",\"position\":3,\"name\":\"Growatt SPH6000TL3-BH-UP 6kW hybrid inverter med 12,8kWh solcellelagringssett\"}]},{\"@type\":\"WebSite\",\"@id\":\"https:\/\/fluterm.eu\/#website\",\"url\":\"https:\/\/fluterm.eu\/\",\"name\":\"fluterm.eu\",\"description\":\"\",\"potentialAction\":[{\"@type\":\"SearchAction\",\"target\":{\"@type\":\"EntryPoint\",\"urlTemplate\":\"https:\/\/fluterm.eu\/?s={search_term_string}\"},\"query-input\":\"required name=search_term_string\"}],\"inLanguage\":\"nb-NO\"}]}<\/script>\n<!-- \/ Yoast SEO plugin. -->","yoast_head_json":{"title":"Growatt SPH6000TL3-BH-UP 6kW hybrid inverter med 12,8kWh solcellelagringssett","description":"Order Growatt SPH6000TL3-BH-UP 6kW hybrid inverter med 12,8kWh solcellelagringssett at a best price.","robots":{"index":"index","follow":"follow","max-snippet":"max-snippet:-1","max-image-preview":"max-image-preview:large","max-video-preview":"max-video-preview:-1"},"canonical":"https:\/\/fluterm.eu\/no\/prod\/growatt-sph6000tl3-bh-up-6kw-hybrid-inverter-med-128kwh-solcellelagringssett\/","og_locale":"nb_NO","og_type":"article","og_title":"Growatt SPH6000TL3-BH-UP 6kW hybrid inverter med 12,8kWh solcellelagringssett","og_description":"Order Growatt SPH6000TL3-BH-UP 6kW hybrid inverter med 12,8kWh solcellelagringssett at a best price.","og_url":"https:\/\/fluterm.eu\/no\/prod\/growatt-sph6000tl3-bh-up-6kw-hybrid-inverter-med-128kwh-solcellelagringssett\/","og_site_name":"fluterm.eu","article_modified_time":"2023-09-06T12:06:36+00:00","og_image":[{"width":560,"height":560,"url":"https:\/\/fluterm.eu\/wp-content\/uploads\/2023\/08\/8C2F61C0-EFAD-4C01-9428-CD91962D0463.jpeg","type":"image\/jpeg"}],"twitter_card":"summary_large_image","twitter_misc":{"Ansl. lesetid":"1 minutt"},"schema":{"@context":"https:\/\/schema.org","@graph":[{"@type":"WebPage","@id":"https:\/\/fluterm.eu\/no\/prod\/growatt-sph6000tl3-bh-up-6kw-hybrid-inverter-med-128kwh-solcellelagringssett\/","url":"https:\/\/fluterm.eu\/no\/prod\/growatt-sph6000tl3-bh-up-6kw-hybrid-inverter-med-128kwh-solcellelagringssett\/","name":"Growatt SPH6000TL3-BH-UP 6kW hybrid inverter med 12,8kWh solcellelagringssett","isPartOf":{"@id":"https:\/\/fluterm.eu\/#website"},"datePublished":"2023-09-03T11:09:05+00:00","dateModified":"2023-09-06T12:06:36+00:00","description":"Order Growatt SPH6000TL3-BH-UP 6kW hybrid inverter med 12,8kWh solcellelagringssett at a best price.","breadcrumb":{"@id":"https:\/\/fluterm.eu\/no\/prod\/growatt-sph6000tl3-bh-up-6kw-hybrid-inverter-med-128kwh-solcellelagringssett\/#breadcrumb"},"inLanguage":"nb-NO","potentialAction":[{"@type":"ReadAction","target":["https:\/\/fluterm.eu\/no\/prod\/growatt-sph6000tl3-bh-up-6kw-hybrid-inverter-med-128kwh-solcellelagringssett\/"]}]},{"@type":"BreadcrumbList","@id":"https:\/\/fluterm.eu\/no\/prod\/growatt-sph6000tl3-bh-up-6kw-hybrid-inverter-med-128kwh-solcellelagringssett\/#breadcrumb","itemListElement":[{"@type":"ListItem","position":1,"name":"Home","item":"https:\/\/fluterm.eu\/no\/butikk\/"},{"@type":"ListItem","position":2,"name":"Butikk","item":"https:\/\/fluterm.eu\/no\/butikk\/"},{"@type":"ListItem","position":3,"name":"Growatt SPH6000TL3-BH-UP 6kW hybrid inverter med 12,8kWh solcellelagringssett"}]},{"@type":"WebSite","@id":"https:\/\/fluterm.eu\/#website","url":"https:\/\/fluterm.eu\/","name":"fluterm.eu","description":"","potentialAction":[{"@type":"SearchAction","target":{"@type":"EntryPoint","urlTemplate":"https:\/\/fluterm.eu\/?s={search_term_string}"},"query-input":"required name=search_term_string"}],"inLanguage":"nb-NO"}]}},"_links":{"self":[{"href":"https:\/\/fluterm.eu\/no\/wp-json\/wp\/v2\/product\/9128","targetHints":{"allow":["GET"]}}],"collection":[{"href":"https:\/\/fluterm.eu\/no\/wp-json\/wp\/v2\/product"}],"about":[{"href":"https:\/\/fluterm.eu\/no\/wp-json\/wp\/v2\/types\/product"}],"replies":[{"embeddable":true,"href":"https:\/\/fluterm.eu\/no\/wp-json\/wp\/v2\/comments?post=9128"}],"version-history":[{"count":1,"href":"https:\/\/fluterm.eu\/no\/wp-json\/wp\/v2\/product\/9128\/revisions"}],"predecessor-version":[{"id":13575,"href":"https:\/\/fluterm.eu\/no\/wp-json\/wp\/v2\/product\/9128\/revisions\/13575"}],"wp:featuredmedia":[{"embeddable":true,"href":"https:\/\/fluterm.eu\/no\/wp-json\/wp\/v2\/media\/9059"}],"wp:attachment":[{"href":"https:\/\/fluterm.eu\/no\/wp-json\/wp\/v2\/media?parent=9128"}],"wp:term":[{"taxonomy":"product_cat","embeddable":true,"href":"https:\/\/fluterm.eu\/no\/wp-json\/wp\/v2\/product_cat?post=9128"},{"taxonomy":"product_tag","embeddable":true,"href":"https:\/\/fluterm.eu\/no\/wp-json\/wp\/v2\/product_tag?post=9128"}],"curies":[{"name":"wp","href":"https:\/\/api.w.org\/{rel}","templated":true}]}}