{"id":11057,"date":"2023-08-08T19:17:52","date_gmt":"2023-08-08T16:17:52","guid":{"rendered":"https:\/\/fluterm.eu\/prod\/kompletny-zestaw-ogrzewania-podlogowego-uponor-90m2\/"},"modified":"2023-09-06T18:17:42","modified_gmt":"2023-09-06T15:17:42","slug":"kompletny-zestaw-ogrzewania-podlogowego-uponor-90m2","status":"publish","type":"product","link":"https:\/\/fluterm.eu\/pl\/prod\/kompletny-zestaw-ogrzewania-podlogowego-uponor-90m2\/","title":{"rendered":"Kompletny zestaw ogrzewania pod\u0142ogowego Uponor 90m2"},"content":{"rendered":"<div>Stworzenie idealnego systemu ogrzewania pod\u0142ogowego dla domu lub obiektu komercyjnego to tylko jeden krok dzi\u0119ki naszemu kompletnemu systemowi ogrzewania pod\u0142ogowego ciep\u0142\u0105 wod\u0105. Rura o d\u0142ugo\u015bci wystarczaj\u0105cej do pokrycia 90 m\u00b2 ma wszystkie wysokiej jako\u015bci produkty i cz\u0119\u015bci, kt\u00f3rych mo\u017cna oczekiwa\u0107.<\/div>\n<div><\/div>\n<p>System ogrzewania pod\u0142ogowego Pipe &amp; Clip jest prosty w instalacji, rura Pex jest wpinana w warstw\u0119 izolacyjn\u0105 przed na\u0142o\u017ceniem jastrychu lub wylaniem p\u0142ynnego jastrychu.<\/p>\n<div>Zawsze zalecamy dok\u0142adne przyci\u0119cie i rozwiercenie rury, aby zapewni\u0107 dobre po\u0142\u0105czenie ze z\u0142\u0105czkami, zapobiegaj\u0105c wyciekom.<\/div>\n<div><\/div>\n<div><b>Zestaw grzewczy &#8211; 90,0 m\u00b2:<\/b><\/div>\n<div><\/div>\n<div>\n<ul>\n<li>720 metr\u00f3w rury 16 mm uponor comfort pipe<\/li>\n<li>&#8222;Pompa wilo yonos para o niskim zu\u017cyciu energii i automatyczny zaw\u00f3r mieszaj\u0105cy thermomix <strong>UPONOR<\/strong><\/li>\n<li>9-portowy rozdzielacz &#8211; wysokiej jako\u015bci niklowany mosi\u0105dz z podw\u00f3jnym rozdzielaczem <strong>UPONOR<\/strong><\/li>\n<li>2 x zawory spustowe\/nape\u0142niaj\u0105ce<\/li>\n<li>2 x zawory kulowe<\/li>\n<li>2 x zawory odpowietrzaj\u0105ce<\/li>\n<li>Z\u0142\u0105cza rurowe 18 x 16 mm (Eurocone)<\/li>\n<li>2400 Opaski zaciskowe do rur o wysokiej przyczepno\u015bci<\/li>\n<li>Izolacja kraw\u0119dzi 75m<\/li>\n<li>folia aluminiowa 100m2<\/li>\n<\/ul>\n<p>Pokrycie pod\u0142ogi: 90,0m\u00b2 &#8211; 110,0m\u00b2<br \/>\n&#8211; 90,0 m\u00b2 przy rozstawie 150 mm dla obszar\u00f3w o wysokich stratach ciep\u0142a (ogrody zimowe)<br \/>\n&#8211; 110,0 m\u00b2 przy rozstawie 200 mm dla ogrzewania podstawowego (salon, \u0142azienka, sypialnie)<\/p>\n<\/div>\n<div id=\"jp-relatedposts\" class=\"jp-relatedposts\">\n<h3 class=\"jp-relatedposts-headline\"><\/h3>\n<\/div>\n","protected":false},"excerpt":{"rendered":"<p>Stworzenie idealnego systemu ogrzewania pod\u0142ogowego dla domu lub obiektu komercyjnego to tylko jeden krok dzi\u0119ki naszemu kompletnemu systemowi ogrzewania pod\u0142ogowego ciep\u0142\u0105 wod\u0105. Rura o d\u0142ugo\u015bci wystarczaj\u0105cej do pokrycia 90 m\u00b2 ma wszystkie wysokiej jako\u015bci produkty i cz\u0119\u015bci, kt\u00f3rych mo\u017cna oczekiwa\u0107. System ogrzewania pod\u0142ogowego Pipe &amp; Clip jest prosty w instalacji, rura Pex jest wpinana w&hellip;<\/p>\n","protected":false},"featured_media":11066,"comment_status":"open","ping_status":"closed","template":"","meta":[],"product_cat":[891],"product_tag":[],"class_list":{"0":"post-11057","1":"product","2":"type-product","3":"status-publish","4":"has-post-thumbnail","6":"product_cat-kompletne-pakiety-ogrzewania-podlogowego","8":"first","9":"instock","10":"taxable","11":"shipping-taxable","12":"purchasable","13":"product-type-simple","14":"col-xs-6 col-sm-4","15":"col-md-4 col-lg-4","16":"un-3-cols"},"acf":[],"yoast_head":"<!-- This site is optimized with the Yoast SEO plugin v21.2 - https:\/\/yoast.com\/wordpress\/plugins\/seo\/ -->\n<title>Kompletny zestaw ogrzewania pod\u0142ogowego Uponor 90m2<\/title>\n<meta name=\"description\" content=\"Order Kompletny zestaw ogrzewania pod\u0142ogowego Uponor 90m2 at a best price.\" \/>\n<meta name=\"robots\" content=\"index, follow, max-snippet:-1, max-image-preview:large, max-video-preview:-1\" \/>\n<link rel=\"canonical\" href=\"https:\/\/fluterm.eu\/pl\/prod\/kompletny-zestaw-ogrzewania-podlogowego-uponor-90m2\/\" \/>\n<meta property=\"og:locale\" content=\"pl_PL\" \/>\n<meta property=\"og:type\" content=\"article\" \/>\n<meta property=\"og:title\" content=\"Kompletny zestaw ogrzewania pod\u0142ogowego Uponor 90m2\" \/>\n<meta property=\"og:description\" content=\"Order Kompletny zestaw ogrzewania pod\u0142ogowego Uponor 90m2 at a best price.\" \/>\n<meta property=\"og:url\" content=\"https:\/\/fluterm.eu\/pl\/prod\/kompletny-zestaw-ogrzewania-podlogowego-uponor-90m2\/\" \/>\n<meta property=\"og:site_name\" content=\"fluterm.eu\" \/>\n<meta property=\"article:modified_time\" content=\"2023-09-06T15:17:42+00:00\" \/>\n<meta property=\"og:image\" content=\"https:\/\/fluterm.eu\/wp-content\/uploads\/2023\/08\/A8388EBB-300C-45C5-8F6F-A2A425008098_1_201_a.jpeg\" \/>\n\t<meta property=\"og:image:width\" content=\"2048\" \/>\n\t<meta property=\"og:image:height\" content=\"2048\" \/>\n\t<meta property=\"og:image:type\" content=\"image\/jpeg\" \/>\n<meta name=\"twitter:card\" content=\"summary_large_image\" \/>\n<meta name=\"twitter:label1\" content=\"Szacowany czas czytania\" \/>\n\t<meta name=\"twitter:data1\" content=\"1 minuta\" \/>\n<script type=\"application\/ld+json\" class=\"yoast-schema-graph\">{\"@context\":\"https:\/\/schema.org\",\"@graph\":[{\"@type\":\"WebPage\",\"@id\":\"https:\/\/fluterm.eu\/pl\/prod\/kompletny-zestaw-ogrzewania-podlogowego-uponor-90m2\/\",\"url\":\"https:\/\/fluterm.eu\/pl\/prod\/kompletny-zestaw-ogrzewania-podlogowego-uponor-90m2\/\",\"name\":\"Kompletny zestaw ogrzewania pod\u0142ogowego Uponor 90m2\",\"isPartOf\":{\"@id\":\"https:\/\/fluterm.eu\/#website\"},\"datePublished\":\"2023-08-08T16:17:52+00:00\",\"dateModified\":\"2023-09-06T15:17:42+00:00\",\"description\":\"Order Kompletny zestaw ogrzewania pod\u0142ogowego Uponor 90m2 at a best price.\",\"breadcrumb\":{\"@id\":\"https:\/\/fluterm.eu\/pl\/prod\/kompletny-zestaw-ogrzewania-podlogowego-uponor-90m2\/#breadcrumb\"},\"inLanguage\":\"pl-PL\",\"potentialAction\":[{\"@type\":\"ReadAction\",\"target\":[\"https:\/\/fluterm.eu\/pl\/prod\/kompletny-zestaw-ogrzewania-podlogowego-uponor-90m2\/\"]}]},{\"@type\":\"BreadcrumbList\",\"@id\":\"https:\/\/fluterm.eu\/pl\/prod\/kompletny-zestaw-ogrzewania-podlogowego-uponor-90m2\/#breadcrumb\",\"itemListElement\":[{\"@type\":\"ListItem\",\"position\":1,\"name\":\"Home\",\"item\":\"https:\/\/fluterm.eu\/pl\/sklep\/\"},{\"@type\":\"ListItem\",\"position\":2,\"name\":\"Sklep\",\"item\":\"https:\/\/fluterm.eu\/pl\/sklep\/\"},{\"@type\":\"ListItem\",\"position\":3,\"name\":\"Kompletny zestaw ogrzewania pod\u0142ogowego Uponor 90m2\"}]},{\"@type\":\"WebSite\",\"@id\":\"https:\/\/fluterm.eu\/#website\",\"url\":\"https:\/\/fluterm.eu\/\",\"name\":\"fluterm.eu\",\"description\":\"\",\"potentialAction\":[{\"@type\":\"SearchAction\",\"target\":{\"@type\":\"EntryPoint\",\"urlTemplate\":\"https:\/\/fluterm.eu\/?s={search_term_string}\"},\"query-input\":\"required name=search_term_string\"}],\"inLanguage\":\"pl-PL\"}]}<\/script>\n<!-- \/ Yoast SEO plugin. -->","yoast_head_json":{"title":"Kompletny zestaw ogrzewania pod\u0142ogowego Uponor 90m2","description":"Order Kompletny zestaw ogrzewania pod\u0142ogowego Uponor 90m2 at a best price.","robots":{"index":"index","follow":"follow","max-snippet":"max-snippet:-1","max-image-preview":"max-image-preview:large","max-video-preview":"max-video-preview:-1"},"canonical":"https:\/\/fluterm.eu\/pl\/prod\/kompletny-zestaw-ogrzewania-podlogowego-uponor-90m2\/","og_locale":"pl_PL","og_type":"article","og_title":"Kompletny zestaw ogrzewania pod\u0142ogowego Uponor 90m2","og_description":"Order Kompletny zestaw ogrzewania pod\u0142ogowego Uponor 90m2 at a best price.","og_url":"https:\/\/fluterm.eu\/pl\/prod\/kompletny-zestaw-ogrzewania-podlogowego-uponor-90m2\/","og_site_name":"fluterm.eu","article_modified_time":"2023-09-06T15:17:42+00:00","og_image":[{"width":2048,"height":2048,"url":"https:\/\/fluterm.eu\/wp-content\/uploads\/2023\/08\/A8388EBB-300C-45C5-8F6F-A2A425008098_1_201_a.jpeg","type":"image\/jpeg"}],"twitter_card":"summary_large_image","twitter_misc":{"Szacowany czas czytania":"1 minuta"},"schema":{"@context":"https:\/\/schema.org","@graph":[{"@type":"WebPage","@id":"https:\/\/fluterm.eu\/pl\/prod\/kompletny-zestaw-ogrzewania-podlogowego-uponor-90m2\/","url":"https:\/\/fluterm.eu\/pl\/prod\/kompletny-zestaw-ogrzewania-podlogowego-uponor-90m2\/","name":"Kompletny zestaw ogrzewania pod\u0142ogowego Uponor 90m2","isPartOf":{"@id":"https:\/\/fluterm.eu\/#website"},"datePublished":"2023-08-08T16:17:52+00:00","dateModified":"2023-09-06T15:17:42+00:00","description":"Order Kompletny zestaw ogrzewania pod\u0142ogowego Uponor 90m2 at a best price.","breadcrumb":{"@id":"https:\/\/fluterm.eu\/pl\/prod\/kompletny-zestaw-ogrzewania-podlogowego-uponor-90m2\/#breadcrumb"},"inLanguage":"pl-PL","potentialAction":[{"@type":"ReadAction","target":["https:\/\/fluterm.eu\/pl\/prod\/kompletny-zestaw-ogrzewania-podlogowego-uponor-90m2\/"]}]},{"@type":"BreadcrumbList","@id":"https:\/\/fluterm.eu\/pl\/prod\/kompletny-zestaw-ogrzewania-podlogowego-uponor-90m2\/#breadcrumb","itemListElement":[{"@type":"ListItem","position":1,"name":"Home","item":"https:\/\/fluterm.eu\/pl\/sklep\/"},{"@type":"ListItem","position":2,"name":"Sklep","item":"https:\/\/fluterm.eu\/pl\/sklep\/"},{"@type":"ListItem","position":3,"name":"Kompletny zestaw ogrzewania pod\u0142ogowego Uponor 90m2"}]},{"@type":"WebSite","@id":"https:\/\/fluterm.eu\/#website","url":"https:\/\/fluterm.eu\/","name":"fluterm.eu","description":"","potentialAction":[{"@type":"SearchAction","target":{"@type":"EntryPoint","urlTemplate":"https:\/\/fluterm.eu\/?s={search_term_string}"},"query-input":"required name=search_term_string"}],"inLanguage":"pl-PL"}]}},"_links":{"self":[{"href":"https:\/\/fluterm.eu\/pl\/wp-json\/wp\/v2\/product\/11057","targetHints":{"allow":["GET"]}}],"collection":[{"href":"https:\/\/fluterm.eu\/pl\/wp-json\/wp\/v2\/product"}],"about":[{"href":"https:\/\/fluterm.eu\/pl\/wp-json\/wp\/v2\/types\/product"}],"replies":[{"embeddable":true,"href":"https:\/\/fluterm.eu\/pl\/wp-json\/wp\/v2\/comments?post=11057"}],"version-history":[{"count":1,"href":"https:\/\/fluterm.eu\/pl\/wp-json\/wp\/v2\/product\/11057\/revisions"}],"predecessor-version":[{"id":13678,"href":"https:\/\/fluterm.eu\/pl\/wp-json\/wp\/v2\/product\/11057\/revisions\/13678"}],"wp:featuredmedia":[{"embeddable":true,"href":"https:\/\/fluterm.eu\/pl\/wp-json\/wp\/v2\/media\/11066"}],"wp:attachment":[{"href":"https:\/\/fluterm.eu\/pl\/wp-json\/wp\/v2\/media?parent=11057"}],"wp:term":[{"taxonomy":"product_cat","embeddable":true,"href":"https:\/\/fluterm.eu\/pl\/wp-json\/wp\/v2\/product_cat?post=11057"},{"taxonomy":"product_tag","embeddable":true,"href":"https:\/\/fluterm.eu\/pl\/wp-json\/wp\/v2\/product_tag?post=11057"}],"curies":[{"name":"wp","href":"https:\/\/api.w.org\/{rel}","templated":true}]}}