{"id":14220,"date":"2023-06-10T14:50:40","date_gmt":"2023-06-10T11:50:40","guid":{"rendered":"https:\/\/fluterm.eu\/prod\/krzywe-prowadzace-rury-ogrzewania-podlogowego-14-18-mm\/"},"modified":"2023-06-10T14:50:40","modified_gmt":"2023-06-10T11:50:40","slug":"floor-heating-pipe-guide-curves","status":"publish","type":"product","link":"https:\/\/fluterm.eu\/pl\/prod\/floor-heating-pipe-guide-curves\/","title":{"rendered":"Krzywe prowadz\u0105ce rury ogrzewania pod\u0142ogowego 14-18 mm"},"content":{"rendered":"<p>Wspornik gi\u0119cia s\u0142u\u017cy do podpierania rur w celu<br \/>\np\u0142ynny obr\u00f3t o 90 stopni w razie potrzeby &amp;<br \/>\nzapewnia sztywne wygi\u0119cie, kt\u00f3re zmienia rury<br \/>\nkierunek bez powodowania nadmiernego zginania<\/p>\n","protected":false},"excerpt":{"rendered":"<p>Wspornik gi\u0119cia s\u0142u\u017cy do podpierania rur w celu p\u0142ynny obr\u00f3t o 90 stopni w razie potrzeby &amp; zapewnia sztywne wygi\u0119cie, kt\u00f3re zmienia rury kierunek bez powodowania nadmiernego zginania<\/p>\n","protected":false},"featured_media":2661,"comment_status":"open","ping_status":"closed","template":"","meta":[],"product_cat":[831],"product_tag":[],"class_list":{"0":"post-14220","1":"product","2":"type-product","3":"status-publish","4":"has-post-thumbnail","6":"product_cat-rozne","8":"first","9":"instock","10":"sale","11":"taxable","12":"shipping-taxable","13":"purchasable","14":"product-type-simple","15":"col-xs-6 col-sm-4","16":"col-md-4 col-lg-4","17":"un-3-cols"},"acf":[],"yoast_head":"<!-- This site is optimized with the Yoast SEO plugin v21.2 - https:\/\/yoast.com\/wordpress\/plugins\/seo\/ -->\n<title>Krzywe prowadz\u0105ce rury ogrzewania pod\u0142ogowego 14-18 mm<\/title>\n<meta name=\"description\" content=\"Order Krzywe prowadz\u0105ce rury ogrzewania pod\u0142ogowego 14-18 mm at a best price.\" \/>\n<meta name=\"robots\" content=\"index, follow, max-snippet:-1, max-image-preview:large, max-video-preview:-1\" \/>\n<link rel=\"canonical\" href=\"https:\/\/fluterm.eu\/pl\/prod\/krzywe-prowadzace-rury-ogrzewania-podlogowego-14-18-mm\/\" \/>\n<meta property=\"og:locale\" content=\"pl_PL\" \/>\n<meta property=\"og:type\" content=\"article\" \/>\n<meta property=\"og:title\" content=\"Krzywe prowadz\u0105ce rury ogrzewania pod\u0142ogowego 14-18 mm\" \/>\n<meta property=\"og:description\" content=\"Order Krzywe prowadz\u0105ce rury ogrzewania pod\u0142ogowego 14-18 mm at a best price.\" \/>\n<meta property=\"og:url\" content=\"https:\/\/fluterm.eu\/pl\/prod\/krzywe-prowadzace-rury-ogrzewania-podlogowego-14-18-mm\/\" \/>\n<meta property=\"og:site_name\" content=\"fluterm.eu\" \/>\n<meta property=\"og:image\" content=\"https:\/\/fluterm.eu\/wp-content\/uploads\/2023\/06\/2A5BA5C4-DA74-4499-8826-F158349D16B2.jpeg\" \/>\n\t<meta property=\"og:image:width\" content=\"500\" \/>\n\t<meta property=\"og:image:height\" content=\"500\" \/>\n\t<meta property=\"og:image:type\" content=\"image\/jpeg\" \/>\n<meta name=\"twitter:card\" content=\"summary_large_image\" \/>\n<script type=\"application\/ld+json\" class=\"yoast-schema-graph\">{\"@context\":\"https:\/\/schema.org\",\"@graph\":[{\"@type\":\"WebPage\",\"@id\":\"https:\/\/fluterm.eu\/pl\/prod\/krzywe-prowadzace-rury-ogrzewania-podlogowego-14-18-mm\/\",\"url\":\"https:\/\/fluterm.eu\/pl\/prod\/krzywe-prowadzace-rury-ogrzewania-podlogowego-14-18-mm\/\",\"name\":\"Krzywe prowadz\u0105ce rury ogrzewania pod\u0142ogowego 14-18 mm\",\"isPartOf\":{\"@id\":\"https:\/\/fluterm.eu\/#website\"},\"datePublished\":\"2023-06-10T11:50:40+00:00\",\"dateModified\":\"2023-06-10T11:50:40+00:00\",\"description\":\"Order Krzywe prowadz\u0105ce rury ogrzewania pod\u0142ogowego 14-18 mm at a best price.\",\"breadcrumb\":{\"@id\":\"https:\/\/fluterm.eu\/pl\/prod\/krzywe-prowadzace-rury-ogrzewania-podlogowego-14-18-mm\/#breadcrumb\"},\"inLanguage\":\"pl-PL\",\"potentialAction\":[{\"@type\":\"ReadAction\",\"target\":[\"https:\/\/fluterm.eu\/pl\/prod\/krzywe-prowadzace-rury-ogrzewania-podlogowego-14-18-mm\/\"]}]},{\"@type\":\"BreadcrumbList\",\"@id\":\"https:\/\/fluterm.eu\/pl\/prod\/krzywe-prowadzace-rury-ogrzewania-podlogowego-14-18-mm\/#breadcrumb\",\"itemListElement\":[{\"@type\":\"ListItem\",\"position\":1,\"name\":\"Home\",\"item\":\"https:\/\/fluterm.eu\/pl\/sklep\/\"},{\"@type\":\"ListItem\",\"position\":2,\"name\":\"Sklep\",\"item\":\"https:\/\/fluterm.eu\/pl\/sklep\/\"},{\"@type\":\"ListItem\",\"position\":3,\"name\":\"Krzywe prowadz\u0105ce rury ogrzewania pod\u0142ogowego 14-18 mm\"}]},{\"@type\":\"WebSite\",\"@id\":\"https:\/\/fluterm.eu\/#website\",\"url\":\"https:\/\/fluterm.eu\/\",\"name\":\"fluterm.eu\",\"description\":\"\",\"potentialAction\":[{\"@type\":\"SearchAction\",\"target\":{\"@type\":\"EntryPoint\",\"urlTemplate\":\"https:\/\/fluterm.eu\/?s={search_term_string}\"},\"query-input\":\"required name=search_term_string\"}],\"inLanguage\":\"pl-PL\"}]}<\/script>\n<!-- \/ Yoast SEO plugin. -->","yoast_head_json":{"title":"Krzywe prowadz\u0105ce rury ogrzewania pod\u0142ogowego 14-18 mm","description":"Order Krzywe prowadz\u0105ce rury ogrzewania pod\u0142ogowego 14-18 mm at a best price.","robots":{"index":"index","follow":"follow","max-snippet":"max-snippet:-1","max-image-preview":"max-image-preview:large","max-video-preview":"max-video-preview:-1"},"canonical":"https:\/\/fluterm.eu\/pl\/prod\/krzywe-prowadzace-rury-ogrzewania-podlogowego-14-18-mm\/","og_locale":"pl_PL","og_type":"article","og_title":"Krzywe prowadz\u0105ce rury ogrzewania pod\u0142ogowego 14-18 mm","og_description":"Order Krzywe prowadz\u0105ce rury ogrzewania pod\u0142ogowego 14-18 mm at a best price.","og_url":"https:\/\/fluterm.eu\/pl\/prod\/krzywe-prowadzace-rury-ogrzewania-podlogowego-14-18-mm\/","og_site_name":"fluterm.eu","og_image":[{"width":500,"height":500,"url":"https:\/\/fluterm.eu\/wp-content\/uploads\/2023\/06\/2A5BA5C4-DA74-4499-8826-F158349D16B2.jpeg","type":"image\/jpeg"}],"twitter_card":"summary_large_image","schema":{"@context":"https:\/\/schema.org","@graph":[{"@type":"WebPage","@id":"https:\/\/fluterm.eu\/pl\/prod\/krzywe-prowadzace-rury-ogrzewania-podlogowego-14-18-mm\/","url":"https:\/\/fluterm.eu\/pl\/prod\/krzywe-prowadzace-rury-ogrzewania-podlogowego-14-18-mm\/","name":"Krzywe prowadz\u0105ce rury ogrzewania pod\u0142ogowego 14-18 mm","isPartOf":{"@id":"https:\/\/fluterm.eu\/#website"},"datePublished":"2023-06-10T11:50:40+00:00","dateModified":"2023-06-10T11:50:40+00:00","description":"Order Krzywe prowadz\u0105ce rury ogrzewania pod\u0142ogowego 14-18 mm at a best price.","breadcrumb":{"@id":"https:\/\/fluterm.eu\/pl\/prod\/krzywe-prowadzace-rury-ogrzewania-podlogowego-14-18-mm\/#breadcrumb"},"inLanguage":"pl-PL","potentialAction":[{"@type":"ReadAction","target":["https:\/\/fluterm.eu\/pl\/prod\/krzywe-prowadzace-rury-ogrzewania-podlogowego-14-18-mm\/"]}]},{"@type":"BreadcrumbList","@id":"https:\/\/fluterm.eu\/pl\/prod\/krzywe-prowadzace-rury-ogrzewania-podlogowego-14-18-mm\/#breadcrumb","itemListElement":[{"@type":"ListItem","position":1,"name":"Home","item":"https:\/\/fluterm.eu\/pl\/sklep\/"},{"@type":"ListItem","position":2,"name":"Sklep","item":"https:\/\/fluterm.eu\/pl\/sklep\/"},{"@type":"ListItem","position":3,"name":"Krzywe prowadz\u0105ce rury ogrzewania pod\u0142ogowego 14-18 mm"}]},{"@type":"WebSite","@id":"https:\/\/fluterm.eu\/#website","url":"https:\/\/fluterm.eu\/","name":"fluterm.eu","description":"","potentialAction":[{"@type":"SearchAction","target":{"@type":"EntryPoint","urlTemplate":"https:\/\/fluterm.eu\/?s={search_term_string}"},"query-input":"required name=search_term_string"}],"inLanguage":"pl-PL"}]}},"_links":{"self":[{"href":"https:\/\/fluterm.eu\/pl\/wp-json\/wp\/v2\/product\/14220","targetHints":{"allow":["GET"]}}],"collection":[{"href":"https:\/\/fluterm.eu\/pl\/wp-json\/wp\/v2\/product"}],"about":[{"href":"https:\/\/fluterm.eu\/pl\/wp-json\/wp\/v2\/types\/product"}],"replies":[{"embeddable":true,"href":"https:\/\/fluterm.eu\/pl\/wp-json\/wp\/v2\/comments?post=14220"}],"version-history":[{"count":0,"href":"https:\/\/fluterm.eu\/pl\/wp-json\/wp\/v2\/product\/14220\/revisions"}],"wp:featuredmedia":[{"embeddable":true,"href":"https:\/\/fluterm.eu\/pl\/wp-json\/wp\/v2\/media\/2661"}],"wp:attachment":[{"href":"https:\/\/fluterm.eu\/pl\/wp-json\/wp\/v2\/media?parent=14220"}],"wp:term":[{"taxonomy":"product_cat","embeddable":true,"href":"https:\/\/fluterm.eu\/pl\/wp-json\/wp\/v2\/product_cat?post=14220"},{"taxonomy":"product_tag","embeddable":true,"href":"https:\/\/fluterm.eu\/pl\/wp-json\/wp\/v2\/product_tag?post=14220"}],"curies":[{"name":"wp","href":"https:\/\/api.w.org\/{rel}","templated":true}]}}