{"id":14316,"date":"2023-06-10T14:50:41","date_gmt":"2023-06-10T11:50:41","guid":{"rendered":"https:\/\/fluterm.eu\/prod\/w-pelni-wyposazony-12-obwodowy-dystrybutor-ogrzewania-podlogowego\/"},"modified":"2023-09-06T17:13:53","modified_gmt":"2023-09-06T14:13:53","slug":"w-pelni-wyposazony-12-drozny-rozdzielacz-ogrzewania-podlogowego","status":"publish","type":"product","link":"https:\/\/fluterm.eu\/pl\/prod\/w-pelni-wyposazony-12-drozny-rozdzielacz-ogrzewania-podlogowego\/","title":{"rendered":"W pe\u0142ni wyposa\u017cony 12-obwodowy dystrybutor ogrzewania pod\u0142ogowego"},"content":{"rendered":"<p>24 x euroconus pex 16\/17&#215;2<\/p>\n<p>1 x metalbox<\/p>\n<p>Dostarczane przez nas kompletne rozdzielacze 12-portowe s\u0105 zaprojektowane zgodnie z najwy\u017cszymi standardami bran\u017cowymi.<br \/>\nzapewniaj\u0105c doskona\u0142e wyniki poparte pe\u0142n\u0105 25-letni\u0105 gwarancj\u0105.<\/p>\n<p>Rozdzielacze s\u0105 produkowane wy\u0142\u0105cznie z wysokiej jako\u015bci mosi\u0105dzu.<\/p>\n<p>wyj\u0105tkowa wydajno\u015b\u0107 i ca\u0142kowity spok\u00f3j ducha.<\/p>\n<p>Rozdzielacze te s\u0105 dost\u0119pne w wersjach od 2 do 12 port\u00f3w, co pozwala na instalacj\u0119 dowolnej wielko\u015bci.<\/p>\n<p><strong><em>Zatwierdzony przez WRAS<\/em><\/strong><\/p>\n","protected":false},"excerpt":{"rendered":"<p>24 x euroconus pex 16\/17&#215;2 1 x metalbox Dostarczane przez nas kompletne rozdzielacze 12-portowe s\u0105 zaprojektowane zgodnie z najwy\u017cszymi standardami bran\u017cowymi. zapewniaj\u0105c doskona\u0142e wyniki poparte pe\u0142n\u0105 25-letni\u0105 gwarancj\u0105. Rozdzielacze s\u0105 produkowane wy\u0142\u0105cznie z wysokiej jako\u015bci mosi\u0105dzu. wyj\u0105tkowa wydajno\u015b\u0107 i ca\u0142kowity spok\u00f3j ducha. Rozdzielacze te s\u0105 dost\u0119pne w wersjach od 2 do 12 port\u00f3w, co pozwala&hellip;<\/p>\n","protected":false},"featured_media":2850,"comment_status":"open","ping_status":"closed","template":"","meta":[],"product_cat":[819],"product_tag":[],"class_list":{"0":"post-14316","1":"product","2":"type-product","3":"status-publish","4":"has-post-thumbnail","6":"product_cat-dystrybutorzy-ogrzewania-podlogowego","8":"first","9":"instock","10":"sale","11":"taxable","12":"shipping-taxable","13":"purchasable","14":"product-type-simple","15":"col-xs-6 col-sm-4","16":"col-md-4 col-lg-4","17":"un-3-cols"},"acf":[],"yoast_head":"<!-- This site is optimized with the Yoast SEO plugin v21.2 - https:\/\/yoast.com\/wordpress\/plugins\/seo\/ -->\n<title>W pe\u0142ni wyposa\u017cony 12-obwodowy dystrybutor ogrzewania pod\u0142ogowego<\/title>\n<meta name=\"description\" content=\"Order W pe\u0142ni wyposa\u017cony 12-obwodowy dystrybutor ogrzewania pod\u0142ogowego at a best price.\" \/>\n<meta name=\"robots\" content=\"index, follow, max-snippet:-1, max-image-preview:large, max-video-preview:-1\" \/>\n<link rel=\"canonical\" href=\"https:\/\/fluterm.eu\/pl\/prod\/w-pelni-wyposazony-12-drozny-rozdzielacz-ogrzewania-podlogowego\/\" \/>\n<meta property=\"og:locale\" content=\"pl_PL\" \/>\n<meta property=\"og:type\" content=\"article\" \/>\n<meta property=\"og:title\" content=\"W pe\u0142ni wyposa\u017cony 12-obwodowy dystrybutor ogrzewania pod\u0142ogowego\" \/>\n<meta property=\"og:description\" content=\"Order W pe\u0142ni wyposa\u017cony 12-obwodowy dystrybutor ogrzewania pod\u0142ogowego at a best price.\" \/>\n<meta property=\"og:url\" content=\"https:\/\/fluterm.eu\/pl\/prod\/w-pelni-wyposazony-12-drozny-rozdzielacz-ogrzewania-podlogowego\/\" \/>\n<meta property=\"og:site_name\" content=\"fluterm.eu\" \/>\n<meta property=\"article:modified_time\" content=\"2023-09-06T14:13:53+00:00\" \/>\n<meta property=\"og:image\" content=\"https:\/\/fluterm.eu\/wp-content\/uploads\/2023\/06\/B68EE728-A2A5-4B6F-91DF-D2AE6F1480D9.jpeg\" \/>\n\t<meta property=\"og:image:width\" content=\"2000\" \/>\n\t<meta property=\"og:image:height\" content=\"2000\" \/>\n\t<meta property=\"og:image:type\" content=\"image\/jpeg\" \/>\n<meta name=\"twitter:card\" content=\"summary_large_image\" \/>\n<script type=\"application\/ld+json\" class=\"yoast-schema-graph\">{\"@context\":\"https:\/\/schema.org\",\"@graph\":[{\"@type\":\"WebPage\",\"@id\":\"https:\/\/fluterm.eu\/pl\/prod\/w-pelni-wyposazony-12-drozny-rozdzielacz-ogrzewania-podlogowego\/\",\"url\":\"https:\/\/fluterm.eu\/pl\/prod\/w-pelni-wyposazony-12-drozny-rozdzielacz-ogrzewania-podlogowego\/\",\"name\":\"W pe\u0142ni wyposa\u017cony 12-obwodowy dystrybutor ogrzewania pod\u0142ogowego\",\"isPartOf\":{\"@id\":\"https:\/\/fluterm.eu\/#website\"},\"datePublished\":\"2023-06-10T11:50:41+00:00\",\"dateModified\":\"2023-09-06T14:13:53+00:00\",\"description\":\"Order W pe\u0142ni wyposa\u017cony 12-obwodowy dystrybutor ogrzewania pod\u0142ogowego at a best price.\",\"breadcrumb\":{\"@id\":\"https:\/\/fluterm.eu\/pl\/prod\/w-pelni-wyposazony-12-drozny-rozdzielacz-ogrzewania-podlogowego\/#breadcrumb\"},\"inLanguage\":\"pl-PL\",\"potentialAction\":[{\"@type\":\"ReadAction\",\"target\":[\"https:\/\/fluterm.eu\/pl\/prod\/w-pelni-wyposazony-12-drozny-rozdzielacz-ogrzewania-podlogowego\/\"]}]},{\"@type\":\"BreadcrumbList\",\"@id\":\"https:\/\/fluterm.eu\/pl\/prod\/w-pelni-wyposazony-12-drozny-rozdzielacz-ogrzewania-podlogowego\/#breadcrumb\",\"itemListElement\":[{\"@type\":\"ListItem\",\"position\":1,\"name\":\"Home\",\"item\":\"https:\/\/fluterm.eu\/pl\/sklep\/\"},{\"@type\":\"ListItem\",\"position\":2,\"name\":\"Sklep\",\"item\":\"https:\/\/fluterm.eu\/pl\/sklep\/\"},{\"@type\":\"ListItem\",\"position\":3,\"name\":\"W pe\u0142ni wyposa\u017cony 12-obwodowy dystrybutor ogrzewania pod\u0142ogowego\"}]},{\"@type\":\"WebSite\",\"@id\":\"https:\/\/fluterm.eu\/#website\",\"url\":\"https:\/\/fluterm.eu\/\",\"name\":\"fluterm.eu\",\"description\":\"\",\"potentialAction\":[{\"@type\":\"SearchAction\",\"target\":{\"@type\":\"EntryPoint\",\"urlTemplate\":\"https:\/\/fluterm.eu\/?s={search_term_string}\"},\"query-input\":\"required name=search_term_string\"}],\"inLanguage\":\"pl-PL\"}]}<\/script>\n<!-- \/ Yoast SEO plugin. -->","yoast_head_json":{"title":"W pe\u0142ni wyposa\u017cony 12-obwodowy dystrybutor ogrzewania pod\u0142ogowego","description":"Order W pe\u0142ni wyposa\u017cony 12-obwodowy dystrybutor ogrzewania pod\u0142ogowego at a best price.","robots":{"index":"index","follow":"follow","max-snippet":"max-snippet:-1","max-image-preview":"max-image-preview:large","max-video-preview":"max-video-preview:-1"},"canonical":"https:\/\/fluterm.eu\/pl\/prod\/w-pelni-wyposazony-12-drozny-rozdzielacz-ogrzewania-podlogowego\/","og_locale":"pl_PL","og_type":"article","og_title":"W pe\u0142ni wyposa\u017cony 12-obwodowy dystrybutor ogrzewania pod\u0142ogowego","og_description":"Order W pe\u0142ni wyposa\u017cony 12-obwodowy dystrybutor ogrzewania pod\u0142ogowego at a best price.","og_url":"https:\/\/fluterm.eu\/pl\/prod\/w-pelni-wyposazony-12-drozny-rozdzielacz-ogrzewania-podlogowego\/","og_site_name":"fluterm.eu","article_modified_time":"2023-09-06T14:13:53+00:00","og_image":[{"width":2000,"height":2000,"url":"https:\/\/fluterm.eu\/wp-content\/uploads\/2023\/06\/B68EE728-A2A5-4B6F-91DF-D2AE6F1480D9.jpeg","type":"image\/jpeg"}],"twitter_card":"summary_large_image","schema":{"@context":"https:\/\/schema.org","@graph":[{"@type":"WebPage","@id":"https:\/\/fluterm.eu\/pl\/prod\/w-pelni-wyposazony-12-drozny-rozdzielacz-ogrzewania-podlogowego\/","url":"https:\/\/fluterm.eu\/pl\/prod\/w-pelni-wyposazony-12-drozny-rozdzielacz-ogrzewania-podlogowego\/","name":"W pe\u0142ni wyposa\u017cony 12-obwodowy dystrybutor ogrzewania pod\u0142ogowego","isPartOf":{"@id":"https:\/\/fluterm.eu\/#website"},"datePublished":"2023-06-10T11:50:41+00:00","dateModified":"2023-09-06T14:13:53+00:00","description":"Order W pe\u0142ni wyposa\u017cony 12-obwodowy dystrybutor ogrzewania pod\u0142ogowego at a best price.","breadcrumb":{"@id":"https:\/\/fluterm.eu\/pl\/prod\/w-pelni-wyposazony-12-drozny-rozdzielacz-ogrzewania-podlogowego\/#breadcrumb"},"inLanguage":"pl-PL","potentialAction":[{"@type":"ReadAction","target":["https:\/\/fluterm.eu\/pl\/prod\/w-pelni-wyposazony-12-drozny-rozdzielacz-ogrzewania-podlogowego\/"]}]},{"@type":"BreadcrumbList","@id":"https:\/\/fluterm.eu\/pl\/prod\/w-pelni-wyposazony-12-drozny-rozdzielacz-ogrzewania-podlogowego\/#breadcrumb","itemListElement":[{"@type":"ListItem","position":1,"name":"Home","item":"https:\/\/fluterm.eu\/pl\/sklep\/"},{"@type":"ListItem","position":2,"name":"Sklep","item":"https:\/\/fluterm.eu\/pl\/sklep\/"},{"@type":"ListItem","position":3,"name":"W pe\u0142ni wyposa\u017cony 12-obwodowy dystrybutor ogrzewania pod\u0142ogowego"}]},{"@type":"WebSite","@id":"https:\/\/fluterm.eu\/#website","url":"https:\/\/fluterm.eu\/","name":"fluterm.eu","description":"","potentialAction":[{"@type":"SearchAction","target":{"@type":"EntryPoint","urlTemplate":"https:\/\/fluterm.eu\/?s={search_term_string}"},"query-input":"required name=search_term_string"}],"inLanguage":"pl-PL"}]}},"_links":{"self":[{"href":"https:\/\/fluterm.eu\/pl\/wp-json\/wp\/v2\/product\/14316","targetHints":{"allow":["GET"]}}],"collection":[{"href":"https:\/\/fluterm.eu\/pl\/wp-json\/wp\/v2\/product"}],"about":[{"href":"https:\/\/fluterm.eu\/pl\/wp-json\/wp\/v2\/types\/product"}],"replies":[{"embeddable":true,"href":"https:\/\/fluterm.eu\/pl\/wp-json\/wp\/v2\/comments?post=14316"}],"version-history":[{"count":0,"href":"https:\/\/fluterm.eu\/pl\/wp-json\/wp\/v2\/product\/14316\/revisions"}],"wp:featuredmedia":[{"embeddable":true,"href":"https:\/\/fluterm.eu\/pl\/wp-json\/wp\/v2\/media\/2850"}],"wp:attachment":[{"href":"https:\/\/fluterm.eu\/pl\/wp-json\/wp\/v2\/media?parent=14316"}],"wp:term":[{"taxonomy":"product_cat","embeddable":true,"href":"https:\/\/fluterm.eu\/pl\/wp-json\/wp\/v2\/product_cat?post=14316"},{"taxonomy":"product_tag","embeddable":true,"href":"https:\/\/fluterm.eu\/pl\/wp-json\/wp\/v2\/product_tag?post=14316"}],"curies":[{"name":"wp","href":"https:\/\/api.w.org\/{rel}","templated":true}]}}