{"id":14455,"date":"2023-06-10T14:50:42","date_gmt":"2023-06-10T11:50:42","guid":{"rendered":"https:\/\/fluterm.eu\/prod\/jednostka-mieszajaca-i-pompujaca-z-pompa-wilo\/"},"modified":"2023-06-10T14:50:42","modified_gmt":"2023-06-10T11:50:42","slug":"jednostka-mieszajaco-pompujaca-z-pompa-hydrauliczna","status":"publish","type":"product","link":"https:\/\/fluterm.eu\/pl\/prod\/jednostka-mieszajaco-pompujaca-z-pompa-hydrauliczna\/","title":{"rendered":"Jednostka mieszaj\u0105ca i pompuj\u0105ca z pomp\u0105 WILO"},"content":{"rendered":"","protected":false},"excerpt":{"rendered":"","protected":false},"featured_media":2619,"comment_status":"open","ping_status":"closed","template":"","meta":[],"product_cat":[848],"product_tag":[],"class_list":{"0":"post-14455","1":"product","2":"type-product","3":"status-publish","4":"has-post-thumbnail","6":"product_cat-grupy-mieszajace-ogrzewania-podlogowego","8":"first","9":"instock","10":"taxable","11":"shipping-taxable","12":"purchasable","13":"product-type-simple","14":"col-xs-6 col-sm-4","15":"col-md-4 col-lg-4","16":"un-3-cols"},"acf":[],"yoast_head":"<!-- This site is optimized with the Yoast SEO plugin v21.2 - https:\/\/yoast.com\/wordpress\/plugins\/seo\/ -->\n<title>Jednostka mieszaj\u0105ca i pompuj\u0105ca z pomp\u0105 WILO<\/title>\n<meta name=\"description\" content=\"Order Jednostka mieszaj\u0105ca i pompuj\u0105ca z pomp\u0105 WILO at a best price.\" \/>\n<meta name=\"robots\" content=\"index, follow, max-snippet:-1, max-image-preview:large, max-video-preview:-1\" \/>\n<link rel=\"canonical\" href=\"https:\/\/fluterm.eu\/pl\/prod\/jednostka-mieszajaca-i-pompujaca-z-pompa-wilo\/\" \/>\n<meta property=\"og:locale\" content=\"pl_PL\" \/>\n<meta property=\"og:type\" content=\"article\" \/>\n<meta property=\"og:title\" content=\"Jednostka mieszaj\u0105ca i pompuj\u0105ca z pomp\u0105 WILO\" \/>\n<meta property=\"og:description\" content=\"Order Jednostka mieszaj\u0105ca i pompuj\u0105ca z pomp\u0105 WILO at a best price.\" \/>\n<meta property=\"og:url\" content=\"https:\/\/fluterm.eu\/pl\/prod\/jednostka-mieszajaca-i-pompujaca-z-pompa-wilo\/\" \/>\n<meta property=\"og:site_name\" content=\"fluterm.eu\" \/>\n<meta property=\"og:image\" content=\"https:\/\/fluterm.eu\/wp-content\/uploads\/2023\/06\/487D7BFF-2F68-41A6-B5A8-51B5B052DA12.jpeg\" \/>\n\t<meta property=\"og:image:width\" content=\"381\" \/>\n\t<meta property=\"og:image:height\" content=\"492\" \/>\n\t<meta property=\"og:image:type\" content=\"image\/jpeg\" \/>\n<meta name=\"twitter:card\" content=\"summary_large_image\" \/>\n<script type=\"application\/ld+json\" class=\"yoast-schema-graph\">{\"@context\":\"https:\/\/schema.org\",\"@graph\":[{\"@type\":\"WebPage\",\"@id\":\"https:\/\/fluterm.eu\/pl\/prod\/jednostka-mieszajaca-i-pompujaca-z-pompa-wilo\/\",\"url\":\"https:\/\/fluterm.eu\/pl\/prod\/jednostka-mieszajaca-i-pompujaca-z-pompa-wilo\/\",\"name\":\"Jednostka mieszaj\u0105ca i pompuj\u0105ca z pomp\u0105 WILO\",\"isPartOf\":{\"@id\":\"https:\/\/fluterm.eu\/#website\"},\"datePublished\":\"2023-06-10T11:50:42+00:00\",\"dateModified\":\"2023-06-10T11:50:42+00:00\",\"description\":\"Order Jednostka mieszaj\u0105ca i pompuj\u0105ca z pomp\u0105 WILO at a best price.\",\"breadcrumb\":{\"@id\":\"https:\/\/fluterm.eu\/pl\/prod\/jednostka-mieszajaca-i-pompujaca-z-pompa-wilo\/#breadcrumb\"},\"inLanguage\":\"pl-PL\",\"potentialAction\":[{\"@type\":\"ReadAction\",\"target\":[\"https:\/\/fluterm.eu\/pl\/prod\/jednostka-mieszajaca-i-pompujaca-z-pompa-wilo\/\"]}]},{\"@type\":\"BreadcrumbList\",\"@id\":\"https:\/\/fluterm.eu\/pl\/prod\/jednostka-mieszajaca-i-pompujaca-z-pompa-wilo\/#breadcrumb\",\"itemListElement\":[{\"@type\":\"ListItem\",\"position\":1,\"name\":\"Home\",\"item\":\"https:\/\/fluterm.eu\/pl\/sklep\/\"},{\"@type\":\"ListItem\",\"position\":2,\"name\":\"Sklep\",\"item\":\"https:\/\/fluterm.eu\/pl\/sklep\/\"},{\"@type\":\"ListItem\",\"position\":3,\"name\":\"Jednostka mieszaj\u0105ca i pompuj\u0105ca z pomp\u0105 WILO\"}]},{\"@type\":\"WebSite\",\"@id\":\"https:\/\/fluterm.eu\/#website\",\"url\":\"https:\/\/fluterm.eu\/\",\"name\":\"fluterm.eu\",\"description\":\"\",\"potentialAction\":[{\"@type\":\"SearchAction\",\"target\":{\"@type\":\"EntryPoint\",\"urlTemplate\":\"https:\/\/fluterm.eu\/?s={search_term_string}\"},\"query-input\":\"required name=search_term_string\"}],\"inLanguage\":\"pl-PL\"}]}<\/script>\n<!-- \/ Yoast SEO plugin. -->","yoast_head_json":{"title":"Jednostka mieszaj\u0105ca i pompuj\u0105ca z pomp\u0105 WILO","description":"Order Jednostka mieszaj\u0105ca i pompuj\u0105ca z pomp\u0105 WILO at a best price.","robots":{"index":"index","follow":"follow","max-snippet":"max-snippet:-1","max-image-preview":"max-image-preview:large","max-video-preview":"max-video-preview:-1"},"canonical":"https:\/\/fluterm.eu\/pl\/prod\/jednostka-mieszajaca-i-pompujaca-z-pompa-wilo\/","og_locale":"pl_PL","og_type":"article","og_title":"Jednostka mieszaj\u0105ca i pompuj\u0105ca z pomp\u0105 WILO","og_description":"Order Jednostka mieszaj\u0105ca i pompuj\u0105ca z pomp\u0105 WILO at a best price.","og_url":"https:\/\/fluterm.eu\/pl\/prod\/jednostka-mieszajaca-i-pompujaca-z-pompa-wilo\/","og_site_name":"fluterm.eu","og_image":[{"width":381,"height":492,"url":"https:\/\/fluterm.eu\/wp-content\/uploads\/2023\/06\/487D7BFF-2F68-41A6-B5A8-51B5B052DA12.jpeg","type":"image\/jpeg"}],"twitter_card":"summary_large_image","schema":{"@context":"https:\/\/schema.org","@graph":[{"@type":"WebPage","@id":"https:\/\/fluterm.eu\/pl\/prod\/jednostka-mieszajaca-i-pompujaca-z-pompa-wilo\/","url":"https:\/\/fluterm.eu\/pl\/prod\/jednostka-mieszajaca-i-pompujaca-z-pompa-wilo\/","name":"Jednostka mieszaj\u0105ca i pompuj\u0105ca z pomp\u0105 WILO","isPartOf":{"@id":"https:\/\/fluterm.eu\/#website"},"datePublished":"2023-06-10T11:50:42+00:00","dateModified":"2023-06-10T11:50:42+00:00","description":"Order Jednostka mieszaj\u0105ca i pompuj\u0105ca z pomp\u0105 WILO at a best price.","breadcrumb":{"@id":"https:\/\/fluterm.eu\/pl\/prod\/jednostka-mieszajaca-i-pompujaca-z-pompa-wilo\/#breadcrumb"},"inLanguage":"pl-PL","potentialAction":[{"@type":"ReadAction","target":["https:\/\/fluterm.eu\/pl\/prod\/jednostka-mieszajaca-i-pompujaca-z-pompa-wilo\/"]}]},{"@type":"BreadcrumbList","@id":"https:\/\/fluterm.eu\/pl\/prod\/jednostka-mieszajaca-i-pompujaca-z-pompa-wilo\/#breadcrumb","itemListElement":[{"@type":"ListItem","position":1,"name":"Home","item":"https:\/\/fluterm.eu\/pl\/sklep\/"},{"@type":"ListItem","position":2,"name":"Sklep","item":"https:\/\/fluterm.eu\/pl\/sklep\/"},{"@type":"ListItem","position":3,"name":"Jednostka mieszaj\u0105ca i pompuj\u0105ca z pomp\u0105 WILO"}]},{"@type":"WebSite","@id":"https:\/\/fluterm.eu\/#website","url":"https:\/\/fluterm.eu\/","name":"fluterm.eu","description":"","potentialAction":[{"@type":"SearchAction","target":{"@type":"EntryPoint","urlTemplate":"https:\/\/fluterm.eu\/?s={search_term_string}"},"query-input":"required name=search_term_string"}],"inLanguage":"pl-PL"}]}},"_links":{"self":[{"href":"https:\/\/fluterm.eu\/pl\/wp-json\/wp\/v2\/product\/14455","targetHints":{"allow":["GET"]}}],"collection":[{"href":"https:\/\/fluterm.eu\/pl\/wp-json\/wp\/v2\/product"}],"about":[{"href":"https:\/\/fluterm.eu\/pl\/wp-json\/wp\/v2\/types\/product"}],"replies":[{"embeddable":true,"href":"https:\/\/fluterm.eu\/pl\/wp-json\/wp\/v2\/comments?post=14455"}],"version-history":[{"count":0,"href":"https:\/\/fluterm.eu\/pl\/wp-json\/wp\/v2\/product\/14455\/revisions"}],"wp:featuredmedia":[{"embeddable":true,"href":"https:\/\/fluterm.eu\/pl\/wp-json\/wp\/v2\/media\/2619"}],"wp:attachment":[{"href":"https:\/\/fluterm.eu\/pl\/wp-json\/wp\/v2\/media?parent=14455"}],"wp:term":[{"taxonomy":"product_cat","embeddable":true,"href":"https:\/\/fluterm.eu\/pl\/wp-json\/wp\/v2\/product_cat?post=14455"},{"taxonomy":"product_tag","embeddable":true,"href":"https:\/\/fluterm.eu\/pl\/wp-json\/wp\/v2\/product_tag?post=14455"}],"curies":[{"name":"wp","href":"https:\/\/api.w.org\/{rel}","templated":true}]}}