{"id":14527,"date":"2023-06-10T14:50:42","date_gmt":"2023-06-10T11:50:42","guid":{"rendered":"https:\/\/fluterm.eu\/prod\/serwomotor-silownik-do-ogrzewania-podlogowego\/"},"modified":"2023-06-10T14:50:42","modified_gmt":"2023-06-10T11:50:42","slug":"serwomotor-silownik-do-ogrzewania-podlogowego","status":"publish","type":"product","link":"https:\/\/fluterm.eu\/pl\/prod\/serwomotor-silownik-do-ogrzewania-podlogowego\/","title":{"rendered":"Serwomotor, si\u0142ownik do ogrzewania pod\u0142ogowego"},"content":{"rendered":"<p>Si\u0142ownik termiczny jest przeznaczony do u\u017cytku z Manifoldem i po pod\u0142\u0105czeniu do centrum okablowania oferuje indywidualne sterowanie strefowe systemem ogrzewania pod\u0142ogowego.<\/p>\n<ul class=\"tick\">\n<li>Zasilanie 230 V<\/li>\n<li>2 przewody normalnie zamkni\u0119te<\/li>\n<li>Gwint M30<\/li>\n<li>D\u0142ugo\u015b\u0107 skoku 3,5 mm +\/- 0,5<\/li>\n<\/ul>\n","protected":false},"excerpt":{"rendered":"<p>Si\u0142ownik termiczny jest przeznaczony do u\u017cytku z Manifoldem i po pod\u0142\u0105czeniu do centrum okablowania oferuje indywidualne sterowanie strefowe systemem ogrzewania pod\u0142ogowego. Zasilanie 230 V 2 przewody normalnie zamkni\u0119te Gwint M30 D\u0142ugo\u015b\u0107 skoku 3,5 mm +\/- 0,5<\/p>\n","protected":false},"featured_media":2934,"comment_status":"closed","ping_status":"closed","template":"","meta":[],"product_cat":[977],"product_tag":[],"class_list":{"0":"post-14527","1":"product","2":"type-product","3":"status-publish","4":"has-post-thumbnail","6":"product_cat-automatyka-ogrzewania-podlogowego","8":"first","9":"instock","10":"taxable","11":"shipping-taxable","12":"purchasable","13":"product-type-simple","14":"col-xs-6 col-sm-4","15":"col-md-4 col-lg-4","16":"un-3-cols"},"acf":[],"yoast_head":"<!-- This site is optimized with the Yoast SEO plugin v21.2 - https:\/\/yoast.com\/wordpress\/plugins\/seo\/ -->\n<title>Serwomotor, si\u0142ownik do ogrzewania pod\u0142ogowego<\/title>\n<meta name=\"description\" content=\"Order Serwomotor, si\u0142ownik do ogrzewania pod\u0142ogowego at a best price.\" \/>\n<meta name=\"robots\" content=\"index, follow, max-snippet:-1, max-image-preview:large, max-video-preview:-1\" \/>\n<link rel=\"canonical\" href=\"https:\/\/fluterm.eu\/pl\/prod\/serwomotor-silownik-do-ogrzewania-podlogowego\/\" \/>\n<meta property=\"og:locale\" content=\"pl_PL\" \/>\n<meta property=\"og:type\" content=\"article\" \/>\n<meta property=\"og:title\" content=\"Serwomotor, si\u0142ownik do ogrzewania pod\u0142ogowego\" \/>\n<meta property=\"og:description\" content=\"Order Serwomotor, si\u0142ownik do ogrzewania pod\u0142ogowego at a best price.\" \/>\n<meta property=\"og:url\" content=\"https:\/\/fluterm.eu\/pl\/prod\/serwomotor-silownik-do-ogrzewania-podlogowego\/\" \/>\n<meta property=\"og:site_name\" content=\"fluterm.eu\" \/>\n<meta property=\"og:image\" content=\"https:\/\/fluterm.eu\/wp-content\/uploads\/2023\/06\/DE289294-1A38-4A26-9A4B-A821210E4812.jpeg\" \/>\n\t<meta property=\"og:image:width\" content=\"750\" \/>\n\t<meta property=\"og:image:height\" content=\"750\" \/>\n\t<meta property=\"og:image:type\" content=\"image\/jpeg\" \/>\n<meta name=\"twitter:card\" content=\"summary_large_image\" \/>\n<script type=\"application\/ld+json\" class=\"yoast-schema-graph\">{\"@context\":\"https:\/\/schema.org\",\"@graph\":[{\"@type\":\"WebPage\",\"@id\":\"https:\/\/fluterm.eu\/pl\/prod\/serwomotor-silownik-do-ogrzewania-podlogowego\/\",\"url\":\"https:\/\/fluterm.eu\/pl\/prod\/serwomotor-silownik-do-ogrzewania-podlogowego\/\",\"name\":\"Serwomotor, si\u0142ownik do ogrzewania pod\u0142ogowego\",\"isPartOf\":{\"@id\":\"https:\/\/fluterm.eu\/#website\"},\"datePublished\":\"2023-06-10T11:50:42+00:00\",\"dateModified\":\"2023-06-10T11:50:42+00:00\",\"description\":\"Order Serwomotor, si\u0142ownik do ogrzewania pod\u0142ogowego at a best price.\",\"breadcrumb\":{\"@id\":\"https:\/\/fluterm.eu\/pl\/prod\/serwomotor-silownik-do-ogrzewania-podlogowego\/#breadcrumb\"},\"inLanguage\":\"pl-PL\",\"potentialAction\":[{\"@type\":\"ReadAction\",\"target\":[\"https:\/\/fluterm.eu\/pl\/prod\/serwomotor-silownik-do-ogrzewania-podlogowego\/\"]}]},{\"@type\":\"BreadcrumbList\",\"@id\":\"https:\/\/fluterm.eu\/pl\/prod\/serwomotor-silownik-do-ogrzewania-podlogowego\/#breadcrumb\",\"itemListElement\":[{\"@type\":\"ListItem\",\"position\":1,\"name\":\"Home\",\"item\":\"https:\/\/fluterm.eu\/pl\/sklep\/\"},{\"@type\":\"ListItem\",\"position\":2,\"name\":\"Sklep\",\"item\":\"https:\/\/fluterm.eu\/pl\/sklep\/\"},{\"@type\":\"ListItem\",\"position\":3,\"name\":\"Serwomotor, si\u0142ownik do ogrzewania pod\u0142ogowego\"}]},{\"@type\":\"WebSite\",\"@id\":\"https:\/\/fluterm.eu\/#website\",\"url\":\"https:\/\/fluterm.eu\/\",\"name\":\"fluterm.eu\",\"description\":\"\",\"potentialAction\":[{\"@type\":\"SearchAction\",\"target\":{\"@type\":\"EntryPoint\",\"urlTemplate\":\"https:\/\/fluterm.eu\/?s={search_term_string}\"},\"query-input\":\"required name=search_term_string\"}],\"inLanguage\":\"pl-PL\"}]}<\/script>\n<!-- \/ Yoast SEO plugin. -->","yoast_head_json":{"title":"Serwomotor, si\u0142ownik do ogrzewania pod\u0142ogowego","description":"Order Serwomotor, si\u0142ownik do ogrzewania pod\u0142ogowego at a best price.","robots":{"index":"index","follow":"follow","max-snippet":"max-snippet:-1","max-image-preview":"max-image-preview:large","max-video-preview":"max-video-preview:-1"},"canonical":"https:\/\/fluterm.eu\/pl\/prod\/serwomotor-silownik-do-ogrzewania-podlogowego\/","og_locale":"pl_PL","og_type":"article","og_title":"Serwomotor, si\u0142ownik do ogrzewania pod\u0142ogowego","og_description":"Order Serwomotor, si\u0142ownik do ogrzewania pod\u0142ogowego at a best price.","og_url":"https:\/\/fluterm.eu\/pl\/prod\/serwomotor-silownik-do-ogrzewania-podlogowego\/","og_site_name":"fluterm.eu","og_image":[{"width":750,"height":750,"url":"https:\/\/fluterm.eu\/wp-content\/uploads\/2023\/06\/DE289294-1A38-4A26-9A4B-A821210E4812.jpeg","type":"image\/jpeg"}],"twitter_card":"summary_large_image","schema":{"@context":"https:\/\/schema.org","@graph":[{"@type":"WebPage","@id":"https:\/\/fluterm.eu\/pl\/prod\/serwomotor-silownik-do-ogrzewania-podlogowego\/","url":"https:\/\/fluterm.eu\/pl\/prod\/serwomotor-silownik-do-ogrzewania-podlogowego\/","name":"Serwomotor, si\u0142ownik do ogrzewania pod\u0142ogowego","isPartOf":{"@id":"https:\/\/fluterm.eu\/#website"},"datePublished":"2023-06-10T11:50:42+00:00","dateModified":"2023-06-10T11:50:42+00:00","description":"Order Serwomotor, si\u0142ownik do ogrzewania pod\u0142ogowego at a best price.","breadcrumb":{"@id":"https:\/\/fluterm.eu\/pl\/prod\/serwomotor-silownik-do-ogrzewania-podlogowego\/#breadcrumb"},"inLanguage":"pl-PL","potentialAction":[{"@type":"ReadAction","target":["https:\/\/fluterm.eu\/pl\/prod\/serwomotor-silownik-do-ogrzewania-podlogowego\/"]}]},{"@type":"BreadcrumbList","@id":"https:\/\/fluterm.eu\/pl\/prod\/serwomotor-silownik-do-ogrzewania-podlogowego\/#breadcrumb","itemListElement":[{"@type":"ListItem","position":1,"name":"Home","item":"https:\/\/fluterm.eu\/pl\/sklep\/"},{"@type":"ListItem","position":2,"name":"Sklep","item":"https:\/\/fluterm.eu\/pl\/sklep\/"},{"@type":"ListItem","position":3,"name":"Serwomotor, si\u0142ownik do ogrzewania pod\u0142ogowego"}]},{"@type":"WebSite","@id":"https:\/\/fluterm.eu\/#website","url":"https:\/\/fluterm.eu\/","name":"fluterm.eu","description":"","potentialAction":[{"@type":"SearchAction","target":{"@type":"EntryPoint","urlTemplate":"https:\/\/fluterm.eu\/?s={search_term_string}"},"query-input":"required name=search_term_string"}],"inLanguage":"pl-PL"}]}},"_links":{"self":[{"href":"https:\/\/fluterm.eu\/pl\/wp-json\/wp\/v2\/product\/14527","targetHints":{"allow":["GET"]}}],"collection":[{"href":"https:\/\/fluterm.eu\/pl\/wp-json\/wp\/v2\/product"}],"about":[{"href":"https:\/\/fluterm.eu\/pl\/wp-json\/wp\/v2\/types\/product"}],"replies":[{"embeddable":true,"href":"https:\/\/fluterm.eu\/pl\/wp-json\/wp\/v2\/comments?post=14527"}],"version-history":[{"count":0,"href":"https:\/\/fluterm.eu\/pl\/wp-json\/wp\/v2\/product\/14527\/revisions"}],"wp:featuredmedia":[{"embeddable":true,"href":"https:\/\/fluterm.eu\/pl\/wp-json\/wp\/v2\/media\/2934"}],"wp:attachment":[{"href":"https:\/\/fluterm.eu\/pl\/wp-json\/wp\/v2\/media?parent=14527"}],"wp:term":[{"taxonomy":"product_cat","embeddable":true,"href":"https:\/\/fluterm.eu\/pl\/wp-json\/wp\/v2\/product_cat?post=14527"},{"taxonomy":"product_tag","embeddable":true,"href":"https:\/\/fluterm.eu\/pl\/wp-json\/wp\/v2\/product_tag?post=14527"}],"curies":[{"name":"wp","href":"https:\/\/api.w.org\/{rel}","templated":true}]}}